{"id":7662,"date":"2024-05-08T13:29:13","date_gmt":"2024-05-08T10:29:13","guid":{"rendered":"https:\/\/fimaksan.com\/?post_type=product&#038;p=7662"},"modified":"2025-02-17T15:22:18","modified_gmt":"2025-02-17T12:22:18","slug":"2-el-120lik-markol-satiliktir-for-sale-used-resaw","status":"publish","type":"product","link":"https:\/\/fimaksan.com\/en\/product\/2-el-120lik-markol-satiliktir-for-sale-used-resaw\/","title":{"rendered":"2. el 120&#8217;lik Markol Sat\u0131l\u0131kt\u0131r. FOR SALE &#8211; USED RESAW"},"content":{"rendered":"<p>Fimaksan 120 lik, hidrolik dik g\u00f6vde markol sat\u0131l\u0131kt\u0131r. \u0130leti\u015fim Whatsapp:<br \/>\nFimaksan F\u0130.120 Used Hydraulic Resaw &#8211; FOR SALE.<\/p>","protected":false},"excerpt":{"rendered":"<p>Fimaksan 120 lik, hidrolik dik g\u00f6vde markol sat\u0131l\u0131kt\u0131r. \u0130leti\u015fim Whatsapp: Fimaksan F\u0130.120 Used Hydraulic Resaw &#8211; FOR SALE.<\/p>","protected":false},"featured_media":7664,"comment_status":"open","ping_status":"closed","template":"","meta":[],"product_cat":[20],"product_tag":[],"class_list":{"0":"post-7662","1":"product","2":"type-product","3":"status-publish","4":"has-post-thumbnail","6":"product_cat-uncategorized","8":"first","9":"instock","10":"shipping-taxable","11":"product-type-simple"},"_links":{"self":[{"href":"https:\/\/fimaksan.com\/en\/wp-json\/wp\/v2\/product\/7662","targetHints":{"allow":["GET"]}}],"collection":[{"href":"https:\/\/fimaksan.com\/en\/wp-json\/wp\/v2\/product"}],"about":[{"href":"https:\/\/fimaksan.com\/en\/wp-json\/wp\/v2\/types\/product"}],"replies":[{"embeddable":true,"href":"https:\/\/fimaksan.com\/en\/wp-json\/wp\/v2\/comments?post=7662"}],"version-history":[{"count":1,"href":"https:\/\/fimaksan.com\/en\/wp-json\/wp\/v2\/product\/7662\/revisions"}],"predecessor-version":[{"id":7871,"href":"https:\/\/fimaksan.com\/en\/wp-json\/wp\/v2\/product\/7662\/revisions\/7871"}],"wp:featuredmedia":[{"embeddable":true,"href":"https:\/\/fimaksan.com\/en\/wp-json\/wp\/v2\/media\/7664"}],"wp:attachment":[{"href":"https:\/\/fimaksan.com\/en\/wp-json\/wp\/v2\/media?parent=7662"}],"wp:term":[{"taxonomy":"product_cat","embeddable":true,"href":"https:\/\/fimaksan.com\/en\/wp-json\/wp\/v2\/product_cat?post=7662"},{"taxonomy":"product_tag","embeddable":true,"href":"https:\/\/fimaksan.com\/en\/wp-json\/wp\/v2\/product_tag?post=7662"}],"curies":[{"name":"wp","href":"https:\/\/api.w.org\/{rel}","templated":true}]}}