{"id":6597,"date":"2023-04-12T16:55:26","date_gmt":"2023-04-12T13:55:26","guid":{"rendered":"https:\/\/www.hilkomyazilim.com.tr\/fimaksan\/?page_id=6597"},"modified":"2023-04-14T13:39:55","modified_gmt":"2023-04-14T10:39:55","slug":"tahta-yarma-hidrolik-yatay-markol-3","status":"publish","type":"page","link":"https:\/\/fimaksan.com\/en\/tahta-yarma-hidrolik-yatay-markol-3\/","title":{"rendered":"Tahta Yarma \/ Hidrolik Yatay Markol &#8211; 3"},"content":{"rendered":"<div data-elementor-type=\"wp-page\" data-elementor-id=\"6597\" class=\"elementor elementor-6597\">\n\t\t\t\t\t\t<section class=\"elementor-section elementor-top-section elementor-element elementor-element-683638e elementor-section-stretched elementor-section-boxed elementor-section-height-default elementor-section-height-default\" data-id=\"683638e\" data-element_type=\"section\" data-settings=\"{&quot;stretch_section&quot;:&quot;section-stretched&quot;}\">\n\t\t\t\t\t\t<div class=\"elementor-container elementor-column-gap-default\">\n\t\t\t\t\t<div class=\"elementor-column elementor-col-50 elementor-top-column elementor-element elementor-element-cb9ca5f\" data-id=\"cb9ca5f\" data-element_type=\"column\">\n\t\t\t<div class=\"elementor-widget-wrap elementor-element-populated\">\n\t\t\t\t\t\t<div class=\"elementor-element elementor-element-a0b3321 elementor-widget elementor-widget-text-editor\" data-id=\"a0b3321\" data-element_type=\"widget\" data-widget_type=\"text-editor.default\">\n\t\t\t\t<div class=\"elementor-widget-container\">\n\t\t\t\t\t\t\t<div>FI: 100 \/ HYM 3 HYDRAULIC HORIZONTAL MARKER \u2013 Triple<\/div>\t\t\t\t\t\t<\/div>\n\t\t\t\t<\/div>\n\t\t\t\t<div class=\"elementor-element elementor-element-e26f028 elementor-widget elementor-widget-creote-simple-image-box-v1\" data-id=\"e26f028\" data-element_type=\"widget\" data-widget_type=\"creote-simple-image-box-v1.default\">\n\t\t\t\t<div class=\"elementor-widget-container\">\n\t\t\t<div class=\"simple_image_boxes\"   data-aos=\"fade-up\" data-aos-delay=\"0\"  data-aos-offset=\"0\" >\r\n   <img decoding=\"async\" src=\"https:\/\/fimaksan.com\/\/wp-content\/uploads\/2023\/04\/T0KriioeP4FaW7LcSMdK5Afv4ivVp7hmDcg4LQkw-1-scaled.jpeg\" class=\"simp_img\" alt=\"\" \/>\r\n<\/div>\r\n\t\t<\/div>\n\t\t\t\t<\/div>\n\t\t\t\t\t<\/div>\n\t\t<\/div>\n\t\t\t\t<div class=\"elementor-column elementor-col-50 elementor-top-column elementor-element elementor-element-4ccac0c\" data-id=\"4ccac0c\" data-element_type=\"column\">\n\t\t\t<div class=\"elementor-widget-wrap elementor-element-populated\">\n\t\t\t\t\t\t<div class=\"elementor-element elementor-element-5ca5f0f elementor-widget elementor-widget-creote-simple-image-box-v1\" data-id=\"5ca5f0f\" data-element_type=\"widget\" data-widget_type=\"creote-simple-image-box-v1.default\">\n\t\t\t\t<div class=\"elementor-widget-container\">\n\t\t\t<div class=\"simple_image_boxes  parallax_cover\"   data-aos=\"fade-up\" data-aos-delay=\"0\"  data-aos-offset=\"0\" >\r\n   <img decoding=\"async\" src=\"https:\/\/fimaksan.com\/\/wp-content\/uploads\/2023\/04\/Iwjuj1V7DVLX5m9s7oGiQUJqS3GivF2uqDfhL4fg.png\" class=\"simp_img cover-parallax\" alt=\"\" \/>\r\n<\/div>\r\n\t\t<\/div>\n\t\t\t\t<\/div>\n\t\t\t\t\t<\/div>\n\t\t<\/div>\n\t\t\t\t\t<\/div>\n\t\t<\/section>\n\t\t\t\t<section class=\"elementor-section elementor-top-section elementor-element elementor-element-89f2de5 elementor-section-boxed elementor-section-height-default elementor-section-height-default\" data-id=\"89f2de5\" data-element_type=\"section\">\n\t\t\t\t\t\t<div class=\"elementor-container elementor-column-gap-default\">\n\t\t\t\t\t<div class=\"elementor-column elementor-col-100 elementor-top-column elementor-element elementor-element-5a4e5d6\" data-id=\"5a4e5d6\" data-element_type=\"column\">\n\t\t\t<div class=\"elementor-widget-wrap elementor-element-populated\">\n\t\t\t\t\t\t<div class=\"elementor-element elementor-element-657e79c elementor-widget elementor-widget-creote-heading-v2\" data-id=\"657e79c\" data-element_type=\"widget\" data-widget_type=\"creote-heading-v2.default\">\n\t\t\t\t<div class=\"elementor-widget-container\">\n\t\t\t<div class=\"heading type_one text_center\">  <div class=\"small_text\">    Technical Specifications <\/div>    <\/div>\r\n\t\t<\/div>\n\t\t\t\t<\/div>\n\t\t\t\t\t<\/div>\n\t\t<\/div>\n\t\t\t\t\t<\/div>\n\t\t<\/section>\n\t\t\t\t<section class=\"elementor-section elementor-top-section elementor-element elementor-element-47c8135 elementor-section-stretched elementor-section-boxed elementor-section-height-default elementor-section-height-default\" data-id=\"47c8135\" data-element_type=\"section\" data-settings=\"{&quot;stretch_section&quot;:&quot;section-stretched&quot;}\">\n\t\t\t\t\t\t<div class=\"elementor-container elementor-column-gap-default\">\n\t\t\t\t\t<div class=\"elementor-column elementor-col-50 elementor-top-column elementor-element elementor-element-c256366\" data-id=\"c256366\" data-element_type=\"column\">\n\t\t\t<div class=\"elementor-widget-wrap elementor-element-populated\">\n\t\t\t\t\t\t<div class=\"elementor-element elementor-element-ca3028d elementor-widget elementor-widget-text-editor\" data-id=\"ca3028d\" data-element_type=\"widget\" data-widget_type=\"text-editor.default\">\n\t\t\t\t<div class=\"elementor-widget-container\">\n\t\t\t\t\t\t\t<div><strong>\u2713 Flywheel Diameter<\/strong>\u00a0| 1000mm (100cm)<\/div><div><strong>\u2713 Flywheel Width<\/strong>\u00a0| 120mm (12cm)<\/div><div><strong>\u2713 Working Width<\/strong>\u00a0| 450mm (45cm)<\/div><div><strong>\u2713 Cutting Height<\/strong>\u00a0| Min: 15 mm (1.5 cm) Max: 290 mm (29 cm)<\/div><div><strong>\u2713 Saw Tensioner<\/strong>\u00a0| Hydraulic<\/div><div><strong>\u2713 Cutting Height Adjustment<\/strong>\u00a0| 4 Kw geared motor<\/div><div><strong>\u2713 Main Engine<\/strong>\u00a0| (3 x40 hp) \u2013 3 x 30 kW<\/div><div>\u00a0<\/div><div>\u00a0<\/div>\t\t\t\t\t\t<\/div>\n\t\t\t\t<\/div>\n\t\t\t\t\t<\/div>\n\t\t<\/div>\n\t\t\t\t<div class=\"elementor-column elementor-col-50 elementor-top-column elementor-element elementor-element-1d55cec\" data-id=\"1d55cec\" data-element_type=\"column\">\n\t\t\t<div class=\"elementor-widget-wrap elementor-element-populated\">\n\t\t\t\t\t\t<div class=\"elementor-element elementor-element-665eb57 elementor-widget elementor-widget-text-editor\" data-id=\"665eb57\" data-element_type=\"widget\" data-widget_type=\"text-editor.default\">\n\t\t\t\t<div class=\"elementor-widget-container\">\n\t\t\t\t\t\t\t<div><strong>\u2713 Feed Rate<\/strong>\u00a0| 2 to 60 m\/min<\/div><div><strong>\u2713 Measurement System<\/strong>\u00a0| Plc control color digital display<\/div><div><strong>\u2713 Flywheel Cleaning<\/strong>\u00a0| Scraper System<\/div><div><strong>\u2713 Fueling System<\/strong>\u00a0| Automatic timed \/ or manual<\/div><div><strong>\u2713 Upper Pressure Rollers and Drive System\u00a0 <\/strong>\u00a0|\u00a0<strong>Pneumatic- Motor with movable inverter<\/strong><\/div><div><strong>\u2713 Machine Dimensions\u00a0 \u00a0<\/strong>\u00a0| 480 cm x 365 cm. x 230cm (Length Width Height)<\/div><div><strong>\u2713 Weight<\/strong>\u00a0| 9000 Kg<\/div>\t\t\t\t\t\t<\/div>\n\t\t\t\t<\/div>\n\t\t\t\t\t<\/div>\n\t\t<\/div>\n\t\t\t\t\t<\/div>\n\t\t<\/section>\n\t\t\t\t<\/div>","protected":false},"excerpt":{"rendered":"<p>F\u0130: 100 \/ HYM 3\u00a0 H\u0130DROL\u0130K YATAY MARKOL \u2013 3\u2019l\u00fc Teknik Detaylar \u2713\u00a0\u00a0Volant \u00c7ap\u0131\u00a0| 1000 mm\u00a0 (100 cm)\u2713\u00a0\u00a0Volant Geni\u015fli\u011fi\u00a0| 120 mm \u00a0 (12 cm)\u2713\u00a0\u00a0\u00c7al\u0131\u015fma Geni\u015fli\u011fi\u00a0| 450 mm (45 cm)\u2713\u00a0\u00a0Kesme Y\u00fcksekli\u011fi\u00a0| Min: 15 mm (1,5 cm) Max: 290 mm (29 cm)\u2713\u00a0\u00a0Testere Gergisi\u00a0| Hidrolik sistem Pistonlu\u2713\u00a0\u00a0Kesim Y\u00fckseklik Ayar\u0131\u00a0| 4 Kw red\u00fckt\u00f6rl\u00fc motor\u2713\u00a0\u00a0Ana Motor\u00a0| (3 x40 hp) \u2013 [&hellip;]<\/p>","protected":false},"author":1,"featured_media":0,"parent":0,"menu_order":0,"comment_status":"closed","ping_status":"closed","template":"","meta":{"footnotes":""},"class_list":["post-6597","page","type-page","status-publish","hentry"],"_links":{"self":[{"href":"https:\/\/fimaksan.com\/en\/wp-json\/wp\/v2\/pages\/6597","targetHints":{"allow":["GET"]}}],"collection":[{"href":"https:\/\/fimaksan.com\/en\/wp-json\/wp\/v2\/pages"}],"about":[{"href":"https:\/\/fimaksan.com\/en\/wp-json\/wp\/v2\/types\/page"}],"author":[{"embeddable":true,"href":"https:\/\/fimaksan.com\/en\/wp-json\/wp\/v2\/users\/1"}],"replies":[{"embeddable":true,"href":"https:\/\/fimaksan.com\/en\/wp-json\/wp\/v2\/comments?post=6597"}],"version-history":[{"count":10,"href":"https:\/\/fimaksan.com\/en\/wp-json\/wp\/v2\/pages\/6597\/revisions"}],"predecessor-version":[{"id":6830,"href":"https:\/\/fimaksan.com\/en\/wp-json\/wp\/v2\/pages\/6597\/revisions\/6830"}],"wp:attachment":[{"href":"https:\/\/fimaksan.com\/en\/wp-json\/wp\/v2\/media?parent=6597"}],"curies":[{"name":"wp","href":"https:\/\/api.w.org\/{rel}","templated":true}]}}