{"id":6566,"date":"2023-04-12T16:47:25","date_gmt":"2023-04-12T13:47:25","guid":{"rendered":"https:\/\/www.hilkomyazilim.com.tr\/fimaksan\/?page_id=6566"},"modified":"2023-04-14T13:17:09","modified_gmt":"2023-04-14T10:17:09","slug":"tahta-yarma-hidrolik-yatay-markol-1","status":"publish","type":"page","link":"https:\/\/fimaksan.com\/en\/tahta-yarma-hidrolik-yatay-markol-1\/","title":{"rendered":"F\u0130.100 HYDRAULIC HORIZONTAL RESAW One Blade"},"content":{"rendered":"<div data-elementor-type=\"wp-page\" data-elementor-id=\"6566\" class=\"elementor elementor-6566\">\n\t\t\t\t\t\t<section class=\"elementor-section elementor-top-section elementor-element elementor-element-4e13dcc elementor-section-stretched elementor-section-boxed elementor-section-height-default elementor-section-height-default\" data-id=\"4e13dcc\" data-element_type=\"section\" data-settings=\"{&quot;stretch_section&quot;:&quot;section-stretched&quot;}\">\n\t\t\t\t\t\t<div class=\"elementor-container elementor-column-gap-default\">\n\t\t\t\t\t<div class=\"elementor-column elementor-col-50 elementor-top-column elementor-element elementor-element-05f33fa\" data-id=\"05f33fa\" data-element_type=\"column\">\n\t\t\t<div class=\"elementor-widget-wrap elementor-element-populated\">\n\t\t\t\t\t\t<div class=\"elementor-element elementor-element-2125a6d elementor-widget elementor-widget-creote-simple-image-box-v1\" data-id=\"2125a6d\" data-element_type=\"widget\" data-widget_type=\"creote-simple-image-box-v1.default\">\n\t\t\t\t<div class=\"elementor-widget-container\">\n\t\t\t<div class=\"simple_image_boxes  parallax_cover\"   data-aos=\"fade-up\" data-aos-delay=\"0\"  data-aos-offset=\"0\" >\r\n   <img decoding=\"async\" src=\"https:\/\/fimaksan.com\/\/wp-content\/uploads\/2023\/04\/9qyyRjSs97XGzUowkhnI5OkZAlpX88jPlllM77dN-1.jpeg\" class=\"simp_img cover-parallax\" alt=\"\" \/>\r\n<\/div>\r\n\t\t<\/div>\n\t\t\t\t<\/div>\n\t\t\t\t\t<\/div>\n\t\t<\/div>\n\t\t\t\t<div class=\"elementor-column elementor-col-50 elementor-top-column elementor-element elementor-element-fbd087b\" data-id=\"fbd087b\" data-element_type=\"column\">\n\t\t\t<div class=\"elementor-widget-wrap elementor-element-populated\">\n\t\t\t\t\t\t<div class=\"elementor-element elementor-element-3d0bbbc elementor-widget elementor-widget-text-editor\" data-id=\"3d0bbbc\" data-element_type=\"widget\" data-widget_type=\"text-editor.default\">\n\t\t\t\t<div class=\"elementor-widget-container\">\n\t\t\t\t\t\t\t<ul><li><strong>F\u0130.100 \/ HYM 1\u00a0<br \/>HORIZONTAL RESAW - HYDRAULIC\u00a0<\/strong><\/li><\/ul>\t\t\t\t\t\t<\/div>\n\t\t\t\t<\/div>\n\t\t\t\t\t<\/div>\n\t\t<\/div>\n\t\t\t\t\t<\/div>\n\t\t<\/section>\n\t\t\t\t<section class=\"elementor-section elementor-top-section elementor-element elementor-element-40c9e87 elementor-section-stretched elementor-section-boxed elementor-section-height-default elementor-section-height-default\" data-id=\"40c9e87\" data-element_type=\"section\" data-settings=\"{&quot;stretch_section&quot;:&quot;section-stretched&quot;}\">\n\t\t\t\t\t\t<div class=\"elementor-container elementor-column-gap-default\">\n\t\t\t\t\t<div class=\"elementor-column elementor-col-100 elementor-top-column elementor-element elementor-element-911e34c\" data-id=\"911e34c\" data-element_type=\"column\">\n\t\t\t<div class=\"elementor-widget-wrap elementor-element-populated\">\n\t\t\t\t\t\t<div class=\"elementor-element elementor-element-fe01845 elementor-widget elementor-widget-creote-heading-v2\" data-id=\"fe01845\" data-element_type=\"widget\" data-widget_type=\"creote-heading-v2.default\">\n\t\t\t\t<div class=\"elementor-widget-container\">\n\t\t\t<div class=\"heading type_one text_center\">  <div class=\"small_text\">    Technical Specifications <\/div>    <\/div>\r\n\t\t<\/div>\n\t\t\t\t<\/div>\n\t\t\t\t<div class=\"elementor-element elementor-element-ff7ac52 elementor-widget elementor-widget-text-editor\" data-id=\"ff7ac52\" data-element_type=\"widget\" data-widget_type=\"text-editor.default\">\n\t\t\t\t<div class=\"elementor-widget-container\">\n\t\t\t\t\t\t\t<div><strong>\u2713 Flywheel Diameter<\/strong>\u00a0| 1000mm (100cm)<\/div>\n\n<div><strong>\u2713 Flywheel Width<\/strong>\u00a0| 120mm (12cm)<\/div>\n\n<div><strong>\u2713\u00a0Max. Cutting Width<\/strong>\u00a0| 600 mm (60 cm)<\/div>\n\n<div><strong>\u2713\u00a0Max.<\/strong>\u00a0<strong>Kesme Y\u00fcksekli\u011fi<\/strong>\u00a0|\u00a0 Max: 300 mm (30 cm)<\/div>\n\n<div><strong>\u2713\u00a0Min.<\/strong>\u00a0<strong>Kesme Y\u00fcksekli\u011fi\u00a0<\/strong>\u00a0|Min: 15 mm (1,5 cm)<\/div>\n\n<div><strong>\n\u2713 Sawblade Tensioning<\/strong>\u00a0| Hydraulic<\/div>\n\n<div><strong>\u2713 Cutting Height Adjustment<\/strong>\u00a0| 2.2 kW geared motor<\/div>\n\n<div><strong>\u2713 Main Motor<\/strong>\u00a0| 1 X 40 hP \u2013 1 X 30 kW<\/div>\n\n<div><strong>\u2713 Feed Rate<\/strong>\u00a0| 10 &#8211; 60 mt \/ dk.<\/div>\n\n<div><strong>\u2713 Positioning<\/strong>\u00a0| PLC kontrol renkli dijital ekran<\/div>\n\n<div><strong>\u2713 Flywheel Cleaning<\/strong>\u00a0| Ke\u00e7eli. S\u0131y\u0131r\u0131c\u0131l\u0131 sistem<\/div>\n\n<div><strong>\u2713 Sawblade Lubrication Spray System<\/strong>\u00a0| Automatic timed \/ manual<\/div>\n\n<div><strong>\u2713\u00a0\u00dcst Bask\u0131 Tahrik Sistemi<\/strong>\u00a0| Pn\u00f6matik<\/div>\n\n<div><strong>\u2713 Weight<\/strong>\u00a0| 3700 Kg<\/div>\t\t\t\t\t\t<\/div>\n\t\t\t\t<\/div>\n\t\t\t\t\t<\/div>\n\t\t<\/div>\n\t\t\t\t\t<\/div>\n\t\t<\/section>\n\t\t\t\t<\/div>","protected":false},"excerpt":{"rendered":"<p>F\u0130.100 \/ HYM 1\u00a0H\u0130DROL\u0130K YATAY MARKOL\u00a0 Teknik Detaylar \u2713\u00a0Volan \u00c7ap\u00a0| 1000 mm\u00a0 (100 cm) \u2713\u00a0Volan Geni\u015flik\u00a0| 120 mm \u00a0 (12 cm) \u2713\u00a0Maksimum Kesme Geni\u015fli\u011fi\u00a0| 600 mm (60 cm) \u2713\u00a0Max.\u00a0Kesme Y\u00fcksekli\u011fi\u00a0|\u00a0 Max: 300 mm (30 cm) \u2713\u00a0Min.\u00a0Kesme Y\u00fcksekli\u011fi\u00a0\u00a0|Min: 15 mm (1,5 cm) \u2713\u00a0Testere Gergisi\u00a0| Hidrolik sistem Pistonlu \u2713\u00a0Kesme Y\u00fckseklik Ayar\u0131\u00a0| 2,2 kW red\u00fckt\u00f6rl\u00fc motor \u2713\u00a0Ana Motor\u00a0| [&hellip;]<\/p>","protected":false},"author":1,"featured_media":0,"parent":0,"menu_order":0,"comment_status":"closed","ping_status":"closed","template":"","meta":{"footnotes":""},"class_list":["post-6566","page","type-page","status-publish","hentry"],"_links":{"self":[{"href":"https:\/\/fimaksan.com\/en\/wp-json\/wp\/v2\/pages\/6566","targetHints":{"allow":["GET"]}}],"collection":[{"href":"https:\/\/fimaksan.com\/en\/wp-json\/wp\/v2\/pages"}],"about":[{"href":"https:\/\/fimaksan.com\/en\/wp-json\/wp\/v2\/types\/page"}],"author":[{"embeddable":true,"href":"https:\/\/fimaksan.com\/en\/wp-json\/wp\/v2\/users\/1"}],"replies":[{"embeddable":true,"href":"https:\/\/fimaksan.com\/en\/wp-json\/wp\/v2\/comments?post=6566"}],"version-history":[{"count":7,"href":"https:\/\/fimaksan.com\/en\/wp-json\/wp\/v2\/pages\/6566\/revisions"}],"predecessor-version":[{"id":6821,"href":"https:\/\/fimaksan.com\/en\/wp-json\/wp\/v2\/pages\/6566\/revisions\/6821"}],"wp:attachment":[{"href":"https:\/\/fimaksan.com\/en\/wp-json\/wp\/v2\/media?parent=6566"}],"curies":[{"name":"wp","href":"https:\/\/api.w.org\/{rel}","templated":true}]}}