{"id":6552,"date":"2023-04-12T16:45:14","date_gmt":"2023-04-12T13:45:14","guid":{"rendered":"https:\/\/www.hilkomyazilim.com.tr\/fimaksan\/?page_id=6552"},"modified":"2023-04-14T13:14:10","modified_gmt":"2023-04-14T10:14:10","slug":"dairesel-yatay-kesme-2","status":"publish","type":"page","link":"https:\/\/fimaksan.com\/en\/dairesel-yatay-kesme-2\/","title":{"rendered":"HORIZONTAL EDGER \u2013 SPLITTER"},"content":{"rendered":"<div data-elementor-type=\"wp-page\" data-elementor-id=\"6552\" class=\"elementor elementor-6552\">\n\t\t\t\t\t\t<section class=\"elementor-section elementor-top-section elementor-element elementor-element-dd671fb elementor-section-stretched elementor-section-boxed elementor-section-height-default elementor-section-height-default\" data-id=\"dd671fb\" data-element_type=\"section\" data-settings=\"{&quot;stretch_section&quot;:&quot;section-stretched&quot;}\">\n\t\t\t\t\t\t<div class=\"elementor-container elementor-column-gap-default\">\n\t\t\t\t\t<div class=\"elementor-column elementor-col-33 elementor-top-column elementor-element elementor-element-6a235d4\" data-id=\"6a235d4\" data-element_type=\"column\">\n\t\t\t<div class=\"elementor-widget-wrap\">\n\t\t\t\t\t\t\t<\/div>\n\t\t<\/div>\n\t\t\t\t<div class=\"elementor-column elementor-col-33 elementor-top-column elementor-element elementor-element-3885ba6\" data-id=\"3885ba6\" data-element_type=\"column\">\n\t\t\t<div class=\"elementor-widget-wrap elementor-element-populated\">\n\t\t\t\t\t\t<div class=\"elementor-element elementor-element-20a4669 elementor-widget elementor-widget-text-editor\" data-id=\"20a4669\" data-element_type=\"widget\" data-widget_type=\"text-editor.default\">\n\t\t\t\t<div class=\"elementor-widget-container\">\n\t\t\t\t\t\t\t<p>HORIZONTAL EDGER - SLAB SPLITTER<br \/>\u2013 Technical Specifications<\/p>\t\t\t\t\t\t<\/div>\n\t\t\t\t<\/div>\n\t\t\t\t<div class=\"elementor-element elementor-element-806f686 elementor-widget elementor-widget-creote-simple-image-box-v1\" data-id=\"806f686\" data-element_type=\"widget\" data-widget_type=\"creote-simple-image-box-v1.default\">\n\t\t\t\t<div class=\"elementor-widget-container\">\n\t\t\t<div class=\"simple_image_boxes  parallax_cover\"   data-aos=\"fade-up\" data-aos-delay=\"0\"  data-aos-offset=\"0\" >\r\n   <img decoding=\"async\" src=\"https:\/\/fimaksan.com\/\/wp-content\/uploads\/2023\/04\/AJ6FbI7wooQGAvlUeivzWbrn5CVl8sAdP8jP4W6V.jpeg\" class=\"simp_img cover-parallax\" alt=\"\" \/>\r\n<\/div>\r\n\t\t<\/div>\n\t\t\t\t<\/div>\n\t\t\t\t\t<\/div>\n\t\t<\/div>\n\t\t\t\t<div class=\"elementor-column elementor-col-33 elementor-top-column elementor-element elementor-element-ea8e1e0\" data-id=\"ea8e1e0\" data-element_type=\"column\">\n\t\t\t<div class=\"elementor-widget-wrap\">\n\t\t\t\t\t\t\t<\/div>\n\t\t<\/div>\n\t\t\t\t\t<\/div>\n\t\t<\/section>\n\t\t\t\t<section class=\"elementor-section elementor-top-section elementor-element elementor-element-64ca8b4 elementor-section-stretched elementor-section-boxed elementor-section-height-default elementor-section-height-default\" data-id=\"64ca8b4\" data-element_type=\"section\" data-settings=\"{&quot;stretch_section&quot;:&quot;section-stretched&quot;}\">\n\t\t\t\t\t\t<div class=\"elementor-container elementor-column-gap-default\">\n\t\t\t\t\t<div class=\"elementor-column elementor-col-100 elementor-top-column elementor-element elementor-element-c16dd92\" data-id=\"c16dd92\" data-element_type=\"column\">\n\t\t\t<div class=\"elementor-widget-wrap elementor-element-populated\">\n\t\t\t\t\t\t<div class=\"elementor-element elementor-element-7b93bdb elementor-widget elementor-widget-creote-heading-v2\" data-id=\"7b93bdb\" data-element_type=\"widget\" data-widget_type=\"creote-heading-v2.default\">\n\t\t\t\t<div class=\"elementor-widget-container\">\n\t\t\t<div class=\"heading type_one text_center\">  <div class=\"small_text\">    Technical Specifications <\/div>    <\/div>\r\n\t\t<\/div>\n\t\t\t\t<\/div>\n\t\t\t\t<div class=\"elementor-element elementor-element-0c4df16 elementor-widget elementor-widget-text-editor\" data-id=\"0c4df16\" data-element_type=\"widget\" data-widget_type=\"text-editor.default\">\n\t\t\t\t<div class=\"elementor-widget-container\">\n\t\t\t\t\t\t\t<div><strong>\u2713 Cutting Depth<\/strong>\u00a0| 15 cm<\/div>\n\n<div><strong>\u2713 Main Motor<\/strong>\u00a0| 22 kW<\/div>\n\n<div><strong>\u2713 Circular Saw Diameter<\/strong>\u00a0| 65cm<\/div>\n\n<div><strong>\u2713 Positioning System<\/strong>\u00a0| PLC Control With Digital Display<\/div>\n\n<div><strong>\u2713 Positioning Move\u00a0<\/strong>\u00a0| Hydraulic \/\u00a0<em>Hydraulic<\/em><\/div>\n\n<div><strong>\u2713 Weight<\/strong>\u00a0| 3000 kg<\/div>\t\t\t\t\t\t<\/div>\n\t\t\t\t<\/div>\n\t\t\t\t\t<\/div>\n\t\t<\/div>\n\t\t\t\t\t<\/div>\n\t\t<\/section>\n\t\t\t\t<\/div>","protected":false},"excerpt":{"rendered":"<p>DA\u0130RESEL YATAY KESME&#8211;\u00a0Technical Specifications Teknik Detaylar \u2713\u00a0Kesme Derinli\u011fi \/ Cutting Depth\u00a0| 15 Cm \u2713\u00a0Ana Motor \/ Main Engine\u00a0| 22 kW \u2713\u00a0Daire Testere \u00c7ap \/ Circular Saw Diameter\u00a0| 65 cm \u2713\u00a0Pozisyonlama Sistemi \/ Positioning System\u00a0| PLC Kontrol Dijital G\u00f6stergeli \u2713\u00a0Pozisyonlama Hareketi \/Positioning Move\u00a0\u00a0| Hidrolik \/\u00a0Hydraulic \u2713\u00a0Weight \/ A\u011f\u0131rl\u0131k\u00a0| 3000 kg<\/p>","protected":false},"author":1,"featured_media":0,"parent":0,"menu_order":0,"comment_status":"closed","ping_status":"closed","template":"","meta":{"footnotes":""},"class_list":["post-6552","page","type-page","status-publish","hentry"],"_links":{"self":[{"href":"https:\/\/fimaksan.com\/en\/wp-json\/wp\/v2\/pages\/6552","targetHints":{"allow":["GET"]}}],"collection":[{"href":"https:\/\/fimaksan.com\/en\/wp-json\/wp\/v2\/pages"}],"about":[{"href":"https:\/\/fimaksan.com\/en\/wp-json\/wp\/v2\/types\/page"}],"author":[{"embeddable":true,"href":"https:\/\/fimaksan.com\/en\/wp-json\/wp\/v2\/users\/1"}],"replies":[{"embeddable":true,"href":"https:\/\/fimaksan.com\/en\/wp-json\/wp\/v2\/comments?post=6552"}],"version-history":[{"count":7,"href":"https:\/\/fimaksan.com\/en\/wp-json\/wp\/v2\/pages\/6552\/revisions"}],"predecessor-version":[{"id":6818,"href":"https:\/\/fimaksan.com\/en\/wp-json\/wp\/v2\/pages\/6552\/revisions\/6818"}],"wp:attachment":[{"href":"https:\/\/fimaksan.com\/en\/wp-json\/wp\/v2\/media?parent=6552"}],"curies":[{"name":"wp","href":"https:\/\/api.w.org\/{rel}","templated":true}]}}