{"id":6512,"date":"2023-04-12T16:31:40","date_gmt":"2023-04-12T13:31:40","guid":{"rendered":"https:\/\/www.hilkomyazilim.com.tr\/fimaksan\/?page_id=6512"},"modified":"2023-04-14T13:07:16","modified_gmt":"2023-04-14T10:07:16","slug":"coklu-dilimleme-paletli","status":"publish","type":"page","link":"https:\/\/fimaksan.com\/en\/coklu-dilimleme-paletli\/","title":{"rendered":"MULTI RIPSAW \/ Pneumatic Press"},"content":{"rendered":"<div data-elementor-type=\"wp-page\" data-elementor-id=\"6512\" class=\"elementor elementor-6512\">\n\t\t\t\t\t\t<section class=\"elementor-section elementor-top-section elementor-element elementor-element-a7c6c97 elementor-section-boxed elementor-section-height-default elementor-section-height-default\" data-id=\"a7c6c97\" data-element_type=\"section\">\n\t\t\t\t\t\t<div class=\"elementor-container elementor-column-gap-default\">\n\t\t\t\t\t<div class=\"elementor-column elementor-col-100 elementor-top-column elementor-element elementor-element-811bf92\" data-id=\"811bf92\" data-element_type=\"column\">\n\t\t\t<div class=\"elementor-widget-wrap elementor-element-populated\">\n\t\t\t\t\t\t<div class=\"elementor-element elementor-element-1c4853b elementor-widget elementor-widget-creote-heading-v2\" data-id=\"1c4853b\" data-element_type=\"widget\" data-widget_type=\"creote-heading-v2.default\">\n\t\t\t\t<div class=\"elementor-widget-container\">\n\t\t\t<div class=\"heading type_one text_center\">  <div class=\"small_text\">    Technical Specifications <\/div>    <\/div>\r\n\t\t<\/div>\n\t\t\t\t<\/div>\n\t\t\t\t\t<\/div>\n\t\t<\/div>\n\t\t\t\t\t<\/div>\n\t\t<\/section>\n\t\t\t\t<section class=\"elementor-section elementor-top-section elementor-element elementor-element-1ea94f2 elementor-section-stretched elementor-section-boxed elementor-section-height-default elementor-section-height-default\" data-id=\"1ea94f2\" data-element_type=\"section\" data-settings=\"{&quot;stretch_section&quot;:&quot;section-stretched&quot;}\">\n\t\t\t\t\t\t<div class=\"elementor-container elementor-column-gap-default\">\n\t\t\t\t\t<div class=\"elementor-column elementor-col-50 elementor-top-column elementor-element elementor-element-d9169bc\" data-id=\"d9169bc\" data-element_type=\"column\">\n\t\t\t<div class=\"elementor-widget-wrap elementor-element-populated\">\n\t\t\t\t\t\t<div class=\"elementor-element elementor-element-612d274 elementor-widget elementor-widget-text-editor\" data-id=\"612d274\" data-element_type=\"widget\" data-widget_type=\"text-editor.default\">\n\t\t\t\t<div class=\"elementor-widget-container\">\n\t\t\t\t\t\t\t<div><strong>\u2713\u00a0Max. Kesme Kal\u0131nl\u0131k<\/strong>\u00a0| 160 mm<\/div><div><strong>\u2713 Max. Cut Width<\/strong>\u00a0| 350 mm<\/div><div><strong>\u2713\u00a0Min. Kesme Uzunluk<\/strong>\u00a0| 800mm<\/div><div><strong>\u2713\u00a0Max. Testere \u00c7ap<\/strong>\u00a0| 350 mm<\/div><div><strong>\u2713\u00a0Min. Testere \u00c7ap<\/strong>\u00a0| 250 mm<\/div><div><strong>\u2713 Saw Blade Hole Diameter<\/strong>\u00a0| 70mm<\/div><div><strong>\u2713 Main Spindle Diameter<\/strong>\u00a0| 55mm<\/div><div><strong>\u2713 Saw Blade Turn Speed<\/strong>\u00a0| 3500 rpm.<\/div><div><strong>\u2713 Saw Main Motor Power<\/strong>\u00a0| 2 x 75 hp<\/div><div><strong>\u2713 Caterpillar Feed Chain Movement Motor<\/strong>\u00a0| 5 hp<\/div><div>\u00a0<\/div><div>\u00a0<\/div>\t\t\t\t\t\t<\/div>\n\t\t\t\t<\/div>\n\t\t\t\t\t<\/div>\n\t\t<\/div>\n\t\t\t\t<div class=\"elementor-column elementor-col-50 elementor-top-column elementor-element elementor-element-b2fd1d8\" data-id=\"b2fd1d8\" data-element_type=\"column\">\n\t\t\t<div class=\"elementor-widget-wrap elementor-element-populated\">\n\t\t\t\t\t\t<div class=\"elementor-element elementor-element-fa0f727 elementor-widget elementor-widget-text-editor\" data-id=\"fa0f727\" data-element_type=\"widget\" data-widget_type=\"text-editor.default\">\n\t\t\t\t<div class=\"elementor-widget-container\">\n\t\t\t\t\t\t\t<div><strong>\u2713 Caterpillar Movement Speed<\/strong>\u00a0| 2,2-24 mt.\/ dk.<\/div><div><strong>\u2713 Spindle Elevation Motor<\/strong>\u00a0| 1.0 hp<\/div><div><strong>\u2713 Daily Capacity<\/strong>\u00a0| 50 m3<\/div><div><strong>\u2713 Table Dimensions<\/strong>\u00a0| 2630 x 750<\/div><div><strong>\u2713 Table Height<\/strong>\u00a0| 740mm<\/div><div><strong>\u2713\u00a0Boyutlar ( Uzunluk Geni\u015flik Y\u00fckseklik )<\/strong>\u00a0| 2970 Xx 2520 X 1900<\/div><div><strong>\u2713 Weight<\/strong>\u00a0| 5150 kg<\/div><div><strong>\u2713 Weight + Packing\u00a0<\/strong>\u00a0| 5600 kg<\/div>\t\t\t\t\t\t<\/div>\n\t\t\t\t<\/div>\n\t\t\t\t\t<\/div>\n\t\t<\/div>\n\t\t\t\t\t<\/div>\n\t\t<\/section>\n\t\t\t\t<\/div>","protected":false},"excerpt":{"rendered":"<p>Teknik Detaylar \u2713\u00a0Max. Kesme Kal\u0131nl\u0131k\u00a0| 160 mm\u2713\u00a0Max. Kesme Geni\u015flik\u00a0| 350 mm\u2713\u00a0Min. Kesme Uzunluk\u00a0| 800 mm\u2713\u00a0Max. Testere \u00c7ap\u00a0| 350 mm\u2713\u00a0Min. Testere \u00c7ap\u00a0| 250 mm\u2713\u00a0Testere Delik \u00c7ap\u00a0| 70 mm\u2713\u00a0Ana Mil \u00d6l\u00e7\u00fcs\u00fc\u00a0| 55 mm\u2713\u00a0Testere D\u00f6n\u00fc\u015f H\u0131z\u0131\u00a0| 3500 d \/ dk.\u2713\u00a0Testere Ana Motor G\u00fcc\u00fc\u00a0| 2 x 75 hp\u2713\u00a0Palet \u0130lerleme H\u0131z Motoru\u00a0| 5 hp\u00a0\u00a0\u2713\u00a0Palet \u0130lerleme H\u0131z\u0131\u00a0| 2,2-24 mt.\/ dk.\u2713\u00a0Testere Ayar [&hellip;]<\/p>","protected":false},"author":1,"featured_media":0,"parent":0,"menu_order":0,"comment_status":"closed","ping_status":"closed","template":"","meta":{"footnotes":""},"class_list":["post-6512","page","type-page","status-publish","hentry"],"_links":{"self":[{"href":"https:\/\/fimaksan.com\/en\/wp-json\/wp\/v2\/pages\/6512","targetHints":{"allow":["GET"]}}],"collection":[{"href":"https:\/\/fimaksan.com\/en\/wp-json\/wp\/v2\/pages"}],"about":[{"href":"https:\/\/fimaksan.com\/en\/wp-json\/wp\/v2\/types\/page"}],"author":[{"embeddable":true,"href":"https:\/\/fimaksan.com\/en\/wp-json\/wp\/v2\/users\/1"}],"replies":[{"embeddable":true,"href":"https:\/\/fimaksan.com\/en\/wp-json\/wp\/v2\/comments?post=6512"}],"version-history":[{"count":7,"href":"https:\/\/fimaksan.com\/en\/wp-json\/wp\/v2\/pages\/6512\/revisions"}],"predecessor-version":[{"id":6808,"href":"https:\/\/fimaksan.com\/en\/wp-json\/wp\/v2\/pages\/6512\/revisions\/6808"}],"wp:attachment":[{"href":"https:\/\/fimaksan.com\/en\/wp-json\/wp\/v2\/media?parent=6512"}],"curies":[{"name":"wp","href":"https:\/\/api.w.org\/{rel}","templated":true}]}}