{"id":6504,"date":"2023-04-12T16:29:58","date_gmt":"2023-04-12T13:29:58","guid":{"rendered":"https:\/\/www.hilkomyazilim.com.tr\/fimaksan\/?page_id=6504"},"modified":"2023-04-14T13:05:28","modified_gmt":"2023-04-14T10:05:28","slug":"coklu-dilimleme-tek-milli","status":"publish","type":"page","link":"https:\/\/fimaksan.com\/en\/coklu-dilimleme-tek-milli\/","title":{"rendered":"MULTI RIPSAW"},"content":{"rendered":"<div data-elementor-type=\"wp-page\" data-elementor-id=\"6504\" class=\"elementor elementor-6504\">\n\t\t\t\t\t\t<section class=\"elementor-section elementor-top-section elementor-element elementor-element-9b6be15 elementor-section-stretched elementor-section-boxed elementor-section-height-default elementor-section-height-default\" data-id=\"9b6be15\" data-element_type=\"section\" data-settings=\"{&quot;stretch_section&quot;:&quot;section-stretched&quot;}\">\n\t\t\t\t\t\t<div class=\"elementor-container elementor-column-gap-default\">\n\t\t\t\t\t<div class=\"elementor-column elementor-col-33 elementor-top-column elementor-element elementor-element-9f1a767\" data-id=\"9f1a767\" data-element_type=\"column\">\n\t\t\t<div class=\"elementor-widget-wrap\">\n\t\t\t\t\t\t\t<\/div>\n\t\t<\/div>\n\t\t\t\t<div class=\"elementor-column elementor-col-33 elementor-top-column elementor-element elementor-element-31b6d51\" data-id=\"31b6d51\" data-element_type=\"column\">\n\t\t\t<div class=\"elementor-widget-wrap elementor-element-populated\">\n\t\t\t\t\t\t<div class=\"elementor-element elementor-element-25830bc elementor-widget elementor-widget-text-editor\" data-id=\"25830bc\" data-element_type=\"widget\" data-widget_type=\"text-editor.default\">\n\t\t\t\t<div class=\"elementor-widget-container\">\n\t\t\t\t\t\t\t<p>FMR \/ 135\u00a0<br \/>MULTI SLICING\u00a0<br \/>\u2013 SINGLE NATIONAL<\/p>\t\t\t\t\t\t<\/div>\n\t\t\t\t<\/div>\n\t\t\t\t<div class=\"elementor-element elementor-element-d36a75a elementor-widget elementor-widget-image\" data-id=\"d36a75a\" data-element_type=\"widget\" data-widget_type=\"image.default\">\n\t\t\t\t<div class=\"elementor-widget-container\">\n\t\t\t\t\t\t\t\t\t\t\t\t\t<img fetchpriority=\"high\" decoding=\"async\" width=\"768\" height=\"585\" src=\"https:\/\/fimaksan.com\/wp-content\/uploads\/2023\/04\/Z7N8HJAmFczZV2jbzaXxqU0CQEeqtK3j65njWamB.jpeg\" class=\"attachment-large size-large wp-image-6499\" alt=\"\" srcset=\"https:\/\/fimaksan.com\/wp-content\/uploads\/2023\/04\/Z7N8HJAmFczZV2jbzaXxqU0CQEeqtK3j65njWamB.jpeg 768w, https:\/\/fimaksan.com\/wp-content\/uploads\/2023\/04\/Z7N8HJAmFczZV2jbzaXxqU0CQEeqtK3j65njWamB-300x229.jpeg 300w, https:\/\/fimaksan.com\/wp-content\/uploads\/2023\/04\/Z7N8HJAmFczZV2jbzaXxqU0CQEeqtK3j65njWamB-600x457.jpeg 600w\" sizes=\"(max-width: 768px) 100vw, 768px\" \/>\t\t\t\t\t\t\t\t\t\t\t\t\t<\/div>\n\t\t\t\t<\/div>\n\t\t\t\t\t<\/div>\n\t\t<\/div>\n\t\t\t\t<div class=\"elementor-column elementor-col-33 elementor-top-column elementor-element elementor-element-13861cb\" data-id=\"13861cb\" data-element_type=\"column\">\n\t\t\t<div class=\"elementor-widget-wrap\">\n\t\t\t\t\t\t\t<\/div>\n\t\t<\/div>\n\t\t\t\t\t<\/div>\n\t\t<\/section>\n\t\t\t\t<section class=\"elementor-section elementor-top-section elementor-element elementor-element-723da22 elementor-section-boxed elementor-section-height-default elementor-section-height-default\" data-id=\"723da22\" data-element_type=\"section\">\n\t\t\t\t\t\t<div class=\"elementor-container elementor-column-gap-default\">\n\t\t\t\t\t<div class=\"elementor-column elementor-col-100 elementor-top-column elementor-element elementor-element-2415683\" data-id=\"2415683\" data-element_type=\"column\">\n\t\t\t<div class=\"elementor-widget-wrap elementor-element-populated\">\n\t\t\t\t\t\t<div class=\"elementor-element elementor-element-9843834 elementor-widget elementor-widget-creote-heading-v2\" data-id=\"9843834\" data-element_type=\"widget\" data-widget_type=\"creote-heading-v2.default\">\n\t\t\t\t<div class=\"elementor-widget-container\">\n\t\t\t<div class=\"heading type_one text_center\">  <div class=\"small_text\">    Technical Specifications <\/div>    <\/div>\r\n\t\t<\/div>\n\t\t\t\t<\/div>\n\t\t\t\t\t<\/div>\n\t\t<\/div>\n\t\t\t\t\t<\/div>\n\t\t<\/section>\n\t\t\t\t<section class=\"elementor-section elementor-top-section elementor-element elementor-element-f6e9648 elementor-section-stretched elementor-section-boxed elementor-section-height-default elementor-section-height-default\" data-id=\"f6e9648\" data-element_type=\"section\" data-settings=\"{&quot;stretch_section&quot;:&quot;section-stretched&quot;}\">\n\t\t\t\t\t\t<div class=\"elementor-container elementor-column-gap-default\">\n\t\t\t\t\t<div class=\"elementor-column elementor-col-50 elementor-top-column elementor-element elementor-element-cfc4329\" data-id=\"cfc4329\" data-element_type=\"column\">\n\t\t\t<div class=\"elementor-widget-wrap elementor-element-populated\">\n\t\t\t\t\t\t<div class=\"elementor-element elementor-element-448a0a2 elementor-widget elementor-widget-text-editor\" data-id=\"448a0a2\" data-element_type=\"widget\" data-widget_type=\"text-editor.default\">\n\t\t\t\t<div class=\"elementor-widget-container\">\n\t\t\t\t\t\t\t<div><strong>\u2713 Cutting Thickness<\/strong>\u00a0| Max: 135mm<\/div><div><strong>\u2713 Cutting Width<\/strong>\u00a0| Max: 350mm<\/div><div><strong>\u2713 Working Length<\/strong>\u00a0| Min: 650mm<\/div><div><strong>\u2713 Max. Saw Blade Diameter<\/strong>\u00a0| Min: 250 mm Max: 400 mm<\/div><div><strong>\u2713 Saw Hole Diameter<\/strong>\u00a0| 70mm<\/div><div><strong>\u2713 Main Spindle Diameter<\/strong>\u00a0| 55mm<\/div><div><strong>\u2713 Saw Blade Turn Speed<\/strong>\u00a0| 60 hp \/ 3000rpm<\/div><div><strong>\u2713 Saw Main Motor Power<\/strong>\u00a0| 60hp<\/div><div>\u00a0<\/div>\t\t\t\t\t\t<\/div>\n\t\t\t\t<\/div>\n\t\t\t\t\t<\/div>\n\t\t<\/div>\n\t\t\t\t<div class=\"elementor-column elementor-col-50 elementor-top-column elementor-element elementor-element-4ab6a14\" data-id=\"4ab6a14\" data-element_type=\"column\">\n\t\t\t<div class=\"elementor-widget-wrap elementor-element-populated\">\n\t\t\t\t\t\t<div class=\"elementor-element elementor-element-6c14e32 elementor-widget elementor-widget-text-editor\" data-id=\"6c14e32\" data-element_type=\"widget\" data-widget_type=\"text-editor.default\">\n\t\t\t\t<div class=\"elementor-widget-container\">\n\t\t\t\t\t\t\t<div><strong>\u2713 Caterpillar Movement Speed<\/strong>\u00a0| 7.5 ~ 30 m \/ min.<\/div><div><strong>\u2713 Saw Movement (Up-Down)<\/strong>\u00a0| 1 hp<\/div><div><strong>\u2713 Table Height<\/strong>\u00a0| 745mm<\/div><div><strong>\u2713 Table Area<\/strong>\u00a0| 1840 x 770mm<\/div><div><strong>\u2713 Machine Dimensions<\/strong>\u00a0| 2340 X 1600 X 1510 mm (Length Width Height)<\/div><div><strong>\u2713 Weight<\/strong>\u00a0| 2400 kg<\/div>\t\t\t\t\t\t<\/div>\n\t\t\t\t<\/div>\n\t\t\t\t\t<\/div>\n\t\t<\/div>\n\t\t\t\t\t<\/div>\n\t\t<\/section>\n\t\t\t\t<\/div>","protected":false},"excerpt":{"rendered":"<p>FMR \/ 135\u00a0\u00c7OKLU D\u0130L\u0130MLEME\u00a0\u2013 TEK M\u0130LL\u0130 Teknik Detaylar \u2713\u00a0Kesme Kal\u0131nl\u0131k\u00a0| Max: 135 mm\u2713\u00a0Kesme Geni\u015flik\u00a0| Max: 350 mm\u2713\u00a0\u00c7al\u0131\u015fma Uzunluk\u00a0| Min: 650 mm\u2713\u00a0Testere \u00c7ap\u00a0|\u00a0 Min: 250 mm Max: 400 mm\u2713\u00a0Testere Delik \u00c7ap\u0131\u00a0| 70 mm\u2713\u00a0Ana Mil \u00d6l\u00e7\u00fcs\u00fc\u00a0| 55 mm\u2713\u00a0Testere D\u00f6n\u00fc\u015f H\u0131z\u0131\u00a0| 60 hp \/ 3000 rpm\u2713\u00a0Testere Ana Motor G\u00fcc\u00fc\u00a0| 60 hP\u00a0\u2713\u00a0Palet \u0130lerleme H\u0131z\u0131\u00a0| 7,5 ~ 30 mt \/ [&hellip;]<\/p>","protected":false},"author":1,"featured_media":0,"parent":0,"menu_order":0,"comment_status":"closed","ping_status":"closed","template":"","meta":{"footnotes":""},"class_list":["post-6504","page","type-page","status-publish","hentry"],"_links":{"self":[{"href":"https:\/\/fimaksan.com\/en\/wp-json\/wp\/v2\/pages\/6504","targetHints":{"allow":["GET"]}}],"collection":[{"href":"https:\/\/fimaksan.com\/en\/wp-json\/wp\/v2\/pages"}],"about":[{"href":"https:\/\/fimaksan.com\/en\/wp-json\/wp\/v2\/types\/page"}],"author":[{"embeddable":true,"href":"https:\/\/fimaksan.com\/en\/wp-json\/wp\/v2\/users\/1"}],"replies":[{"embeddable":true,"href":"https:\/\/fimaksan.com\/en\/wp-json\/wp\/v2\/comments?post=6504"}],"version-history":[{"count":7,"href":"https:\/\/fimaksan.com\/en\/wp-json\/wp\/v2\/pages\/6504\/revisions"}],"predecessor-version":[{"id":6805,"href":"https:\/\/fimaksan.com\/en\/wp-json\/wp\/v2\/pages\/6504\/revisions\/6805"}],"wp:attachment":[{"href":"https:\/\/fimaksan.com\/en\/wp-json\/wp\/v2\/media?parent=6504"}],"curies":[{"name":"wp","href":"https:\/\/api.w.org\/{rel}","templated":true}]}}