{"id":6486,"date":"2023-04-12T16:25:45","date_gmt":"2023-04-12T13:25:45","guid":{"rendered":"https:\/\/www.hilkomyazilim.com.tr\/fimaksan\/?page_id=6486"},"modified":"2023-04-14T13:01:45","modified_gmt":"2023-04-14T10:01:45","slug":"fi-130-tomruk-arabasi-uzerinden-kumandali-4-cizmeli","status":"publish","type":"page","link":"https:\/\/fimaksan.com\/en\/fi-130-tomruk-arabasi-uzerinden-kumandali-4-cizmeli\/","title":{"rendered":"F\u0130. 130 CARRIAGE 4HB \/ On Carriage Control"},"content":{"rendered":"<div data-elementor-type=\"wp-page\" data-elementor-id=\"6486\" class=\"elementor elementor-6486\">\n\t\t\t\t\t\t<section class=\"elementor-section elementor-top-section elementor-element elementor-element-16a9acb elementor-section-stretched elementor-section-boxed elementor-section-height-default elementor-section-height-default\" data-id=\"16a9acb\" data-element_type=\"section\" data-settings=\"{&quot;stretch_section&quot;:&quot;section-stretched&quot;}\">\n\t\t\t\t\t\t<div class=\"elementor-container elementor-column-gap-default\">\n\t\t\t\t\t<div class=\"elementor-column elementor-col-33 elementor-top-column elementor-element elementor-element-03aba7d\" data-id=\"03aba7d\" data-element_type=\"column\">\n\t\t\t<div class=\"elementor-widget-wrap\">\n\t\t\t\t\t\t\t<\/div>\n\t\t<\/div>\n\t\t\t\t<div class=\"elementor-column elementor-col-33 elementor-top-column elementor-element elementor-element-39fd1e3\" data-id=\"39fd1e3\" data-element_type=\"column\">\n\t\t\t<div class=\"elementor-widget-wrap elementor-element-populated\">\n\t\t\t\t\t\t<div class=\"elementor-element elementor-element-0fdb1fa elementor-widget elementor-widget-text-editor\" data-id=\"0fdb1fa\" data-element_type=\"widget\" data-widget_type=\"text-editor.default\">\n\t\t\t\t<div class=\"elementor-widget-container\">\n\t\t\t\t\t\t\t<div>F\u0130.130 \/ HKD 4 LOG CARRIAGE<\/div><div>DIGITAL CONTROLLED \/ HYDRAULIC \/ IN&amp; OUT MOVING HOOK \/ 4 HB AUTOMATIC\u00a0<\/div>\t\t\t\t\t\t<\/div>\n\t\t\t\t<\/div>\n\t\t\t\t<div class=\"elementor-element elementor-element-c2073fa elementor-widget elementor-widget-image\" data-id=\"c2073fa\" data-element_type=\"widget\" data-widget_type=\"image.default\">\n\t\t\t\t<div class=\"elementor-widget-container\">\n\t\t\t\t\t\t\t\t\t\t\t\t\t<img fetchpriority=\"high\" decoding=\"async\" width=\"1024\" height=\"581\" src=\"https:\/\/fimaksan.com\/wp-content\/uploads\/2023\/04\/jdpQVRZS3lBKNBktKmSrSvMn10T3mmt5nfYDe6JD-1024x581.jpeg\" class=\"attachment-large size-large wp-image-6465\" alt=\"\" srcset=\"https:\/\/fimaksan.com\/wp-content\/uploads\/2023\/04\/jdpQVRZS3lBKNBktKmSrSvMn10T3mmt5nfYDe6JD-1024x581.jpeg 1024w, https:\/\/fimaksan.com\/wp-content\/uploads\/2023\/04\/jdpQVRZS3lBKNBktKmSrSvMn10T3mmt5nfYDe6JD-300x170.jpeg 300w, https:\/\/fimaksan.com\/wp-content\/uploads\/2023\/04\/jdpQVRZS3lBKNBktKmSrSvMn10T3mmt5nfYDe6JD-768x436.jpeg 768w, https:\/\/fimaksan.com\/wp-content\/uploads\/2023\/04\/jdpQVRZS3lBKNBktKmSrSvMn10T3mmt5nfYDe6JD-1536x872.jpeg 1536w, https:\/\/fimaksan.com\/wp-content\/uploads\/2023\/04\/jdpQVRZS3lBKNBktKmSrSvMn10T3mmt5nfYDe6JD-2048x1163.jpeg 2048w, https:\/\/fimaksan.com\/wp-content\/uploads\/2023\/04\/jdpQVRZS3lBKNBktKmSrSvMn10T3mmt5nfYDe6JD-600x341.jpeg 600w\" sizes=\"(max-width: 1024px) 100vw, 1024px\" \/>\t\t\t\t\t\t\t\t\t\t\t\t\t<\/div>\n\t\t\t\t<\/div>\n\t\t\t\t\t<\/div>\n\t\t<\/div>\n\t\t\t\t<div class=\"elementor-column elementor-col-33 elementor-top-column elementor-element elementor-element-1f6509b\" data-id=\"1f6509b\" data-element_type=\"column\">\n\t\t\t<div class=\"elementor-widget-wrap\">\n\t\t\t\t\t\t\t<\/div>\n\t\t<\/div>\n\t\t\t\t\t<\/div>\n\t\t<\/section>\n\t\t\t\t<section class=\"elementor-section elementor-top-section elementor-element elementor-element-edba3b7 elementor-section-boxed elementor-section-height-default elementor-section-height-default\" data-id=\"edba3b7\" data-element_type=\"section\">\n\t\t\t\t\t\t<div class=\"elementor-container elementor-column-gap-default\">\n\t\t\t\t\t<div class=\"elementor-column elementor-col-100 elementor-top-column elementor-element elementor-element-ec7bff9\" data-id=\"ec7bff9\" data-element_type=\"column\">\n\t\t\t<div class=\"elementor-widget-wrap elementor-element-populated\">\n\t\t\t\t\t\t<div class=\"elementor-element elementor-element-5b267e3 elementor-widget elementor-widget-creote-heading-v2\" data-id=\"5b267e3\" data-element_type=\"widget\" data-widget_type=\"creote-heading-v2.default\">\n\t\t\t\t<div class=\"elementor-widget-container\">\n\t\t\t<div class=\"heading type_one text_center\">  <div class=\"small_text\">    Technical Specifications <\/div>    <\/div>\r\n\t\t<\/div>\n\t\t\t\t<\/div>\n\t\t\t\t\t<\/div>\n\t\t<\/div>\n\t\t\t\t\t<\/div>\n\t\t<\/section>\n\t\t\t\t<section class=\"elementor-section elementor-top-section elementor-element elementor-element-7fa3496 elementor-section-stretched elementor-section-boxed elementor-section-height-default elementor-section-height-default\" data-id=\"7fa3496\" data-element_type=\"section\" data-settings=\"{&quot;stretch_section&quot;:&quot;section-stretched&quot;}\">\n\t\t\t\t\t\t<div class=\"elementor-container elementor-column-gap-default\">\n\t\t\t\t\t<div class=\"elementor-column elementor-col-50 elementor-top-column elementor-element elementor-element-3a5bcac\" data-id=\"3a5bcac\" data-element_type=\"column\">\n\t\t\t<div class=\"elementor-widget-wrap elementor-element-populated\">\n\t\t\t\t\t\t<div class=\"elementor-element elementor-element-7734b02 elementor-widget elementor-widget-text-editor\" data-id=\"7734b02\" data-element_type=\"widget\" data-widget_type=\"text-editor.default\">\n\t\t\t\t<div class=\"elementor-widget-container\">\n\t\t\t\t\t\t\t<div><strong>\u2713 Log Diameter<\/strong>\u00a0| Max: 1150mm<\/div><div><strong>\u2713 Log Cutting Capacity <\/strong>\u00a045 m3<\/div><div><strong>\u2713\u00a0Rail Lenght<\/strong>\u00a0| 18 mt.<\/div><div><strong>\u2713\u00a0Rail Width<\/strong>\u00a0| 1330mm<\/div><div><strong>\u2713 Hook Opening<\/strong>\u00a0| Max: 1000mm<\/div><div><strong>\u2713 Headblock Opening<\/strong>\u00a0| Max: 1000mm<\/div><div><strong>\u2713 In &amp; Out Distance Between Knee\/ Hook <\/strong>\u00a0| Min: 35 mm Max: 145 mm<\/div><div><strong>\u2713\u00a0Headblock Spacing ( center to center)<\/strong>\u00a0| 1150 \u20132250 \u2013 850mm<\/div><div><strong>\u2713 Carriage Feed System<\/strong>\u00a0| hydraulic, rope driven<\/div><div><strong>\u2713 Headblock Drive System<\/strong>\u00a0| 11 kW reducer<\/div><div><strong>\u2713 Headblock Speed<\/strong>\u00a0| 320mm\/sec. ( More Optional)<\/div><div><strong>\u2713 Log Turner Drive System<\/strong>\u00a0| 4 kW reducer<\/div><div>\u00a0<\/div>\t\t\t\t\t\t<\/div>\n\t\t\t\t<\/div>\n\t\t\t\t\t<\/div>\n\t\t<\/div>\n\t\t\t\t<div class=\"elementor-column elementor-col-50 elementor-top-column elementor-element elementor-element-b219ee5\" data-id=\"b219ee5\" data-element_type=\"column\">\n\t\t\t<div class=\"elementor-widget-wrap elementor-element-populated\">\n\t\t\t\t\t\t<div class=\"elementor-element elementor-element-c093f73 elementor-widget elementor-widget-text-editor\" data-id=\"c093f73\" data-element_type=\"widget\" data-widget_type=\"text-editor.default\">\n\t\t\t\t<div class=\"elementor-widget-container\">\n\t\t\t\t\t\t\t<div><strong>\u2713 Log Turner System <\/strong>\u00a0| Hydraulic<\/div><div><strong>\u2713 Hook Drive System <\/strong>\u00a0| Hydraulic<\/div><div><strong>\u2713 Carriage Feed Speed<\/strong>\u00a0| 90 m \/ min.<\/div><div><strong>\u2713 Machine Lubrication System<\/strong>\u00a0| Timed<\/div><div><strong>\u2713 Hydraulic Unit Motor<\/strong>\u00a0| 11 kW motor<\/div><div><strong>\u2713 Power Line Between Carriage &amp; Operator<\/strong>\u00a0| Cable Carrier Pantograph Arm<\/div><div><strong>\u2713 Weight\u00a0 \u00a0 <\/strong>\u00a0| 7000 kg<\/div><div><strong>\u2713 Hydraulic Oil Cooling System<\/strong>\u00a0| Automatic thermostat radiator fan system<\/div><div><strong>\u2713 Machine Dimensions<\/strong>\u00a0| 650 x 210 x 200 cm (L x W x H)<\/div>\t\t\t\t\t\t<\/div>\n\t\t\t\t<\/div>\n\t\t\t\t\t<\/div>\n\t\t<\/div>\n\t\t\t\t\t<\/div>\n\t\t<\/section>\n\t\t\t\t<\/div>","protected":false},"excerpt":{"rendered":"<p>F\u0130.130 \/ HKD 4 TOMRUK ARABASID\u0130J\u0130TAL KONTROLLU \/ H\u0130DROL\u0130K \/ HAREKETL\u0130 KANCALI \/ 4 \u00c7\u0130ZMEL\u0130 OTOMAT\u0130K\u00a0 Teknik Detaylar \u2713\u00a0Tomruk \u00c7ap\u0131\u00a0| Max: 1150 mm\u2713\u00a0G\u00fcnl\u00fck Kapasite ( tomruk kesme) \u00a0| 75 m3\u2713\u00a0Ray uzunluk\u00a0| 18000 mm\u2713\u00a0Ray geni\u015flik\u00a0| 1330 mm\u2713\u00a0Kancalar Aras\u0131 Mesafe A\u00e7\u0131l\u0131m\u0131\u00a0| Max: 1020 mm\u2713\u00a0\u00c7izmeler Aras\u0131 Mesafe A\u00e7\u0131l\u0131m\u0131\u00a0| Max: 1020 mm\u2713\u00a0Dayama \/ Kanca Aras\u0131 Mesafe \u00a0| Min: 35 [&hellip;]<\/p>","protected":false},"author":1,"featured_media":0,"parent":0,"menu_order":0,"comment_status":"closed","ping_status":"closed","template":"","meta":{"footnotes":""},"class_list":["post-6486","page","type-page","status-publish","hentry"],"_links":{"self":[{"href":"https:\/\/fimaksan.com\/en\/wp-json\/wp\/v2\/pages\/6486","targetHints":{"allow":["GET"]}}],"collection":[{"href":"https:\/\/fimaksan.com\/en\/wp-json\/wp\/v2\/pages"}],"about":[{"href":"https:\/\/fimaksan.com\/en\/wp-json\/wp\/v2\/types\/page"}],"author":[{"embeddable":true,"href":"https:\/\/fimaksan.com\/en\/wp-json\/wp\/v2\/users\/1"}],"replies":[{"embeddable":true,"href":"https:\/\/fimaksan.com\/en\/wp-json\/wp\/v2\/comments?post=6486"}],"version-history":[{"count":10,"href":"https:\/\/fimaksan.com\/en\/wp-json\/wp\/v2\/pages\/6486\/revisions"}],"predecessor-version":[{"id":6793,"href":"https:\/\/fimaksan.com\/en\/wp-json\/wp\/v2\/pages\/6486\/revisions\/6793"}],"wp:attachment":[{"href":"https:\/\/fimaksan.com\/en\/wp-json\/wp\/v2\/media?parent=6486"}],"curies":[{"name":"wp","href":"https:\/\/api.w.org\/{rel}","templated":true}]}}