{"id":6445,"date":"2023-04-12T16:12:54","date_gmt":"2023-04-12T13:12:54","guid":{"rendered":"https:\/\/www.hilkomyazilim.com.tr\/fimaksan\/?page_id=6445"},"modified":"2023-04-14T12:55:58","modified_gmt":"2023-04-14T09:55:58","slug":"cizici-daire-scriber","status":"publish","type":"page","link":"https:\/\/fimaksan.com\/en\/cizici-daire-scriber\/","title":{"rendered":"LOG CLEANING DISK"},"content":{"rendered":"<div data-elementor-type=\"wp-page\" data-elementor-id=\"6445\" class=\"elementor elementor-6445\">\n\t\t\t\t\t\t<section class=\"elementor-section elementor-top-section elementor-element elementor-element-191002e elementor-section-stretched elementor-section-boxed elementor-section-height-default elementor-section-height-default\" data-id=\"191002e\" data-element_type=\"section\" data-settings=\"{&quot;stretch_section&quot;:&quot;section-stretched&quot;}\">\n\t\t\t\t\t\t<div class=\"elementor-container elementor-column-gap-default\">\n\t\t\t\t\t<div class=\"elementor-column elementor-col-50 elementor-top-column elementor-element elementor-element-490ca2d\" data-id=\"490ca2d\" data-element_type=\"column\">\n\t\t\t<div class=\"elementor-widget-wrap elementor-element-populated\">\n\t\t\t\t\t\t<div class=\"elementor-element elementor-element-ea6da17 elementor-widget elementor-widget-image\" data-id=\"ea6da17\" data-element_type=\"widget\" data-widget_type=\"image.default\">\n\t\t\t\t<div class=\"elementor-widget-container\">\n\t\t\t\t\t\t\t\t\t\t\t\t\t<img fetchpriority=\"high\" decoding=\"async\" width=\"1024\" height=\"575\" src=\"https:\/\/fimaksan.com\/wp-content\/uploads\/2023\/04\/BEM8OlRyYluvdkuaVdmN6TgEU310IHveOeA7rocJ-1024x575.jpeg\" class=\"attachment-large size-large wp-image-6446\" alt=\"\" srcset=\"https:\/\/fimaksan.com\/wp-content\/uploads\/2023\/04\/BEM8OlRyYluvdkuaVdmN6TgEU310IHveOeA7rocJ-1024x575.jpeg 1024w, https:\/\/fimaksan.com\/wp-content\/uploads\/2023\/04\/BEM8OlRyYluvdkuaVdmN6TgEU310IHveOeA7rocJ-300x169.jpeg 300w, https:\/\/fimaksan.com\/wp-content\/uploads\/2023\/04\/BEM8OlRyYluvdkuaVdmN6TgEU310IHveOeA7rocJ-768x432.jpeg 768w, https:\/\/fimaksan.com\/wp-content\/uploads\/2023\/04\/BEM8OlRyYluvdkuaVdmN6TgEU310IHveOeA7rocJ-1536x863.jpeg 1536w, https:\/\/fimaksan.com\/wp-content\/uploads\/2023\/04\/BEM8OlRyYluvdkuaVdmN6TgEU310IHveOeA7rocJ-2048x1151.jpeg 2048w, https:\/\/fimaksan.com\/wp-content\/uploads\/2023\/04\/BEM8OlRyYluvdkuaVdmN6TgEU310IHveOeA7rocJ-600x337.jpeg 600w\" sizes=\"(max-width: 1024px) 100vw, 1024px\" \/>\t\t\t\t\t\t\t\t\t\t\t\t\t<\/div>\n\t\t\t\t<\/div>\n\t\t\t\t<div class=\"elementor-element elementor-element-2092c36 elementor-widget elementor-widget-text-editor\" data-id=\"2092c36\" data-element_type=\"widget\" data-widget_type=\"text-editor.default\">\n\t\t\t\t<div class=\"elementor-widget-container\">\n\t\t\t\t\t\t\t<div>HDG \/ BARK CLEANING DISK<\/div>\t\t\t\t\t\t<\/div>\n\t\t\t\t<\/div>\n\t\t\t\t\t<\/div>\n\t\t<\/div>\n\t\t\t\t<div class=\"elementor-column elementor-col-50 elementor-top-column elementor-element elementor-element-47adbbc\" data-id=\"47adbbc\" data-element_type=\"column\">\n\t\t\t<div class=\"elementor-widget-wrap elementor-element-populated\">\n\t\t\t\t\t\t<div class=\"elementor-element elementor-element-0a9e448 elementor-widget elementor-widget-image\" data-id=\"0a9e448\" data-element_type=\"widget\" data-widget_type=\"image.default\">\n\t\t\t\t<div class=\"elementor-widget-container\">\n\t\t\t\t\t\t\t\t\t\t\t\t\t<img decoding=\"async\" width=\"1024\" height=\"575\" src=\"https:\/\/fimaksan.com\/wp-content\/uploads\/2023\/04\/NYupyzCuQbfR3IVGI94g2UPclLwNsGluIM4Xnt2N-1024x575.png\" class=\"attachment-large size-large wp-image-6451\" alt=\"\" srcset=\"https:\/\/fimaksan.com\/wp-content\/uploads\/2023\/04\/NYupyzCuQbfR3IVGI94g2UPclLwNsGluIM4Xnt2N-1024x575.png 1024w, https:\/\/fimaksan.com\/wp-content\/uploads\/2023\/04\/NYupyzCuQbfR3IVGI94g2UPclLwNsGluIM4Xnt2N-300x169.png 300w, https:\/\/fimaksan.com\/wp-content\/uploads\/2023\/04\/NYupyzCuQbfR3IVGI94g2UPclLwNsGluIM4Xnt2N-768x432.png 768w, https:\/\/fimaksan.com\/wp-content\/uploads\/2023\/04\/NYupyzCuQbfR3IVGI94g2UPclLwNsGluIM4Xnt2N-1536x863.png 1536w, https:\/\/fimaksan.com\/wp-content\/uploads\/2023\/04\/NYupyzCuQbfR3IVGI94g2UPclLwNsGluIM4Xnt2N-2048x1151.png 2048w, https:\/\/fimaksan.com\/wp-content\/uploads\/2023\/04\/NYupyzCuQbfR3IVGI94g2UPclLwNsGluIM4Xnt2N-600x337.png 600w\" sizes=\"(max-width: 1024px) 100vw, 1024px\" \/>\t\t\t\t\t\t\t\t\t\t\t\t\t<\/div>\n\t\t\t\t<\/div>\n\t\t\t\t<div class=\"elementor-element elementor-element-21c86e9 elementor-widget elementor-widget-text-editor\" data-id=\"21c86e9\" data-element_type=\"widget\" data-widget_type=\"text-editor.default\">\n\t\t\t\t<div class=\"elementor-widget-container\">\n\t\t\t\t\t\t\t<p>CLEANER SAW \/ SCRIBER<\/p>\t\t\t\t\t\t<\/div>\n\t\t\t\t<\/div>\n\t\t\t\t\t<\/div>\n\t\t<\/div>\n\t\t\t\t\t<\/div>\n\t\t<\/section>\n\t\t\t\t<section class=\"elementor-section elementor-top-section elementor-element elementor-element-a5b369b elementor-section-boxed elementor-section-height-default elementor-section-height-default\" data-id=\"a5b369b\" data-element_type=\"section\">\n\t\t\t\t\t\t<div class=\"elementor-container elementor-column-gap-default\">\n\t\t\t\t\t<div class=\"elementor-column elementor-col-100 elementor-top-column elementor-element elementor-element-f1d0666\" data-id=\"f1d0666\" data-element_type=\"column\">\n\t\t\t<div class=\"elementor-widget-wrap elementor-element-populated\">\n\t\t\t\t\t\t<div class=\"elementor-element elementor-element-609b8f9 elementor-widget elementor-widget-text-editor\" data-id=\"609b8f9\" data-element_type=\"widget\" data-widget_type=\"text-editor.default\">\n\t\t\t\t<div class=\"elementor-widget-container\">\n\t\t\t\t\t\t\t<strong>It increases the life and cutting speed of the saw by pre-cleaning the surface of the log bark that the saw will cut.\u00a0<\/strong>\n<div><strong>\u2713 Up\/Down Movement<\/strong>\u00a0| pneumatic system<\/div>\n<div><strong>\u2713 Saw Motor Power<\/strong>\u00a0| 2.2 kW<\/div>\n<div><strong>\u2713 Max. Circular Saw Diameter\u00a0<\/strong>| 300mm<\/div>\n<div><strong>\u2713 Up and down movement<\/strong>\u00a0Mechanism Attached to the saw guide<\/div>\t\t\t\t\t\t<\/div>\n\t\t\t\t<\/div>\n\t\t\t\t\t<\/div>\n\t\t<\/div>\n\t\t\t\t\t<\/div>\n\t\t<\/section>\n\t\t\t\t<\/div>","protected":false},"excerpt":{"rendered":"<p>HDG \/ \u00c7\u0130Z\u0130C\u0130 \u00c7\u0130Z\u0130C\u0130 DA\u0130RE\u00a0 \/ SCRIBER Testerenin kesece\u011fi Tomruk y\u00fczeyini \u00f6nceden temizleyerek testerenin \u00f6mr\u00fcn\u00fc ve kesim h\u0131z\u0131n\u0131 artt\u0131r\u0131r.\u00a0 \u2713\u00a0Yukar\u0131 \/A\u015fa\u011f\u0131 Hareketi\u00a0| Pn\u00f6matik sistem \u2713\u00a0Motor G\u00fcc\u00fc\u00a0| 2,2 kW \u2713\u00a0Max. Daire Testere \u00c7ap\u00a0| 300 mm \u2713\u00a0Yukar\u0131 a\u015fa\u011f\u0131 \u00e7izici hareketi\u00a0| Manuel \u2013 Salmastraya ba\u011fl\u0131<\/p>","protected":false},"author":1,"featured_media":0,"parent":0,"menu_order":0,"comment_status":"closed","ping_status":"closed","template":"","meta":{"footnotes":""},"class_list":["post-6445","page","type-page","status-publish","hentry"],"_links":{"self":[{"href":"https:\/\/fimaksan.com\/en\/wp-json\/wp\/v2\/pages\/6445","targetHints":{"allow":["GET"]}}],"collection":[{"href":"https:\/\/fimaksan.com\/en\/wp-json\/wp\/v2\/pages"}],"about":[{"href":"https:\/\/fimaksan.com\/en\/wp-json\/wp\/v2\/types\/page"}],"author":[{"embeddable":true,"href":"https:\/\/fimaksan.com\/en\/wp-json\/wp\/v2\/users\/1"}],"replies":[{"embeddable":true,"href":"https:\/\/fimaksan.com\/en\/wp-json\/wp\/v2\/comments?post=6445"}],"version-history":[{"count":7,"href":"https:\/\/fimaksan.com\/en\/wp-json\/wp\/v2\/pages\/6445\/revisions"}],"predecessor-version":[{"id":6781,"href":"https:\/\/fimaksan.com\/en\/wp-json\/wp\/v2\/pages\/6445\/revisions\/6781"}],"wp:attachment":[{"href":"https:\/\/fimaksan.com\/en\/wp-json\/wp\/v2\/media?parent=6445"}],"curies":[{"name":"wp","href":"https:\/\/api.w.org\/{rel}","templated":true}]}}