{"id":6423,"date":"2023-04-12T16:10:12","date_gmt":"2023-04-12T13:10:12","guid":{"rendered":"https:\/\/www.hilkomyazilim.com.tr\/fimaksan\/?page_id=6423"},"modified":"2023-04-14T12:53:33","modified_gmt":"2023-04-14T09:53:33","slug":"boy-ebatlama-1-sabit-2-gezerli","status":"publish","type":"page","link":"https:\/\/fimaksan.com\/en\/boy-ebatlama-1-sabit-2-gezerli\/","title":{"rendered":"TRIMMER SAW 1 Fix + 2 Movable"},"content":{"rendered":"<div data-elementor-type=\"wp-page\" data-elementor-id=\"6423\" class=\"elementor elementor-6423\">\n\t\t\t\t\t\t<section class=\"elementor-section elementor-top-section elementor-element elementor-element-85a63ac elementor-section-stretched elementor-section-boxed elementor-section-height-default elementor-section-height-default\" data-id=\"85a63ac\" data-element_type=\"section\" data-settings=\"{&quot;stretch_section&quot;:&quot;section-stretched&quot;}\">\n\t\t\t\t\t\t<div class=\"elementor-container elementor-column-gap-default\">\n\t\t\t\t\t<div class=\"elementor-column elementor-col-50 elementor-top-column elementor-element elementor-element-fa62c16\" data-id=\"fa62c16\" data-element_type=\"column\">\n\t\t\t<div class=\"elementor-widget-wrap elementor-element-populated\">\n\t\t\t\t\t\t<div class=\"elementor-element elementor-element-05f2dcf elementor-widget elementor-widget-image\" data-id=\"05f2dcf\" data-element_type=\"widget\" data-widget_type=\"image.default\">\n\t\t\t\t<div class=\"elementor-widget-container\">\n\t\t\t\t\t\t\t\t\t\t\t\t\t<img fetchpriority=\"high\" decoding=\"async\" width=\"1024\" height=\"768\" src=\"https:\/\/fimaksan.com\/wp-content\/uploads\/2023\/04\/1Vet2pVVtfZBTMLXaVr4h6eADaFvf3jUxW9hgfTQ-1024x768.jpeg\" class=\"attachment-large size-large wp-image-6418\" alt=\"\" srcset=\"https:\/\/fimaksan.com\/wp-content\/uploads\/2023\/04\/1Vet2pVVtfZBTMLXaVr4h6eADaFvf3jUxW9hgfTQ-1024x768.jpeg 1024w, https:\/\/fimaksan.com\/wp-content\/uploads\/2023\/04\/1Vet2pVVtfZBTMLXaVr4h6eADaFvf3jUxW9hgfTQ-300x225.jpeg 300w, https:\/\/fimaksan.com\/wp-content\/uploads\/2023\/04\/1Vet2pVVtfZBTMLXaVr4h6eADaFvf3jUxW9hgfTQ-768x576.jpeg 768w, https:\/\/fimaksan.com\/wp-content\/uploads\/2023\/04\/1Vet2pVVtfZBTMLXaVr4h6eADaFvf3jUxW9hgfTQ-1536x1152.jpeg 1536w, https:\/\/fimaksan.com\/wp-content\/uploads\/2023\/04\/1Vet2pVVtfZBTMLXaVr4h6eADaFvf3jUxW9hgfTQ-600x450.jpeg 600w, https:\/\/fimaksan.com\/wp-content\/uploads\/2023\/04\/1Vet2pVVtfZBTMLXaVr4h6eADaFvf3jUxW9hgfTQ.jpeg 2048w\" sizes=\"(max-width: 1024px) 100vw, 1024px\" \/>\t\t\t\t\t\t\t\t\t\t\t\t\t<\/div>\n\t\t\t\t<\/div>\n\t\t\t\t\t<\/div>\n\t\t<\/div>\n\t\t\t\t<div class=\"elementor-column elementor-col-50 elementor-top-column elementor-element elementor-element-db11704\" data-id=\"db11704\" data-element_type=\"column\">\n\t\t\t<div class=\"elementor-widget-wrap elementor-element-populated\">\n\t\t\t\t\t\t<div class=\"elementor-element elementor-element-27fc99f elementor-widget elementor-widget-text-editor\" data-id=\"27fc99f\" data-element_type=\"widget\" data-widget_type=\"text-editor.default\">\n\t\t\t\t<div class=\"elementor-widget-container\">\n\t\t\t\t\t\t\t<p>TRIMMER \u00a0<br \/>\u2013 1 FIXED + 1 MOVABLE<\/p>\t\t\t\t\t\t<\/div>\n\t\t\t\t<\/div>\n\t\t\t\t\t<\/div>\n\t\t<\/div>\n\t\t\t\t\t<\/div>\n\t\t<\/section>\n\t\t\t\t<section class=\"elementor-section elementor-top-section elementor-element elementor-element-bc2e16f elementor-section-stretched elementor-section-boxed elementor-section-height-default elementor-section-height-default\" data-id=\"bc2e16f\" data-element_type=\"section\" data-settings=\"{&quot;stretch_section&quot;:&quot;section-stretched&quot;}\">\n\t\t\t\t\t\t<div class=\"elementor-container elementor-column-gap-default\">\n\t\t\t\t\t<div class=\"elementor-column elementor-col-100 elementor-top-column elementor-element elementor-element-36338a3\" data-id=\"36338a3\" data-element_type=\"column\">\n\t\t\t<div class=\"elementor-widget-wrap elementor-element-populated\">\n\t\t\t\t\t\t<div class=\"elementor-element elementor-element-9648723 elementor-widget elementor-widget-creote-heading-v2\" data-id=\"9648723\" data-element_type=\"widget\" data-widget_type=\"creote-heading-v2.default\">\n\t\t\t\t<div class=\"elementor-widget-container\">\n\t\t\t<div class=\"heading type_one text_center\">  <div class=\"small_text\">    Technical Specifications <\/div>    <\/div>\r\n\t\t<\/div>\n\t\t\t\t<\/div>\n\t\t\t\t<div class=\"elementor-element elementor-element-b1f7b42 elementor-widget elementor-widget-text-editor\" data-id=\"b1f7b42\" data-element_type=\"widget\" data-widget_type=\"text-editor.default\">\n\t\t\t\t<div class=\"elementor-widget-container\">\n\t\t\t\t\t\t\t<div><strong>\u2713 Cutting Height <\/strong>\u00a0| Max: 160mm (16cm)<\/div>\n\n<div><strong>\u2713 Circular Saw Diameter<\/strong>\u00a0| 500mm (50cm)<\/div>\n\n<div><strong>\u2713\u00a0<\/strong>|<strong>Circular Saw Hole Diameter<\/strong>\u00a0| 30mm (3cm)<\/div>\n\n<div><strong>\u2713 Cutting Length<\/strong>\u00a0| Min: 70 mm Max: 3000 mm<\/div>\n\n<div><strong>\u2713 Feed Rate<\/strong>\u00a0| 0-6 meters \/ min.<\/div>\n\n<div><strong>\u2713 Main Motor<\/strong>\u00a0| 2 x 5.5 kW \/ 2800 rpm.<\/div>\n\n<div><strong>\u2713 Size Adjustment (right-left)<\/strong>\u00a0| Movable Rows\nLineer Rails &amp; bearing system enables to move it easily.<\/div>\n\n<div><strong>\u2713 Slide System<\/strong>\u00a0| Linear bearing and slide<\/div>\n\n<div><strong>\u2713 Fixed Row Saw Positioning<\/strong>\u00a0| Laser<\/div>\n\n<div><strong>\u2713 Chain Feed Conveyor<\/strong>\u00a0| 1.5 kW geared motor<\/div>\t\t\t\t\t\t<\/div>\n\t\t\t\t<\/div>\n\t\t\t\t\t<\/div>\n\t\t<\/div>\n\t\t\t\t\t<\/div>\n\t\t<\/section>\n\t\t\t\t<\/div>","protected":false},"excerpt":{"rendered":"<p>BOY EBATLAMA \u00a0&#8211; 1 SAB\u0130T + 2 GEZERL\u0130 Teknik Detaylar \u2713\u00a0Kesme Y\u00fckseklik \u00a0| Max: 160 mm \u00a0 (16 cm) \u2713\u00a0Daire Testere \u00c7ap\u00a0| 500 mm \u00a0 (50 cm) \u2713\u00a0|Testere Delik \u00c7ap\u00a0| 30 mm\u00a0 \u00a0 \u00a0(3 cm) \u2713\u00a0Kesme Boyu\u00a0| Min: 70 mm Max: 3000 mm \u2713\u00a0\u0130lerleme H\u0131z\u0131\u00a0| 0-6 mt. \/ dk. \u2713\u00a0Ana Motor\u00a0| 2 x 5,5 kW [&hellip;]<\/p>","protected":false},"author":1,"featured_media":0,"parent":0,"menu_order":0,"comment_status":"closed","ping_status":"closed","template":"","meta":{"footnotes":""},"class_list":["post-6423","page","type-page","status-publish","hentry"],"_links":{"self":[{"href":"https:\/\/fimaksan.com\/en\/wp-json\/wp\/v2\/pages\/6423","targetHints":{"allow":["GET"]}}],"collection":[{"href":"https:\/\/fimaksan.com\/en\/wp-json\/wp\/v2\/pages"}],"about":[{"href":"https:\/\/fimaksan.com\/en\/wp-json\/wp\/v2\/types\/page"}],"author":[{"embeddable":true,"href":"https:\/\/fimaksan.com\/en\/wp-json\/wp\/v2\/users\/1"}],"replies":[{"embeddable":true,"href":"https:\/\/fimaksan.com\/en\/wp-json\/wp\/v2\/comments?post=6423"}],"version-history":[{"count":7,"href":"https:\/\/fimaksan.com\/en\/wp-json\/wp\/v2\/pages\/6423\/revisions"}],"predecessor-version":[{"id":6778,"href":"https:\/\/fimaksan.com\/en\/wp-json\/wp\/v2\/pages\/6423\/revisions\/6778"}],"wp:attachment":[{"href":"https:\/\/fimaksan.com\/en\/wp-json\/wp\/v2\/media?parent=6423"}],"curies":[{"name":"wp","href":"https:\/\/api.w.org\/{rel}","templated":true}]}}