{"id":6374,"date":"2023-04-12T15:47:41","date_gmt":"2023-04-12T12:47:41","guid":{"rendered":"https:\/\/www.hilkomyazilim.com.tr\/fimaksan\/?page_id=6374"},"modified":"2023-04-12T15:52:59","modified_gmt":"2023-04-12T12:52:59","slug":"fi-9000-acili-boykesme-makinesi-dahili-iticili","status":"publish","type":"page","link":"https:\/\/fimaksan.com\/en\/fi-9000-acili-boykesme-makinesi-dahili-iticili\/","title":{"rendered":"F.I. 9000 ANGLE CUTTING CROSS-CUT \u2013 WITH PUSHER"},"content":{"rendered":"<div data-elementor-type=\"wp-page\" data-elementor-id=\"6374\" class=\"elementor elementor-6374\">\n\t\t\t\t\t\t<section class=\"elementor-section elementor-top-section elementor-element elementor-element-985b8e4 elementor-section-stretched elementor-section-boxed elementor-section-height-default elementor-section-height-default\" data-id=\"985b8e4\" data-element_type=\"section\" data-settings=\"{&quot;stretch_section&quot;:&quot;section-stretched&quot;}\">\n\t\t\t\t\t\t<div class=\"elementor-container elementor-column-gap-default\">\n\t\t\t\t\t<div class=\"elementor-column elementor-col-50 elementor-top-column elementor-element elementor-element-7f55910\" data-id=\"7f55910\" data-element_type=\"column\">\n\t\t\t<div class=\"elementor-widget-wrap elementor-element-populated\">\n\t\t\t\t\t\t<div class=\"elementor-element elementor-element-bb1ec0b elementor-widget elementor-widget-image\" data-id=\"bb1ec0b\" data-element_type=\"widget\" data-widget_type=\"image.default\">\n\t\t\t\t<div class=\"elementor-widget-container\">\n\t\t\t\t\t\t\t\t\t\t\t\t\t<img fetchpriority=\"high\" decoding=\"async\" width=\"1024\" height=\"576\" src=\"https:\/\/fimaksan.com\/wp-content\/uploads\/2023\/04\/Xu4YnSxQdDDPDYSt7eWNpjaPbBUnVRNWIZShExRk-1.jpeg\" class=\"attachment-large size-large wp-image-6399\" alt=\"\" srcset=\"https:\/\/fimaksan.com\/wp-content\/uploads\/2023\/04\/Xu4YnSxQdDDPDYSt7eWNpjaPbBUnVRNWIZShExRk-1.jpeg 1024w, https:\/\/fimaksan.com\/wp-content\/uploads\/2023\/04\/Xu4YnSxQdDDPDYSt7eWNpjaPbBUnVRNWIZShExRk-1-300x169.jpeg 300w, https:\/\/fimaksan.com\/wp-content\/uploads\/2023\/04\/Xu4YnSxQdDDPDYSt7eWNpjaPbBUnVRNWIZShExRk-1-768x432.jpeg 768w, https:\/\/fimaksan.com\/wp-content\/uploads\/2023\/04\/Xu4YnSxQdDDPDYSt7eWNpjaPbBUnVRNWIZShExRk-1-600x338.jpeg 600w\" sizes=\"(max-width: 1024px) 100vw, 1024px\" \/>\t\t\t\t\t\t\t\t\t\t\t\t\t<\/div>\n\t\t\t\t<\/div>\n\t\t\t\t\t<\/div>\n\t\t<\/div>\n\t\t\t\t<div class=\"elementor-column elementor-col-50 elementor-top-column elementor-element elementor-element-d82c743\" data-id=\"d82c743\" data-element_type=\"column\">\n\t\t\t<div class=\"elementor-widget-wrap elementor-element-populated\">\n\t\t\t\t\t\t<div class=\"elementor-element elementor-element-186b958 elementor-widget elementor-widget-image\" data-id=\"186b958\" data-element_type=\"widget\" data-widget_type=\"image.default\">\n\t\t\t\t<div class=\"elementor-widget-container\">\n\t\t\t\t\t\t\t\t\t\t\t\t\t<img decoding=\"async\" width=\"1024\" height=\"576\" src=\"https:\/\/fimaksan.com\/wp-content\/uploads\/2023\/04\/Dl1YqWffKJuW7qHfESmAg7oH2lR1Ui5g5CZWQxT0.jpeg\" class=\"attachment-large size-large wp-image-6400\" alt=\"\" srcset=\"https:\/\/fimaksan.com\/wp-content\/uploads\/2023\/04\/Dl1YqWffKJuW7qHfESmAg7oH2lR1Ui5g5CZWQxT0.jpeg 1024w, https:\/\/fimaksan.com\/wp-content\/uploads\/2023\/04\/Dl1YqWffKJuW7qHfESmAg7oH2lR1Ui5g5CZWQxT0-300x169.jpeg 300w, https:\/\/fimaksan.com\/wp-content\/uploads\/2023\/04\/Dl1YqWffKJuW7qHfESmAg7oH2lR1Ui5g5CZWQxT0-768x432.jpeg 768w, https:\/\/fimaksan.com\/wp-content\/uploads\/2023\/04\/Dl1YqWffKJuW7qHfESmAg7oH2lR1Ui5g5CZWQxT0-600x338.jpeg 600w\" sizes=\"(max-width: 1024px) 100vw, 1024px\" \/>\t\t\t\t\t\t\t\t\t\t\t\t\t<\/div>\n\t\t\t\t<\/div>\n\t\t\t\t\t<\/div>\n\t\t<\/div>\n\t\t\t\t\t<\/div>\n\t\t<\/section>\n\t\t\t\t<section class=\"elementor-section elementor-top-section elementor-element elementor-element-7536a44 elementor-section-stretched elementor-section-boxed elementor-section-height-default elementor-section-height-default\" data-id=\"7536a44\" data-element_type=\"section\" data-settings=\"{&quot;stretch_section&quot;:&quot;section-stretched&quot;}\">\n\t\t\t\t\t\t<div class=\"elementor-container elementor-column-gap-default\">\n\t\t\t\t\t<div class=\"elementor-column elementor-col-50 elementor-top-column elementor-element elementor-element-8a1ca71\" data-id=\"8a1ca71\" data-element_type=\"column\">\n\t\t\t<div class=\"elementor-widget-wrap elementor-element-populated\">\n\t\t\t\t\t\t<div class=\"elementor-element elementor-element-093e2de elementor-widget elementor-widget-image\" data-id=\"093e2de\" data-element_type=\"widget\" data-widget_type=\"image.default\">\n\t\t\t\t<div class=\"elementor-widget-container\">\n\t\t\t\t\t\t\t\t\t\t\t\t\t<img decoding=\"async\" width=\"1024\" height=\"392\" src=\"https:\/\/fimaksan.com\/wp-content\/uploads\/2023\/04\/dBMB1tMHg73i0RhlJovYGh0214qYe8jpNOvidJkD-1024x392.png\" class=\"attachment-large size-large wp-image-6402\" alt=\"\" srcset=\"https:\/\/fimaksan.com\/wp-content\/uploads\/2023\/04\/dBMB1tMHg73i0RhlJovYGh0214qYe8jpNOvidJkD-1024x392.png 1024w, https:\/\/fimaksan.com\/wp-content\/uploads\/2023\/04\/dBMB1tMHg73i0RhlJovYGh0214qYe8jpNOvidJkD-300x115.png 300w, https:\/\/fimaksan.com\/wp-content\/uploads\/2023\/04\/dBMB1tMHg73i0RhlJovYGh0214qYe8jpNOvidJkD-768x294.png 768w, https:\/\/fimaksan.com\/wp-content\/uploads\/2023\/04\/dBMB1tMHg73i0RhlJovYGh0214qYe8jpNOvidJkD-600x229.png 600w, https:\/\/fimaksan.com\/wp-content\/uploads\/2023\/04\/dBMB1tMHg73i0RhlJovYGh0214qYe8jpNOvidJkD.png 1472w\" sizes=\"(max-width: 1024px) 100vw, 1024px\" \/>\t\t\t\t\t\t\t\t\t\t\t\t\t<\/div>\n\t\t\t\t<\/div>\n\t\t\t\t\t<\/div>\n\t\t<\/div>\n\t\t\t\t<div class=\"elementor-column elementor-col-50 elementor-top-column elementor-element elementor-element-6a0f648\" data-id=\"6a0f648\" data-element_type=\"column\">\n\t\t\t<div class=\"elementor-widget-wrap elementor-element-populated\">\n\t\t\t\t\t\t<div class=\"elementor-element elementor-element-5d8770d elementor-widget elementor-widget-text-editor\" data-id=\"5d8770d\" data-element_type=\"widget\" data-widget_type=\"text-editor.default\">\n\t\t\t\t<div class=\"elementor-widget-container\">\n\t\t\t\t\t\t\t<div>CNC ANGLE CROSS-CUT<\/div><div>Framed monoblock Body made of welded and machined steel, Features are as follows;<\/div><div>Stroked CNC Pusher programmed for Edged boards (single boards or as pack)<\/div><div>Kesim a\u00e7\u0131l\u0131, testere arka dayamaya yerle\u015ftirilmi\u015f olarak dikey eksende d\u00f6ner,\u00a0<strong>d\u00f6n\u00fc\u015f a\u00e7\u0131s\u0131 20 ila 160 derece aras\u0131ndad\u0131r.<\/strong><\/div>\t\t\t\t\t\t<\/div>\n\t\t\t\t<\/div>\n\t\t\t\t\t<\/div>\n\t\t<\/div>\n\t\t\t\t\t<\/div>\n\t\t<\/section>\n\t\t\t\t<section class=\"elementor-section elementor-top-section elementor-element elementor-element-88f88f7 elementor-section-boxed elementor-section-height-default elementor-section-height-default\" data-id=\"88f88f7\" data-element_type=\"section\">\n\t\t\t\t\t\t<div class=\"elementor-container elementor-column-gap-default\">\n\t\t\t\t\t<div class=\"elementor-column elementor-col-50 elementor-top-column elementor-element elementor-element-8ecc834\" data-id=\"8ecc834\" data-element_type=\"column\">\n\t\t\t<div class=\"elementor-widget-wrap elementor-element-populated\">\n\t\t\t\t\t\t<div class=\"elementor-element elementor-element-f755bca elementor-widget elementor-widget-text-editor\" data-id=\"f755bca\" data-element_type=\"widget\" data-widget_type=\"text-editor.default\">\n\t\t\t\t<div class=\"elementor-widget-container\">\n\t\t\t\t\t\t\t<div>Programa ba\u011fl\u0131 olarak tamamen otomatik hareketli \u00e7al\u0131\u015f\u0131r.\u00a0<\/div><div>\u00a0Her bir dosya\u2019da 15&#8217;e kadar kesme program\u0131 dahil olmak \u00fczere birden fazla dosyay\u0131 y\u00f6netme yetene\u011fine sahip dokunmatik ekranl\u0131 CNC bilgisayar.<\/div><div>Kesim programlar\u0131n\u0131 uzaktan, Ethernet veya USB fla\u015f bellek ile y\u00fckleme yada indirme imkan\u0131.<\/div><div>Programlanabilir \u00e7al\u0131\u015fmay\u0131 durdurma: toplam programlanm\u0131\u015f d\u00f6ng\u00fcler bitti\u011finde yada her bir uzunlu\u011fun\u2019un adetleri bitti\u011finde veya b\u00fct\u00fcn adetler tamamland\u0131\u011f\u0131nda.<\/div><div>G\u00fcnl\u00fck verimlilik re\u00e7etesi, \u00e7al\u0131\u015fma sipari\u015finin sonunda Excel uyumlu formatta otomatik olarak kaydedilir.<\/div><div>\u00a0<\/div><div><strong>\u0130tici programlanabilen h\u0131z\u0131 f\u0131r\u00e7as\u0131z servo motor ile 10 ila 180 m\/dakika aras\u0131ndad\u0131r. (maksimum d\u00f6n\u00fc\u015f h\u0131z\u0131 300 m\/dak).<\/strong><\/div><div>\u00a0<\/div>\t\t\t\t\t\t<\/div>\n\t\t\t\t<\/div>\n\t\t\t\t\t<\/div>\n\t\t<\/div>\n\t\t\t\t<div class=\"elementor-column elementor-col-50 elementor-top-column elementor-element elementor-element-b46148d\" data-id=\"b46148d\" data-element_type=\"column\">\n\t\t\t<div class=\"elementor-widget-wrap elementor-element-populated\">\n\t\t\t\t\t\t<div class=\"elementor-element elementor-element-4cf65e4 elementor-widget elementor-widget-image\" data-id=\"4cf65e4\" data-element_type=\"widget\" data-widget_type=\"image.default\">\n\t\t\t\t<div class=\"elementor-widget-container\">\n\t\t\t\t\t\t\t\t\t\t\t\t\t<img loading=\"lazy\" decoding=\"async\" width=\"325\" height=\"181\" src=\"https:\/\/fimaksan.com\/wp-content\/uploads\/2023\/04\/9kkqUGGRV5hjkkTcxTqOOmng21cR5tC1tkW7CDvo.png\" class=\"attachment-large size-large wp-image-6403\" alt=\"\" srcset=\"https:\/\/fimaksan.com\/wp-content\/uploads\/2023\/04\/9kkqUGGRV5hjkkTcxTqOOmng21cR5tC1tkW7CDvo.png 325w, https:\/\/fimaksan.com\/wp-content\/uploads\/2023\/04\/9kkqUGGRV5hjkkTcxTqOOmng21cR5tC1tkW7CDvo-300x167.png 300w\" sizes=\"(max-width: 325px) 100vw, 325px\" \/>\t\t\t\t\t\t\t\t\t\t\t\t\t<\/div>\n\t\t\t\t<\/div>\n\t\t\t\t\t<\/div>\n\t\t<\/div>\n\t\t\t\t\t<\/div>\n\t\t<\/section>\n\t\t\t\t<section class=\"elementor-section elementor-top-section elementor-element elementor-element-1deb281 elementor-section-boxed elementor-section-height-default elementor-section-height-default\" data-id=\"1deb281\" data-element_type=\"section\">\n\t\t\t\t\t\t<div class=\"elementor-container elementor-column-gap-default\">\n\t\t\t\t\t<div class=\"elementor-column elementor-col-100 elementor-top-column elementor-element elementor-element-e83773b\" data-id=\"e83773b\" data-element_type=\"column\">\n\t\t\t<div class=\"elementor-widget-wrap elementor-element-populated\">\n\t\t\t\t\t\t<div class=\"elementor-element elementor-element-f0612a7 elementor-widget elementor-widget-text-editor\" data-id=\"f0612a7\" data-element_type=\"widget\" data-widget_type=\"text-editor.default\">\n\t\t\t\t<div class=\"elementor-widget-container\">\n\t\t\t\t\t\t\t<ul><li>Ya\u011flama sistemi de dahil olmak \u00fczere yuvarland\u0131k\u00e7a devirdaim yapan sistemli lineer k\u0131zak.<\/li><li>Levhalar\u0131n besleme y\u00f6n\u00fc sa\u011fdan sola.<\/li><li>\u0130ticinin konumland\u0131rma hassasiyeti: 1 metre \u00b1 0,4 mm&#8217;ye kadar, 1 metrenin \u00fczerinde \u00b1 0,4 mm\/m.<\/li><li>Pn\u00f6matik kald\u0131rmal\u0131 itici: strok mm 150 (yaln\u0131zca TRGSI \u201cAP\u201dde \/ temel TRGSI&#8217;de sabittir).<\/li><li>Levhalar sabit geni\u015flikte d\u00fcz olmal\u0131d\u0131r.<\/li><li><strong>Giri\u015fte tahtan\u0131n uzunlu\u011fu minimum 1000 &#8211; maksimum 6150 mm.\u2019dir.\u00a0<\/strong><\/li><li><strong>Tahta geni\u015fli\u011fi: 40 &#8211; 320 mm, kesim a\u00e7\u0131s\u0131na g\u00f6re de\u011fi\u015fkendir.<\/strong><\/li><li>\u00a0<br \/><strong>Dayamadaki kesme y\u00fcksekli\u011fi 150 mm.<\/strong><\/li><li><strong>Tahtalar\u0131n kal\u0131nl\u0131\u011f\u0131: minimum 15 &#8211; maksimum 150 mm.<\/strong><\/li><li><strong>Bilgisayar taraf\u0131ndan verilen otomatik kesim kontrol\u00fc ile \u00e7al\u0131\u015f\u0131r.<\/strong><\/li><li><strong>Dikey \u00e7al\u0131\u015fma \u015fekilli, pn\u00f6matik testere hareketi (tamamen kontroll\u00fc).<\/strong><\/li><li><strong>Otomatik frenlemeli testere motoru 7.5 HP (Opsiyon 10).<\/strong><\/li><li><strong>0,3 ila 2 saniye aras\u0131nda ayarlanabilir kesme h\u0131z\u0131 zaman\u0131.<\/strong><br \/>\u00a0<br \/>\u00a0<\/li><li>Dayamada hizalama cihaz\u0131, boykesme testeresinin giri\u015f pozisyonunda \u00e7al\u0131\u015facak \u015fekilde monte edilmi\u015ftir.<\/li><li>Testere\u2019nin \u00f6n\u00fcne monte edilmi\u015f pn\u00f6matik yan hizalay\u0131c\u0131.<\/li><li>Testere\u2019den sonra \u00e7\u0131k\u0131\u015f taraf\u0131na monte edilen dayamada pn\u00f6matik hizalay\u0131c\u0131 vard\u0131r.<\/li><li>Testere\u2019den \u00f6nce sorumlu olan pn\u00f6matik bask\u0131 vard\u0131r.<\/li><li>Testere\u2019den sonra \u00e7\u0131k\u0131\u015f k\u0131sm\u0131na tak\u0131lan pn\u00f6matik bask\u0131 vard\u0131r.<\/li><li>Pn\u00f6matik dikey hareket ile testere\u2019den sonra (no. 2 ba\u011f\u0131ms\u0131z grup) monte edilmi\u015f yatay eksenli frenleme tekerlekleri.<\/li><li>Tahtalar i\u00e7in y\u00fck deste\u011fi.<\/li><li>Komple g\u00fcvenlik.<\/li><li>\u00a0Giri\u015f taraf\u0131nda,tahtalar\u0131n darbelerine kar\u015f\u0131 korunakl\u0131 k\u0131z\u0131l\u00f6tesi \u0131\u015f\u0131nl\u0131 g\u00fcvenlik bariyeri.<\/li><li>Tezgah y\u00fcksekli\u011fi: 900 \u00b1 20 mm (bu y\u00fckseklik t\u00fcm hat i\u00e7in ge\u00e7erlidir, ancak y\u00fckleme ve \u00e7\u0131k\u0131\u015f masalar\u0131 farkl\u0131 \u00f6l\u00e7\u00fcler g\u00f6sterebilmektedir).<\/li><li>Boyutlar: uzunluk 9300 (+720) mm &#8211; derinlik 1420 mm &#8211; toplam y\u00fckseklik 1480 mm.<\/li><li>Alternatif di\u015flere sahip HM \u00e7eli\u011finden yap\u0131lm\u0131\u015f testere. Boyutlar: d\u0131\u015f \u00e7ap 550 mm, delik \u00d8 35 mm, Z = 120.<\/li><li>85 m\/sn g\u00f6ng\u00fcsel h\u0131z\u0131 i\u00e7in gerginle\u015ftirilmi\u015f, balans edilmi\u015f ve sessizle\u015ftirilmi\u015ftir.<\/li><\/ul><ul><li><strong>1 PDS 3000X400 \u00c7IKI\u015e MASASI<\/strong><\/li><li>\u00c7\u0131k\u0131\u015f Masas\u0131.\u00a0<\/li><li>At\u0131k tahta par\u00e7alar\u0131n s\u0131k\u0131\u015fmas\u0131n\u0131 \u00f6nlemek i\u00e7in kaynaks\u0131z, kal\u0131n \u00e7elik g\u00f6vde.<\/li><li>Boyutlar: uzunluk 3000 mm &#8211; derinlik 400 mm.<\/li><\/ul><div>\u00a0<\/div>\t\t\t\t\t\t<\/div>\n\t\t\t\t<\/div>\n\t\t\t\t\t<\/div>\n\t\t<\/div>\n\t\t\t\t\t<\/div>\n\t\t<\/section>\n\t\t\t\t<\/div>","protected":false},"excerpt":{"rendered":"<p>CNC a\u00e7\u0131sal Boykesme makinesi.Kaynakl\u0131 i\u015flenmi\u015f \u00e7elikten yap\u0131lm\u0131\u015f \u00e7er\u00e7eveli monoblok G\u00f6vde, \u00d6zellikler a\u015fa\u011f\u0131daki gibidir;Kenarlar\u0131 al\u0131nm\u0131\u015f tahtalar (tek tahtalar veya paket halinde) olanlar i\u00e7in programlanm\u0131\u015f stroklu CNC itici.Kesim a\u00e7\u0131l\u0131, testere arka dayamaya yerle\u015ftirilmi\u015f olarak dikey eksende d\u00f6ner,\u00a0d\u00f6n\u00fc\u015f a\u00e7\u0131s\u0131 20 ila 160 derece aras\u0131ndad\u0131r.Programa ba\u011fl\u0131 olarak tamamen otomatik hareketli \u00e7al\u0131\u015f\u0131r.\u00a0\u00a0Her bir dosya\u2019da 15&#8217;e kadar kesme program\u0131 dahil olmak [&hellip;]<\/p>","protected":false},"author":1,"featured_media":0,"parent":0,"menu_order":0,"comment_status":"closed","ping_status":"closed","template":"","meta":{"footnotes":""},"class_list":["post-6374","page","type-page","status-publish","hentry"],"_links":{"self":[{"href":"https:\/\/fimaksan.com\/en\/wp-json\/wp\/v2\/pages\/6374","targetHints":{"allow":["GET"]}}],"collection":[{"href":"https:\/\/fimaksan.com\/en\/wp-json\/wp\/v2\/pages"}],"about":[{"href":"https:\/\/fimaksan.com\/en\/wp-json\/wp\/v2\/types\/page"}],"author":[{"embeddable":true,"href":"https:\/\/fimaksan.com\/en\/wp-json\/wp\/v2\/users\/1"}],"replies":[{"embeddable":true,"href":"https:\/\/fimaksan.com\/en\/wp-json\/wp\/v2\/comments?post=6374"}],"version-history":[{"count":4,"href":"https:\/\/fimaksan.com\/en\/wp-json\/wp\/v2\/pages\/6374\/revisions"}],"predecessor-version":[{"id":6406,"href":"https:\/\/fimaksan.com\/en\/wp-json\/wp\/v2\/pages\/6374\/revisions\/6406"}],"wp:attachment":[{"href":"https:\/\/fimaksan.com\/en\/wp-json\/wp\/v2\/media?parent=6374"}],"curies":[{"name":"wp","href":"https:\/\/api.w.org\/{rel}","templated":true}]}}