{"id":6373,"date":"2023-04-12T15:44:16","date_gmt":"2023-04-12T12:44:16","guid":{"rendered":"https:\/\/www.hilkomyazilim.com.tr\/fimaksan\/?page_id=6373"},"modified":"2023-04-14T12:50:33","modified_gmt":"2023-04-14T09:50:33","slug":"fi-50-pnomatik-bas-kesme","status":"publish","type":"page","link":"https:\/\/fimaksan.com\/en\/fi-50-pnomatik-bas-kesme\/","title":{"rendered":"F\u0130.50 Pneumatic Cross Cut"},"content":{"rendered":"<div data-elementor-type=\"wp-page\" data-elementor-id=\"6373\" class=\"elementor elementor-6373\">\n\t\t\t\t\t\t<section class=\"elementor-section elementor-top-section elementor-element elementor-element-8cdcdbf elementor-section-stretched elementor-section-boxed elementor-section-height-default elementor-section-height-default\" data-id=\"8cdcdbf\" data-element_type=\"section\" data-settings=\"{&quot;stretch_section&quot;:&quot;section-stretched&quot;}\">\n\t\t\t\t\t\t<div class=\"elementor-container elementor-column-gap-default\">\n\t\t\t\t\t<div class=\"elementor-column elementor-col-50 elementor-top-column elementor-element elementor-element-1ec0e24\" data-id=\"1ec0e24\" data-element_type=\"column\">\n\t\t\t<div class=\"elementor-widget-wrap elementor-element-populated\">\n\t\t\t\t\t\t<div class=\"elementor-element elementor-element-c02df8a elementor-widget elementor-widget-image\" data-id=\"c02df8a\" data-element_type=\"widget\" data-widget_type=\"image.default\">\n\t\t\t\t<div class=\"elementor-widget-container\">\n\t\t\t\t\t\t\t\t\t\t\t\t\t<img fetchpriority=\"high\" decoding=\"async\" width=\"1024\" height=\"682\" src=\"https:\/\/fimaksan.com\/wp-content\/uploads\/2023\/04\/9lXSw09vmGbxOmuApdqhYC0O0II77i8aoZ3688qC-1-1024x682.jpeg\" class=\"attachment-large size-large wp-image-6385\" alt=\"\" srcset=\"https:\/\/fimaksan.com\/wp-content\/uploads\/2023\/04\/9lXSw09vmGbxOmuApdqhYC0O0II77i8aoZ3688qC-1-1024x682.jpeg 1024w, https:\/\/fimaksan.com\/wp-content\/uploads\/2023\/04\/9lXSw09vmGbxOmuApdqhYC0O0II77i8aoZ3688qC-1-300x200.jpeg 300w, https:\/\/fimaksan.com\/wp-content\/uploads\/2023\/04\/9lXSw09vmGbxOmuApdqhYC0O0II77i8aoZ3688qC-1-768x511.jpeg 768w, https:\/\/fimaksan.com\/wp-content\/uploads\/2023\/04\/9lXSw09vmGbxOmuApdqhYC0O0II77i8aoZ3688qC-1-1536x1023.jpeg 1536w, https:\/\/fimaksan.com\/wp-content\/uploads\/2023\/04\/9lXSw09vmGbxOmuApdqhYC0O0II77i8aoZ3688qC-1-2048x1364.jpeg 2048w, https:\/\/fimaksan.com\/wp-content\/uploads\/2023\/04\/9lXSw09vmGbxOmuApdqhYC0O0II77i8aoZ3688qC-1-600x400.jpeg 600w\" sizes=\"(max-width: 1024px) 100vw, 1024px\" \/>\t\t\t\t\t\t\t\t\t\t\t\t\t<\/div>\n\t\t\t\t<\/div>\n\t\t\t\t\t<\/div>\n\t\t<\/div>\n\t\t\t\t<div class=\"elementor-column elementor-col-50 elementor-top-column elementor-element elementor-element-7338f55\" data-id=\"7338f55\" data-element_type=\"column\">\n\t\t\t<div class=\"elementor-widget-wrap\">\n\t\t\t\t\t\t\t<\/div>\n\t\t<\/div>\n\t\t\t\t\t<\/div>\n\t\t<\/section>\n\t\t\t\t<section class=\"elementor-section elementor-top-section elementor-element elementor-element-f78d458 elementor-section-stretched elementor-section-boxed elementor-section-height-default elementor-section-height-default\" data-id=\"f78d458\" data-element_type=\"section\" data-settings=\"{&quot;stretch_section&quot;:&quot;section-stretched&quot;}\">\n\t\t\t\t\t\t<div class=\"elementor-container elementor-column-gap-default\">\n\t\t\t\t\t<div class=\"elementor-column elementor-col-100 elementor-top-column elementor-element elementor-element-a11e126\" data-id=\"a11e126\" data-element_type=\"column\">\n\t\t\t<div class=\"elementor-widget-wrap elementor-element-populated\">\n\t\t\t\t\t\t<div class=\"elementor-element elementor-element-f094834 elementor-widget elementor-widget-creote-heading-v2\" data-id=\"f094834\" data-element_type=\"widget\" data-widget_type=\"creote-heading-v2.default\">\n\t\t\t\t<div class=\"elementor-widget-container\">\n\t\t\t<div class=\"heading type_one text_center\">  <div class=\"small_text\">    Technical Specifications <\/div>    <\/div>\r\n\t\t<\/div>\n\t\t\t\t<\/div>\n\t\t\t\t<div class=\"elementor-element elementor-element-c44e7d2 elementor-widget elementor-widget-text-editor\" data-id=\"c44e7d2\" data-element_type=\"widget\" data-widget_type=\"text-editor.default\">\n\t\t\t\t<div class=\"elementor-widget-container\">\n\t\t\t\t\t\t\t<div><strong>\u2713 Saw Motor Power<\/strong>\u00a0| 9 kW \/ 10 HP \/ 3000 rpm<\/div>\n\n<div><strong>\u2713 Cutting Width<\/strong>\u00a0| Max: 450mm (17.7 inches)<\/div>\n\n<div><strong>\u2713 Cutting Height<\/strong>\u00a0| Max: 155 mm (6.1 inches)<\/div>\n\n<div><strong>\u2713\u00a0Work Table Height<\/strong>\u00a0| 850 mm ( 85 cm)<\/div>\n\n<div><strong>\u2713\u00a0Lumber Feed Roller Tables<\/strong>\u00a0| 2 Roller Table infeed &amp; Outfeed<\/div>\n\n<div><strong>\u2713\u00a0Timber Legnth Adjustment System<\/strong>\u00a0| Drop-down Stoppers on a shaft<\/div>\n\n<div><strong>\u2713\u00a0Circular Saw Hole Diameter<\/strong>\u00a0| 40 mm (1.57 inches)<\/div>\n\n<div><strong>\u2713 Circular Saw Diameter<\/strong>\u00a0| 500 mm (19.6 inches)<\/div>\n\n<div><strong>\u2713\u00a0Saw Movement<\/strong>\u00a0| with pneumatic cylinder<\/div>\n\n<div><strong>\u2713\u00a0Saw Movement Speed<\/strong>\u00a0|\u00a0<strong>0.50 m \/ min. (Pedal control with Selenoid Valve)<\/strong><\/div>\n\n<div><strong>\u2713\u00a0Testere K\u0131zaklama Sistem Hareketi<\/strong>\u00a0| Lineer k\u0131zak ve bilye<\/div>\n\n<div><strong>\u2713\u00a0Wood hold down System<\/strong>\u00a0|  2 Push Button on sides with pneumatic cylinder<\/div>\n\n<div><strong>\u2713\u00a0Electric Board<\/strong>\u00a0| Comes with machine\u00a0<strong>Siemens or Schenider<\/strong><\/div>\n\n<div><strong>\u2713 Weight<\/strong>\u00a0| Brute: 800 kg. Net: 790 kg<\/div>\t\t\t\t\t\t<\/div>\n\t\t\t\t<\/div>\n\t\t\t\t\t<\/div>\n\t\t<\/div>\n\t\t\t\t\t<\/div>\n\t\t<\/section>\n\t\t\t\t<section class=\"elementor-section elementor-top-section elementor-element elementor-element-6569ae8 elementor-section-boxed elementor-section-height-default elementor-section-height-default\" data-id=\"6569ae8\" data-element_type=\"section\">\n\t\t\t\t\t\t<div class=\"elementor-container elementor-column-gap-default\">\n\t\t\t\t\t<div class=\"elementor-column elementor-col-100 elementor-top-column elementor-element elementor-element-f36a849\" data-id=\"f36a849\" data-element_type=\"column\">\n\t\t\t<div class=\"elementor-widget-wrap elementor-element-populated\">\n\t\t\t\t\t\t<div class=\"elementor-element elementor-element-873edf6 elementor-widget elementor-widget-image-gallery\" data-id=\"873edf6\" data-element_type=\"widget\" data-widget_type=\"image-gallery.default\">\n\t\t\t\t<div class=\"elementor-widget-container\">\n\t\t\t\t\t<div class=\"elementor-image-gallery\">\n\t\t\t\n\t\t<style type=\"text\/css\">\n\t\t\t#gallery-1 {\n\t\t\t\tmargin: auto;\n\t\t\t}\n\t\t\t#gallery-1 .gallery-item {\n\t\t\t\tfloat: left;\n\t\t\t\tmargin-top: 10px;\n\t\t\t\ttext-align: center;\n\t\t\t\twidth: 25%;\n\t\t\t}\n\t\t\t#gallery-1 img {\n\t\t\t\tborder: 2px solid #cfcfcf;\n\t\t\t}\n\t\t\t#gallery-1 .gallery-caption {\n\t\t\t\tmargin-left: 0;\n\t\t\t}\n\t\t\t\/* see gallery_shortcode() in wp-includes\/media.php *\/\n\t\t<\/style>\n\t\t<div id='gallery-1' class='gallery galleryid-6373 gallery-columns-4 gallery-size-thumbnail'><dl class='gallery-item'>\n\t\t\t<dt class='gallery-icon landscape'>\n\t\t\t\t<a data-elementor-open-lightbox=\"yes\" data-elementor-lightbox-slideshow=\"873edf6\" data-elementor-lightbox-title=\"wdhFCP1tYQaz7kZiUEbrwjMuS4EZEnHYBsrEBkPW\" data-e-action-hash=\"#elementor-action%3Aaction%3Dlightbox%26settings%3DeyJpZCI6NjM5MiwidXJsIjoiaHR0cHM6XC9cL2ZpbWFrc2FuLmNvbVwvd3AtY29udGVudFwvdXBsb2Fkc1wvMjAyM1wvMDRcL3dkaEZDUDF0WVFhejdrWmlVRWJyd2pNdVM0RVpFbkhZQnNyRUJrUFcucG5nIiwic2xpZGVzaG93IjoiODczZWRmNiJ9\" href='https:\/\/fimaksan.com\/wp-content\/uploads\/2023\/04\/wdhFCP1tYQaz7kZiUEbrwjMuS4EZEnHYBsrEBkPW.png'><img decoding=\"async\" width=\"150\" height=\"150\" src=\"https:\/\/fimaksan.com\/wp-content\/uploads\/2023\/08\/FI.50-PBK-diagram--scaled.jpg\" class=\"attachment-thumbnail size-thumbnail\" alt=\"\" srcset=\"https:\/\/fimaksan.com\/wp-content\/uploads\/2023\/08\/FI.50-PBK-diagram--scaled.jpg 2560w, https:\/\/fimaksan.com\/wp-content\/uploads\/2023\/08\/FI.50-PBK-diagram--300x125.jpg 300w, https:\/\/fimaksan.com\/wp-content\/uploads\/2023\/08\/FI.50-PBK-diagram--1024x428.jpg 1024w, https:\/\/fimaksan.com\/wp-content\/uploads\/2023\/08\/FI.50-PBK-diagram--768x321.jpg 768w, https:\/\/fimaksan.com\/wp-content\/uploads\/2023\/08\/FI.50-PBK-diagram--1536x642.jpg 1536w, https:\/\/fimaksan.com\/wp-content\/uploads\/2023\/08\/FI.50-PBK-diagram--2048x856.jpg 2048w, https:\/\/fimaksan.com\/wp-content\/uploads\/2023\/08\/FI.50-PBK-diagram--18x8.jpg 18w, https:\/\/fimaksan.com\/wp-content\/uploads\/2023\/08\/FI.50-PBK-diagram--600x251.jpg 600w\" sizes=\"(max-width: 150px) 100vw, 150px\" \/><\/a>\n\t\t\t<\/dt><\/dl><dl class='gallery-item'>\n\t\t\t<dt class='gallery-icon landscape'>\n\t\t\t\t<a data-elementor-open-lightbox=\"yes\" data-elementor-lightbox-slideshow=\"873edf6\" data-elementor-lightbox-title=\"GcNTKWGmoYnZ6B8VCbWf01qbCPU5xin6gpmZDZtb\" data-e-action-hash=\"#elementor-action%3Aaction%3Dlightbox%26settings%3DeyJpZCI6NjM5NywidXJsIjoiaHR0cHM6XC9cL2ZpbWFrc2FuLmNvbVwvd3AtY29udGVudFwvdXBsb2Fkc1wvMjAyM1wvMDRcL0djTlRLV0dtb1luWjZCOFZDYldmMDFxYkNQVTV4aW42Z3BtWkRadGIucG5nIiwic2xpZGVzaG93IjoiODczZWRmNiJ9\" href='https:\/\/fimaksan.com\/wp-content\/uploads\/2023\/04\/GcNTKWGmoYnZ6B8VCbWf01qbCPU5xin6gpmZDZtb.png'><img decoding=\"async\" width=\"150\" height=\"150\" src=\"https:\/\/fimaksan.com\/wp-content\/uploads\/2023\/04\/GcNTKWGmoYnZ6B8VCbWf01qbCPU5xin6gpmZDZtb-150x150.png\" class=\"attachment-thumbnail size-thumbnail\" alt=\"\" srcset=\"https:\/\/fimaksan.com\/wp-content\/uploads\/2023\/04\/GcNTKWGmoYnZ6B8VCbWf01qbCPU5xin6gpmZDZtb-150x150.png 150w, https:\/\/fimaksan.com\/wp-content\/uploads\/2023\/04\/GcNTKWGmoYnZ6B8VCbWf01qbCPU5xin6gpmZDZtb-300x300.png 300w, https:\/\/fimaksan.com\/wp-content\/uploads\/2023\/04\/GcNTKWGmoYnZ6B8VCbWf01qbCPU5xin6gpmZDZtb-100x100.png 100w\" sizes=\"(max-width: 150px) 100vw, 150px\" \/><\/a>\n\t\t\t<\/dt><\/dl><dl class='gallery-item'>\n\t\t\t<dt class='gallery-icon landscape'>\n\t\t\t\t<a data-elementor-open-lightbox=\"yes\" data-elementor-lightbox-slideshow=\"873edf6\" data-elementor-lightbox-title=\"AQZu3m12r8nl7T8qMF9Wm9WaX8f8tBoYgGiP7TR0\" data-e-action-hash=\"#elementor-action%3Aaction%3Dlightbox%26settings%3DeyJpZCI6NjQwMSwidXJsIjoiaHR0cHM6XC9cL2ZpbWFrc2FuLmNvbVwvd3AtY29udGVudFwvdXBsb2Fkc1wvMjAyM1wvMDRcL0FRWnUzbTEycjhubDdUOHFNRjlXbTlXYVg4Zjh0Qm9ZZ0dpUDdUUjAucG5nIiwic2xpZGVzaG93IjoiODczZWRmNiJ9\" href='https:\/\/fimaksan.com\/wp-content\/uploads\/2023\/04\/AQZu3m12r8nl7T8qMF9Wm9WaX8f8tBoYgGiP7TR0.png'><img loading=\"lazy\" decoding=\"async\" width=\"150\" height=\"150\" src=\"https:\/\/fimaksan.com\/wp-content\/uploads\/2023\/04\/AQZu3m12r8nl7T8qMF9Wm9WaX8f8tBoYgGiP7TR0-150x150.png\" class=\"attachment-thumbnail size-thumbnail\" alt=\"\" srcset=\"https:\/\/fimaksan.com\/wp-content\/uploads\/2023\/04\/AQZu3m12r8nl7T8qMF9Wm9WaX8f8tBoYgGiP7TR0-150x150.png 150w, https:\/\/fimaksan.com\/wp-content\/uploads\/2023\/04\/AQZu3m12r8nl7T8qMF9Wm9WaX8f8tBoYgGiP7TR0-300x300.png 300w, https:\/\/fimaksan.com\/wp-content\/uploads\/2023\/04\/AQZu3m12r8nl7T8qMF9Wm9WaX8f8tBoYgGiP7TR0-100x100.png 100w\" sizes=\"(max-width: 150px) 100vw, 150px\" \/><\/a>\n\t\t\t<\/dt><\/dl>\n\t\t\t<br style='clear: both' \/>\n\t\t<\/div>\n\t\t<\/div>\n\t\t\t\t<\/div>\n\t\t\t\t<\/div>\n\t\t\t\t\t<\/div>\n\t\t<\/div>\n\t\t\t\t\t<\/div>\n\t\t<\/section>\n\t\t\t\t<\/div>","protected":false},"excerpt":{"rendered":"<p>Teknik Detaylar \u2713\u00a0Motor G\u00fcc\u00fc\u00a0| 9 kW \/ 10 HP \/ 3000 d\/d \u2713\u00a0Kesme Geni\u015flik\u00a0| Max: 450 mm (45 cm) \u2713\u00a0Kesme Y\u00fckseklik\u00a0| Max: 155 mm (15,5 cm) \u2713\u00a0\u00c7al\u0131\u015fma Y\u00fckseklik ( tabla y\u00fcksekli\u011fi)\u00a0| 850 mm ( 85 cm) \u2713\u00a0Boy Ayar ve Besleme Masa\u00a0| 2 adet makaral\u0131 masa \u2713\u00a0Boy Ayar Sistemi\u00a0| Mil \u00fczerinde d\u00f6ner dayamalar \u2713\u00a0Daire Testere Delik [&hellip;]<\/p>","protected":false},"author":1,"featured_media":0,"parent":0,"menu_order":0,"comment_status":"closed","ping_status":"closed","template":"","meta":{"footnotes":""},"class_list":["post-6373","page","type-page","status-publish","hentry"],"_links":{"self":[{"href":"https:\/\/fimaksan.com\/en\/wp-json\/wp\/v2\/pages\/6373","targetHints":{"allow":["GET"]}}],"collection":[{"href":"https:\/\/fimaksan.com\/en\/wp-json\/wp\/v2\/pages"}],"about":[{"href":"https:\/\/fimaksan.com\/en\/wp-json\/wp\/v2\/types\/page"}],"author":[{"embeddable":true,"href":"https:\/\/fimaksan.com\/en\/wp-json\/wp\/v2\/users\/1"}],"replies":[{"embeddable":true,"href":"https:\/\/fimaksan.com\/en\/wp-json\/wp\/v2\/comments?post=6373"}],"version-history":[{"count":10,"href":"https:\/\/fimaksan.com\/en\/wp-json\/wp\/v2\/pages\/6373\/revisions"}],"predecessor-version":[{"id":6772,"href":"https:\/\/fimaksan.com\/en\/wp-json\/wp\/v2\/pages\/6373\/revisions\/6772"}],"wp:attachment":[{"href":"https:\/\/fimaksan.com\/en\/wp-json\/wp\/v2\/media?parent=6373"}],"curies":[{"name":"wp","href":"https:\/\/api.w.org\/{rel}","templated":true}]}}