{"id":6357,"date":"2023-04-12T15:38:36","date_gmt":"2023-04-12T12:38:36","guid":{"rendered":"https:\/\/www.hilkomyazilim.com.tr\/fimaksan\/?page_id=6357"},"modified":"2023-04-14T12:48:40","modified_gmt":"2023-04-14T09:48:40","slug":"fi-30-pnomatik-bas-kesme","status":"publish","type":"page","link":"https:\/\/fimaksan.com\/en\/fi-30-pnomatik-bas-kesme\/","title":{"rendered":"F\u0130.30 PNEUMATIC CROSS-CUT"},"content":{"rendered":"<div data-elementor-type=\"wp-page\" data-elementor-id=\"6357\" class=\"elementor elementor-6357\">\n\t\t\t\t\t\t<section class=\"elementor-section elementor-top-section elementor-element elementor-element-b348cfe elementor-section-stretched elementor-section-boxed elementor-section-height-default elementor-section-height-default\" data-id=\"b348cfe\" data-element_type=\"section\" data-settings=\"{&quot;stretch_section&quot;:&quot;section-stretched&quot;}\">\n\t\t\t\t\t\t<div class=\"elementor-container elementor-column-gap-default\">\n\t\t\t\t\t<div class=\"elementor-column elementor-col-50 elementor-top-column elementor-element elementor-element-614df61\" data-id=\"614df61\" data-element_type=\"column\">\n\t\t\t<div class=\"elementor-widget-wrap elementor-element-populated\">\n\t\t\t\t\t\t<div class=\"elementor-element elementor-element-7dbab75 elementor-widget elementor-widget-creote-simple-image-box-v1\" data-id=\"7dbab75\" data-element_type=\"widget\" data-widget_type=\"creote-simple-image-box-v1.default\">\n\t\t\t\t<div class=\"elementor-widget-container\">\n\t\t\t<div class=\"simple_image_boxes\"   data-aos=\"fade-up\" data-aos-delay=\"0\"  data-aos-offset=\"0\" >\r\n   <img decoding=\"async\" src=\"https:\/\/fimaksan.com\/\/wp-content\/uploads\/2023\/04\/VrQRnJ0G1kjDmSMp6KuujOkwL747wxsNFO47dtjz-1.jpeg\" class=\"simp_img\" alt=\"\" \/>\r\n<\/div>\r\n\t\t<\/div>\n\t\t\t\t<\/div>\n\t\t\t\t\t<\/div>\n\t\t<\/div>\n\t\t\t\t<div class=\"elementor-column elementor-col-50 elementor-top-column elementor-element elementor-element-da0f518\" data-id=\"da0f518\" data-element_type=\"column\">\n\t\t\t<div class=\"elementor-widget-wrap elementor-element-populated\">\n\t\t\t\t\t\t<div class=\"elementor-element elementor-element-70d869a elementor-widget elementor-widget-text-editor\" data-id=\"70d869a\" data-element_type=\"widget\" data-widget_type=\"text-editor.default\">\n\t\t\t\t<div class=\"elementor-widget-container\">\n\t\t\t\t\t\t\t<p>Fi.30 PAY PNEUMATIC CROSS-CUT<\/p>\t\t\t\t\t\t<\/div>\n\t\t\t\t<\/div>\n\t\t\t\t\t<\/div>\n\t\t<\/div>\n\t\t\t\t\t<\/div>\n\t\t<\/section>\n\t\t\t\t<section class=\"elementor-section elementor-top-section elementor-element elementor-element-86baf26 elementor-section-stretched elementor-section-boxed elementor-section-height-default elementor-section-height-default\" data-id=\"86baf26\" data-element_type=\"section\" data-settings=\"{&quot;stretch_section&quot;:&quot;section-stretched&quot;}\">\n\t\t\t\t\t\t<div class=\"elementor-container elementor-column-gap-default\">\n\t\t\t\t\t<div class=\"elementor-column elementor-col-100 elementor-top-column elementor-element elementor-element-3a1e737\" data-id=\"3a1e737\" data-element_type=\"column\">\n\t\t\t<div class=\"elementor-widget-wrap elementor-element-populated\">\n\t\t\t\t\t\t<div class=\"elementor-element elementor-element-57d65bd elementor-widget elementor-widget-creote-heading-v2\" data-id=\"57d65bd\" data-element_type=\"widget\" data-widget_type=\"creote-heading-v2.default\">\n\t\t\t\t<div class=\"elementor-widget-container\">\n\t\t\t<div class=\"heading type_one text_center\">  <div class=\"small_text\">    Technical Specifications <\/div>    <\/div>\r\n\t\t<\/div>\n\t\t\t\t<\/div>\n\t\t\t\t<div class=\"elementor-element elementor-element-5efb0e6 elementor-widget elementor-widget-text-editor\" data-id=\"5efb0e6\" data-element_type=\"widget\" data-widget_type=\"text-editor.default\">\n\t\t\t\t<div class=\"elementor-widget-container\">\n\t\t\t\t\t\t\t<div><strong>\u2713 Saw Motor Power<\/strong>\u00a0| 9 kW \/ 10 HP \/ 3000 rpm<\/div>\n\n<div><strong>\u2713\u00a0Max. Cutting Width<\/strong>\u00a0| 300 mm (11.8 inches) at 10 cm cutting width<\/div>\n\n<div><strong>\u2713\u00a0Max. Cutting Height<\/strong>\u00a0| 150 mm (5.9 inches) at 15cm cutting Width<\/div>\n\n<div><strong>\u2713\u00a0Timber Length Adjustment Tables<\/strong>\u00a0| 2 Roller Table infeed &amp; Outfeed<\/div>\n\n<div><strong>\u2713\u00a0Timber Legnth Adjustment System<\/strong>\u00a0| Drop-down Stoppers on a shaft<\/div>\n\n<div><strong>\u2713\u00a0Circular Saw Hole Diameter<\/strong>\u00a0| 40 mm (1.57 inches)<\/div>\n\n<div><strong>\u2713 Circular Saw Diameter<\/strong>\u00a0| 500 mm (19.6 inches)<\/div>\n\n<div><strong>\u2713 Saw Movement<\/strong>\u00a0| with pneumatic cylinder<\/div>\n\n<div><strong>\u2713\u00a0Saw Movement Speed<\/strong>\u00a0| 0.50 m \/ dk. (butonlu Solenoid valf)<\/div>\n\n<div><strong>\u2713 <\/strong><strong>Saw Movement Guiding System<\/strong>\u00a0| Control Arm Type (Up &amp; Down)<\/div>\n\n<div><strong>\u2713\u00a0Timber Hold down<\/strong>\u00a0| Hold down with Circular Saw Cover   \u2013 Pneumatic Power<\/div>\n\n<div><strong>\u2713\u00a0Electric Board<\/strong>\u00a0| Comes with machine\u00a0<strong>Siemens or Schenider<\/strong><\/div>\n\n<div><strong>\u2713 Weight<\/strong>\u00a0| Brute: 850 kg. Net: 790 kg<\/div>\t\t\t\t\t\t<\/div>\n\t\t\t\t<\/div>\n\t\t\t\t\t<\/div>\n\t\t<\/div>\n\t\t\t\t\t<\/div>\n\t\t<\/section>\n\t\t\t\t<section class=\"elementor-section elementor-top-section elementor-element elementor-element-c87a53b elementor-section-boxed elementor-section-height-default elementor-section-height-default\" data-id=\"c87a53b\" data-element_type=\"section\">\n\t\t\t\t\t\t<div class=\"elementor-container elementor-column-gap-default\">\n\t\t\t\t\t<div class=\"elementor-column elementor-col-100 elementor-top-column elementor-element elementor-element-32f56f1\" data-id=\"32f56f1\" data-element_type=\"column\">\n\t\t\t<div class=\"elementor-widget-wrap elementor-element-populated\">\n\t\t\t\t\t\t<div class=\"elementor-element elementor-element-a08ace8 elementor-widget elementor-widget-image-gallery\" data-id=\"a08ace8\" data-element_type=\"widget\" data-widget_type=\"image-gallery.default\">\n\t\t\t\t<div class=\"elementor-widget-container\">\n\t\t\t\t\t<div class=\"elementor-image-gallery\">\n\t\t\t\n\t\t<style type=\"text\/css\">\n\t\t\t#gallery-1 {\n\t\t\t\tmargin: auto;\n\t\t\t}\n\t\t\t#gallery-1 .gallery-item {\n\t\t\t\tfloat: left;\n\t\t\t\tmargin-top: 10px;\n\t\t\t\ttext-align: center;\n\t\t\t\twidth: 25%;\n\t\t\t}\n\t\t\t#gallery-1 img {\n\t\t\t\tborder: 2px solid #cfcfcf;\n\t\t\t}\n\t\t\t#gallery-1 .gallery-caption {\n\t\t\t\tmargin-left: 0;\n\t\t\t}\n\t\t\t\/* see gallery_shortcode() in wp-includes\/media.php *\/\n\t\t<\/style>\n\t\t<div id='gallery-1' class='gallery galleryid-6357 gallery-columns-4 gallery-size-thumbnail'><dl class='gallery-item'>\n\t\t\t<dt class='gallery-icon landscape'>\n\t\t\t\t<a data-elementor-open-lightbox=\"yes\" data-elementor-lightbox-slideshow=\"a08ace8\" data-elementor-lightbox-title=\"MSldT33ZKPWw2SvMBhDnbekqKGCBTICvdudtaNdc\" data-e-action-hash=\"#elementor-action%3Aaction%3Dlightbox%26settings%3DeyJpZCI6NjM3MiwidXJsIjoiaHR0cHM6XC9cL2ZpbWFrc2FuLmNvbVwvd3AtY29udGVudFwvdXBsb2Fkc1wvMjAyM1wvMDRcL01TbGRUMzNaS1BXdzJTdk1CaERuYmVrcUtHQ0JUSUN2ZHVkdGFOZGMucG5nIiwic2xpZGVzaG93IjoiYTA4YWNlOCJ9\" href='https:\/\/fimaksan.com\/wp-content\/uploads\/2023\/04\/MSldT33ZKPWw2SvMBhDnbekqKGCBTICvdudtaNdc.png'><img decoding=\"async\" width=\"150\" height=\"150\" src=\"https:\/\/fimaksan.com\/wp-content\/uploads\/2023\/04\/MSldT33ZKPWw2SvMBhDnbekqKGCBTICvdudtaNdc-150x150.png\" class=\"attachment-thumbnail size-thumbnail\" alt=\"\" srcset=\"https:\/\/fimaksan.com\/wp-content\/uploads\/2023\/04\/MSldT33ZKPWw2SvMBhDnbekqKGCBTICvdudtaNdc-150x150.png 150w, https:\/\/fimaksan.com\/wp-content\/uploads\/2023\/04\/MSldT33ZKPWw2SvMBhDnbekqKGCBTICvdudtaNdc-300x300.png 300w, https:\/\/fimaksan.com\/wp-content\/uploads\/2023\/04\/MSldT33ZKPWw2SvMBhDnbekqKGCBTICvdudtaNdc-100x100.png 100w\" sizes=\"(max-width: 150px) 100vw, 150px\" \/><\/a>\n\t\t\t<\/dt><\/dl><dl class='gallery-item'>\n\t\t\t<dt class='gallery-icon landscape'>\n\t\t\t\t<a data-elementor-open-lightbox=\"yes\" data-elementor-lightbox-slideshow=\"a08ace8\" data-elementor-lightbox-title=\"hiY0Ibk2Obiri331iX25YQP6kR8EVu0nKM6ihoNF\" data-e-action-hash=\"#elementor-action%3Aaction%3Dlightbox%26settings%3DeyJpZCI6NjM4NCwidXJsIjoiaHR0cHM6XC9cL2ZpbWFrc2FuLmNvbVwvd3AtY29udGVudFwvdXBsb2Fkc1wvMjAyM1wvMDRcL2hpWTBJYmsyT2JpcmkzMzFpWDI1WVFQNmtSOEVWdTBuS002aWhvTkYucG5nIiwic2xpZGVzaG93IjoiYTA4YWNlOCJ9\" href='https:\/\/fimaksan.com\/wp-content\/uploads\/2023\/04\/hiY0Ibk2Obiri331iX25YQP6kR8EVu0nKM6ihoNF.png'><img decoding=\"async\" width=\"150\" height=\"150\" src=\"https:\/\/fimaksan.com\/wp-content\/uploads\/2023\/04\/hiY0Ibk2Obiri331iX25YQP6kR8EVu0nKM6ihoNF-150x150.png\" class=\"attachment-thumbnail size-thumbnail\" alt=\"\" srcset=\"https:\/\/fimaksan.com\/wp-content\/uploads\/2023\/04\/hiY0Ibk2Obiri331iX25YQP6kR8EVu0nKM6ihoNF-150x150.png 150w, https:\/\/fimaksan.com\/wp-content\/uploads\/2023\/04\/hiY0Ibk2Obiri331iX25YQP6kR8EVu0nKM6ihoNF-300x300.png 300w, https:\/\/fimaksan.com\/wp-content\/uploads\/2023\/04\/hiY0Ibk2Obiri331iX25YQP6kR8EVu0nKM6ihoNF-100x100.png 100w\" sizes=\"(max-width: 150px) 100vw, 150px\" \/><\/a>\n\t\t\t<\/dt><\/dl>\n\t\t\t<br style='clear: both' \/>\n\t\t<\/div>\n\t\t<\/div>\n\t\t\t\t<\/div>\n\t\t\t\t<\/div>\n\t\t\t\t\t<\/div>\n\t\t<\/div>\n\t\t\t\t\t<\/div>\n\t\t<\/section>\n\t\t\t\t<\/div>","protected":false},"excerpt":{"rendered":"<p>Fi.30 PAY PN\u00d6MAT\u0130K BA\u015eKESME MAK\u0130NES\u0130 Teknik Detaylar \u2713\u00a0Motor G\u00fcc\u00fc\u00a0| 9 kW \/ 10 HP \/ 3000 d\/d \u2713\u00a0Maksimum Kesme Geni\u015fli\u011fi\u00a0| 300 mm (30 cm)-10 cm kesme kal\u0131nl\u0131\u011f\u0131nda \u2713\u00a0Maksimum Kesme Y\u00fcksekli\u011fi\u00a0| 150 mm (15 cm)-15 cm geni\u015fli\u011finde \u2713\u00a0Boy Ayar ve Besleme Masalar\u0131\u00a0| 2 adet makaral\u0131 masa \u2713\u00a0Boy Ayar Sistemi\u00a0| Mil \u00fczerinde d\u00f6ner dayamalar \u2713\u00a0Daire Testere Delik [&hellip;]<\/p>","protected":false},"author":1,"featured_media":0,"parent":0,"menu_order":0,"comment_status":"closed","ping_status":"closed","template":"","meta":{"footnotes":""},"class_list":["post-6357","page","type-page","status-publish","hentry"],"_links":{"self":[{"href":"https:\/\/fimaksan.com\/en\/wp-json\/wp\/v2\/pages\/6357","targetHints":{"allow":["GET"]}}],"collection":[{"href":"https:\/\/fimaksan.com\/en\/wp-json\/wp\/v2\/pages"}],"about":[{"href":"https:\/\/fimaksan.com\/en\/wp-json\/wp\/v2\/types\/page"}],"author":[{"embeddable":true,"href":"https:\/\/fimaksan.com\/en\/wp-json\/wp\/v2\/users\/1"}],"replies":[{"embeddable":true,"href":"https:\/\/fimaksan.com\/en\/wp-json\/wp\/v2\/comments?post=6357"}],"version-history":[{"count":10,"href":"https:\/\/fimaksan.com\/en\/wp-json\/wp\/v2\/pages\/6357\/revisions"}],"predecessor-version":[{"id":6769,"href":"https:\/\/fimaksan.com\/en\/wp-json\/wp\/v2\/pages\/6357\/revisions\/6769"}],"wp:attachment":[{"href":"https:\/\/fimaksan.com\/en\/wp-json\/wp\/v2\/media?parent=6357"}],"curies":[{"name":"wp","href":"https:\/\/api.w.org\/{rel}","templated":true}]}}