{"id":6338,"date":"2023-04-12T15:35:55","date_gmt":"2023-04-12T12:35:55","guid":{"rendered":"https:\/\/www.hilkomyazilim.com.tr\/fimaksan\/?page_id=6338"},"modified":"2023-04-14T12:46:48","modified_gmt":"2023-04-14T09:46:48","slug":"fi-60-boy-kesme-dijital-otomatik","status":"publish","type":"page","link":"https:\/\/fimaksan.com\/en\/fi-60-boy-kesme-dijital-otomatik\/","title":{"rendered":"F\u0130. 60 Boy Kesme &#8211; Dijital Otomatik"},"content":{"rendered":"<div data-elementor-type=\"wp-page\" data-elementor-id=\"6338\" class=\"elementor elementor-6338\">\n\t\t\t\t\t\t<section class=\"elementor-section elementor-top-section elementor-element elementor-element-454005f elementor-section-stretched elementor-section-boxed elementor-section-height-default elementor-section-height-default\" data-id=\"454005f\" data-element_type=\"section\" data-settings=\"{&quot;stretch_section&quot;:&quot;section-stretched&quot;}\">\n\t\t\t\t\t\t<div class=\"elementor-container elementor-column-gap-default\">\n\t\t\t\t\t<div class=\"elementor-column elementor-col-50 elementor-top-column elementor-element elementor-element-0e9f802\" data-id=\"0e9f802\" data-element_type=\"column\">\n\t\t\t<div class=\"elementor-widget-wrap elementor-element-populated\">\n\t\t\t\t\t\t<div class=\"elementor-element elementor-element-196d46a elementor-widget elementor-widget-image\" data-id=\"196d46a\" data-element_type=\"widget\" data-widget_type=\"image.default\">\n\t\t\t\t<div class=\"elementor-widget-container\">\n\t\t\t\t\t\t\t\t\t\t\t\t\t<img fetchpriority=\"high\" decoding=\"async\" width=\"1024\" height=\"400\" src=\"https:\/\/fimaksan.com\/wp-content\/uploads\/2023\/04\/iDBlekxLSS7cvIsosiIe1kYkIGPkGhPcTg0mhuwX-1024x400.jpeg\" class=\"attachment-large size-large wp-image-6343\" alt=\"\" srcset=\"https:\/\/fimaksan.com\/wp-content\/uploads\/2023\/04\/iDBlekxLSS7cvIsosiIe1kYkIGPkGhPcTg0mhuwX-1024x400.jpeg 1024w, https:\/\/fimaksan.com\/wp-content\/uploads\/2023\/04\/iDBlekxLSS7cvIsosiIe1kYkIGPkGhPcTg0mhuwX-300x117.jpeg 300w, https:\/\/fimaksan.com\/wp-content\/uploads\/2023\/04\/iDBlekxLSS7cvIsosiIe1kYkIGPkGhPcTg0mhuwX-768x300.jpeg 768w, https:\/\/fimaksan.com\/wp-content\/uploads\/2023\/04\/iDBlekxLSS7cvIsosiIe1kYkIGPkGhPcTg0mhuwX-1536x600.jpeg 1536w, https:\/\/fimaksan.com\/wp-content\/uploads\/2023\/04\/iDBlekxLSS7cvIsosiIe1kYkIGPkGhPcTg0mhuwX-2048x800.jpeg 2048w, https:\/\/fimaksan.com\/wp-content\/uploads\/2023\/04\/iDBlekxLSS7cvIsosiIe1kYkIGPkGhPcTg0mhuwX-600x234.jpeg 600w\" sizes=\"(max-width: 1024px) 100vw, 1024px\" \/>\t\t\t\t\t\t\t\t\t\t\t\t\t<\/div>\n\t\t\t\t<\/div>\n\t\t\t\t\t<\/div>\n\t\t<\/div>\n\t\t\t\t<div class=\"elementor-column elementor-col-50 elementor-top-column elementor-element elementor-element-79b156d\" data-id=\"79b156d\" data-element_type=\"column\">\n\t\t\t<div class=\"elementor-widget-wrap elementor-element-populated\">\n\t\t\t\t\t\t<div class=\"elementor-element elementor-element-a701358 elementor-widget elementor-widget-text-editor\" data-id=\"a701358\" data-element_type=\"widget\" data-widget_type=\"text-editor.default\">\n\t\t\t\t<div class=\"elementor-widget-container\">\n\t\t\t\t\t\t\t<p>F\u0130. 60 \/ DOBK-<br \/>CROSS-CUT - DIGITAL - AUTOMATIC\u00a0<\/p>\t\t\t\t\t\t<\/div>\n\t\t\t\t<\/div>\n\t\t\t\t\t<\/div>\n\t\t<\/div>\n\t\t\t\t\t<\/div>\n\t\t<\/section>\n\t\t\t\t<section class=\"elementor-section elementor-top-section elementor-element elementor-element-6786fa3 elementor-section-stretched elementor-section-boxed elementor-section-height-default elementor-section-height-default\" data-id=\"6786fa3\" data-element_type=\"section\" data-settings=\"{&quot;stretch_section&quot;:&quot;section-stretched&quot;}\">\n\t\t\t\t\t\t<div class=\"elementor-container elementor-column-gap-default\">\n\t\t\t\t\t<div class=\"elementor-column elementor-col-100 elementor-top-column elementor-element elementor-element-2cd680f\" data-id=\"2cd680f\" data-element_type=\"column\">\n\t\t\t<div class=\"elementor-widget-wrap elementor-element-populated\">\n\t\t\t\t\t\t<div class=\"elementor-element elementor-element-f32e197 elementor-widget elementor-widget-creote-heading-v2\" data-id=\"f32e197\" data-element_type=\"widget\" data-widget_type=\"creote-heading-v2.default\">\n\t\t\t\t<div class=\"elementor-widget-container\">\n\t\t\t<div class=\"heading type_one text_center\">  <div class=\"small_text\">    Technical Specifications <\/div>    <\/div>\r\n\t\t<\/div>\n\t\t\t\t<\/div>\n\t\t\t\t<div class=\"elementor-element elementor-element-7c1a5b4 elementor-widget elementor-widget-text-editor\" data-id=\"7c1a5b4\" data-element_type=\"widget\" data-widget_type=\"text-editor.default\">\n\t\t\t\t<div class=\"elementor-widget-container\">\n\t\t\t\t\t\t\t<div><strong>\u2713 Positioning<\/strong>\u00a07'' Touch screen with color<\/div>\n\n<div><strong>\u2713 Cutting Height<\/strong>\u00a0| Max: 160 mm<\/div>\n\n<div><strong>\u2713 Cutting Width<\/strong>\u00a0| 650-850 mm (VARIABLE)<\/div>\n\n<div><strong>\u2713\u00a0Cutting Lenght<\/strong>\u00a0| Max: 420 cm. (more optional)<\/div>\n\n<div><strong>\u2713\u00a0Saw Motor<\/strong>\u00a0| 11 kW<\/div>\n\n<div><strong>\u2713\u00a0Saw Spindle Rev Speed: 50hz<\/strong>\u00a0| 3100 rpm<\/div>\n\n<div><strong>\u2713\u00a0Wood Feed Roller Motor<\/strong>\u00a0| 1,5 kW X 2<\/div>\n\n<div><strong>\u2713\u00a0Feed Speed \/ Stopper<\/strong>\u00a0| 1 mt \/sec.\u2013 servo motor drive<\/div>\n\n<div><strong>\u2713\u00a0Feed Speed<\/strong>\u00a0| 80 mt \/ min.<\/div>\n\n<div><strong>\u2713\u00a0Saw Diameter \u00d8<\/strong>\u00a0| 500 mm (19,5&#8243;)<\/div>\n\n<div><strong>\u2713\u00a0Saw Spindle Diameter \u00d8<\/strong>\u00a0| 35 mm<\/div>\n\n<div><strong>\u2713\u00a0Cutting Size Capacity<\/strong>\u00a0| As shown on the diagram.<\/div>\n\n<div><strong>\u2713\u00a0Positioning Repetation Accuracy<\/strong>\u00a0| +\/- 0.2 mm<\/div>\n\n<div><strong>\u2713\u00a0Rubber Belt conveyor for waste<\/strong>\u00a0| 120 cm length x 30 cm width<\/div>\n\n<div><strong>\u2713\u00a0Lubrication System for Linear Bearings<\/strong>\u00a0| Manual lubrication pump with lubrication unit<\/div>\t\t\t\t\t\t<\/div>\n\t\t\t\t<\/div>\n\t\t\t\t\t<\/div>\n\t\t<\/div>\n\t\t\t\t\t<\/div>\n\t\t<\/section>\n\t\t\t\t<section class=\"elementor-section elementor-top-section elementor-element elementor-element-482b9e1 elementor-section-boxed elementor-section-height-default elementor-section-height-default\" data-id=\"482b9e1\" data-element_type=\"section\">\n\t\t\t\t\t\t<div class=\"elementor-container elementor-column-gap-default\">\n\t\t\t\t\t<div class=\"elementor-column elementor-col-100 elementor-top-column elementor-element elementor-element-61a0dd9\" data-id=\"61a0dd9\" data-element_type=\"column\">\n\t\t\t<div class=\"elementor-widget-wrap elementor-element-populated\">\n\t\t\t\t\t\t<div class=\"elementor-element elementor-element-e977618 elementor-widget elementor-widget-image-gallery\" data-id=\"e977618\" data-element_type=\"widget\" data-widget_type=\"image-gallery.default\">\n\t\t\t\t<div class=\"elementor-widget-container\">\n\t\t\t\t\t<div class=\"elementor-image-gallery\">\n\t\t\t\n\t\t<style type=\"text\/css\">\n\t\t\t#gallery-1 {\n\t\t\t\tmargin: auto;\n\t\t\t}\n\t\t\t#gallery-1 .gallery-item {\n\t\t\t\tfloat: left;\n\t\t\t\tmargin-top: 10px;\n\t\t\t\ttext-align: center;\n\t\t\t\twidth: 25%;\n\t\t\t}\n\t\t\t#gallery-1 img {\n\t\t\t\tborder: 2px solid #cfcfcf;\n\t\t\t}\n\t\t\t#gallery-1 .gallery-caption {\n\t\t\t\tmargin-left: 0;\n\t\t\t}\n\t\t\t\/* see gallery_shortcode() in wp-includes\/media.php *\/\n\t\t<\/style>\n\t\t<div id='gallery-1' class='gallery galleryid-6338 gallery-columns-4 gallery-size-thumbnail'><dl class='gallery-item'>\n\t\t\t<dt class='gallery-icon landscape'>\n\t\t\t\t<a data-elementor-open-lightbox=\"yes\" data-elementor-lightbox-slideshow=\"e977618\" data-elementor-lightbox-title=\"FqraCjYcDILj8E7WQH1HMYvtvnCrRq3Gdoa4nQSI\" data-e-action-hash=\"#elementor-action%3Aaction%3Dlightbox%26settings%3DeyJpZCI6NjM2MiwidXJsIjoiaHR0cHM6XC9cL2ZpbWFrc2FuLmNvbVwvd3AtY29udGVudFwvdXBsb2Fkc1wvMjAyM1wvMDRcL0ZxcmFDalljRElMajhFN1dRSDFITVl2dHZuQ3JScTNHZG9hNG5RU0kucG5nIiwic2xpZGVzaG93IjoiZTk3NzYxOCJ9\" href='https:\/\/fimaksan.com\/wp-content\/uploads\/2023\/04\/FqraCjYcDILj8E7WQH1HMYvtvnCrRq3Gdoa4nQSI.png'><img decoding=\"async\" width=\"150\" height=\"150\" src=\"https:\/\/fimaksan.com\/wp-content\/uploads\/2023\/04\/FqraCjYcDILj8E7WQH1HMYvtvnCrRq3Gdoa4nQSI-150x150.png\" class=\"attachment-thumbnail size-thumbnail\" alt=\"\" srcset=\"https:\/\/fimaksan.com\/wp-content\/uploads\/2023\/04\/FqraCjYcDILj8E7WQH1HMYvtvnCrRq3Gdoa4nQSI-150x150.png 150w, https:\/\/fimaksan.com\/wp-content\/uploads\/2023\/04\/FqraCjYcDILj8E7WQH1HMYvtvnCrRq3Gdoa4nQSI-300x300.png 300w, https:\/\/fimaksan.com\/wp-content\/uploads\/2023\/04\/FqraCjYcDILj8E7WQH1HMYvtvnCrRq3Gdoa4nQSI-100x100.png 100w\" sizes=\"(max-width: 150px) 100vw, 150px\" \/><\/a>\n\t\t\t<\/dt><\/dl><dl class='gallery-item'>\n\t\t\t<dt class='gallery-icon landscape'>\n\t\t\t\t<a data-elementor-open-lightbox=\"yes\" data-elementor-lightbox-slideshow=\"e977618\" data-elementor-lightbox-title=\"xPjqZLYVsiJhPacNGVlzQ7KZSKtFyA3UyDbMlBff\" data-e-action-hash=\"#elementor-action%3Aaction%3Dlightbox%26settings%3DeyJpZCI6NjM2MywidXJsIjoiaHR0cHM6XC9cL2ZpbWFrc2FuLmNvbVwvd3AtY29udGVudFwvdXBsb2Fkc1wvMjAyM1wvMDRcL3hQanFaTFlWc2lKaFBhY05HVmx6UTdLWlNLdEZ5QTNVeURiTWxCZmYucG5nIiwic2xpZGVzaG93IjoiZTk3NzYxOCJ9\" href='https:\/\/fimaksan.com\/wp-content\/uploads\/2023\/04\/xPjqZLYVsiJhPacNGVlzQ7KZSKtFyA3UyDbMlBff.png'><img decoding=\"async\" width=\"150\" height=\"150\" src=\"https:\/\/fimaksan.com\/wp-content\/uploads\/2023\/04\/xPjqZLYVsiJhPacNGVlzQ7KZSKtFyA3UyDbMlBff-150x150.png\" class=\"attachment-thumbnail size-thumbnail\" alt=\"\" srcset=\"https:\/\/fimaksan.com\/wp-content\/uploads\/2023\/04\/xPjqZLYVsiJhPacNGVlzQ7KZSKtFyA3UyDbMlBff-150x150.png 150w, https:\/\/fimaksan.com\/wp-content\/uploads\/2023\/04\/xPjqZLYVsiJhPacNGVlzQ7KZSKtFyA3UyDbMlBff-300x300.png 300w, https:\/\/fimaksan.com\/wp-content\/uploads\/2023\/04\/xPjqZLYVsiJhPacNGVlzQ7KZSKtFyA3UyDbMlBff-100x100.png 100w\" sizes=\"(max-width: 150px) 100vw, 150px\" \/><\/a>\n\t\t\t<\/dt><\/dl><dl class='gallery-item'>\n\t\t\t<dt class='gallery-icon landscape'>\n\t\t\t\t<a data-elementor-open-lightbox=\"yes\" data-elementor-lightbox-slideshow=\"e977618\" data-elementor-lightbox-title=\"fq6i5xVUrREv6dOcYeSXX0dRVPvCTNxH6O72AOMy\" data-e-action-hash=\"#elementor-action%3Aaction%3Dlightbox%26settings%3DeyJpZCI6NjM2NSwidXJsIjoiaHR0cHM6XC9cL2ZpbWFrc2FuLmNvbVwvd3AtY29udGVudFwvdXBsb2Fkc1wvMjAyM1wvMDRcL2ZxNmk1eFZVclJFdjZkT2NZZVNYWDBkUlZQdkNUTnhINk83MkFPTXkucG5nIiwic2xpZGVzaG93IjoiZTk3NzYxOCJ9\" href='https:\/\/fimaksan.com\/wp-content\/uploads\/2023\/04\/fq6i5xVUrREv6dOcYeSXX0dRVPvCTNxH6O72AOMy.png'><img loading=\"lazy\" decoding=\"async\" width=\"150\" height=\"150\" src=\"https:\/\/fimaksan.com\/wp-content\/uploads\/2023\/04\/fq6i5xVUrREv6dOcYeSXX0dRVPvCTNxH6O72AOMy-150x150.png\" class=\"attachment-thumbnail size-thumbnail\" alt=\"\" srcset=\"https:\/\/fimaksan.com\/wp-content\/uploads\/2023\/04\/fq6i5xVUrREv6dOcYeSXX0dRVPvCTNxH6O72AOMy-150x150.png 150w, https:\/\/fimaksan.com\/wp-content\/uploads\/2023\/04\/fq6i5xVUrREv6dOcYeSXX0dRVPvCTNxH6O72AOMy-300x300.png 300w, https:\/\/fimaksan.com\/wp-content\/uploads\/2023\/04\/fq6i5xVUrREv6dOcYeSXX0dRVPvCTNxH6O72AOMy-100x100.png 100w\" sizes=\"(max-width: 150px) 100vw, 150px\" \/><\/a>\n\t\t\t<\/dt><\/dl><dl class='gallery-item'>\n\t\t\t<dt class='gallery-icon landscape'>\n\t\t\t\t<a data-elementor-open-lightbox=\"yes\" data-elementor-lightbox-slideshow=\"e977618\" data-elementor-lightbox-title=\"5macioNALovYlfVYZBuikZENSiYwKHqRgktvl3GA\" data-e-action-hash=\"#elementor-action%3Aaction%3Dlightbox%26settings%3DeyJpZCI6NjM2NywidXJsIjoiaHR0cHM6XC9cL2ZpbWFrc2FuLmNvbVwvd3AtY29udGVudFwvdXBsb2Fkc1wvMjAyM1wvMDRcLzVtYWNpb05BTG92WWxmVllaQnVpa1pFTlNpWXdLSHFSZ2t0dmwzR0EucG5nIiwic2xpZGVzaG93IjoiZTk3NzYxOCJ9\" href='https:\/\/fimaksan.com\/wp-content\/uploads\/2023\/04\/5macioNALovYlfVYZBuikZENSiYwKHqRgktvl3GA.png'><img loading=\"lazy\" decoding=\"async\" width=\"150\" height=\"150\" src=\"https:\/\/fimaksan.com\/wp-content\/uploads\/2023\/04\/5macioNALovYlfVYZBuikZENSiYwKHqRgktvl3GA-150x150.png\" class=\"attachment-thumbnail size-thumbnail\" alt=\"\" srcset=\"https:\/\/fimaksan.com\/wp-content\/uploads\/2023\/04\/5macioNALovYlfVYZBuikZENSiYwKHqRgktvl3GA-150x150.png 150w, https:\/\/fimaksan.com\/wp-content\/uploads\/2023\/04\/5macioNALovYlfVYZBuikZENSiYwKHqRgktvl3GA-300x300.png 300w, https:\/\/fimaksan.com\/wp-content\/uploads\/2023\/04\/5macioNALovYlfVYZBuikZENSiYwKHqRgktvl3GA-100x100.png 100w\" sizes=\"(max-width: 150px) 100vw, 150px\" \/><\/a>\n\t\t\t<\/dt><\/dl><br style=\"clear: both\" \/><dl class='gallery-item'>\n\t\t\t<dt class='gallery-icon landscape'>\n\t\t\t\t<a data-elementor-open-lightbox=\"yes\" data-elementor-lightbox-slideshow=\"e977618\" data-elementor-lightbox-title=\"fcMao7Q0quZaqwTdMp8Iz00D2rbYgoPs6dVFZa6L\" data-e-action-hash=\"#elementor-action%3Aaction%3Dlightbox%26settings%3DeyJpZCI6NjM2OCwidXJsIjoiaHR0cHM6XC9cL2ZpbWFrc2FuLmNvbVwvd3AtY29udGVudFwvdXBsb2Fkc1wvMjAyM1wvMDRcL2ZjTWFvN1EwcXVaYXF3VGRNcDhJejAwRDJyYllnb1BzNmRWRlphNkwucG5nIiwic2xpZGVzaG93IjoiZTk3NzYxOCJ9\" href='https:\/\/fimaksan.com\/wp-content\/uploads\/2023\/04\/fcMao7Q0quZaqwTdMp8Iz00D2rbYgoPs6dVFZa6L.png'><img loading=\"lazy\" decoding=\"async\" width=\"150\" height=\"150\" src=\"https:\/\/fimaksan.com\/wp-content\/uploads\/2023\/04\/fcMao7Q0quZaqwTdMp8Iz00D2rbYgoPs6dVFZa6L-150x150.png\" class=\"attachment-thumbnail size-thumbnail\" alt=\"\" srcset=\"https:\/\/fimaksan.com\/wp-content\/uploads\/2023\/04\/fcMao7Q0quZaqwTdMp8Iz00D2rbYgoPs6dVFZa6L-150x150.png 150w, https:\/\/fimaksan.com\/wp-content\/uploads\/2023\/04\/fcMao7Q0quZaqwTdMp8Iz00D2rbYgoPs6dVFZa6L-300x300.png 300w, https:\/\/fimaksan.com\/wp-content\/uploads\/2023\/04\/fcMao7Q0quZaqwTdMp8Iz00D2rbYgoPs6dVFZa6L-100x100.png 100w\" sizes=\"(max-width: 150px) 100vw, 150px\" \/><\/a>\n\t\t\t<\/dt><\/dl><dl class='gallery-item'>\n\t\t\t<dt class='gallery-icon landscape'>\n\t\t\t\t<a data-elementor-open-lightbox=\"yes\" data-elementor-lightbox-slideshow=\"e977618\" data-elementor-lightbox-title=\"JzEn3ji3qNPhSUFDbt26hT6K3XAkpa0owPtY7JBv\" data-e-action-hash=\"#elementor-action%3Aaction%3Dlightbox%26settings%3DeyJpZCI6NjM4MCwidXJsIjoiaHR0cHM6XC9cL2ZpbWFrc2FuLmNvbVwvd3AtY29udGVudFwvdXBsb2Fkc1wvMjAyM1wvMDRcL0p6RW4zamkzcU5QaFNVRkRidDI2aFQ2SzNYQWtwYTBvd1B0WTdKQnYucG5nIiwic2xpZGVzaG93IjoiZTk3NzYxOCJ9\" href='https:\/\/fimaksan.com\/wp-content\/uploads\/2023\/04\/JzEn3ji3qNPhSUFDbt26hT6K3XAkpa0owPtY7JBv.png'><img loading=\"lazy\" decoding=\"async\" width=\"150\" height=\"150\" src=\"https:\/\/fimaksan.com\/wp-content\/uploads\/2023\/04\/JzEn3ji3qNPhSUFDbt26hT6K3XAkpa0owPtY7JBv-150x150.png\" class=\"attachment-thumbnail size-thumbnail\" alt=\"\" srcset=\"https:\/\/fimaksan.com\/wp-content\/uploads\/2023\/04\/JzEn3ji3qNPhSUFDbt26hT6K3XAkpa0owPtY7JBv-150x150.png 150w, https:\/\/fimaksan.com\/wp-content\/uploads\/2023\/04\/JzEn3ji3qNPhSUFDbt26hT6K3XAkpa0owPtY7JBv-300x300.png 300w, https:\/\/fimaksan.com\/wp-content\/uploads\/2023\/04\/JzEn3ji3qNPhSUFDbt26hT6K3XAkpa0owPtY7JBv-100x100.png 100w\" sizes=\"(max-width: 150px) 100vw, 150px\" \/><\/a>\n\t\t\t<\/dt><\/dl>\n\t\t\t<br style='clear: both' \/>\n\t\t<\/div>\n\t\t<\/div>\n\t\t\t\t<\/div>\n\t\t\t\t<\/div>\n\t\t\t\t\t<\/div>\n\t\t<\/div>\n\t\t\t\t\t<\/div>\n\t\t<\/section>\n\t\t\t\t<\/div>","protected":false},"excerpt":{"rendered":"<p>F\u0130: 60 \/ DOBKBOY KESME &#8211; D\u0130J\u0130TAL OTOMAT\u0130K\u00a0 Teknik Detaylar \u2713\u00a0\u00d6l\u00e7\u00fc Verme Sistemi\u00a0| Dokunmatik 7\u2019\u2019 renkli dijital g\u00f6stergeli ekran \u2713\u00a0Kesme Y\u00fckseklik\u00a0| Max: 160 mm \u2713\u00a0Kesme Geni\u015flik\u00a0| 650-850 mm (DE\u011e\u0130\u015eKEN) \u2713\u00a0Kesim Uzunluk\u00a0| Max: 420 cm. \u2713\u00a0Testere Motoru\u00a0| 11 kW \u2713\u00a0Testere Mil H\u0131z\u0131: 50hz\u00a0| 3100 rpm \u2713\u00a0Malzeme (a\u011fa\u00e7) S\u00fcrme motoru (makara)\u00a0| 1,5 kW X 2 \u2713\u00a0\u0130lerleme H\u0131z\u0131 [&hellip;]<\/p>","protected":false},"author":1,"featured_media":0,"parent":0,"menu_order":0,"comment_status":"closed","ping_status":"closed","template":"","meta":{"footnotes":""},"class_list":["post-6338","page","type-page","status-publish","hentry"],"_links":{"self":[{"href":"https:\/\/fimaksan.com\/en\/wp-json\/wp\/v2\/pages\/6338","targetHints":{"allow":["GET"]}}],"collection":[{"href":"https:\/\/fimaksan.com\/en\/wp-json\/wp\/v2\/pages"}],"about":[{"href":"https:\/\/fimaksan.com\/en\/wp-json\/wp\/v2\/types\/page"}],"author":[{"embeddable":true,"href":"https:\/\/fimaksan.com\/en\/wp-json\/wp\/v2\/users\/1"}],"replies":[{"embeddable":true,"href":"https:\/\/fimaksan.com\/en\/wp-json\/wp\/v2\/comments?post=6338"}],"version-history":[{"count":13,"href":"https:\/\/fimaksan.com\/en\/wp-json\/wp\/v2\/pages\/6338\/revisions"}],"predecessor-version":[{"id":6766,"href":"https:\/\/fimaksan.com\/en\/wp-json\/wp\/v2\/pages\/6338\/revisions\/6766"}],"wp:attachment":[{"href":"https:\/\/fimaksan.com\/en\/wp-json\/wp\/v2\/media?parent=6338"}],"curies":[{"name":"wp","href":"https:\/\/api.w.org\/{rel}","templated":true}]}}