{"id":6323,"date":"2023-04-12T15:31:29","date_gmt":"2023-04-12T12:31:29","guid":{"rendered":"https:\/\/www.hilkomyazilim.com.tr\/fimaksan\/?page_id=6323"},"modified":"2023-04-14T12:08:11","modified_gmt":"2023-04-14T09:08:11","slug":"canter-tomruk-kapak-yongalama-freze-2","status":"publish","type":"page","link":"https:\/\/fimaksan.com\/en\/canter-tomruk-kapak-yongalama-freze-2\/","title":{"rendered":"CHIPPER CANTER \/ Slabber"},"content":{"rendered":"<div data-elementor-type=\"wp-page\" data-elementor-id=\"6323\" class=\"elementor elementor-6323\">\n\t\t\t\t\t\t<section class=\"elementor-section elementor-top-section elementor-element elementor-element-7576c02 elementor-section-stretched elementor-section-boxed elementor-section-height-default elementor-section-height-default\" data-id=\"7576c02\" data-element_type=\"section\" data-settings=\"{&quot;stretch_section&quot;:&quot;section-stretched&quot;}\">\n\t\t\t\t\t\t<div class=\"elementor-container elementor-column-gap-default\">\n\t\t\t\t\t<div class=\"elementor-column elementor-col-50 elementor-top-column elementor-element elementor-element-1c15dfc\" data-id=\"1c15dfc\" data-element_type=\"column\">\n\t\t\t<div class=\"elementor-widget-wrap elementor-element-populated\">\n\t\t\t\t\t\t<div class=\"elementor-element elementor-element-2f00ac8 elementor-widget elementor-widget-image\" data-id=\"2f00ac8\" data-element_type=\"widget\" data-widget_type=\"image.default\">\n\t\t\t\t<div class=\"elementor-widget-container\">\n\t\t\t\t\t\t\t\t\t\t\t\t\t<img fetchpriority=\"high\" decoding=\"async\" width=\"1024\" height=\"898\" src=\"https:\/\/fimaksan.com\/wp-content\/uploads\/2023\/04\/nGVfyuy5B2TBsGRJIA6KVAcxl1M4xnA0G3r50xK8-1024x898.jpeg\" class=\"attachment-large size-large wp-image-6329\" alt=\"\" srcset=\"https:\/\/fimaksan.com\/wp-content\/uploads\/2023\/04\/nGVfyuy5B2TBsGRJIA6KVAcxl1M4xnA0G3r50xK8-1024x898.jpeg 1024w, https:\/\/fimaksan.com\/wp-content\/uploads\/2023\/04\/nGVfyuy5B2TBsGRJIA6KVAcxl1M4xnA0G3r50xK8-300x263.jpeg 300w, https:\/\/fimaksan.com\/wp-content\/uploads\/2023\/04\/nGVfyuy5B2TBsGRJIA6KVAcxl1M4xnA0G3r50xK8-768x674.jpeg 768w, https:\/\/fimaksan.com\/wp-content\/uploads\/2023\/04\/nGVfyuy5B2TBsGRJIA6KVAcxl1M4xnA0G3r50xK8-1536x1347.jpeg 1536w, https:\/\/fimaksan.com\/wp-content\/uploads\/2023\/04\/nGVfyuy5B2TBsGRJIA6KVAcxl1M4xnA0G3r50xK8-2048x1796.jpeg 2048w, https:\/\/fimaksan.com\/wp-content\/uploads\/2023\/04\/nGVfyuy5B2TBsGRJIA6KVAcxl1M4xnA0G3r50xK8-600x526.jpeg 600w\" sizes=\"(max-width: 1024px) 100vw, 1024px\" \/>\t\t\t\t\t\t\t\t\t\t\t\t\t<\/div>\n\t\t\t\t<\/div>\n\t\t\t\t\t<\/div>\n\t\t<\/div>\n\t\t\t\t<div class=\"elementor-column elementor-col-50 elementor-top-column elementor-element elementor-element-54af02c\" data-id=\"54af02c\" data-element_type=\"column\">\n\t\t\t<div class=\"elementor-widget-wrap elementor-element-populated\">\n\t\t\t\t\t\t<div class=\"elementor-element elementor-element-52e17c5 elementor-widget elementor-widget-text-editor\" data-id=\"52e17c5\" data-element_type=\"widget\" data-widget_type=\"text-editor.default\">\n\t\t\t\t<div class=\"elementor-widget-container\">\n\t\t\t\t\t\t\t<p>F\u0130. 55 \/ CNT 6 CANTER\nSLABBER - 6 KNIVES \u00a0<\/p><p><br \/>-ELIMINATES RESAW \n-ELIMINATES RESAW SPACE\n-ELIMINATES 2-4 WORKERS\n-8-10 m3 MORE PRODUCTION A DAY<\/p><p><br \/>\u2013 6 BLADES<\/p>\t\t\t\t\t\t<\/div>\n\t\t\t\t<\/div>\n\t\t\t\t\t<\/div>\n\t\t<\/div>\n\t\t\t\t\t<\/div>\n\t\t<\/section>\n\t\t\t\t<section class=\"elementor-section elementor-top-section elementor-element elementor-element-bdc0e56 elementor-section-stretched elementor-section-boxed elementor-section-height-default elementor-section-height-default\" data-id=\"bdc0e56\" data-element_type=\"section\" data-settings=\"{&quot;stretch_section&quot;:&quot;section-stretched&quot;}\">\n\t\t\t\t\t\t<div class=\"elementor-container elementor-column-gap-default\">\n\t\t\t\t\t<div class=\"elementor-column elementor-col-100 elementor-top-column elementor-element elementor-element-c061c60\" data-id=\"c061c60\" data-element_type=\"column\">\n\t\t\t<div class=\"elementor-widget-wrap elementor-element-populated\">\n\t\t\t\t\t\t<div class=\"elementor-element elementor-element-224110b elementor-widget elementor-widget-creote-heading-v2\" data-id=\"224110b\" data-element_type=\"widget\" data-widget_type=\"creote-heading-v2.default\">\n\t\t\t\t<div class=\"elementor-widget-container\">\n\t\t\t<div class=\"heading type_one text_center\">  <div class=\"small_text\">    Technical Specifications <\/div>    <\/div>\r\n\t\t<\/div>\n\t\t\t\t<\/div>\n\t\t\t\t<div class=\"elementor-element elementor-element-c999fa5 elementor-widget elementor-widget-text-editor\" data-id=\"c999fa5\" data-element_type=\"widget\" data-widget_type=\"text-editor.default\">\n\t\t\t\t<div class=\"elementor-widget-container\">\n\t\t\t\t\t\t\t<div><strong>\u2713 <\/strong><strong>Circular Saw Diameter<\/strong>\u00a0| 600mm<\/div>\n\n<div><strong>\u2713 Chipper Head Diameter<\/strong>\u00a0| 800mm<\/div>\n\n<div><strong>\u2713 Max. Chipping Depth<\/strong>\u00a0| Max: 100mm<\/div>\n\n<div><strong>\u2713 Positioning Speed<\/strong>\u00a0| 240 mm \/ sec.<\/div>\n\n<div><strong>\u2713 Main<\/strong>\u00a0<strong>Motor\u00a0<\/strong>\u00a0| 75 kW<\/div>\n\n<div><strong>\u2713 Weight<\/strong>\u00a0| 3000 kg<\/div>\n\n<div><strong>\u2713 Machine Dimensions (W x L x H)<\/strong>\u00a0| 120 x 324 x 189 cm<\/div>\t\t\t\t\t\t<\/div>\n\t\t\t\t<\/div>\n\t\t\t\t\t<\/div>\n\t\t<\/div>\n\t\t\t\t\t<\/div>\n\t\t<\/section>\n\t\t\t\t<\/div>","protected":false},"excerpt":{"rendered":"<p>TOMRUK\u00a0YONGALAMA \u00a0 &#8211; Markol un yapaca\u011f\u0131 kapak kesme i\u015fini yonglama yaparak ortadan kald\u0131r\u0131r. h\u0131z dan ve i\u015fg\u00fcc\u00fcnden kazan\u00e7 sa\u011flar. &#8211; 6 BI\u00c7AKLI Teknik Detaylar \u2713 Daire Testere \u00c7ap\u0131\u00a0| 600 mm \u2713\u00a0Canter Toplam Kafa \u00c7ap\u0131\u00a0| 800 mm \u2713\u00a0Yongalama Derinli\u011fi\u00a0| Max: 100 mm \u2713\u00a0Pozisyonlama H\u0131z\u0131\u00a0| 240 mm \/sn. \u2713\u00a0Ana\u00a0Motor\u00a0\u00a0| 75 kW \u2713\u00a0A\u011f\u0131rl\u0131k\u00a0| 3000 kg \u2713\u00a0Makine \u00d6l\u00e7\u00fcleri ( [&hellip;]<\/p>","protected":false},"author":1,"featured_media":0,"parent":0,"menu_order":0,"comment_status":"closed","ping_status":"closed","template":"","meta":{"footnotes":""},"class_list":["post-6323","page","type-page","status-publish","hentry"],"_links":{"self":[{"href":"https:\/\/fimaksan.com\/en\/wp-json\/wp\/v2\/pages\/6323","targetHints":{"allow":["GET"]}}],"collection":[{"href":"https:\/\/fimaksan.com\/en\/wp-json\/wp\/v2\/pages"}],"about":[{"href":"https:\/\/fimaksan.com\/en\/wp-json\/wp\/v2\/types\/page"}],"author":[{"embeddable":true,"href":"https:\/\/fimaksan.com\/en\/wp-json\/wp\/v2\/users\/1"}],"replies":[{"embeddable":true,"href":"https:\/\/fimaksan.com\/en\/wp-json\/wp\/v2\/comments?post=6323"}],"version-history":[{"count":7,"href":"https:\/\/fimaksan.com\/en\/wp-json\/wp\/v2\/pages\/6323\/revisions"}],"predecessor-version":[{"id":6713,"href":"https:\/\/fimaksan.com\/en\/wp-json\/wp\/v2\/pages\/6323\/revisions\/6713"}],"wp:attachment":[{"href":"https:\/\/fimaksan.com\/en\/wp-json\/wp\/v2\/media?parent=6323"}],"curies":[{"name":"wp","href":"https:\/\/api.w.org\/{rel}","templated":true}]}}