{"id":6309,"date":"2023-04-12T15:24:58","date_gmt":"2023-04-12T12:24:58","guid":{"rendered":"https:\/\/www.hilkomyazilim.com.tr\/fimaksan\/?page_id=6309"},"modified":"2023-04-14T12:05:51","modified_gmt":"2023-04-14T09:05:51","slug":"fi-8-tahta-yan-alma","status":"publish","type":"page","link":"https:\/\/fimaksan.com\/en\/fi-8-tahta-yan-alma\/","title":{"rendered":"Fi.8 BOARD EDGER \u2013 8 cm"},"content":{"rendered":"<div data-elementor-type=\"wp-page\" data-elementor-id=\"6309\" class=\"elementor elementor-6309\">\n\t\t\t\t\t\t<section class=\"elementor-section elementor-top-section elementor-element elementor-element-4e717a9 elementor-section-stretched elementor-section-boxed elementor-section-height-default elementor-section-height-default\" data-id=\"4e717a9\" data-element_type=\"section\" data-settings=\"{&quot;stretch_section&quot;:&quot;section-stretched&quot;}\">\n\t\t\t\t\t\t<div class=\"elementor-container elementor-column-gap-default\">\n\t\t\t\t\t<div class=\"elementor-column elementor-col-33 elementor-top-column elementor-element elementor-element-c9507b7\" data-id=\"c9507b7\" data-element_type=\"column\">\n\t\t\t<div class=\"elementor-widget-wrap\">\n\t\t\t\t\t\t\t<\/div>\n\t\t<\/div>\n\t\t\t\t<div class=\"elementor-column elementor-col-33 elementor-top-column elementor-element elementor-element-b5fb737\" data-id=\"b5fb737\" data-element_type=\"column\">\n\t\t\t<div class=\"elementor-widget-wrap elementor-element-populated\">\n\t\t\t\t\t\t<div class=\"elementor-element elementor-element-a23e17a elementor-widget elementor-widget-text-editor\" data-id=\"a23e17a\" data-element_type=\"widget\" data-widget_type=\"text-editor.default\">\n\t\t\t\t<div class=\"elementor-widget-container\">\n\t\t\t\t\t\t\t<div>F.I. 8 \/ HTYA 6 HYDRAULIC BOARD EDGER \u2013 8 cm \u2013 6 Blades<\/div>\t\t\t\t\t\t<\/div>\n\t\t\t\t<\/div>\n\t\t\t\t<div class=\"elementor-element elementor-element-8d17a81 elementor-widget elementor-widget-image\" data-id=\"8d17a81\" data-element_type=\"widget\" data-widget_type=\"image.default\">\n\t\t\t\t<div class=\"elementor-widget-container\">\n\t\t\t\t\t\t\t\t\t\t\t\t\t<img fetchpriority=\"high\" decoding=\"async\" width=\"1024\" height=\"701\" src=\"https:\/\/fimaksan.com\/wp-content\/uploads\/2023\/04\/uU2aKzJKioMv2FLpssUtTfDDYQQuyKqLF7S3yNXJ-1024x701.png\" class=\"attachment-large size-large wp-image-6310\" alt=\"\" srcset=\"https:\/\/fimaksan.com\/wp-content\/uploads\/2023\/04\/uU2aKzJKioMv2FLpssUtTfDDYQQuyKqLF7S3yNXJ-1024x701.png 1024w, https:\/\/fimaksan.com\/wp-content\/uploads\/2023\/04\/uU2aKzJKioMv2FLpssUtTfDDYQQuyKqLF7S3yNXJ-300x205.png 300w, https:\/\/fimaksan.com\/wp-content\/uploads\/2023\/04\/uU2aKzJKioMv2FLpssUtTfDDYQQuyKqLF7S3yNXJ-768x526.png 768w, https:\/\/fimaksan.com\/wp-content\/uploads\/2023\/04\/uU2aKzJKioMv2FLpssUtTfDDYQQuyKqLF7S3yNXJ-1536x1052.png 1536w, https:\/\/fimaksan.com\/wp-content\/uploads\/2023\/04\/uU2aKzJKioMv2FLpssUtTfDDYQQuyKqLF7S3yNXJ-2048x1402.png 2048w, https:\/\/fimaksan.com\/wp-content\/uploads\/2023\/04\/uU2aKzJKioMv2FLpssUtTfDDYQQuyKqLF7S3yNXJ-600x411.png 600w\" sizes=\"(max-width: 1024px) 100vw, 1024px\" \/>\t\t\t\t\t\t\t\t\t\t\t\t\t<\/div>\n\t\t\t\t<\/div>\n\t\t\t\t\t<\/div>\n\t\t<\/div>\n\t\t\t\t<div class=\"elementor-column elementor-col-33 elementor-top-column elementor-element elementor-element-fd1a5b7\" data-id=\"fd1a5b7\" data-element_type=\"column\">\n\t\t\t<div class=\"elementor-widget-wrap\">\n\t\t\t\t\t\t\t<\/div>\n\t\t<\/div>\n\t\t\t\t\t<\/div>\n\t\t<\/section>\n\t\t\t\t<section class=\"elementor-section elementor-top-section elementor-element elementor-element-d6e4092 elementor-section-stretched elementor-section-boxed elementor-section-height-default elementor-section-height-default\" data-id=\"d6e4092\" data-element_type=\"section\" data-settings=\"{&quot;stretch_section&quot;:&quot;section-stretched&quot;}\">\n\t\t\t\t\t\t<div class=\"elementor-container elementor-column-gap-default\">\n\t\t\t\t\t<div class=\"elementor-column elementor-col-100 elementor-top-column elementor-element elementor-element-f1549fe\" data-id=\"f1549fe\" data-element_type=\"column\">\n\t\t\t<div class=\"elementor-widget-wrap elementor-element-populated\">\n\t\t\t\t\t\t<div class=\"elementor-element elementor-element-7de0f8b elementor-widget elementor-widget-creote-heading-v2\" data-id=\"7de0f8b\" data-element_type=\"widget\" data-widget_type=\"creote-heading-v2.default\">\n\t\t\t\t<div class=\"elementor-widget-container\">\n\t\t\t<div class=\"heading type_one text_center\">  <div class=\"small_text\">    Technical Specifications <\/div>    <\/div>\r\n\t\t<\/div>\n\t\t\t\t<\/div>\n\t\t\t\t<div class=\"elementor-element elementor-element-4567e39 elementor-widget elementor-widget-text-editor\" data-id=\"4567e39\" data-element_type=\"widget\" data-widget_type=\"text-editor.default\">\n\t\t\t\t<div class=\"elementor-widget-container\">\n\t\t\t\t\t\t\t<strong>\u2713 Cutting Thickness<\/strong>\u00a0| Min 15 mm \u2013 Max 80 mm\n<div><strong>\u2713 Working Length<\/strong>\u00a0| Minimum: 110 cm<\/div>\n<strong>\u2713 <\/strong><strong>Cutting Width<\/strong>\u00a0| Max 980mm\n<div><strong>\u2713 Cutting Size (Blade) Intervals<\/strong>\u00a0| 5 \u2013 8 \u2013 10 \u2013 12 \u2013 15 \u2013 18 \u2013 20 cm<\/div>\n<div><strong>\u2713 Saw Shaft Motor Power<\/strong>\u00a0| 15 kW<\/div>\n<div><strong>\u2713 Upper Roller Pressure<\/strong>\u00a0| Hydraulic (6 reels)<\/div>\n<div><strong>\u2713 Saw Hole Diameter<\/strong>\u00a0| 75 mm Standard (6 x 12 Double wedge opposing)<\/div>\n<div><strong>\u2713 Circular Saw Diameter<\/strong>\u00a0| \u00d8300mm<\/div>\n<strong>\u2713 Spacer Flange Diameter Dimensions<\/strong>\u00a0| 110 x 75 width optional-aluminum\n<div><strong>\u2713 Weight<\/strong>\u00a0| 1200 kg<\/div>\n<div><strong>\u2713 Total consumed power <\/strong>\u00a0| Min 24 kW<\/div>\n<div><\/div>\t\t\t\t\t\t<\/div>\n\t\t\t\t<\/div>\n\t\t\t\t\t<\/div>\n\t\t<\/div>\n\t\t\t\t\t<\/div>\n\t\t<\/section>\n\t\t\t\t<\/div>","protected":false},"excerpt":{"rendered":"<p>F\u0130. 8 \/ HTYA 6\u00a0 H\u0130DROL\u0130K TAHTA YAN ALMA \u2013 8 cm &#8211; 6 B\u0131\u00e7akl\u0131 Teknik Detaylar \u2713\u00a0Kesme Kal\u0131nl\u0131k\u00a0| Min 15 mm &#8211; Max 80 mm \u2713\u00a0Tahta \u0130\u015fleme Boyu\u00a0| Minimum: 110 cm \u2713 Kesme Geni\u015fli\u011fi\u00a0| Max 980 mm \u2713\u00a0Kesme \u00d6l\u00e7\u00fc (B\u0131\u00e7ak) Aral\u0131klar\u0131\u00a0| 5 \u2013 8 \u2013 10 \u2013 12 \u2013 15 &#8211; 18 &#8211; 20 [&hellip;]<\/p>","protected":false},"author":1,"featured_media":0,"parent":0,"menu_order":0,"comment_status":"closed","ping_status":"closed","template":"","meta":{"footnotes":""},"class_list":["post-6309","page","type-page","status-publish","hentry"],"_links":{"self":[{"href":"https:\/\/fimaksan.com\/en\/wp-json\/wp\/v2\/pages\/6309","targetHints":{"allow":["GET"]}}],"collection":[{"href":"https:\/\/fimaksan.com\/en\/wp-json\/wp\/v2\/pages"}],"about":[{"href":"https:\/\/fimaksan.com\/en\/wp-json\/wp\/v2\/types\/page"}],"author":[{"embeddable":true,"href":"https:\/\/fimaksan.com\/en\/wp-json\/wp\/v2\/users\/1"}],"replies":[{"embeddable":true,"href":"https:\/\/fimaksan.com\/en\/wp-json\/wp\/v2\/comments?post=6309"}],"version-history":[{"count":10,"href":"https:\/\/fimaksan.com\/en\/wp-json\/wp\/v2\/pages\/6309\/revisions"}],"predecessor-version":[{"id":6707,"href":"https:\/\/fimaksan.com\/en\/wp-json\/wp\/v2\/pages\/6309\/revisions\/6707"}],"wp:attachment":[{"href":"https:\/\/fimaksan.com\/en\/wp-json\/wp\/v2\/media?parent=6309"}],"curies":[{"name":"wp","href":"https:\/\/api.w.org\/{rel}","templated":true}]}}