{"id":6286,"date":"2023-04-12T15:19:45","date_gmt":"2023-04-12T12:19:45","guid":{"rendered":"https:\/\/www.hilkomyazilim.com.tr\/fimaksan\/?page_id=6286"},"modified":"2023-04-14T12:44:24","modified_gmt":"2023-04-14T09:44:24","slug":"coklu-dilimleme-pnomatik","status":"publish","type":"page","link":"https:\/\/fimaksan.com\/en\/coklu-dilimleme-pnomatik\/","title":{"rendered":"FMR \/ 155"},"content":{"rendered":"<div data-elementor-type=\"wp-page\" data-elementor-id=\"6286\" class=\"elementor elementor-6286\">\n\t\t\t\t\t\t<section class=\"elementor-section elementor-top-section elementor-element elementor-element-0cd92a5 elementor-section-stretched elementor-section-boxed elementor-section-height-default elementor-section-height-default\" data-id=\"0cd92a5\" data-element_type=\"section\" data-settings=\"{&quot;stretch_section&quot;:&quot;section-stretched&quot;}\">\n\t\t\t\t\t\t<div class=\"elementor-container elementor-column-gap-default\">\n\t\t\t\t\t<div class=\"elementor-column elementor-col-50 elementor-top-column elementor-element elementor-element-0474c86\" data-id=\"0474c86\" data-element_type=\"column\">\n\t\t\t<div class=\"elementor-widget-wrap elementor-element-populated\">\n\t\t\t\t\t\t<div class=\"elementor-element elementor-element-6d044ec elementor-widget elementor-widget-image\" data-id=\"6d044ec\" data-element_type=\"widget\" data-widget_type=\"image.default\">\n\t\t\t\t<div class=\"elementor-widget-container\">\n\t\t\t\t\t\t\t\t\t\t\t\t\t<img fetchpriority=\"high\" decoding=\"async\" width=\"1024\" height=\"635\" src=\"https:\/\/fimaksan.com\/wp-content\/uploads\/2023\/04\/aoTp9s0qdggmCBsRK1t3BnWVUzKIt3YKkCJyjYeb-1024x635.jpeg\" class=\"attachment-large size-large wp-image-6290\" alt=\"\" srcset=\"https:\/\/fimaksan.com\/wp-content\/uploads\/2023\/04\/aoTp9s0qdggmCBsRK1t3BnWVUzKIt3YKkCJyjYeb-1024x635.jpeg 1024w, https:\/\/fimaksan.com\/wp-content\/uploads\/2023\/04\/aoTp9s0qdggmCBsRK1t3BnWVUzKIt3YKkCJyjYeb-300x186.jpeg 300w, https:\/\/fimaksan.com\/wp-content\/uploads\/2023\/04\/aoTp9s0qdggmCBsRK1t3BnWVUzKIt3YKkCJyjYeb-768x476.jpeg 768w, https:\/\/fimaksan.com\/wp-content\/uploads\/2023\/04\/aoTp9s0qdggmCBsRK1t3BnWVUzKIt3YKkCJyjYeb-1536x953.jpeg 1536w, https:\/\/fimaksan.com\/wp-content\/uploads\/2023\/04\/aoTp9s0qdggmCBsRK1t3BnWVUzKIt3YKkCJyjYeb-2048x1270.jpeg 2048w, https:\/\/fimaksan.com\/wp-content\/uploads\/2023\/04\/aoTp9s0qdggmCBsRK1t3BnWVUzKIt3YKkCJyjYeb-600x372.jpeg 600w\" sizes=\"(max-width: 1024px) 100vw, 1024px\" \/>\t\t\t\t\t\t\t\t\t\t\t\t\t<\/div>\n\t\t\t\t<\/div>\n\t\t\t\t\t<\/div>\n\t\t<\/div>\n\t\t\t\t<div class=\"elementor-column elementor-col-50 elementor-top-column elementor-element elementor-element-c12a195\" data-id=\"c12a195\" data-element_type=\"column\">\n\t\t\t<div class=\"elementor-widget-wrap elementor-element-populated\">\n\t\t\t\t\t\t<div class=\"elementor-element elementor-element-8d966e4 elementor-widget elementor-widget-text-editor\" data-id=\"8d966e4\" data-element_type=\"widget\" data-widget_type=\"text-editor.default\">\n\t\t\t\t<div class=\"elementor-widget-container\">\n\t\t\t\t\t\t\t<p>FMR \/ 155 P \u2013 MULTI SLICING\u00a0<\/p><p>PNEUMATIC ROLLERS<\/p><p>CATERPILLAR CHAIN PALLET\u00a0<\/p><p>SINGLE SPINDLE<\/p><p>MONOBLOK CAST IRON BODY<\/p><p>SILENT<\/p>\t\t\t\t\t\t<\/div>\n\t\t\t\t<\/div>\n\t\t\t\t<div class=\"elementor-element elementor-element-825fb5e elementor-widget elementor-widget-image-gallery\" data-id=\"825fb5e\" data-element_type=\"widget\" data-widget_type=\"image-gallery.default\">\n\t\t\t\t<div class=\"elementor-widget-container\">\n\t\t\t\t\t<div class=\"elementor-image-gallery\">\n\t\t\t\n\t\t<style type=\"text\/css\">\n\t\t\t#gallery-1 {\n\t\t\t\tmargin: auto;\n\t\t\t}\n\t\t\t#gallery-1 .gallery-item {\n\t\t\t\tfloat: left;\n\t\t\t\tmargin-top: 10px;\n\t\t\t\ttext-align: center;\n\t\t\t\twidth: 20%;\n\t\t\t}\n\t\t\t#gallery-1 img {\n\t\t\t\tborder: 2px solid #cfcfcf;\n\t\t\t}\n\t\t\t#gallery-1 .gallery-caption {\n\t\t\t\tmargin-left: 0;\n\t\t\t}\n\t\t\t\/* see gallery_shortcode() in wp-includes\/media.php *\/\n\t\t<\/style>\n\t\t<div id='gallery-1' class='gallery galleryid-6286 gallery-columns-5 gallery-size-thumbnail'><dl class='gallery-item'>\n\t\t\t<dt class='gallery-icon landscape'>\n\t\t\t\t<a data-elementor-open-lightbox=\"yes\" data-elementor-lightbox-slideshow=\"825fb5e\" data-elementor-lightbox-title=\"QJ0x3zvA7c3CDcZPipXcdPfnDmbaJdCMRw0Jorro\" data-e-action-hash=\"#elementor-action%3Aaction%3Dlightbox%26settings%3DeyJpZCI6NjMwMSwidXJsIjoiaHR0cHM6XC9cL2ZpbWFrc2FuLmNvbVwvd3AtY29udGVudFwvdXBsb2Fkc1wvMjAyM1wvMDRcL1FKMHgzenZBN2MzQ0RjWlBpcFhjZFBmbkRtYmFKZENNUncwSm9ycm8ucG5nIiwic2xpZGVzaG93IjoiODI1ZmI1ZSJ9\" href='https:\/\/fimaksan.com\/wp-content\/uploads\/2023\/04\/QJ0x3zvA7c3CDcZPipXcdPfnDmbaJdCMRw0Jorro.png'><img decoding=\"async\" width=\"150\" height=\"150\" src=\"https:\/\/fimaksan.com\/wp-content\/uploads\/2023\/04\/QJ0x3zvA7c3CDcZPipXcdPfnDmbaJdCMRw0Jorro-150x150.png\" class=\"attachment-thumbnail size-thumbnail\" alt=\"\" srcset=\"https:\/\/fimaksan.com\/wp-content\/uploads\/2023\/04\/QJ0x3zvA7c3CDcZPipXcdPfnDmbaJdCMRw0Jorro-150x150.png 150w, https:\/\/fimaksan.com\/wp-content\/uploads\/2023\/04\/QJ0x3zvA7c3CDcZPipXcdPfnDmbaJdCMRw0Jorro-300x300.png 300w, https:\/\/fimaksan.com\/wp-content\/uploads\/2023\/04\/QJ0x3zvA7c3CDcZPipXcdPfnDmbaJdCMRw0Jorro-100x100.png 100w\" sizes=\"(max-width: 150px) 100vw, 150px\" \/><\/a>\n\t\t\t<\/dt><\/dl><dl class='gallery-item'>\n\t\t\t<dt class='gallery-icon landscape'>\n\t\t\t\t<a data-elementor-open-lightbox=\"yes\" data-elementor-lightbox-slideshow=\"825fb5e\" data-elementor-lightbox-title=\"U391cPteWBPoKvysjOGUfi1RzfIaekH5MAkFRicP\" data-e-action-hash=\"#elementor-action%3Aaction%3Dlightbox%26settings%3DeyJpZCI6NjMwOCwidXJsIjoiaHR0cHM6XC9cL2ZpbWFrc2FuLmNvbVwvd3AtY29udGVudFwvdXBsb2Fkc1wvMjAyM1wvMDRcL1UzOTFjUHRlV0JQb0t2eXNqT0dVZmkxUnpmSWFla0g1TUFrRlJpY1AucG5nIiwic2xpZGVzaG93IjoiODI1ZmI1ZSJ9\" href='https:\/\/fimaksan.com\/wp-content\/uploads\/2023\/04\/U391cPteWBPoKvysjOGUfi1RzfIaekH5MAkFRicP.png'><img decoding=\"async\" width=\"150\" height=\"150\" src=\"https:\/\/fimaksan.com\/wp-content\/uploads\/2023\/04\/U391cPteWBPoKvysjOGUfi1RzfIaekH5MAkFRicP-150x150.png\" class=\"attachment-thumbnail size-thumbnail\" alt=\"\" srcset=\"https:\/\/fimaksan.com\/wp-content\/uploads\/2023\/04\/U391cPteWBPoKvysjOGUfi1RzfIaekH5MAkFRicP-150x150.png 150w, https:\/\/fimaksan.com\/wp-content\/uploads\/2023\/04\/U391cPteWBPoKvysjOGUfi1RzfIaekH5MAkFRicP-300x300.png 300w, https:\/\/fimaksan.com\/wp-content\/uploads\/2023\/04\/U391cPteWBPoKvysjOGUfi1RzfIaekH5MAkFRicP-100x100.png 100w\" sizes=\"(max-width: 150px) 100vw, 150px\" \/><\/a>\n\t\t\t<\/dt><\/dl><dl class='gallery-item'>\n\t\t\t<dt class='gallery-icon landscape'>\n\t\t\t\t<a data-elementor-open-lightbox=\"yes\" data-elementor-lightbox-slideshow=\"825fb5e\" data-elementor-lightbox-title=\"qEkpcosTVICUGs780Ekg8bNeQDXAkKGK7MhNuE3P\" data-e-action-hash=\"#elementor-action%3Aaction%3Dlightbox%26settings%3DeyJpZCI6NjMxNSwidXJsIjoiaHR0cHM6XC9cL2ZpbWFrc2FuLmNvbVwvd3AtY29udGVudFwvdXBsb2Fkc1wvMjAyM1wvMDRcL3FFa3Bjb3NUVklDVUdzNzgwRWtnOGJOZVFEWEFrS0dLN01oTnVFM1AucG5nIiwic2xpZGVzaG93IjoiODI1ZmI1ZSJ9\" href='https:\/\/fimaksan.com\/wp-content\/uploads\/2023\/04\/qEkpcosTVICUGs780Ekg8bNeQDXAkKGK7MhNuE3P.png'><img loading=\"lazy\" decoding=\"async\" width=\"150\" height=\"150\" src=\"https:\/\/fimaksan.com\/wp-content\/uploads\/2023\/04\/qEkpcosTVICUGs780Ekg8bNeQDXAkKGK7MhNuE3P-150x150.png\" class=\"attachment-thumbnail size-thumbnail\" alt=\"\" srcset=\"https:\/\/fimaksan.com\/wp-content\/uploads\/2023\/04\/qEkpcosTVICUGs780Ekg8bNeQDXAkKGK7MhNuE3P-150x150.png 150w, https:\/\/fimaksan.com\/wp-content\/uploads\/2023\/04\/qEkpcosTVICUGs780Ekg8bNeQDXAkKGK7MhNuE3P-300x300.png 300w, https:\/\/fimaksan.com\/wp-content\/uploads\/2023\/04\/qEkpcosTVICUGs780Ekg8bNeQDXAkKGK7MhNuE3P-100x100.png 100w\" sizes=\"(max-width: 150px) 100vw, 150px\" \/><\/a>\n\t\t\t<\/dt><\/dl><dl class='gallery-item'>\n\t\t\t<dt class='gallery-icon landscape'>\n\t\t\t\t<a data-elementor-open-lightbox=\"yes\" data-elementor-lightbox-slideshow=\"825fb5e\" data-elementor-lightbox-title=\"jzArEUlcamLsHEymlbDuERuitzUXO1tVXO5TYBTu\" data-e-action-hash=\"#elementor-action%3Aaction%3Dlightbox%26settings%3DeyJpZCI6NjMxNiwidXJsIjoiaHR0cHM6XC9cL2ZpbWFrc2FuLmNvbVwvd3AtY29udGVudFwvdXBsb2Fkc1wvMjAyM1wvMDRcL2p6QXJFVWxjYW1Mc0hFeW1sYkR1RVJ1aXR6VVhPMXRWWE81VFlCVHUucG5nIiwic2xpZGVzaG93IjoiODI1ZmI1ZSJ9\" href='https:\/\/fimaksan.com\/wp-content\/uploads\/2023\/04\/jzArEUlcamLsHEymlbDuERuitzUXO1tVXO5TYBTu.png'><img loading=\"lazy\" decoding=\"async\" width=\"150\" height=\"150\" src=\"https:\/\/fimaksan.com\/wp-content\/uploads\/2023\/04\/jzArEUlcamLsHEymlbDuERuitzUXO1tVXO5TYBTu-150x150.png\" class=\"attachment-thumbnail size-thumbnail\" alt=\"\" srcset=\"https:\/\/fimaksan.com\/wp-content\/uploads\/2023\/04\/jzArEUlcamLsHEymlbDuERuitzUXO1tVXO5TYBTu-150x150.png 150w, https:\/\/fimaksan.com\/wp-content\/uploads\/2023\/04\/jzArEUlcamLsHEymlbDuERuitzUXO1tVXO5TYBTu-300x300.png 300w, https:\/\/fimaksan.com\/wp-content\/uploads\/2023\/04\/jzArEUlcamLsHEymlbDuERuitzUXO1tVXO5TYBTu-100x100.png 100w\" sizes=\"(max-width: 150px) 100vw, 150px\" \/><\/a>\n\t\t\t<\/dt><\/dl><dl class='gallery-item'>\n\t\t\t<dt class='gallery-icon landscape'>\n\t\t\t\t<a data-elementor-open-lightbox=\"yes\" data-elementor-lightbox-slideshow=\"825fb5e\" data-elementor-lightbox-title=\"ZKvJcl04rtbzofZG9HiZrCX2q5ShERv2s0jgBnJb\" data-e-action-hash=\"#elementor-action%3Aaction%3Dlightbox%26settings%3DeyJpZCI6NjMxOCwidXJsIjoiaHR0cHM6XC9cL2ZpbWFrc2FuLmNvbVwvd3AtY29udGVudFwvdXBsb2Fkc1wvMjAyM1wvMDRcL1pLdkpjbDA0cnRiem9mWkc5SGlackNYMnE1U2hFUnYyczBqZ0JuSmIucG5nIiwic2xpZGVzaG93IjoiODI1ZmI1ZSJ9\" href='https:\/\/fimaksan.com\/wp-content\/uploads\/2023\/04\/ZKvJcl04rtbzofZG9HiZrCX2q5ShERv2s0jgBnJb.png'><img loading=\"lazy\" decoding=\"async\" width=\"150\" height=\"150\" src=\"https:\/\/fimaksan.com\/wp-content\/uploads\/2023\/04\/ZKvJcl04rtbzofZG9HiZrCX2q5ShERv2s0jgBnJb-150x150.png\" class=\"attachment-thumbnail size-thumbnail\" alt=\"\" srcset=\"https:\/\/fimaksan.com\/wp-content\/uploads\/2023\/04\/ZKvJcl04rtbzofZG9HiZrCX2q5ShERv2s0jgBnJb-150x150.png 150w, https:\/\/fimaksan.com\/wp-content\/uploads\/2023\/04\/ZKvJcl04rtbzofZG9HiZrCX2q5ShERv2s0jgBnJb-300x300.png 300w, https:\/\/fimaksan.com\/wp-content\/uploads\/2023\/04\/ZKvJcl04rtbzofZG9HiZrCX2q5ShERv2s0jgBnJb-100x100.png 100w\" sizes=\"(max-width: 150px) 100vw, 150px\" \/><\/a>\n\t\t\t<\/dt><\/dl><br style=\"clear: both\" \/>\n\t\t<\/div>\n\t\t<\/div>\n\t\t\t\t<\/div>\n\t\t\t\t<\/div>\n\t\t\t\t\t<\/div>\n\t\t<\/div>\n\t\t\t\t\t<\/div>\n\t\t<\/section>\n\t\t\t\t<section class=\"elementor-section elementor-top-section elementor-element elementor-element-c8400b3 elementor-section-boxed elementor-section-height-default elementor-section-height-default\" data-id=\"c8400b3\" data-element_type=\"section\">\n\t\t\t\t\t\t<div class=\"elementor-container elementor-column-gap-default\">\n\t\t\t\t\t<div class=\"elementor-column elementor-col-100 elementor-top-column elementor-element elementor-element-cba43a5\" data-id=\"cba43a5\" data-element_type=\"column\">\n\t\t\t<div class=\"elementor-widget-wrap elementor-element-populated\">\n\t\t\t\t\t\t<div class=\"elementor-element elementor-element-856d034 elementor-widget elementor-widget-creote-heading-v2\" data-id=\"856d034\" data-element_type=\"widget\" data-widget_type=\"creote-heading-v2.default\">\n\t\t\t\t<div class=\"elementor-widget-container\">\n\t\t\t<div class=\"heading type_one text_center\">  <div class=\"small_text\">    Technical Specifications <\/div>    <\/div>\r\n\t\t<\/div>\n\t\t\t\t<\/div>\n\t\t\t\t\t<\/div>\n\t\t<\/div>\n\t\t\t\t\t<\/div>\n\t\t<\/section>\n\t\t\t\t<section class=\"elementor-section elementor-top-section elementor-element elementor-element-2ac4c5a elementor-section-stretched elementor-section-boxed elementor-section-height-default elementor-section-height-default\" data-id=\"2ac4c5a\" data-element_type=\"section\" data-settings=\"{&quot;stretch_section&quot;:&quot;section-stretched&quot;}\">\n\t\t\t\t\t\t<div class=\"elementor-container elementor-column-gap-default\">\n\t\t\t\t\t<div class=\"elementor-column elementor-col-50 elementor-top-column elementor-element elementor-element-09b4f00\" data-id=\"09b4f00\" data-element_type=\"column\">\n\t\t\t<div class=\"elementor-widget-wrap elementor-element-populated\">\n\t\t\t\t\t\t<div class=\"elementor-element elementor-element-140c813 elementor-widget elementor-widget-text-editor\" data-id=\"140c813\" data-element_type=\"widget\" data-widget_type=\"text-editor.default\">\n\t\t\t\t<div class=\"elementor-widget-container\">\n\t\t\t\t\t\t\t<div><strong>\u2713 Cutting Thickness <\/strong>\u00a0| Max: 155<\/div>\n\n<div><strong>\u2713 Min. Cutting Width\u00a0<\/strong>\u00a0| Min: 350mm<\/div>\n\n<div><strong>\u2713 Min. Cut Length<\/strong>\u00a0| Min: 800mm<\/div>\n\n<div><strong>\u2713 Max. Saw Blade Diameter\u00a0<\/strong>\u00a0| Max: 450mm<\/div>\n\n<div><strong>\u2713 Max. Saw Blade Diameter\u00a0<\/strong>\u00a0| Min: 355mm<\/div>\n\n<div><strong>\u2713 Saw Blade Hole Diameter\u00a0<\/strong>\u00a0| 70mm<\/div>\n\n<div><strong>\u2713 Main Spindle Diameter<\/strong>\u00a0| 55mm<\/div>\n\n<div><strong>\u2713 Saw Blade Turn Speed<\/strong>\u00a0| 2500 rpm.<\/div>\n\n<div><strong>\u2713 Saw Blade Turn Speed\u00a0<\/strong>\u00a0| 3000 rpm.<\/div>\n\n<strong>\u2713 Saw Main Motor Power\u00a0<\/strong>\u00a0| 75 hp\t\t\t\t\t\t<\/div>\n\t\t\t\t<\/div>\n\t\t\t\t\t<\/div>\n\t\t<\/div>\n\t\t\t\t<div class=\"elementor-column elementor-col-50 elementor-top-column elementor-element elementor-element-9d74fa1\" data-id=\"9d74fa1\" data-element_type=\"column\">\n\t\t\t<div class=\"elementor-widget-wrap elementor-element-populated\">\n\t\t\t\t\t\t<div class=\"elementor-element elementor-element-2b40ad9 elementor-widget elementor-widget-text-editor\" data-id=\"2b40ad9\" data-element_type=\"widget\" data-widget_type=\"text-editor.default\">\n\t\t\t\t<div class=\"elementor-widget-container\">\n\t\t\t\t\t\t\t<div><strong>\u2713 Caterpillar Feed Chain Movement Motor<\/strong>\u00a0| 3 hp<\/div>\n\n<div><strong>\u2713 Caterpillar Movement Speed<\/strong>\u00a0| 2.2-24 m\/min<\/div>\n\n<div><strong>\u2713 Spindle Elevation Motor\u00a0<\/strong>\u00a0| 1.0 hp<\/div>\n\n<div><strong>\u2713 Daily Capacity\u00a0<\/strong>\u00a0| 50 m3<\/div>\n\n<div><strong>\u2713 Work Table Dimension\u00a0<\/strong>\u00a0| 1840 x 790<\/div>\n\n<div><strong>\u2713 Dimensions  (L x W x H)<\/strong>\u00a0| 2340 x 1590 x 1510<\/div>\n\n<div><strong>\u2713 Weight\u00a0<\/strong>\u00a0| 2700 Kg<\/div>\n\n<div><strong>\u2713 Weight + Packing\u00a0<\/strong>\u00a0| 3000 Kg<\/div>\n\n<div><strong>\u2713 Hold Down Rollers<\/strong>\u00a0| pneumatic system<\/div>\n\n<div><strong>\u2713 Pneumatic Thickness Tolerance (flexibility)<\/strong>\u00a0| Max. 25mm<\/div>\t\t\t\t\t\t<\/div>\n\t\t\t\t<\/div>\n\t\t\t\t\t<\/div>\n\t\t<\/div>\n\t\t\t\t\t<\/div>\n\t\t<\/section>\n\t\t\t\t<\/div>","protected":false},"excerpt":{"rendered":"<p>FMR \/ 155 P\u00a0 &#8211; \u00c7OKLU D\u0130L\u0130MLEME\u00a0 &#8211; PN\u00d6MAT\u0130K BASKILI &#8211; PALETL\u0130\u00a0 &#8211; TEK M\u0130LL\u0130 &#8211; MONOBLOK D\u00d6K\u00dcM G\u00d6VDE &#8211; SESS\u0130Z Teknik Detaylar \u2713\u00a0Kesim Kal\u0131nl\u0131k \u00a0| Max: 155 \u2713\u00a0Kesim Geni\u015flik\u00a0\u00a0| Min: 350 mm \u2713\u00a0Kesme uzunluk\u00a0| Min: 800 mm \u2713\u00a0Testere \u00c7ap\u00a0\u00a0| Max: 450 mm \u2713\u00a0Testere \u00c7ap\u00a0\u00a0| Min: 355 mm \u2713\u00a0Testere Delik \u00c7ap\u00a0\u00a0| 70 mm \u2713\u00a0Ana Mil [&hellip;]<\/p>","protected":false},"author":1,"featured_media":0,"parent":0,"menu_order":0,"comment_status":"closed","ping_status":"closed","template":"","meta":{"footnotes":""},"class_list":["post-6286","page","type-page","status-publish","hentry"],"_links":{"self":[{"href":"https:\/\/fimaksan.com\/en\/wp-json\/wp\/v2\/pages\/6286","targetHints":{"allow":["GET"]}}],"collection":[{"href":"https:\/\/fimaksan.com\/en\/wp-json\/wp\/v2\/pages"}],"about":[{"href":"https:\/\/fimaksan.com\/en\/wp-json\/wp\/v2\/types\/page"}],"author":[{"embeddable":true,"href":"https:\/\/fimaksan.com\/en\/wp-json\/wp\/v2\/users\/1"}],"replies":[{"embeddable":true,"href":"https:\/\/fimaksan.com\/en\/wp-json\/wp\/v2\/comments?post=6286"}],"version-history":[{"count":16,"href":"https:\/\/fimaksan.com\/en\/wp-json\/wp\/v2\/pages\/6286\/revisions"}],"predecessor-version":[{"id":6763,"href":"https:\/\/fimaksan.com\/en\/wp-json\/wp\/v2\/pages\/6286\/revisions\/6763"}],"wp:attachment":[{"href":"https:\/\/fimaksan.com\/en\/wp-json\/wp\/v2\/media?parent=6286"}],"curies":[{"name":"wp","href":"https:\/\/api.w.org\/{rel}","templated":true}]}}