{"id":6265,"date":"2023-04-12T15:10:53","date_gmt":"2023-04-12T12:10:53","guid":{"rendered":"https:\/\/www.hilkomyazilim.com.tr\/fimaksan\/?page_id=6265"},"modified":"2023-04-14T12:32:13","modified_gmt":"2023-04-14T09:32:13","slug":"fi-100-tahta-yarma-dikey-markol","status":"publish","type":"page","link":"https:\/\/fimaksan.com\/en\/fi-100-tahta-yarma-dikey-markol\/","title":{"rendered":"F\u0130.100 HYDRAULIC VERTICAL RESAW"},"content":{"rendered":"<div data-elementor-type=\"wp-page\" data-elementor-id=\"6265\" class=\"elementor elementor-6265\">\n\t\t\t\t\t\t<section class=\"elementor-section elementor-top-section elementor-element elementor-element-d2dde04 elementor-section-stretched elementor-section-boxed elementor-section-height-default elementor-section-height-default\" data-id=\"d2dde04\" data-element_type=\"section\" data-settings=\"{&quot;stretch_section&quot;:&quot;section-stretched&quot;}\">\n\t\t\t\t\t\t<div class=\"elementor-container elementor-column-gap-default\">\n\t\t\t\t\t<div class=\"elementor-column elementor-col-33 elementor-top-column elementor-element elementor-element-92a1ac0\" data-id=\"92a1ac0\" data-element_type=\"column\">\n\t\t\t<div class=\"elementor-widget-wrap\">\n\t\t\t\t\t\t\t<\/div>\n\t\t<\/div>\n\t\t\t\t<div class=\"elementor-column elementor-col-33 elementor-top-column elementor-element elementor-element-8ce07d8\" data-id=\"8ce07d8\" data-element_type=\"column\">\n\t\t\t<div class=\"elementor-widget-wrap elementor-element-populated\">\n\t\t\t\t\t\t<div class=\"elementor-element elementor-element-2470b32 elementor-widget elementor-widget-text-editor\" data-id=\"2470b32\" data-element_type=\"widget\" data-widget_type=\"text-editor.default\">\n\t\t\t\t<div class=\"elementor-widget-container\">\n\t\t\t\t\t\t\t<div>F\u0130. 100 \/ HDG M \nRESAW - HYDRAULIC - VERTICAL\u00a0<\/div>\t\t\t\t\t\t<\/div>\n\t\t\t\t<\/div>\n\t\t\t\t<div class=\"elementor-element elementor-element-ab8e131 elementor-widget elementor-widget-image\" data-id=\"ab8e131\" data-element_type=\"widget\" data-widget_type=\"image.default\">\n\t\t\t\t<div class=\"elementor-widget-container\">\n\t\t\t\t\t\t\t\t\t\t\t\t\t<img fetchpriority=\"high\" decoding=\"async\" width=\"500\" height=\"500\" src=\"https:\/\/fimaksan.com\/wp-content\/uploads\/2023\/04\/Adsiz-tasarim-10-1.png\" class=\"attachment-large size-large wp-image-6686\" alt=\"\" srcset=\"https:\/\/fimaksan.com\/wp-content\/uploads\/2023\/04\/Adsiz-tasarim-10-1.png 500w, https:\/\/fimaksan.com\/wp-content\/uploads\/2023\/04\/Adsiz-tasarim-10-1-300x300.png 300w, https:\/\/fimaksan.com\/wp-content\/uploads\/2023\/04\/Adsiz-tasarim-10-1-150x150.png 150w, https:\/\/fimaksan.com\/wp-content\/uploads\/2023\/04\/Adsiz-tasarim-10-1-100x100.png 100w\" sizes=\"(max-width: 500px) 100vw, 500px\" \/>\t\t\t\t\t\t\t\t\t\t\t\t\t<\/div>\n\t\t\t\t<\/div>\n\t\t\t\t\t<\/div>\n\t\t<\/div>\n\t\t\t\t<div class=\"elementor-column elementor-col-33 elementor-top-column elementor-element elementor-element-39237a4\" data-id=\"39237a4\" data-element_type=\"column\">\n\t\t\t<div class=\"elementor-widget-wrap\">\n\t\t\t\t\t\t\t<\/div>\n\t\t<\/div>\n\t\t\t\t\t<\/div>\n\t\t<\/section>\n\t\t\t\t<section class=\"elementor-section elementor-top-section elementor-element elementor-element-7a22a49 elementor-section-boxed elementor-section-height-default elementor-section-height-default\" data-id=\"7a22a49\" data-element_type=\"section\">\n\t\t\t\t\t\t<div class=\"elementor-container elementor-column-gap-default\">\n\t\t\t\t\t<div class=\"elementor-column elementor-col-100 elementor-top-column elementor-element elementor-element-1c05326\" data-id=\"1c05326\" data-element_type=\"column\">\n\t\t\t<div class=\"elementor-widget-wrap elementor-element-populated\">\n\t\t\t\t\t\t<div class=\"elementor-element elementor-element-3e6ae09 elementor-widget elementor-widget-creote-heading-v2\" data-id=\"3e6ae09\" data-element_type=\"widget\" data-widget_type=\"creote-heading-v2.default\">\n\t\t\t\t<div class=\"elementor-widget-container\">\n\t\t\t<div class=\"heading type_one text_center\">  <div class=\"small_text\">    Technical Specifications <\/div>    <\/div>\r\n\t\t<\/div>\n\t\t\t\t<\/div>\n\t\t\t\t\t<\/div>\n\t\t<\/div>\n\t\t\t\t\t<\/div>\n\t\t<\/section>\n\t\t\t\t<section class=\"elementor-section elementor-top-section elementor-element elementor-element-73ab85c elementor-section-stretched elementor-section-boxed elementor-section-height-default elementor-section-height-default\" data-id=\"73ab85c\" data-element_type=\"section\" data-settings=\"{&quot;stretch_section&quot;:&quot;section-stretched&quot;}\">\n\t\t\t\t\t\t<div class=\"elementor-container elementor-column-gap-default\">\n\t\t\t\t\t<div class=\"elementor-column elementor-col-50 elementor-top-column elementor-element elementor-element-00757b0\" data-id=\"00757b0\" data-element_type=\"column\">\n\t\t\t<div class=\"elementor-widget-wrap elementor-element-populated\">\n\t\t\t\t\t\t<div class=\"elementor-element elementor-element-ff7a938 elementor-widget elementor-widget-text-editor\" data-id=\"ff7a938\" data-element_type=\"widget\" data-widget_type=\"text-editor.default\">\n\t\t\t\t<div class=\"elementor-widget-container\">\n\t\t\t\t\t\t\t<div><strong>\u2713 Flywheel Diameter<\/strong>\u00a0| 1000mm (100cm)<\/div>\n\n<div><strong>\u2713 Flywheel Width<\/strong>\u00a0| 120mm (12cm)<\/div>\n\n<div><strong>\u2713 Cutting Width<\/strong>\u00a0| Min: 10 mm (10 cm) Max: 250 mm (25 cm)<\/div>\n\n<div><strong>\u2713 Max. Working Width<\/strong>\u00a0| Max: 555mm (55.5cm)\n<\/div>\n\n<div><strong>\u2713 Cutting Height<\/strong>\u00a0| Min: 20 mm (2 cm) Max: 475 mm (47.5 cm)<\/div>\n\n<div><strong>\u2713 Feed Speed<\/strong>\u00a0| 0 \u2013 60 m \/ min<\/div>\n\n<div><strong>\u2713 Main Motor<\/strong>\u00a0| 30 kW \/ 40 hp \/ 1400 rpm<\/div>\n\n<div><strong>\u2713 Sawblade Tensioning<\/strong>\u00a0| Hydraulic<\/div>\n\n<div><strong>\u2713 Sawblade Guide Adjustment<\/strong>\u00a0| Hydraulic system \u2013 Piston<\/div>\n\n<div><strong>\u2713 Weight<\/strong>\u00a0| 3800 kg.<\/div>\n\n<div><strong>\u2713 Upper &amp; Lower Bearings<\/strong>\u00a0| SKF \u2013 C3<\/div>\t\t\t\t\t\t<\/div>\n\t\t\t\t<\/div>\n\t\t\t\t\t<\/div>\n\t\t<\/div>\n\t\t\t\t<div class=\"elementor-column elementor-col-50 elementor-top-column elementor-element elementor-element-1bc832f\" data-id=\"1bc832f\" data-element_type=\"column\">\n\t\t\t<div class=\"elementor-widget-wrap elementor-element-populated\">\n\t\t\t\t\t\t<div class=\"elementor-element elementor-element-556dfa5 elementor-widget elementor-widget-text-editor\" data-id=\"556dfa5\" data-element_type=\"widget\" data-widget_type=\"text-editor.default\">\n\t\t\t\t<div class=\"elementor-widget-container\">\n\t\t\t\t\t\t\t<div><strong>\u2713 Positioning<\/strong>\u00a0| PLC Control Panel - Color Touch Screen\n18 Adjustable set sizes ready<\/div>\n\n<div><strong>\u2713 Max sawblade Size<\/strong>\u00a0| Max: 120 X 1.0 X 8150 mm<\/div>\n\n<div><strong>\u2713 Min sawblade Size<\/strong>\u00a0| Min: 80 X 1.0 X 7900 mm<\/div>\n\n<div><strong>\u2713 Sawblade Lubrication Spray System<\/strong>\u00a0| Automatic - timer adjustment<\/div>\n\n<div><strong>\u2713 Electric Panel (Star-Delta)<\/strong>\u00a0| Included. and mounted<\/div>\n\n<div><strong>\u2713 Belt Drive Pulley System<\/strong>\u00a0| Mounted on the pulleys<\/div>\n\n<div><strong>\u2713 Bearings Lubrication System<\/strong>\u00a0| Manual, by hand grease pump<\/div>\n\n<div><strong>\u2713 Machine Dimensions\u00a0<\/strong>\u00a0| 3120 X 240 X 50 cm (Length, width, height)<\/div>\n\n<div><strong>\u2713 Hydraulic Cooling system<\/strong>\u00a0| Automatic thermostat radiator fan system<\/div>\t\t\t\t\t\t<\/div>\n\t\t\t\t<\/div>\n\t\t\t\t\t<\/div>\n\t\t<\/div>\n\t\t\t\t\t<\/div>\n\t\t<\/section>\n\t\t\t\t<\/div>","protected":false},"excerpt":{"rendered":"<p>F\u0130: 100 \/ HDG M H\u0130DROL\u0130K D\u0130K G\u00d6VDE \/ MARKOL\u00a0 Teknik Detaylar \u2713\u00a0Volan \u00c7ap\u00a0| 1000 mm\u00a0 (100 cm) \u2713\u00a0Volan Geni\u015flik\u00a0| 120 mm \u00a0 (12 cm) \u2713\u00a0Kesme Geni\u015flik\u00a0| Min: 10 mm (10 cm) Max: 250 mm (25 cm) \u2713\u00a0\u00c7al\u0131\u015fma Geni\u015flik\u00a0| Max: 555 mm\u00a0 (55,5 cm) \u2713\u00a0Kesme Y\u00fckseklik\u00a0| Min: 20 mm (2 cm) Max: 475 mm (47,5 [&hellip;]<\/p>","protected":false},"author":1,"featured_media":0,"parent":0,"menu_order":0,"comment_status":"closed","ping_status":"closed","template":"","meta":{"footnotes":""},"class_list":["post-6265","page","type-page","status-publish","hentry"],"_links":{"self":[{"href":"https:\/\/fimaksan.com\/en\/wp-json\/wp\/v2\/pages\/6265","targetHints":{"allow":["GET"]}}],"collection":[{"href":"https:\/\/fimaksan.com\/en\/wp-json\/wp\/v2\/pages"}],"about":[{"href":"https:\/\/fimaksan.com\/en\/wp-json\/wp\/v2\/types\/page"}],"author":[{"embeddable":true,"href":"https:\/\/fimaksan.com\/en\/wp-json\/wp\/v2\/users\/1"}],"replies":[{"embeddable":true,"href":"https:\/\/fimaksan.com\/en\/wp-json\/wp\/v2\/comments?post=6265"}],"version-history":[{"count":10,"href":"https:\/\/fimaksan.com\/en\/wp-json\/wp\/v2\/pages\/6265\/revisions"}],"predecessor-version":[{"id":6757,"href":"https:\/\/fimaksan.com\/en\/wp-json\/wp\/v2\/pages\/6265\/revisions\/6757"}],"wp:attachment":[{"href":"https:\/\/fimaksan.com\/en\/wp-json\/wp\/v2\/media?parent=6265"}],"curies":[{"name":"wp","href":"https:\/\/api.w.org\/{rel}","templated":true}]}}