{"id":6247,"date":"2023-04-12T15:01:46","date_gmt":"2023-04-12T12:01:46","guid":{"rendered":"https:\/\/www.hilkomyazilim.com.tr\/fimaksan\/?page_id=6247"},"modified":"2023-04-14T12:28:12","modified_gmt":"2023-04-14T09:28:12","slug":"fi-140-tandem-serit-tomruk-bickisi","status":"publish","type":"page","link":"https:\/\/fimaksan.com\/en\/fi-140-tandem-serit-tomruk-bickisi\/","title":{"rendered":"F\u0130.140 Tandem \u015eerit &#8211; Tomruk B\u0131\u00e7k\u0131s\u0131"},"content":{"rendered":"<div data-elementor-type=\"wp-page\" data-elementor-id=\"6247\" class=\"elementor elementor-6247\">\n\t\t\t\t\t\t<section class=\"elementor-section elementor-top-section elementor-element elementor-element-a692d54 elementor-section-stretched elementor-section-boxed elementor-section-height-default elementor-section-height-default\" data-id=\"a692d54\" data-element_type=\"section\" data-settings=\"{&quot;stretch_section&quot;:&quot;section-stretched&quot;}\">\n\t\t\t\t\t\t<div class=\"elementor-container elementor-column-gap-default\">\n\t\t\t\t\t<div class=\"elementor-column elementor-col-33 elementor-top-column elementor-element elementor-element-c1a48f9\" data-id=\"c1a48f9\" data-element_type=\"column\">\n\t\t\t<div class=\"elementor-widget-wrap\">\n\t\t\t\t\t\t\t<\/div>\n\t\t<\/div>\n\t\t\t\t<div class=\"elementor-column elementor-col-33 elementor-top-column elementor-element elementor-element-5a4d816\" data-id=\"5a4d816\" data-element_type=\"column\">\n\t\t\t<div class=\"elementor-widget-wrap elementor-element-populated\">\n\t\t\t\t\t\t<div class=\"elementor-element elementor-element-ee56427 elementor-widget elementor-widget-text-editor\" data-id=\"ee56427\" data-element_type=\"widget\" data-widget_type=\"text-editor.default\">\n\t\t\t\t<div class=\"elementor-widget-container\">\n\t\t\t\t\t\t\t<p>F\u0130.140 \/ HDG-T HYDRAULIC VERTICAL BANDSAW \u2013 TANDEM SYSTEM<\/p>\t\t\t\t\t\t<\/div>\n\t\t\t\t<\/div>\n\t\t\t\t<div class=\"elementor-element elementor-element-a5825b8 elementor-widget elementor-widget-creote-simple-image-box-v1\" data-id=\"a5825b8\" data-element_type=\"widget\" data-widget_type=\"creote-simple-image-box-v1.default\">\n\t\t\t\t<div class=\"elementor-widget-container\">\n\t\t\t<div class=\"simple_image_boxes\"   data-aos=\"fade-up\" data-aos-delay=\"0\"  data-aos-offset=\"0\" >\r\n   <img decoding=\"async\" src=\"https:\/\/fimaksan.com\/\/wp-content\/uploads\/2023\/04\/Adsiz-tasarim-9.png\" class=\"simp_img\" alt=\"\" \/>\r\n<\/div>\r\n\t\t<\/div>\n\t\t\t\t<\/div>\n\t\t\t\t\t<\/div>\n\t\t<\/div>\n\t\t\t\t<div class=\"elementor-column elementor-col-33 elementor-top-column elementor-element elementor-element-779c402\" data-id=\"779c402\" data-element_type=\"column\">\n\t\t\t<div class=\"elementor-widget-wrap\">\n\t\t\t\t\t\t\t<\/div>\n\t\t<\/div>\n\t\t\t\t\t<\/div>\n\t\t<\/section>\n\t\t\t\t<section class=\"elementor-section elementor-top-section elementor-element elementor-element-839e147 elementor-section-boxed elementor-section-height-default elementor-section-height-default\" data-id=\"839e147\" data-element_type=\"section\">\n\t\t\t\t\t\t<div class=\"elementor-container elementor-column-gap-default\">\n\t\t\t\t\t<div class=\"elementor-column elementor-col-100 elementor-top-column elementor-element elementor-element-fc6818c\" data-id=\"fc6818c\" data-element_type=\"column\">\n\t\t\t<div class=\"elementor-widget-wrap elementor-element-populated\">\n\t\t\t\t\t\t<div class=\"elementor-element elementor-element-70f5e91 elementor-widget elementor-widget-creote-heading-v2\" data-id=\"70f5e91\" data-element_type=\"widget\" data-widget_type=\"creote-heading-v2.default\">\n\t\t\t\t<div class=\"elementor-widget-container\">\n\t\t\t<div class=\"heading type_one text_center\">  <div class=\"small_text\">    Technical Specifications <\/div>    <\/div>\r\n\t\t<\/div>\n\t\t\t\t<\/div>\n\t\t\t\t\t<\/div>\n\t\t<\/div>\n\t\t\t\t\t<\/div>\n\t\t<\/section>\n\t\t\t\t<section class=\"elementor-section elementor-top-section elementor-element elementor-element-5aacca0 elementor-section-stretched elementor-section-boxed elementor-section-height-default elementor-section-height-default\" data-id=\"5aacca0\" data-element_type=\"section\" data-settings=\"{&quot;stretch_section&quot;:&quot;section-stretched&quot;}\">\n\t\t\t\t\t\t<div class=\"elementor-container elementor-column-gap-default\">\n\t\t\t\t\t<div class=\"elementor-column elementor-col-50 elementor-top-column elementor-element elementor-element-a11a93f\" data-id=\"a11a93f\" data-element_type=\"column\">\n\t\t\t<div class=\"elementor-widget-wrap elementor-element-populated\">\n\t\t\t\t\t\t<div class=\"elementor-element elementor-element-96853c8 elementor-widget elementor-widget-text-editor\" data-id=\"96853c8\" data-element_type=\"widget\" data-widget_type=\"text-editor.default\">\n\t\t\t\t<div class=\"elementor-widget-container\">\n\t\t\t\t\t\t\t<div><strong>\u2713\u00a0<\/strong>\u00a0<strong>Flywheel Diameter<\/strong>\u00a0 | 1400mm<\/div>\n\n<div><strong>\u2713 Flywheel Width <\/strong>\u00a0| 180mm<\/div>\n\n<div><strong>\u2713 <\/strong><strong>Maximum Cutting Height\u00a0<\/strong>| 1400 mm<\/div>\n\n<div><strong>\u2713 Maximum Cutting Width\u00a0 \u00a0<\/strong>| 700mm<\/div>\n\n<div><strong>\u2713 Maximum Working Width\u00a0 \u00a0<\/strong>| 700mm<\/div>\n\n<div><strong>\u2713 Minimum Cutting Height\u00a0 \u00a0 \u00a0<\/strong>| 20mm<\/div>\n\n<div><strong>\u2713 <\/strong><strong>Main Motor X 2<\/strong>\u00a0|\u00a0\u00a0<strong>55 kW , 74 HP \/ 1400 rpm (75 kW, 100 HP; Optional) X 2<\/strong><\/div>\n\n<div><strong>\u2713 Sawblade Tensioning <\/strong>\u00a0| Hydraulic Powered Cylinder<\/div>\n\n<div><strong>\u2713 <\/strong><strong>Sawblade Guide\u00a0<\/strong>\u00a0| Hydraulic Powered Cylinder<\/div>\n\n<div><strong>\u2713 Upper &amp; Lower Bearings <\/strong>|\u00a0<strong>SKF \u2013 C3<\/strong><\/div>\n\n<div><strong>\u2713 Sawblade Size (Max.) <\/strong>| 180 x 1.4 x 10700mm<\/div>\n\n<div><strong>\u2713 <\/strong><strong>Sawblade Size (Min.)\u00a0\u00a0<\/strong>| 140 x 1.2 x 10350 mm<\/div>\n\n<div><strong>\u2713 Sawblade Lubrication Spray System<\/strong>|\u00a0 \u00a0\u00a0<strong>Automatic system (with button)<\/strong><\/div>\t\t\t\t\t\t<\/div>\n\t\t\t\t<\/div>\n\t\t\t\t\t<\/div>\n\t\t<\/div>\n\t\t\t\t<div class=\"elementor-column elementor-col-50 elementor-top-column elementor-element elementor-element-1892964\" data-id=\"1892964\" data-element_type=\"column\">\n\t\t\t<div class=\"elementor-widget-wrap elementor-element-populated\">\n\t\t\t\t\t\t<div class=\"elementor-element elementor-element-58e226c elementor-widget elementor-widget-text-editor\" data-id=\"58e226c\" data-element_type=\"widget\" data-widget_type=\"text-editor.default\">\n\t\t\t\t<div class=\"elementor-widget-container\">\n\t\t\t\t\t\t\t<div><strong>\u2713 Oil Lubrication of the Bearings<\/strong>\u00a0| Manual with a grease pump<\/div>\n\n<div><strong>\u2713 Electric Panel (Star Delta )<\/strong>\u00a0| Mounted\u00a0<strong>Siemens Material<\/strong>, connected to the machine<\/div>\n<div>\n<strong>\u2713 Belt Drive Pulley System<\/strong>\u00a0| Mounted<strong>on\u00a0<\/strong>depending on engine\/pulleys)<\/div>\n\n<div><strong>\u2713 Body Structure <\/strong>| Steel Thick-Walled Body<\/div>\n\n<div><strong>\u2713 Movement of Tandem Bandsaw<\/strong>\u00a0| Linear slides and linear screw system<\/div>\n\n<div><strong>\u2713 Positioning Tandem Bandsaw<\/strong>\u00a0| PLC Control Panel. Colour Touch Screen<\/div>\n\n<div><strong>\u2713 Weight (Mono Block)<\/strong>\u00a0| 14,000 kg<\/div>\n\n<div><strong>\u2713 Dimensions<\/strong>\u00a0| 343 x 210 x 320 cm (Length Width Height)<\/div>\n\n<div><strong>\u2713 Dimensions \/ Moving Body<\/strong>\u00a0| 500 x 163 x 320 cm (Length Width Height)<\/div>\t\t\t\t\t\t<\/div>\n\t\t\t\t<\/div>\n\t\t\t\t\t<\/div>\n\t\t<\/div>\n\t\t\t\t\t<\/div>\n\t\t<\/section>\n\t\t\t\t<section class=\"elementor-section elementor-top-section elementor-element elementor-element-28b9775 elementor-section-stretched elementor-section-boxed elementor-section-height-default elementor-section-height-default\" data-id=\"28b9775\" data-element_type=\"section\" data-settings=\"{&quot;stretch_section&quot;:&quot;section-stretched&quot;}\">\n\t\t\t\t\t\t<div class=\"elementor-container elementor-column-gap-default\">\n\t\t\t\t\t<div class=\"elementor-column elementor-col-50 elementor-top-column elementor-element elementor-element-6cd6dfc\" data-id=\"6cd6dfc\" data-element_type=\"column\">\n\t\t\t<div class=\"elementor-widget-wrap elementor-element-populated\">\n\t\t\t\t\t\t<div class=\"elementor-element elementor-element-56e966d elementor-widget elementor-widget-creote-heading-v2\" data-id=\"56e966d\" data-element_type=\"widget\" data-widget_type=\"creote-heading-v2.default\">\n\t\t\t\t<div class=\"elementor-widget-container\">\n\t\t\t<div class=\"heading type_one text_center\">  <div class=\"small_text\">    WHAT IS FI.140 \/ HDG T TANDEM BAND SAW SYSTEM? WHAT IS THE BENEFIT? DOUBLE LOG SAWS <\/div>    <\/div>\r\n\t\t<\/div>\n\t\t\t\t<\/div>\n\t\t\t\t<div class=\"elementor-element elementor-element-0da07e2 elementor-widget elementor-widget-text-editor\" data-id=\"0da07e2\" data-element_type=\"widget\" data-widget_type=\"text-editor.default\">\n\t\t\t\t<div class=\"elementor-widget-container\">\n\t\t\t\t\t\t\t<ul><li>Tandem Band saw (Double Saw) is the name given to the system which is created by synchronous operation of two separate band saw machine. Tandem means one after another.\u00a0<\/li><li>When the logs loaded into the carriage, it comes to tandem saws, two timbers are cut in one carriage pass due to 2 band saw machines position of difference. Different cutting sizes can be achieved by doing so at once.\u00a0<\/li><li>The first Bandsaw, which is close to the operator, can be position inward or outward. Meanwhile second band saw is in fixed position.\u00a0<\/li><li>75 kW (100 HP Optional) 2 Motorized bands have wheel dust scrapers and lubrication system are controlled from the operator's cab by remotely. The system is designed according to the universal working conditions. Optionally, it has the possibility of single operation without tandem.\u00a0<\/li><\/ul>\t\t\t\t\t\t<\/div>\n\t\t\t\t<\/div>\n\t\t\t\t\t<\/div>\n\t\t<\/div>\n\t\t\t\t<div class=\"elementor-column elementor-col-50 elementor-top-column elementor-element elementor-element-f8da696\" data-id=\"f8da696\" data-element_type=\"column\">\n\t\t\t<div class=\"elementor-widget-wrap elementor-element-populated\">\n\t\t\t\t\t\t<div class=\"elementor-element elementor-element-713f294 elementor-widget elementor-widget-creote-simple-image-box-v1\" data-id=\"713f294\" data-element_type=\"widget\" data-widget_type=\"creote-simple-image-box-v1.default\">\n\t\t\t\t<div class=\"elementor-widget-container\">\n\t\t\t<div class=\"simple_image_boxes\"   data-aos=\"fade-up\" data-aos-delay=\"0\"  data-aos-offset=\"0\" >\r\n   <img decoding=\"async\" src=\"https:\/\/fimaksan.com\/\/wp-content\/uploads\/2023\/04\/A0mUSotDyDR9cWvzVQU9tYcCilMrWVso5HPnjruB.png\" class=\"simp_img\" alt=\"\" \/>\r\n<\/div>\r\n\t\t<\/div>\n\t\t\t\t<\/div>\n\t\t\t\t\t<\/div>\n\t\t<\/div>\n\t\t\t\t\t<\/div>\n\t\t<\/section>\n\t\t\t\t<section class=\"elementor-section elementor-top-section elementor-element elementor-element-a0e6c0d elementor-section-boxed elementor-section-height-default elementor-section-height-default\" data-id=\"a0e6c0d\" data-element_type=\"section\">\n\t\t\t\t\t\t<div class=\"elementor-container elementor-column-gap-default\">\n\t\t\t\t\t<div class=\"elementor-column elementor-col-100 elementor-top-column elementor-element elementor-element-88940e2\" data-id=\"88940e2\" data-element_type=\"column\">\n\t\t\t<div class=\"elementor-widget-wrap elementor-element-populated\">\n\t\t\t\t\t\t<div class=\"elementor-element elementor-element-229ffcd elementor-widget elementor-widget-text-editor\" data-id=\"229ffcd\" data-element_type=\"widget\" data-widget_type=\"text-editor.default\">\n\t\t\t\t<div class=\"elementor-widget-container\">\n\t\t\t\t\t\t\t<ul><li>Band saw flywheel diameters can be produced in different diameter as 100cm \/ 120cm \/140cm ( 39.3\u2019\u2019 \/ 47.2\u2019\u2019 \/ 55.1\u2019\u2019 ) according to the capacity demand of the company.<\/li><li>Bands are safe and suitable for cutting large diameter logs due to their ergonomic design. Beams, wood or pieces of log removed from the cutting from the tandem by the \"large belt system\" that is on the second Bandsaw machine. This precaution is vital for work and personnel life safety.<\/li><li>The daily lumber processing capacity in the carriage + single band system increases by 90% when the \u201dTandem\" system is preferred. \u201cTandem band\" pays for itself economically in a short time without operating costs, area and additional personnel expenses.<\/li><li>Daily log processing capacity with the carriage + single lane system increases by 90% when the \u201cTandem\u201d system is installed and nearly even doubles. The \u201ctandem bandsaw\u201d pays for itself economically in a short time, without operating costs, area, and additional worker costs.\u00a0<\/li><\/ul>\t\t\t\t\t\t<\/div>\n\t\t\t\t<\/div>\n\t\t\t\t\t<\/div>\n\t\t<\/div>\n\t\t\t\t\t<\/div>\n\t\t<\/section>\n\t\t\t\t<\/div>","protected":false},"excerpt":{"rendered":"<p>F\u0130.140 \/\u00a0 HDG-T\u00a0 H\u0130DROL\u0130K D\u0130K G\u00d6VDE \u015eER\u0130T &#8211;\u00a0 TANDEM S\u0130STEM Teknik Detaylar \u2713\u00a0\u00a0Volan \u00c7ap\u0131\u00a0 | 1400 mm \u2713\u00a0Volan Geni\u015flik \u00a0| 180 mm \u2713 Maksimum \u00c7al\u0131\u015fma Y\u00fckseklik\u00a0| 1500 mm \u2713\u00a0Maksimum Kesme Y\u00fckseklik\u00a0 \u00a0| 700 mm \u2713\u00a0Maksimum \u00c7al\u0131\u015fma Geni\u015flik\u00a0 \u00a0| 700 mm \u2713\u00a0Minimum Kesme Y\u00fckseklik\u00a0 \u00a0 \u00a0| 20 mm \u2713 ANA MOTOR\u00a0 X 2\u00a0|\u00a0\u00a055 kW , 74 [&hellip;]<\/p>","protected":false},"author":1,"featured_media":0,"parent":0,"menu_order":0,"comment_status":"closed","ping_status":"closed","template":"","meta":{"footnotes":""},"class_list":["post-6247","page","type-page","status-publish","hentry"],"_links":{"self":[{"href":"https:\/\/fimaksan.com\/en\/wp-json\/wp\/v2\/pages\/6247","targetHints":{"allow":["GET"]}}],"collection":[{"href":"https:\/\/fimaksan.com\/en\/wp-json\/wp\/v2\/pages"}],"about":[{"href":"https:\/\/fimaksan.com\/en\/wp-json\/wp\/v2\/types\/page"}],"author":[{"embeddable":true,"href":"https:\/\/fimaksan.com\/en\/wp-json\/wp\/v2\/users\/1"}],"replies":[{"embeddable":true,"href":"https:\/\/fimaksan.com\/en\/wp-json\/wp\/v2\/comments?post=6247"}],"version-history":[{"count":13,"href":"https:\/\/fimaksan.com\/en\/wp-json\/wp\/v2\/pages\/6247\/revisions"}],"predecessor-version":[{"id":6751,"href":"https:\/\/fimaksan.com\/en\/wp-json\/wp\/v2\/pages\/6247\/revisions\/6751"}],"wp:attachment":[{"href":"https:\/\/fimaksan.com\/en\/wp-json\/wp\/v2\/media?parent=6247"}],"curies":[{"name":"wp","href":"https:\/\/api.w.org\/{rel}","templated":true}]}}