{"id":6234,"date":"2023-04-12T14:39:48","date_gmt":"2023-04-12T11:39:48","guid":{"rendered":"https:\/\/www.hilkomyazilim.com.tr\/fimaksan\/?page_id=6234"},"modified":"2023-04-14T12:28:18","modified_gmt":"2023-04-14T09:28:18","slug":"fi-120-hidrolik-dik-govde-serit","status":"publish","type":"page","link":"https:\/\/fimaksan.com\/en\/fi-120-hidrolik-dik-govde-serit\/","title":{"rendered":"F\u0130.120 HDG BAND SAW - VERTICAL -HYDRAULIC - BAND MILL"},"content":{"rendered":"<div data-elementor-type=\"wp-page\" data-elementor-id=\"6234\" class=\"elementor elementor-6234\">\n\t\t\t\t\t\t<section class=\"elementor-section elementor-top-section elementor-element elementor-element-685838c elementor-section-stretched elementor-section-boxed elementor-section-height-default elementor-section-height-default\" data-id=\"685838c\" data-element_type=\"section\" data-settings=\"{&quot;stretch_section&quot;:&quot;section-stretched&quot;}\">\n\t\t\t\t\t\t<div class=\"elementor-container elementor-column-gap-default\">\n\t\t\t\t\t<div class=\"elementor-column elementor-col-33 elementor-top-column elementor-element elementor-element-4ab0b99\" data-id=\"4ab0b99\" data-element_type=\"column\">\n\t\t\t<div class=\"elementor-widget-wrap\">\n\t\t\t\t\t\t\t<\/div>\n\t\t<\/div>\n\t\t\t\t<div class=\"elementor-column elementor-col-33 elementor-top-column elementor-element elementor-element-ee6da45\" data-id=\"ee6da45\" data-element_type=\"column\">\n\t\t\t<div class=\"elementor-widget-wrap elementor-element-populated\">\n\t\t\t\t\t\t<div class=\"elementor-element elementor-element-7166bb3 elementor-widget elementor-widget-text-editor\" data-id=\"7166bb3\" data-element_type=\"widget\" data-widget_type=\"text-editor.default\">\n\t\t\t\t<div class=\"elementor-widget-container\">\n\t\t\t\t\t\t\t<p>FI: 120 \/ HDG LOG BANDSAW<\/p>\t\t\t\t\t\t<\/div>\n\t\t\t\t<\/div>\n\t\t\t\t<div class=\"elementor-element elementor-element-95780d6 elementor-widget elementor-widget-creote-simple-image-box-v1\" data-id=\"95780d6\" data-element_type=\"widget\" data-widget_type=\"creote-simple-image-box-v1.default\">\n\t\t\t\t<div class=\"elementor-widget-container\">\n\t\t\t<div class=\"simple_image_boxes\"   data-aos=\"fade-up\" data-aos-delay=\"0\"  data-aos-offset=\"0\" >\r\n   <img decoding=\"async\" src=\"https:\/\/fimaksan.com\/\/wp-content\/uploads\/2023\/04\/Adsiz-tasarim-8.png\" class=\"simp_img\" alt=\"\" \/>\r\n<\/div>\r\n\t\t<\/div>\n\t\t\t\t<\/div>\n\t\t\t\t\t<\/div>\n\t\t<\/div>\n\t\t\t\t<div class=\"elementor-column elementor-col-33 elementor-top-column elementor-element elementor-element-7956674\" data-id=\"7956674\" data-element_type=\"column\">\n\t\t\t<div class=\"elementor-widget-wrap\">\n\t\t\t\t\t\t\t<\/div>\n\t\t<\/div>\n\t\t\t\t\t<\/div>\n\t\t<\/section>\n\t\t\t\t<section class=\"elementor-section elementor-top-section elementor-element elementor-element-08e53ba elementor-section-boxed elementor-section-height-default elementor-section-height-default\" data-id=\"08e53ba\" data-element_type=\"section\">\n\t\t\t\t\t\t<div class=\"elementor-container elementor-column-gap-default\">\n\t\t\t\t\t<div class=\"elementor-column elementor-col-100 elementor-top-column elementor-element elementor-element-970c7c3\" data-id=\"970c7c3\" data-element_type=\"column\">\n\t\t\t<div class=\"elementor-widget-wrap elementor-element-populated\">\n\t\t\t\t\t\t<div class=\"elementor-element elementor-element-56caae4 elementor-widget elementor-widget-creote-heading-v2\" data-id=\"56caae4\" data-element_type=\"widget\" data-widget_type=\"creote-heading-v2.default\">\n\t\t\t\t<div class=\"elementor-widget-container\">\n\t\t\t<div class=\"heading type_one text_center\">  <div class=\"small_text\">    Technical Specifications <\/div>    <\/div>\r\n\t\t<\/div>\n\t\t\t\t<\/div>\n\t\t\t\t\t<\/div>\n\t\t<\/div>\n\t\t\t\t\t<\/div>\n\t\t<\/section>\n\t\t\t\t<section class=\"elementor-section elementor-top-section elementor-element elementor-element-78550db elementor-section-stretched elementor-section-boxed elementor-section-height-default elementor-section-height-default\" data-id=\"78550db\" data-element_type=\"section\" data-settings=\"{&quot;stretch_section&quot;:&quot;section-stretched&quot;}\">\n\t\t\t\t\t\t<div class=\"elementor-container elementor-column-gap-default\">\n\t\t\t\t\t<div class=\"elementor-column elementor-col-50 elementor-top-column elementor-element elementor-element-0e56183\" data-id=\"0e56183\" data-element_type=\"column\">\n\t\t\t<div class=\"elementor-widget-wrap elementor-element-populated\">\n\t\t\t\t\t\t<div class=\"elementor-element elementor-element-24f17cf elementor-widget elementor-widget-text-editor\" data-id=\"24f17cf\" data-element_type=\"widget\" data-widget_type=\"text-editor.default\">\n\t\t\t\t<div class=\"elementor-widget-container\">\n\t\t\t\t\t\t\t<div><strong>\u2713 Flywheel Diameter<\/strong>\u00a0| 1200mm (120cm)<\/div>\n<div><strong>\u2713 Flywheel Width<\/strong>\u00a0| 140mm (14cm)<\/div>\n<div><strong>\u2713 Max. Log Cutting Height\u00a0<\/strong>\u00a0| 1150mm (115cm)<\/div>\n<div><strong>\u2713 Max. Cut Width<\/strong>\u00a0| 640mm (64cm)<\/div>\n<div><strong>\u2713 Main Motor<\/strong>\u00a0| 45 kW \/ 60 HP \/1400 dd<\/div>\n<div><strong>\u2713 Sawblade Tensioning<\/strong>\u00a0| Hydraulic<\/div>\n<div><strong>\u2713 Sawblade Guide Adjustment<\/strong>\u00a0| Hydraulic<\/div>\n<div><strong>\u2713 Hydraulic Unit Total Power<\/strong>\u00a0| 4 kW<\/div>\n<div><strong>\u2713 Upper and Lower Bearings<\/strong>\u00a0| SKF C3<\/div>\n<div><strong>\u2713 Max sawblade Size<\/strong>\u00a0| 140 X 1.2 X 9300 mm<\/div>\n<div><strong>\u2713 Min sawblade Size\u00a0<\/strong>| 140 X 1.2 X 8950 mm<\/div>\t\t\t\t\t\t<\/div>\n\t\t\t\t<\/div>\n\t\t\t\t\t<\/div>\n\t\t<\/div>\n\t\t\t\t<div class=\"elementor-column elementor-col-50 elementor-top-column elementor-element elementor-element-58a6739\" data-id=\"58a6739\" data-element_type=\"column\">\n\t\t\t<div class=\"elementor-widget-wrap elementor-element-populated\">\n\t\t\t\t\t\t<div class=\"elementor-element elementor-element-86ce6d0 elementor-widget elementor-widget-text-editor\" data-id=\"86ce6d0\" data-element_type=\"widget\" data-widget_type=\"text-editor.default\">\n\t\t\t\t<div class=\"elementor-widget-container\">\n\t\t\t\t\t\t\t<div><strong>\u2713\u00a0<\/strong>\u00a0<strong>Lubrication System<\/strong>\u00a0| Automatic with Push Button<\/div>\n<div><strong>\u2713 Electric Panel<\/strong>\u00a0<strong>- Star Delta<\/strong>\u00a0| Included. and mounted<\/div>\n<div><strong>\u2713 Flender Type Drive System V-Belts<\/strong>\u00a0|  Mounted on the machine<\/div>\n<div><strong>\u2713 Bearings Lubrication System<\/strong>\u00a0| Manually Lubrication thru Grease Fittings<\/div>\n<div><strong>\u2713 Bottom Flywheel Scraper<\/strong>\u00a0| Automatic. Pneumatic Powered Piston<\/div>\n\n<div><strong>\u2713 Evacuation of Dust and Chips<\/strong>\u00a0| Motorized chain conveyor<\/div>\n\n<div><strong>\u2713 Body Structure<\/strong>\u00a0| Reinforced Thick Steel<\/div>\n\n<div><strong>\u2713 Weight<\/strong>\u00a0| 3800 kg.<\/div>\n\n<div><strong>\u2713 Machine Dimensions<\/strong>\u00a0| 220 x 120 x 350 cm<\/div>\t\t\t\t\t\t<\/div>\n\t\t\t\t<\/div>\n\t\t\t\t\t<\/div>\n\t\t<\/div>\n\t\t\t\t\t<\/div>\n\t\t<\/section>\n\t\t\t\t<section class=\"elementor-section elementor-top-section elementor-element elementor-element-ba86e27 elementor-section-boxed elementor-section-height-default elementor-section-height-default\" data-id=\"ba86e27\" data-element_type=\"section\">\n\t\t\t\t\t\t<div class=\"elementor-container elementor-column-gap-default\">\n\t\t\t\t\t<div class=\"elementor-column elementor-col-100 elementor-top-column elementor-element elementor-element-dbcb9c2\" data-id=\"dbcb9c2\" data-element_type=\"column\">\n\t\t\t<div class=\"elementor-widget-wrap elementor-element-populated\">\n\t\t\t\t\t\t<div class=\"elementor-element elementor-element-4ab53f8 elementor-widget elementor-widget-creote-simple-image-box-v1\" data-id=\"4ab53f8\" data-element_type=\"widget\" data-widget_type=\"creote-simple-image-box-v1.default\">\n\t\t\t\t<div class=\"elementor-widget-container\">\n\t\t\t<div class=\"simple_image_boxes\"   data-aos=\"fade-up\" data-aos-delay=\"0\"  data-aos-offset=\"0\" >\r\n   <img decoding=\"async\" src=\"https:\/\/fimaksan.com\/\/wp-content\/uploads\/2023\/04\/sLPI5kNehcfrpUwitD8Wndy3BFmibGoAqv5DwoZg.png\" class=\"simp_img\" alt=\"\" \/>\r\n<\/div>\r\n\t\t<\/div>\n\t\t\t\t<\/div>\n\t\t\t\t\t<\/div>\n\t\t<\/div>\n\t\t\t\t\t<\/div>\n\t\t<\/section>\n\t\t\t\t<\/div>","protected":false},"excerpt":{"rendered":"<p>F\u0130: 120 \/ HDG TOMRUK BI\u00c7KISI Teknik Detaylar \u2713\u00a0Volan \u00c7ap\u00a0| 1200 mm\u00a0 (120 cm) \u2713\u00a0Volan Geni\u015flik\u00a0| 140 mm\u00a0 (14 cm) \u2713\u00a0Max. Kesme Y\u00fckseklik\u00a0\u00a0| 1150 mm\u00a0 (115 cm) \u2713\u00a0Max. Kesme Geni\u015flik\u00a0| 640 mm (64 cm) \u2713\u00a0Ana Motor\u00a0| 45 kW \/ 60 HP \/1400 dd \u2713\u00a0Testere Gergisi\u00a0| Hidrolik sistem Pistonlu \u2713\u00a0Testere A\u011f\u0131zl\u0131k Ayar\u0131 (Salmastra)\u00a0| Hidrolik sistem Pistonlu [&hellip;]<\/p>","protected":false},"author":1,"featured_media":0,"parent":0,"menu_order":0,"comment_status":"closed","ping_status":"closed","template":"","meta":{"footnotes":""},"class_list":["post-6234","page","type-page","status-publish","hentry"],"_links":{"self":[{"href":"https:\/\/fimaksan.com\/en\/wp-json\/wp\/v2\/pages\/6234","targetHints":{"allow":["GET"]}}],"collection":[{"href":"https:\/\/fimaksan.com\/en\/wp-json\/wp\/v2\/pages"}],"about":[{"href":"https:\/\/fimaksan.com\/en\/wp-json\/wp\/v2\/types\/page"}],"author":[{"embeddable":true,"href":"https:\/\/fimaksan.com\/en\/wp-json\/wp\/v2\/users\/1"}],"replies":[{"embeddable":true,"href":"https:\/\/fimaksan.com\/en\/wp-json\/wp\/v2\/comments?post=6234"}],"version-history":[{"count":16,"href":"https:\/\/fimaksan.com\/en\/wp-json\/wp\/v2\/pages\/6234\/revisions"}],"predecessor-version":[{"id":6754,"href":"https:\/\/fimaksan.com\/en\/wp-json\/wp\/v2\/pages\/6234\/revisions\/6754"}],"wp:attachment":[{"href":"https:\/\/fimaksan.com\/en\/wp-json\/wp\/v2\/media?parent=6234"}],"curies":[{"name":"wp","href":"https:\/\/api.w.org\/{rel}","templated":true}]}}