{"id":6194,"date":"2023-04-12T12:30:12","date_gmt":"2023-04-12T09:30:12","guid":{"rendered":"https:\/\/www.hilkomyazilim.com.tr\/fimaksan\/?page_id=6194"},"modified":"2023-07-25T18:08:30","modified_gmt":"2023-07-25T15:08:30","slug":"fi-120-hidrolik-dik-govde-serit-tandem-tomruk-bickisi","status":"publish","type":"page","link":"https:\/\/fimaksan.com\/en\/fi-120-hidrolik-dik-govde-serit-tandem-tomruk-bickisi\/","title":{"rendered":"FI.120 HDGT - TANDEM BANDSAW - VERTICAL - HYDRAULIC"},"content":{"rendered":"<div data-elementor-type=\"wp-page\" data-elementor-id=\"6194\" class=\"elementor elementor-6194\">\n\t\t\t\t\t\t<section class=\"elementor-section elementor-top-section elementor-element elementor-element-7772fb3 elementor-section-stretched elementor-section-boxed elementor-section-height-default elementor-section-height-default\" data-id=\"7772fb3\" data-element_type=\"section\" data-settings=\"{&quot;stretch_section&quot;:&quot;section-stretched&quot;}\">\n\t\t\t\t\t\t<div class=\"elementor-container elementor-column-gap-default\">\n\t\t\t\t\t<div class=\"elementor-column elementor-col-33 elementor-top-column elementor-element elementor-element-7cd53da\" data-id=\"7cd53da\" data-element_type=\"column\">\n\t\t\t<div class=\"elementor-widget-wrap elementor-element-populated\">\n\t\t\t\t\t\t<div class=\"elementor-element elementor-element-6588860 elementor-widget elementor-widget-image\" data-id=\"6588860\" data-element_type=\"widget\" data-widget_type=\"image.default\">\n\t\t\t\t<div class=\"elementor-widget-container\">\n\t\t\t\t\t\t\t\t\t\t\t\t\t<img fetchpriority=\"high\" decoding=\"async\" width=\"200\" height=\"300\" src=\"https:\/\/fimaksan.com\/wp-content\/uploads\/2023\/07\/DSC03462-200x300.jpg\" class=\"attachment-medium size-medium wp-image-7413\" alt=\"\" srcset=\"https:\/\/fimaksan.com\/wp-content\/uploads\/2023\/07\/DSC03462-200x300.jpg 200w, https:\/\/fimaksan.com\/wp-content\/uploads\/2023\/07\/DSC03462-683x1024.jpg 683w, https:\/\/fimaksan.com\/wp-content\/uploads\/2023\/07\/DSC03462-768x1152.jpg 768w, https:\/\/fimaksan.com\/wp-content\/uploads\/2023\/07\/DSC03462-1024x1536.jpg 1024w, https:\/\/fimaksan.com\/wp-content\/uploads\/2023\/07\/DSC03462-1365x2048.jpg 1365w, https:\/\/fimaksan.com\/wp-content\/uploads\/2023\/07\/DSC03462-8x12.jpg 8w, https:\/\/fimaksan.com\/wp-content\/uploads\/2023\/07\/DSC03462-600x900.jpg 600w, https:\/\/fimaksan.com\/wp-content\/uploads\/2023\/07\/DSC03462-scaled.jpg 1707w\" sizes=\"(max-width: 200px) 100vw, 200px\" \/>\t\t\t\t\t\t\t\t\t\t\t\t\t<\/div>\n\t\t\t\t<\/div>\n\t\t\t\t\t<\/div>\n\t\t<\/div>\n\t\t\t\t<div class=\"elementor-column elementor-col-33 elementor-top-column elementor-element elementor-element-680ef8a\" data-id=\"680ef8a\" data-element_type=\"column\">\n\t\t\t<div class=\"elementor-widget-wrap elementor-element-populated\">\n\t\t\t\t\t\t<div class=\"elementor-element elementor-element-5850674 elementor-widget elementor-widget-text-editor\" data-id=\"5850674\" data-element_type=\"widget\" data-widget_type=\"text-editor.default\">\n\t\t\t\t<div class=\"elementor-widget-container\">\n\t\t\t\t\t\t\t<p>F\u0130.120 H\u0130DROL\u0130K &#8211; TANDEM \u015eER\u0130T<\/p>\t\t\t\t\t\t<\/div>\n\t\t\t\t<\/div>\n\t\t\t\t<div class=\"elementor-element elementor-element-797f84e elementor-widget elementor-widget-creote-simple-image-box-v1\" data-id=\"797f84e\" data-element_type=\"widget\" data-widget_type=\"creote-simple-image-box-v1.default\">\n\t\t\t\t<div class=\"elementor-widget-container\">\n\t\t\t<div class=\"simple_image_boxes\"   data-aos=\"fade-up\" data-aos-delay=\"0\"  data-aos-offset=\"0\" >\r\n   <img decoding=\"async\" src=\"https:\/\/fimaksan.com\/wp-content\/uploads\/2023\/05\/DSC03453-scaled.jpg\" class=\"simp_img\" alt=\"\" \/>\r\n<\/div>\r\n\t\t<\/div>\n\t\t\t\t<\/div>\n\t\t\t\t\t<\/div>\n\t\t<\/div>\n\t\t\t\t<div class=\"elementor-column elementor-col-33 elementor-top-column elementor-element elementor-element-874cb50\" data-id=\"874cb50\" data-element_type=\"column\">\n\t\t\t<div class=\"elementor-widget-wrap elementor-element-populated\">\n\t\t\t\t\t\t<div class=\"elementor-element elementor-element-115004d elementor-widget elementor-widget-image\" data-id=\"115004d\" data-element_type=\"widget\" data-widget_type=\"image.default\">\n\t\t\t\t<div class=\"elementor-widget-container\">\n\t\t\t\t\t\t\t\t\t\t\t\t\t<img decoding=\"async\" width=\"200\" height=\"300\" src=\"https:\/\/fimaksan.com\/wp-content\/uploads\/2023\/07\/DSC03466-200x300.jpg\" class=\"attachment-medium size-medium wp-image-7414\" alt=\"\" srcset=\"https:\/\/fimaksan.com\/wp-content\/uploads\/2023\/07\/DSC03466-200x300.jpg 200w, https:\/\/fimaksan.com\/wp-content\/uploads\/2023\/07\/DSC03466-683x1024.jpg 683w, https:\/\/fimaksan.com\/wp-content\/uploads\/2023\/07\/DSC03466-768x1152.jpg 768w, https:\/\/fimaksan.com\/wp-content\/uploads\/2023\/07\/DSC03466-1024x1536.jpg 1024w, https:\/\/fimaksan.com\/wp-content\/uploads\/2023\/07\/DSC03466-1365x2048.jpg 1365w, https:\/\/fimaksan.com\/wp-content\/uploads\/2023\/07\/DSC03466-8x12.jpg 8w, https:\/\/fimaksan.com\/wp-content\/uploads\/2023\/07\/DSC03466-600x900.jpg 600w, https:\/\/fimaksan.com\/wp-content\/uploads\/2023\/07\/DSC03466-scaled.jpg 1707w\" sizes=\"(max-width: 200px) 100vw, 200px\" \/>\t\t\t\t\t\t\t\t\t\t\t\t\t<\/div>\n\t\t\t\t<\/div>\n\t\t\t\t\t<\/div>\n\t\t<\/div>\n\t\t\t\t\t<\/div>\n\t\t<\/section>\n\t\t\t\t<section class=\"elementor-section elementor-top-section elementor-element elementor-element-a845b6b elementor-section-boxed elementor-section-height-default elementor-section-height-default\" data-id=\"a845b6b\" data-element_type=\"section\">\n\t\t\t\t\t\t<div class=\"elementor-container elementor-column-gap-default\">\n\t\t\t\t\t<div class=\"elementor-column elementor-col-100 elementor-top-column elementor-element elementor-element-b850844\" data-id=\"b850844\" data-element_type=\"column\">\n\t\t\t<div class=\"elementor-widget-wrap elementor-element-populated\">\n\t\t\t\t\t\t<div class=\"elementor-element elementor-element-721d772 elementor-widget elementor-widget-creote-heading-v2\" data-id=\"721d772\" data-element_type=\"widget\" data-widget_type=\"creote-heading-v2.default\">\n\t\t\t\t<div class=\"elementor-widget-container\">\n\t\t\t<div class=\"heading type_one text_center\">  <div class=\"small_text\">    Technical Specifications <\/div>    <\/div>\r\n\t\t<\/div>\n\t\t\t\t<\/div>\n\t\t\t\t\t<\/div>\n\t\t<\/div>\n\t\t\t\t\t<\/div>\n\t\t<\/section>\n\t\t\t\t<section class=\"elementor-section elementor-top-section elementor-element elementor-element-d16ef44 elementor-section-stretched elementor-section-boxed elementor-section-height-default elementor-section-height-default\" data-id=\"d16ef44\" data-element_type=\"section\" data-settings=\"{&quot;stretch_section&quot;:&quot;section-stretched&quot;}\">\n\t\t\t\t\t\t<div class=\"elementor-container elementor-column-gap-default\">\n\t\t\t\t\t<div class=\"elementor-column elementor-col-50 elementor-top-column elementor-element elementor-element-36631bf\" data-id=\"36631bf\" data-element_type=\"column\">\n\t\t\t<div class=\"elementor-widget-wrap elementor-element-populated\">\n\t\t\t\t\t\t<div class=\"elementor-element elementor-element-360ce4e elementor-widget elementor-widget-text-editor\" data-id=\"360ce4e\" data-element_type=\"widget\" data-widget_type=\"text-editor.default\">\n\t\t\t\t<div class=\"elementor-widget-container\">\n\t\t\t\t\t\t\t<div><strong>\u2713 Flywheel Diameter<\/strong>\u00a0| 1200mm<\/div>\n\n<div><strong>\u2713 Flywheel Width<\/strong>\u00a0| 140mm<\/div>\n\n<div><strong>\u2713 Max. Log Cutting Height<\/strong>\u00a0| 1150mm<\/div>\n\n<div><strong>\u2713 Max. Cut Width<\/strong>\u00a0| 640mm<\/div>\n\n<div><b>\u2713 Working Width<\/b>\u00a0| 700mm<\/div>\n\n<div><strong>\u2713 Cutting Height min<\/strong>\u00a0| 20mm<\/div>\n\n<div><strong>\u2713 Main Motor<\/strong>\u00a0| 45 kW \/ 60 hp \/ 1400 rpm<\/div>\n\n<div><strong>\u2713 Sawblade Tensioning\u00a0<\/strong>\u00a0| Hydraulic<\/div>\n\n<div><strong>\u2713 Sawblade Guide Adjustment\u00a0<\/strong>\u00a0| Hydraulic<\/div>\n\n<div><strong>\u2713 Upper &amp; Lower Bearings<\/strong>\u00a0| SKF \u2013 C3<\/div>\n\n<div><strong>\u2713 Max. Strip Length<\/strong>\u00a0| 140 X 1.2 X 9300 mm<\/div>\n\n<div><strong>\u2713 Min. Strip Length\u00a0<\/strong>| 140 X 1.2 X 8850 mm<\/div>\n\n<div><strong>\u2713 Sawblade Lubrication System<\/strong>\u00a0| Automatic with Push Button<\/div>\n\n<div><strong>\u2713 Lubrication of the Bearings<\/strong>\u00a0| Manual with a grease pump<\/div>\t\t\t\t\t\t<\/div>\n\t\t\t\t<\/div>\n\t\t\t\t\t<\/div>\n\t\t<\/div>\n\t\t\t\t<div class=\"elementor-column elementor-col-50 elementor-top-column elementor-element elementor-element-35cc3f6\" data-id=\"35cc3f6\" data-element_type=\"column\">\n\t\t\t<div class=\"elementor-widget-wrap elementor-element-populated\">\n\t\t\t\t\t\t<div class=\"elementor-element elementor-element-9ef5e73 elementor-widget elementor-widget-text-editor\" data-id=\"9ef5e73\" data-element_type=\"widget\" data-widget_type=\"text-editor.default\">\n\t\t\t\t<div class=\"elementor-widget-container\">\n\t\t\t\t\t\t\t<div><strong>\u2713 Electric Panel (Star-Delta)\u00a0<\/strong>\u00a0| Included. First class Material. Mounted<\/div>\n\n<div><strong>\u2713 Belt Drive Pulley System\u00a0<\/strong>| Mounted<strong>Flender type<\/strong>\u00a0the pulleys<\/div>\n\n<div><strong>\u2713 Body Structure\u00a0<\/strong>| Steel construction<\/div>\n\n<div><strong>\u2713 Movement Tandem System<\/strong>\u00a0| Linear slides and linear screw system<\/div>\n\n<div><strong>\u2713 Positioning Tandem Bandsaw<\/strong>\u00a0| PLC Control Panel. Colour Touch Screen<\/div>\n\n<div><strong>\u2713 Weigth<\/strong>\u00a0| 10 000 kg. ( Mobile: 5500 kg Fixed: 4500 kg )<\/div>\n\n<div><strong>\u2713 Dimensions (L x W x H)<\/strong>\u00a0| 343 x 185 x 320 cm (Length Width Height)<\/div>\n\n<div><strong>\u2713 Dimensions \/ Moving body (L x W x H)<\/strong>\u00a0| 163 x 470 x 320 cm (Length Width Height)<\/div>\t\t\t\t\t\t<\/div>\n\t\t\t\t<\/div>\n\t\t\t\t\t<\/div>\n\t\t<\/div>\n\t\t\t\t\t<\/div>\n\t\t<\/section>\n\t\t\t\t<section class=\"elementor-section elementor-top-section elementor-element elementor-element-73c8899 elementor-section-stretched elementor-section-boxed elementor-section-height-default elementor-section-height-default\" data-id=\"73c8899\" data-element_type=\"section\" data-settings=\"{&quot;stretch_section&quot;:&quot;section-stretched&quot;}\">\n\t\t\t\t\t\t<div class=\"elementor-container elementor-column-gap-default\">\n\t\t\t\t\t<div class=\"elementor-column elementor-col-100 elementor-top-column elementor-element elementor-element-620401f\" data-id=\"620401f\" data-element_type=\"column\">\n\t\t\t<div class=\"elementor-widget-wrap elementor-element-populated\">\n\t\t\t\t\t\t<div class=\"elementor-element elementor-element-07ddc68 elementor-widget elementor-widget-creote-heading-v2\" data-id=\"07ddc68\" data-element_type=\"widget\" data-widget_type=\"creote-heading-v2.default\">\n\t\t\t\t<div class=\"elementor-widget-container\">\n\t\t\t<div class=\"heading type_one text_center\">  <div class=\"small_text\">    \u00f6zellikler <\/div>    <\/div>\r\n\t\t<\/div>\n\t\t\t\t<\/div>\n\t\t\t\t<div class=\"elementor-element elementor-element-214889c elementor-widget elementor-widget-text-editor\" data-id=\"214889c\" data-element_type=\"widget\" data-widget_type=\"text-editor.default\">\n\t\t\t\t<div class=\"elementor-widget-container\">\n\t\t\t\t\t\t\t<div><ul><li>Tandem strip (double logging saw) is called the system that emerges with the synchronized operation of two separate strip looms one after the other.\u00a0<\/li><\/ul><\/div><div><ul><li>When the logs loaded on the cutting cart come to tandem saws automatically, two planks \/ boards are cut in one go due to the 2 band saws adjusted in different sizes. Different cutting sizes can be adjusted at once.\u00a0<\/li><\/ul><\/div><ul><li>\u00a0The first Bandsaw, which is close to the operator, can be position inward or outward. Meanwhile second band saw is in fixed position.\u00a0<\/li><li>60 hp. The flywheel scrapers and the fueling system of the motor-driven strips are made from the operator&#039;s cabin with a remote control. The system has been designed according to universal working conditions. Optionally, it has the opportunity to work without tandem.\u00a0<\/li><li>Band saw according to the capacity demand of the company; Flywheel Diameter can be produced in different sizes as 100\u201d\/120\u201d\/140\u201c.<\/li><li>The strips are suitable and safe for cutting large diameter logs due to their ergonomic design. (saw body distance: 64 cm)<\/li><li>The daily lumber processing capacity in the carriage + single band system increases by 90% when the \u201dTandem\" system is preferred. \u201cTandem band\" pays for itself economically in a short time without operating costs, area and additional personnel expenses.<\/li><li>Daily log processing capacity with the carriage+ single bandsaw system increases by 90% when the \u201cTandem bandsaw\u201d system is installed and nearly doubles. The \u201ctandem bandsaw\u201d pays for itself economically in a short time, without operating costs, area, and additional worker costs.<\/li><\/ul><div>\u00a0<\/div>\t\t\t\t\t\t<\/div>\n\t\t\t\t<\/div>\n\t\t\t\t\t<\/div>\n\t\t<\/div>\n\t\t\t\t\t<\/div>\n\t\t<\/section>\n\t\t\t\t<\/div>","protected":false},"excerpt":{"rendered":"<p>F\u0130.120 H\u0130DROL\u0130K &#8211; TANDEM \u015eER\u0130T Teknik Detaylar \u2713\u00a0Volan \u00c7ap\u00a0| 1200 mm \u2713\u00a0Volan Geni\u015flik\u00a0| 140 mm \u2713\u00a0Max. Kesme Y\u00fckseklik\u00a0| 1150 mm \u2713\u00a0Max. Kesme Geni\u015flik\u00a0| 640 mm \u2713\u00a0Max. \u00c7al\u0131\u015fma Geni\u015flik\u00a0| 700 mm \u2713\u00a0Min. Kesme Y\u00fckseklik\u00a0| 20 mm \u2713\u00a0Ana Motor\u00a0| 45 kW \/ 60 hp \/ 1400 d\/d \u2713\u00a0Testere Gergisi\u00a0\u00a0| Hidrolik sistem Pistonlu \u2713\u00a0Testere A\u011f\u0131zl\u0131k Ayar\u0131 (Salmastra)\u00a0\u00a0| Hidrolik [&hellip;]<\/p>","protected":false},"author":1,"featured_media":0,"parent":0,"menu_order":0,"comment_status":"closed","ping_status":"closed","template":"","meta":{"footnotes":""},"class_list":["post-6194","page","type-page","status-publish","hentry"],"_links":{"self":[{"href":"https:\/\/fimaksan.com\/en\/wp-json\/wp\/v2\/pages\/6194","targetHints":{"allow":["GET"]}}],"collection":[{"href":"https:\/\/fimaksan.com\/en\/wp-json\/wp\/v2\/pages"}],"about":[{"href":"https:\/\/fimaksan.com\/en\/wp-json\/wp\/v2\/types\/page"}],"author":[{"embeddable":true,"href":"https:\/\/fimaksan.com\/en\/wp-json\/wp\/v2\/users\/1"}],"replies":[{"embeddable":true,"href":"https:\/\/fimaksan.com\/en\/wp-json\/wp\/v2\/comments?post=6194"}],"version-history":[{"count":34,"href":"https:\/\/fimaksan.com\/en\/wp-json\/wp\/v2\/pages\/6194\/revisions"}],"predecessor-version":[{"id":7428,"href":"https:\/\/fimaksan.com\/en\/wp-json\/wp\/v2\/pages\/6194\/revisions\/7428"}],"wp:attachment":[{"href":"https:\/\/fimaksan.com\/en\/wp-json\/wp\/v2\/media?parent=6194"}],"curies":[{"name":"wp","href":"https:\/\/api.w.org\/{rel}","templated":true}]}}