{"id":6127,"date":"2023-04-12T11:01:32","date_gmt":"2023-04-12T08:01:32","guid":{"rendered":"https:\/\/www.hilkomyazilim.com.tr\/fimaksan\/?page_id=6127"},"modified":"2024-08-03T13:34:55","modified_gmt":"2024-08-03T10:34:55","slug":"fi-optimizasyonlu-sinif-ayirimi","status":"publish","type":"page","link":"https:\/\/fimaksan.com\/en\/fi-optimizasyonlu-sinif-ayirimi\/","title":{"rendered":"F.I. Optimized Grade Scanning"},"content":{"rendered":"<div data-elementor-type=\"wp-page\" data-elementor-id=\"6127\" class=\"elementor elementor-6127\">\n\t\t\t\t\t\t<section class=\"elementor-section elementor-top-section elementor-element elementor-element-1445edf elementor-section-stretched elementor-section-boxed elementor-section-height-default elementor-section-height-default\" data-id=\"1445edf\" data-element_type=\"section\" data-settings=\"{&quot;stretch_section&quot;:&quot;section-stretched&quot;}\">\n\t\t\t\t\t\t<div class=\"elementor-container elementor-column-gap-default\">\n\t\t\t\t\t<div class=\"elementor-column elementor-col-50 elementor-top-column elementor-element elementor-element-28b7314\" data-id=\"28b7314\" data-element_type=\"column\">\n\t\t\t<div class=\"elementor-widget-wrap elementor-element-populated\">\n\t\t\t\t\t\t<div class=\"elementor-element elementor-element-e6c17bb elementor-widget elementor-widget-creote-simple-image-box-v1\" data-id=\"e6c17bb\" data-element_type=\"widget\" data-widget_type=\"creote-simple-image-box-v1.default\">\n\t\t\t\t<div class=\"elementor-widget-container\">\n\t\t\t<div class=\"simple_image_boxes\"   data-aos=\"fade-up\" data-aos-delay=\"0\"  data-aos-offset=\"0\" >\r\n   <img decoding=\"async\" src=\"https:\/\/fimaksan.com\/wp-content\/uploads\/2024\/07\/Sinif-AYrimi.png\" class=\"simp_img\" alt=\"\" \/>\r\n<\/div>\r\n\t\t<\/div>\n\t\t\t\t<\/div>\n\t\t\t\t\t<\/div>\n\t\t<\/div>\n\t\t\t\t<div class=\"elementor-column elementor-col-50 elementor-top-column elementor-element elementor-element-6467c15\" data-id=\"6467c15\" data-element_type=\"column\">\n\t\t\t<div class=\"elementor-widget-wrap\">\n\t\t\t\t\t\t\t<\/div>\n\t\t<\/div>\n\t\t\t\t\t<\/div>\n\t\t<\/section>\n\t\t\t\t<section class=\"elementor-section elementor-top-section elementor-element elementor-element-6cee4f9 elementor-section-stretched elementor-section-boxed elementor-section-height-default elementor-section-height-default\" data-id=\"6cee4f9\" data-element_type=\"section\" data-settings=\"{&quot;stretch_section&quot;:&quot;section-stretched&quot;}\">\n\t\t\t\t\t\t<div class=\"elementor-container elementor-column-gap-default\">\n\t\t\t\t\t<div class=\"elementor-column elementor-col-100 elementor-top-column elementor-element elementor-element-d37b5bc\" data-id=\"d37b5bc\" data-element_type=\"column\">\n\t\t\t<div class=\"elementor-widget-wrap elementor-element-populated\">\n\t\t\t\t\t\t<div class=\"elementor-element elementor-element-6583ffb elementor-widget elementor-widget-creote-heading-v2\" data-id=\"6583ffb\" data-element_type=\"widget\" data-widget_type=\"creote-heading-v2.default\">\n\t\t\t\t<div class=\"elementor-widget-container\">\n\t\t\t<div class=\"heading type_one text_center\">  <div class=\"small_text\">    Technical Specifications <\/div>    <\/div>\r\n\t\t<\/div>\n\t\t\t\t<\/div>\n\t\t\t\t<div class=\"elementor-element elementor-element-008c436 elementor-widget elementor-widget-text-editor\" data-id=\"008c436\" data-element_type=\"widget\" data-widget_type=\"text-editor.default\">\n\t\t\t\t<div class=\"elementor-widget-container\">\n\t\t\t\t\t\t\t<div><strong>Optimized timber grade scanning is made by considering the following factors;<\/strong><\/div><ul><li>Bulk Lumber general information.\u00a0<\/li><li>\u00a0The definition of quality is made with the maximum accepted dimensions and each wood defect that has occurred.\u00a0<\/li><li>Locations of defects on the board and\/or defects in freely selectable locations.<\/li><li>A list of items that can be adjusted differently according to the whole board count and value.\u00a0<\/li><\/ul><div>***<strong>Optimization maximizes the value of achievable products by considering all possible active products.<\/strong>\u00a0<\/div>\t\t\t\t\t\t<\/div>\n\t\t\t\t<\/div>\n\t\t\t\t\t<\/div>\n\t\t<\/div>\n\t\t\t\t\t<\/div>\n\t\t<\/section>\n\t\t\t\t<section class=\"elementor-section elementor-top-section elementor-element elementor-element-b6b6a7f elementor-section-stretched elementor-section-boxed elementor-section-height-default elementor-section-height-default\" data-id=\"b6b6a7f\" data-element_type=\"section\" data-settings=\"{&quot;stretch_section&quot;:&quot;section-stretched&quot;}\">\n\t\t\t\t\t\t<div class=\"elementor-container elementor-column-gap-default\">\n\t\t\t\t\t<div class=\"elementor-column elementor-col-100 elementor-top-column elementor-element elementor-element-cff951d\" data-id=\"cff951d\" data-element_type=\"column\">\n\t\t\t<div class=\"elementor-widget-wrap elementor-element-populated\">\n\t\t\t\t\t\t<div class=\"elementor-element elementor-element-6c70b43 elementor-widget elementor-widget-creote-heading-v2\" data-id=\"6c70b43\" data-element_type=\"widget\" data-widget_type=\"creote-heading-v2.default\">\n\t\t\t\t<div class=\"elementor-widget-container\">\n\t\t\t<div class=\"heading type_one text_center\">  <div class=\"small_text\">     Scanner Features\n <\/div>    <\/div>\r\n\t\t<\/div>\n\t\t\t\t<\/div>\n\t\t\t\t<div class=\"elementor-element elementor-element-82bb310 elementor-widget elementor-widget-creote-simple-image-box-v1\" data-id=\"82bb310\" data-element_type=\"widget\" data-widget_type=\"creote-simple-image-box-v1.default\">\n\t\t\t\t<div class=\"elementor-widget-container\">\n\t\t\t<div class=\"simple_image_boxes\"   data-aos=\"fade-up\" data-aos-delay=\"0\"  data-aos-offset=\"0\" >\r\n   <img decoding=\"async\" src=\"https:\/\/fimaksan.com\/wp-content\/uploads\/2024\/08\/grade-scanning-1280x680-1.jpg\" class=\"simp_img\" alt=\"\" \/>\r\n<\/div>\r\n\t\t<\/div>\n\t\t\t\t<\/div>\n\t\t\t\t<div class=\"elementor-element elementor-element-1b8a129 elementor-widget elementor-widget-text-editor\" data-id=\"1b8a129\" data-element_type=\"widget\" data-widget_type=\"text-editor.default\">\n\t\t\t\t<div class=\"elementor-widget-container\">\n\t\t\t\t\t\t\t<p><strong>1.<\/strong>\u00a03D Map View Calculating laser.<\/p><p><br \/><strong>2.<\/strong>\u00a0Calculation of tree pattern deviation map from laser emission signals.<\/p><p><br \/><strong>3.<\/strong>\u00a0Calculation of a synchronized color map from high resolution camera RGB signals.<\/p>\t\t\t\t\t\t<\/div>\n\t\t\t\t<\/div>\n\t\t\t\t\t<\/div>\n\t\t<\/div>\n\t\t\t\t\t<\/div>\n\t\t<\/section>\n\t\t\t\t<section class=\"elementor-section elementor-top-section elementor-element elementor-element-5726bb6 elementor-section-stretched elementor-section-boxed elementor-section-height-default elementor-section-height-default\" data-id=\"5726bb6\" data-element_type=\"section\" data-settings=\"{&quot;stretch_section&quot;:&quot;section-stretched&quot;}\">\n\t\t\t\t\t\t<div class=\"elementor-container elementor-column-gap-default\">\n\t\t\t\t\t<div class=\"elementor-column elementor-col-100 elementor-top-column elementor-element elementor-element-bbac8f8\" data-id=\"bbac8f8\" data-element_type=\"column\">\n\t\t\t<div class=\"elementor-widget-wrap elementor-element-populated\">\n\t\t\t\t\t\t<div class=\"elementor-element elementor-element-f81fd22 elementor-widget elementor-widget-creote-heading-v2\" data-id=\"f81fd22\" data-element_type=\"widget\" data-widget_type=\"creote-heading-v2.default\">\n\t\t\t\t<div class=\"elementor-widget-container\">\n\t\t\t<div class=\"heading type_one text_center\">  <div class=\"small_text\">    RECOGNITION FACTORS AND DESCRIPTION OF WOOD DEFECTS\n <\/div>    <\/div>\r\n\t\t<\/div>\n\t\t\t\t<\/div>\n\t\t\t\t<div class=\"elementor-element elementor-element-d0362b2 elementor-widget elementor-widget-text-editor\" data-id=\"d0362b2\" data-element_type=\"widget\" data-widget_type=\"text-editor.default\">\n\t\t\t\t<div class=\"elementor-widget-container\">\n\t\t\t\t\t\t\t<p>STANDARD MEASUREMENTS<\/p><div>| <em>Measurement<\/em><\/div><div><br \/>| Length<\/div><div><br \/>| Thickness<\/div><div><br \/>| Width<\/div><div><br \/>| with irrigation<\/div>\t\t\t\t\t\t<\/div>\n\t\t\t\t<\/div>\n\t\t\t\t\t<\/div>\n\t\t<\/div>\n\t\t\t\t\t<\/div>\n\t\t<\/section>\n\t\t\t\t<section class=\"elementor-section elementor-top-section elementor-element elementor-element-3695e43 elementor-section-boxed elementor-section-height-default elementor-section-height-default\" data-id=\"3695e43\" data-element_type=\"section\">\n\t\t\t\t\t\t<div class=\"elementor-container elementor-column-gap-default\">\n\t\t\t\t\t<div class=\"elementor-column elementor-col-16 elementor-top-column elementor-element elementor-element-7ec78f3\" data-id=\"7ec78f3\" data-element_type=\"column\">\n\t\t\t<div class=\"elementor-widget-wrap elementor-element-populated\">\n\t\t\t\t\t\t<section class=\"elementor-section elementor-inner-section elementor-element elementor-element-feda11f elementor-section-boxed elementor-section-height-default elementor-section-height-default\" data-id=\"feda11f\" data-element_type=\"section\">\n\t\t\t\t\t\t\t<div class=\"elementor-background-overlay\"><\/div>\n\t\t\t\t\t\t\t<div class=\"elementor-container elementor-column-gap-default\">\n\t\t\t\t\t<div class=\"elementor-column elementor-col-100 elementor-inner-column elementor-element elementor-element-5c44eff\" data-id=\"5c44eff\" data-element_type=\"column\">\n\t\t\t<div class=\"elementor-widget-wrap elementor-element-populated\">\n\t\t\t\t\t\t<div class=\"elementor-element elementor-element-4a88ff8 elementor-widget elementor-widget-image\" data-id=\"4a88ff8\" data-element_type=\"widget\" data-widget_type=\"image.default\">\n\t\t\t\t<div class=\"elementor-widget-container\">\n\t\t\t\t\t\t\t\t\t\t\t\t\t<img decoding=\"async\" width=\"192\" height=\"148\" src=\"https:\/\/fimaksan.com\/wp-content\/uploads\/2024\/08\/budak.jpg\" class=\"attachment-large size-large wp-image-7694\" alt=\"\" srcset=\"https:\/\/fimaksan.com\/wp-content\/uploads\/2024\/08\/budak.jpg 192w, https:\/\/fimaksan.com\/wp-content\/uploads\/2024\/08\/budak-16x12.jpg 16w\" sizes=\"(max-width: 192px) 100vw, 192px\" \/>\t\t\t\t\t\t\t\t\t\t\t\t\t<\/div>\n\t\t\t\t<\/div>\n\t\t\t\t<div class=\"elementor-element elementor-element-59072cc elementor-widget elementor-widget-text-editor\" data-id=\"59072cc\" data-element_type=\"widget\" data-widget_type=\"text-editor.default\">\n\t\t\t\t<div class=\"elementor-widget-container\">\n\t\t\t\t\t\t\t<p><strong>KNOT&nbsp;<\/strong><\/p>\n<div>|&nbsp;<em>Species<\/em><\/div>\n<div>|&nbsp;<em>Picture<\/em><\/div>\n<div>| Tree Family 1 |&nbsp; &nbsp;<\/div>\t\t\t\t\t\t<\/div>\n\t\t\t\t<\/div>\n\t\t\t\t\t<\/div>\n\t\t<\/div>\n\t\t\t\t\t<\/div>\n\t\t<\/section>\n\t\t\t\t\t<\/div>\n\t\t<\/div>\n\t\t\t\t<div class=\"elementor-column elementor-col-16 elementor-top-column elementor-element elementor-element-88544d0\" data-id=\"88544d0\" data-element_type=\"column\">\n\t\t\t<div class=\"elementor-widget-wrap elementor-element-populated\">\n\t\t\t\t\t\t<section class=\"elementor-section elementor-inner-section elementor-element elementor-element-6e7b079 elementor-section-boxed elementor-section-height-default elementor-section-height-default\" data-id=\"6e7b079\" data-element_type=\"section\">\n\t\t\t\t\t\t\t<div class=\"elementor-background-overlay\"><\/div>\n\t\t\t\t\t\t\t<div class=\"elementor-container elementor-column-gap-default\">\n\t\t\t\t\t<div class=\"elementor-column elementor-col-100 elementor-inner-column elementor-element elementor-element-72b5def\" data-id=\"72b5def\" data-element_type=\"column\">\n\t\t\t<div class=\"elementor-widget-wrap elementor-element-populated\">\n\t\t\t\t\t\t<div class=\"elementor-element elementor-element-ab8ed90 elementor-widget elementor-widget-image\" data-id=\"ab8ed90\" data-element_type=\"widget\" data-widget_type=\"image.default\">\n\t\t\t\t<div class=\"elementor-widget-container\">\n\t\t\t\t\t\t\t\t\t\t\t\t\t<img decoding=\"async\" width=\"169\" height=\"131\" src=\"https:\/\/fimaksan.com\/wp-content\/uploads\/2024\/08\/catlak.jpg\" class=\"attachment-large size-large wp-image-7695\" alt=\"\" srcset=\"https:\/\/fimaksan.com\/wp-content\/uploads\/2024\/08\/catlak.jpg 169w, https:\/\/fimaksan.com\/wp-content\/uploads\/2024\/08\/catlak-15x12.jpg 15w\" sizes=\"(max-width: 169px) 100vw, 169px\" \/>\t\t\t\t\t\t\t\t\t\t\t\t\t<\/div>\n\t\t\t\t<\/div>\n\t\t\t\t<div class=\"elementor-element elementor-element-4869712 elementor-widget elementor-widget-text-editor\" data-id=\"4869712\" data-element_type=\"widget\" data-widget_type=\"text-editor.default\">\n\t\t\t\t<div class=\"elementor-widget-container\">\n\t\t\t\t\t\t\t<strong>CRACKED \/ SEPARATED<\/strong>\n<div>\u00a0|\u00a0<em>Species<\/em><\/div>\n<div>|\u00a0<em>Picture<\/em><\/div>\n<div>| All Tree Families |<\/div>\t\t\t\t\t\t<\/div>\n\t\t\t\t<\/div>\n\t\t\t\t\t<\/div>\n\t\t<\/div>\n\t\t\t\t\t<\/div>\n\t\t<\/section>\n\t\t\t\t\t<\/div>\n\t\t<\/div>\n\t\t\t\t<div class=\"elementor-column elementor-col-16 elementor-top-column elementor-element elementor-element-19c444b\" data-id=\"19c444b\" data-element_type=\"column\">\n\t\t\t<div class=\"elementor-widget-wrap elementor-element-populated\">\n\t\t\t\t\t\t<section class=\"elementor-section elementor-inner-section elementor-element elementor-element-920d681 elementor-section-boxed elementor-section-height-default elementor-section-height-default\" data-id=\"920d681\" data-element_type=\"section\">\n\t\t\t\t\t\t\t<div class=\"elementor-background-overlay\"><\/div>\n\t\t\t\t\t\t\t<div class=\"elementor-container elementor-column-gap-default\">\n\t\t\t\t\t<div class=\"elementor-column elementor-col-100 elementor-inner-column elementor-element elementor-element-2a11ded\" data-id=\"2a11ded\" data-element_type=\"column\">\n\t\t\t<div class=\"elementor-widget-wrap elementor-element-populated\">\n\t\t\t\t\t\t<div class=\"elementor-element elementor-element-5cfea3c elementor-widget elementor-widget-image\" data-id=\"5cfea3c\" data-element_type=\"widget\" data-widget_type=\"image.default\">\n\t\t\t\t<div class=\"elementor-widget-container\">\n\t\t\t\t\t\t\t\t\t\t\t\t\t<img fetchpriority=\"high\" decoding=\"async\" width=\"269\" height=\"265\" src=\"https:\/\/fimaksan.com\/wp-content\/uploads\/2024\/08\/kabuk-cebi.jpg\" class=\"attachment-large size-large wp-image-7696\" alt=\"\" srcset=\"https:\/\/fimaksan.com\/wp-content\/uploads\/2024\/08\/kabuk-cebi.jpg 269w, https:\/\/fimaksan.com\/wp-content\/uploads\/2024\/08\/kabuk-cebi-12x12.jpg 12w, https:\/\/fimaksan.com\/wp-content\/uploads\/2024\/08\/kabuk-cebi-100x100.jpg 100w\" sizes=\"(max-width: 269px) 100vw, 269px\" \/>\t\t\t\t\t\t\t\t\t\t\t\t\t<\/div>\n\t\t\t\t<\/div>\n\t\t\t\t<div class=\"elementor-element elementor-element-1e884cd elementor-widget elementor-widget-text-editor\" data-id=\"1e884cd\" data-element_type=\"widget\" data-widget_type=\"text-editor.default\">\n\t\t\t\t<div class=\"elementor-widget-container\">\n\t\t\t\t\t\t\t<span style=\"font-size: xx-small;\"><strong>SHELL POCKET \/ SHELL ENCLOSURE<\/strong><\/span>\n<div>| <em>Species<\/em><\/div>\n<div><em>\n<\/em>|\u00a0<em>Picture<\/em><\/div>\n<div>| All Tree Families |<\/div>\t\t\t\t\t\t<\/div>\n\t\t\t\t<\/div>\n\t\t\t\t\t<\/div>\n\t\t<\/div>\n\t\t\t\t\t<\/div>\n\t\t<\/section>\n\t\t\t\t\t<\/div>\n\t\t<\/div>\n\t\t\t\t<div class=\"elementor-column elementor-col-16 elementor-top-column elementor-element elementor-element-1fc4be9\" data-id=\"1fc4be9\" data-element_type=\"column\">\n\t\t\t<div class=\"elementor-widget-wrap elementor-element-populated\">\n\t\t\t\t\t\t<section class=\"elementor-section elementor-inner-section elementor-element elementor-element-903d92f elementor-section-boxed elementor-section-height-default elementor-section-height-default\" data-id=\"903d92f\" data-element_type=\"section\">\n\t\t\t\t\t\t\t<div class=\"elementor-background-overlay\"><\/div>\n\t\t\t\t\t\t\t<div class=\"elementor-container elementor-column-gap-default\">\n\t\t\t\t\t<div class=\"elementor-column elementor-col-100 elementor-inner-column elementor-element elementor-element-d99ee57\" data-id=\"d99ee57\" data-element_type=\"column\">\n\t\t\t<div class=\"elementor-widget-wrap elementor-element-populated\">\n\t\t\t\t\t\t<div class=\"elementor-element elementor-element-e3003b5 elementor-widget elementor-widget-image\" data-id=\"e3003b5\" data-element_type=\"widget\" data-widget_type=\"image.default\">\n\t\t\t\t<div class=\"elementor-widget-container\">\n\t\t\t\t\t\t\t\t\t\t\t\t\t<img loading=\"lazy\" decoding=\"async\" width=\"207\" height=\"134\" src=\"https:\/\/fimaksan.com\/wp-content\/uploads\/2024\/08\/mineral-izi.jpg\" class=\"attachment-large size-large wp-image-7697\" alt=\"\" srcset=\"https:\/\/fimaksan.com\/wp-content\/uploads\/2024\/08\/mineral-izi.jpg 207w, https:\/\/fimaksan.com\/wp-content\/uploads\/2024\/08\/mineral-izi-18x12.jpg 18w\" sizes=\"(max-width: 207px) 100vw, 207px\" \/>\t\t\t\t\t\t\t\t\t\t\t\t\t<\/div>\n\t\t\t\t<\/div>\n\t\t\t\t<div class=\"elementor-element elementor-element-657872b elementor-widget elementor-widget-text-editor\" data-id=\"657872b\" data-element_type=\"widget\" data-widget_type=\"text-editor.default\">\n\t\t\t\t<div class=\"elementor-widget-container\">\n\t\t\t\t\t\t\t<p><strong>MINERAL TRACE\u00a0<\/strong><\/p><div>\u00a0|\u00a0<em>Species<\/em><\/div><div><br \/>|\u00a0<em>Picture<\/em><\/div><div><br \/>| All Tree Families |<\/div>\t\t\t\t\t\t<\/div>\n\t\t\t\t<\/div>\n\t\t\t\t\t<\/div>\n\t\t<\/div>\n\t\t\t\t\t<\/div>\n\t\t<\/section>\n\t\t\t\t\t<\/div>\n\t\t<\/div>\n\t\t\t\t<div class=\"elementor-column elementor-col-16 elementor-top-column elementor-element elementor-element-8b0022f\" data-id=\"8b0022f\" data-element_type=\"column\">\n\t\t\t<div class=\"elementor-widget-wrap elementor-element-populated\">\n\t\t\t\t\t\t<section class=\"elementor-section elementor-inner-section elementor-element elementor-element-5f77a5c elementor-section-boxed elementor-section-height-default elementor-section-height-default\" data-id=\"5f77a5c\" data-element_type=\"section\">\n\t\t\t\t\t\t\t<div class=\"elementor-background-overlay\"><\/div>\n\t\t\t\t\t\t\t<div class=\"elementor-container elementor-column-gap-default\">\n\t\t\t\t\t<div class=\"elementor-column elementor-col-100 elementor-inner-column elementor-element elementor-element-34a9df6\" data-id=\"34a9df6\" data-element_type=\"column\">\n\t\t\t<div class=\"elementor-widget-wrap elementor-element-populated\">\n\t\t\t\t\t\t<div class=\"elementor-element elementor-element-7328d43 elementor-widget elementor-widget-image\" data-id=\"7328d43\" data-element_type=\"widget\" data-widget_type=\"image.default\">\n\t\t\t\t<div class=\"elementor-widget-container\">\n\t\t\t\t\t\t\t\t\t\t\t\t\t<img loading=\"lazy\" decoding=\"async\" width=\"559\" height=\"314\" src=\"https:\/\/fimaksan.com\/wp-content\/uploads\/2024\/08\/Materyal-yoklugu.jpg\" class=\"attachment-large size-large wp-image-7698\" alt=\"\" srcset=\"https:\/\/fimaksan.com\/wp-content\/uploads\/2024\/08\/Materyal-yoklugu.jpg 559w, https:\/\/fimaksan.com\/wp-content\/uploads\/2024\/08\/Materyal-yoklugu-300x169.jpg 300w, https:\/\/fimaksan.com\/wp-content\/uploads\/2024\/08\/Materyal-yoklugu-18x10.jpg 18w\" sizes=\"(max-width: 559px) 100vw, 559px\" \/>\t\t\t\t\t\t\t\t\t\t\t\t\t<\/div>\n\t\t\t\t<\/div>\n\t\t\t\t<div class=\"elementor-element elementor-element-61e15c4 elementor-widget elementor-widget-text-editor\" data-id=\"61e15c4\" data-element_type=\"widget\" data-widget_type=\"text-editor.default\">\n\t\t\t\t<div class=\"elementor-widget-container\">\n\t\t\t\t\t\t\t<span style=\"font-size: small;\"><strong>LACK OF MATERIAL \/ HOLE \/ FALL KNOT<\/strong><\/span>\n<div>\u00a0|\u00a0<em>Species<\/em><\/div>\n<div>|\u00a0<em>Picture<\/em><\/div>\n<div>| All Tree Families |<\/div>\t\t\t\t\t\t<\/div>\n\t\t\t\t<\/div>\n\t\t\t\t\t<\/div>\n\t\t<\/div>\n\t\t\t\t\t<\/div>\n\t\t<\/section>\n\t\t\t\t\t<\/div>\n\t\t<\/div>\n\t\t\t\t<div class=\"elementor-column elementor-col-16 elementor-top-column elementor-element elementor-element-93fa922\" data-id=\"93fa922\" data-element_type=\"column\">\n\t\t\t<div class=\"elementor-widget-wrap elementor-element-populated\">\n\t\t\t\t\t\t<section class=\"elementor-section elementor-inner-section elementor-element elementor-element-c42c043 elementor-section-boxed elementor-section-height-default elementor-section-height-default\" data-id=\"c42c043\" data-element_type=\"section\">\n\t\t\t\t\t\t\t<div class=\"elementor-background-overlay\"><\/div>\n\t\t\t\t\t\t\t<div class=\"elementor-container elementor-column-gap-default\">\n\t\t\t\t\t<div class=\"elementor-column elementor-col-100 elementor-inner-column elementor-element elementor-element-6c94682\" data-id=\"6c94682\" data-element_type=\"column\">\n\t\t\t<div class=\"elementor-widget-wrap elementor-element-populated\">\n\t\t\t\t\t\t<div class=\"elementor-element elementor-element-f7a6c4b elementor-widget elementor-widget-image\" data-id=\"f7a6c4b\" data-element_type=\"widget\" data-widget_type=\"image.default\">\n\t\t\t\t<div class=\"elementor-widget-container\">\n\t\t\t\t\t\t\t\t\t\t\t\t\t<img loading=\"lazy\" decoding=\"async\" width=\"214\" height=\"103\" src=\"https:\/\/fimaksan.com\/wp-content\/uploads\/2024\/08\/mavi-kahverengi-leke.jpg\" class=\"attachment-large size-large wp-image-7699\" alt=\"\" srcset=\"https:\/\/fimaksan.com\/wp-content\/uploads\/2024\/08\/mavi-kahverengi-leke.jpg 214w, https:\/\/fimaksan.com\/wp-content\/uploads\/2024\/08\/mavi-kahverengi-leke-18x9.jpg 18w\" sizes=\"(max-width: 214px) 100vw, 214px\" \/>\t\t\t\t\t\t\t\t\t\t\t\t\t<\/div>\n\t\t\t\t<\/div>\n\t\t\t\t<div class=\"elementor-element elementor-element-f2759cd elementor-widget elementor-widget-text-editor\" data-id=\"f2759cd\" data-element_type=\"widget\" data-widget_type=\"text-editor.default\">\n\t\t\t\t<div class=\"elementor-widget-container\">\n\t\t\t\t\t\t\t<span style=\"font-size: x-small;\"><strong>BLUE STAIN \/ BROWN STAIN (COLOR DEFECT)\u00a0<\/strong><\/span>\n<div>| <em>Species<\/em><\/div>\n<div>|\u00a0<em>Picture<\/em><\/div>\n<div>| All Tree Families |<\/div>\t\t\t\t\t\t<\/div>\n\t\t\t\t<\/div>\n\t\t\t\t\t<\/div>\n\t\t<\/div>\n\t\t\t\t\t<\/div>\n\t\t<\/section>\n\t\t\t\t\t<\/div>\n\t\t<\/div>\n\t\t\t\t\t<\/div>\n\t\t<\/section>\n\t\t\t\t<\/div>","protected":false},"excerpt":{"rendered":"<p>Teknik Detaylar Optimizasyonlu\u00a0 kereste s\u0131n\u0131f ay\u0131r\u0131m\u0131 a\u015fa\u011f\u0131daki fakt\u00f6rler g\u00f6z \u00f6n\u00fcne al\u0131narak yap\u0131l\u0131r; Toplu Kereste genel bilgi.\u00a0 \u00a0Maksimum kabul edilen \u00f6l\u00e7\u00fcler ve olu\u015fmu\u015f olan her bir tahta kusuru ile kalite tan\u0131m\u0131 yap\u0131l\u0131r.\u00a0 Tahta \u00fczerindeki kusurlar\u0131n yerleri ve\/veya serbest se\u00e7ilebilir yerlerdeki kusurlar. T\u00fcm tahta say\u0131s\u0131na ve de\u011ferine g\u00f6re farkl\u0131 \u015fekilde ayarlanabilir \u00fcr\u00fcn listesi.\u00a0 ***Optimizasyon olas\u0131 t\u00fcm etken [&hellip;]<\/p>","protected":false},"author":1,"featured_media":0,"parent":0,"menu_order":0,"comment_status":"closed","ping_status":"closed","template":"","meta":{"footnotes":""},"class_list":["post-6127","page","type-page","status-publish","hentry"],"_links":{"self":[{"href":"https:\/\/fimaksan.com\/en\/wp-json\/wp\/v2\/pages\/6127","targetHints":{"allow":["GET"]}}],"collection":[{"href":"https:\/\/fimaksan.com\/en\/wp-json\/wp\/v2\/pages"}],"about":[{"href":"https:\/\/fimaksan.com\/en\/wp-json\/wp\/v2\/types\/page"}],"author":[{"embeddable":true,"href":"https:\/\/fimaksan.com\/en\/wp-json\/wp\/v2\/users\/1"}],"replies":[{"embeddable":true,"href":"https:\/\/fimaksan.com\/en\/wp-json\/wp\/v2\/comments?post=6127"}],"version-history":[{"count":10,"href":"https:\/\/fimaksan.com\/en\/wp-json\/wp\/v2\/pages\/6127\/revisions"}],"predecessor-version":[{"id":7702,"href":"https:\/\/fimaksan.com\/en\/wp-json\/wp\/v2\/pages\/6127\/revisions\/7702"}],"wp:attachment":[{"href":"https:\/\/fimaksan.com\/en\/wp-json\/wp\/v2\/media?parent=6127"}],"curies":[{"name":"wp","href":"https:\/\/api.w.org\/{rel}","templated":true}]}}