{"id":6103,"date":"2023-04-12T10:46:18","date_gmt":"2023-04-12T07:46:18","guid":{"rendered":"https:\/\/www.hilkomyazilim.com.tr\/fimaksan\/?page_id=6103"},"modified":"2023-04-14T14:04:21","modified_gmt":"2023-04-14T11:04:21","slug":"fm-623c-profil-makinesi","status":"publish","type":"page","link":"https:\/\/fimaksan.com\/en\/fm-623c-profil-makinesi\/","title":{"rendered":"FM-623C Profile Machine"},"content":{"rendered":"<div data-elementor-type=\"wp-page\" data-elementor-id=\"6103\" class=\"elementor elementor-6103\">\n\t\t\t\t\t\t<section class=\"elementor-section elementor-top-section elementor-element elementor-element-72bd1e4 elementor-section-stretched elementor-section-boxed elementor-section-height-default elementor-section-height-default\" data-id=\"72bd1e4\" data-element_type=\"section\" data-settings=\"{&quot;stretch_section&quot;:&quot;section-stretched&quot;}\">\n\t\t\t\t\t\t<div class=\"elementor-container elementor-column-gap-default\">\n\t\t\t\t\t<div class=\"elementor-column elementor-col-50 elementor-top-column elementor-element elementor-element-5bcd7ae\" data-id=\"5bcd7ae\" data-element_type=\"column\">\n\t\t\t<div class=\"elementor-widget-wrap elementor-element-populated\">\n\t\t\t\t\t\t<div class=\"elementor-element elementor-element-b0a8133 elementor-widget elementor-widget-creote-simple-image-box-v1\" data-id=\"b0a8133\" data-element_type=\"widget\" data-widget_type=\"creote-simple-image-box-v1.default\">\n\t\t\t\t<div class=\"elementor-widget-container\">\n\t\t\t<div class=\"simple_image_boxes  parallax_cover\"   data-aos=\"fade-up\" data-aos-delay=\"0\"  data-aos-offset=\"0\" >\r\n   <img decoding=\"async\" src=\"https:\/\/fimaksan.com\/\/wp-content\/uploads\/2023\/04\/PqcAm1ScYFbLSchu9DqZIPya95y8azzKt6Cg2bSt-scaled.jpeg\" class=\"simp_img cover-parallax\" alt=\"\" \/>\r\n<\/div>\r\n\t\t<\/div>\n\t\t\t\t<\/div>\n\t\t\t\t<div class=\"elementor-element elementor-element-42555f5 elementor-widget elementor-widget-text-editor\" data-id=\"42555f5\" data-element_type=\"widget\" data-widget_type=\"text-editor.default\">\n\t\t\t\t<div class=\"elementor-widget-container\">\n\t\t\t\t\t\t\t<p>Model | FM-623C<\/p>\t\t\t\t\t\t<\/div>\n\t\t\t\t<\/div>\n\t\t\t\t\t<\/div>\n\t\t<\/div>\n\t\t\t\t<div class=\"elementor-column elementor-col-50 elementor-top-column elementor-element elementor-element-6eb87d3\" data-id=\"6eb87d3\" data-element_type=\"column\">\n\t\t\t<div class=\"elementor-widget-wrap elementor-element-populated\">\n\t\t\t\t\t\t<div class=\"elementor-element elementor-element-968ab17 elementor-widget elementor-widget-image-gallery\" data-id=\"968ab17\" data-element_type=\"widget\" data-widget_type=\"image-gallery.default\">\n\t\t\t\t<div class=\"elementor-widget-container\">\n\t\t\t\t\t<div class=\"elementor-image-gallery\">\n\t\t\t\n\t\t<style type=\"text\/css\">\n\t\t\t#gallery-1 {\n\t\t\t\tmargin: auto;\n\t\t\t}\n\t\t\t#gallery-1 .gallery-item {\n\t\t\t\tfloat: left;\n\t\t\t\tmargin-top: 10px;\n\t\t\t\ttext-align: center;\n\t\t\t\twidth: 33%;\n\t\t\t}\n\t\t\t#gallery-1 img {\n\t\t\t\tborder: 2px solid #cfcfcf;\n\t\t\t}\n\t\t\t#gallery-1 .gallery-caption {\n\t\t\t\tmargin-left: 0;\n\t\t\t}\n\t\t\t\/* see gallery_shortcode() in wp-includes\/media.php *\/\n\t\t<\/style>\n\t\t<div id='gallery-1' class='gallery galleryid-6103 gallery-columns-3 gallery-size-thumbnail'><dl class='gallery-item'>\n\t\t\t<dt class='gallery-icon landscape'>\n\t\t\t\t<a data-elementor-open-lightbox=\"yes\" data-elementor-lightbox-slideshow=\"968ab17\" data-elementor-lightbox-title=\"X7se1kEI1SXE8cDVpII5bCwdOaMPd1fpc2FVvJTe\" data-e-action-hash=\"#elementor-action%3Aaction%3Dlightbox%26settings%3DeyJpZCI6NjEwOCwidXJsIjoiaHR0cHM6XC9cL2ZpbWFrc2FuLmNvbVwvd3AtY29udGVudFwvdXBsb2Fkc1wvMjAyM1wvMDRcL1g3c2Uxa0VJMVNYRThjRFZwSUk1YkN3ZE9hTVBkMWZwYzJGVnZKVGUucG5nIiwic2xpZGVzaG93IjoiOTY4YWIxNyJ9\" href='https:\/\/fimaksan.com\/wp-content\/uploads\/2023\/04\/X7se1kEI1SXE8cDVpII5bCwdOaMPd1fpc2FVvJTe.png'><img decoding=\"async\" width=\"150\" height=\"150\" src=\"https:\/\/fimaksan.com\/wp-content\/uploads\/2023\/04\/X7se1kEI1SXE8cDVpII5bCwdOaMPd1fpc2FVvJTe-150x150.png\" class=\"attachment-thumbnail size-thumbnail\" alt=\"\" aria-describedby=\"gallery-1-6108\" srcset=\"https:\/\/fimaksan.com\/wp-content\/uploads\/2023\/04\/X7se1kEI1SXE8cDVpII5bCwdOaMPd1fpc2FVvJTe-150x150.png 150w, https:\/\/fimaksan.com\/wp-content\/uploads\/2023\/04\/X7se1kEI1SXE8cDVpII5bCwdOaMPd1fpc2FVvJTe-300x300.png 300w, https:\/\/fimaksan.com\/wp-content\/uploads\/2023\/04\/X7se1kEI1SXE8cDVpII5bCwdOaMPd1fpc2FVvJTe-100x100.png 100w\" sizes=\"(max-width: 150px) 100vw, 150px\" \/><\/a>\n\t\t\t<\/dt>\n\t\t\t\t<dd class='wp-caption-text gallery-caption' id='gallery-1-6108'>\n\t\t\t\t6 Blades\n\t\t\t\t<\/dd><\/dl><dl class='gallery-item'>\n\t\t\t<dt class='gallery-icon landscape'>\n\t\t\t\t<a data-elementor-open-lightbox=\"yes\" data-elementor-lightbox-slideshow=\"968ab17\" data-elementor-lightbox-title=\"maA2kKLYo6SzroZDoRxIy44vGlWCk7Yg3cXwYXtL\" data-e-action-hash=\"#elementor-action%3Aaction%3Dlightbox%26settings%3DeyJpZCI6NjEwOSwidXJsIjoiaHR0cHM6XC9cL2ZpbWFrc2FuLmNvbVwvd3AtY29udGVudFwvdXBsb2Fkc1wvMjAyM1wvMDRcL21hQTJrS0xZbzZTenJvWkRvUnhJeTQ0dkdsV0NrN1lnM2NYd1lYdEwucG5nIiwic2xpZGVzaG93IjoiOTY4YWIxNyJ9\" href='https:\/\/fimaksan.com\/wp-content\/uploads\/2023\/04\/maA2kKLYo6SzroZDoRxIy44vGlWCk7Yg3cXwYXtL.png'><img decoding=\"async\" width=\"150\" height=\"150\" src=\"https:\/\/fimaksan.com\/wp-content\/uploads\/2023\/04\/maA2kKLYo6SzroZDoRxIy44vGlWCk7Yg3cXwYXtL-150x150.png\" class=\"attachment-thumbnail size-thumbnail\" alt=\"\" aria-describedby=\"gallery-1-6109\" srcset=\"https:\/\/fimaksan.com\/wp-content\/uploads\/2023\/04\/maA2kKLYo6SzroZDoRxIy44vGlWCk7Yg3cXwYXtL-150x150.png 150w, https:\/\/fimaksan.com\/wp-content\/uploads\/2023\/04\/maA2kKLYo6SzroZDoRxIy44vGlWCk7Yg3cXwYXtL-300x300.png 300w, https:\/\/fimaksan.com\/wp-content\/uploads\/2023\/04\/maA2kKLYo6SzroZDoRxIy44vGlWCk7Yg3cXwYXtL-100x100.png 100w\" sizes=\"(max-width: 150px) 100vw, 150px\" \/><\/a>\n\t\t\t<\/dt>\n\t\t\t\t<dd class='wp-caption-text gallery-caption' id='gallery-1-6109'>\n\t\t\t\t6 Blades Universal\n\t\t\t\t<\/dd><\/dl><dl class='gallery-item'>\n\t\t\t<dt class='gallery-icon landscape'>\n\t\t\t\t<a data-elementor-open-lightbox=\"yes\" data-elementor-lightbox-slideshow=\"968ab17\" data-elementor-lightbox-title=\"K0QPm4LyYicQfbRPIdeDxaJkecLW310Ec4er68y7\" data-e-action-hash=\"#elementor-action%3Aaction%3Dlightbox%26settings%3DeyJpZCI6NjExMCwidXJsIjoiaHR0cHM6XC9cL2ZpbWFrc2FuLmNvbVwvd3AtY29udGVudFwvdXBsb2Fkc1wvMjAyM1wvMDRcL0swUVBtNEx5WWljUWZiUlBJZGVEeGFKa2VjTFczMTBFYzRlcjY4eTcucG5nIiwic2xpZGVzaG93IjoiOTY4YWIxNyJ9\" href='https:\/\/fimaksan.com\/wp-content\/uploads\/2023\/04\/K0QPm4LyYicQfbRPIdeDxaJkecLW310Ec4er68y7.png'><img decoding=\"async\" width=\"150\" height=\"150\" src=\"https:\/\/fimaksan.com\/wp-content\/uploads\/2023\/04\/K0QPm4LyYicQfbRPIdeDxaJkecLW310Ec4er68y7-150x150.png\" class=\"attachment-thumbnail size-thumbnail\" alt=\"\" aria-describedby=\"gallery-1-6110\" srcset=\"https:\/\/fimaksan.com\/wp-content\/uploads\/2023\/04\/K0QPm4LyYicQfbRPIdeDxaJkecLW310Ec4er68y7-150x150.png 150w, https:\/\/fimaksan.com\/wp-content\/uploads\/2023\/04\/K0QPm4LyYicQfbRPIdeDxaJkecLW310Ec4er68y7-300x300.png 300w, https:\/\/fimaksan.com\/wp-content\/uploads\/2023\/04\/K0QPm4LyYicQfbRPIdeDxaJkecLW310Ec4er68y7-100x100.png 100w\" sizes=\"(max-width: 150px) 100vw, 150px\" \/><\/a>\n\t\t\t<\/dt>\n\t\t\t\t<dd class='wp-caption-text gallery-caption' id='gallery-1-6110'>\n\t\t\t\t6 Blade Multi Slicer\n\t\t\t\t<\/dd><\/dl><br style=\"clear: both\" \/>\n\t\t<\/div>\n\t\t<\/div>\n\t\t\t\t<\/div>\n\t\t\t\t<\/div>\n\t\t\t\t\t<\/div>\n\t\t<\/div>\n\t\t\t\t\t<\/div>\n\t\t<\/section>\n\t\t\t\t<section class=\"elementor-section elementor-top-section elementor-element elementor-element-9437553 elementor-section-boxed elementor-section-height-default elementor-section-height-default\" data-id=\"9437553\" data-element_type=\"section\">\n\t\t\t\t\t\t<div class=\"elementor-container elementor-column-gap-default\">\n\t\t\t\t\t<div class=\"elementor-column elementor-col-100 elementor-top-column elementor-element elementor-element-493ae58\" data-id=\"493ae58\" data-element_type=\"column\">\n\t\t\t<div class=\"elementor-widget-wrap elementor-element-populated\">\n\t\t\t\t\t\t<div class=\"elementor-element elementor-element-b05962d elementor-widget elementor-widget-creote-heading-v2\" data-id=\"b05962d\" data-element_type=\"widget\" data-widget_type=\"creote-heading-v2.default\">\n\t\t\t\t<div class=\"elementor-widget-container\">\n\t\t\t<div class=\"heading type_one text_center\">  <div class=\"small_text\">    Technical Specifications <\/div>    <\/div>\r\n\t\t<\/div>\n\t\t\t\t<\/div>\n\t\t\t\t\t<\/div>\n\t\t<\/div>\n\t\t\t\t\t<\/div>\n\t\t<\/section>\n\t\t\t\t<section class=\"elementor-section elementor-top-section elementor-element elementor-element-6a2ee24 elementor-section-stretched elementor-section-boxed elementor-section-height-default elementor-section-height-default\" data-id=\"6a2ee24\" data-element_type=\"section\" data-settings=\"{&quot;stretch_section&quot;:&quot;section-stretched&quot;}\">\n\t\t\t\t\t\t<div class=\"elementor-container elementor-column-gap-default\">\n\t\t\t\t\t<div class=\"elementor-column elementor-col-50 elementor-top-column elementor-element elementor-element-c0aafc0\" data-id=\"c0aafc0\" data-element_type=\"column\">\n\t\t\t<div class=\"elementor-widget-wrap elementor-element-populated\">\n\t\t\t\t\t\t<div class=\"elementor-element elementor-element-4c5a6ba elementor-widget elementor-widget-text-editor\" data-id=\"4c5a6ba\" data-element_type=\"widget\" data-widget_type=\"text-editor.default\">\n\t\t\t\t<div class=\"elementor-widget-container\">\n\t\t\t\t\t\t\t<div><strong>\u2713 CAPACITY<\/strong>\u00a0|<\/div>\n\n<div><strong>\u2713\u00a0<\/strong>Profile spindles | 6<\/div>\n\n<div><strong>\u2713\u00a0<\/strong>\u00a0Max. working width (mm) | 18-230<\/div>\n\n<div><strong>\u2713\u00a0<\/strong>\u00a0Max. working thickness (mm) | 6-160<\/div>\n\n<div><strong>\u2713\u00a0<\/strong>\u00a0min. working length (mm) | 200<\/div>\n\n<div><strong>\u2713\u00a0<\/strong>\u00a0Feed rate (m\/min.) | 7-36<\/div>\n\n<div><strong>\u2713\u00a0<\/strong>\u00a0<strong>ENGINE<\/strong>\u00a0|<\/div>\n\n<div><strong>\u2713\u00a0<\/strong>\u00a01st lower horizontal shaft | 7.5 HP<\/div>\n\n<div><strong>\u2713\u00a0<\/strong>\u00a02nd right vertical spindle+ | 7.5 HP<\/div>\n\n<div><strong>\u2713\u00a0<\/strong>\u00a03rd left vertical spindle | 10 HP<\/div>\n\n<div><strong>\u2713\u00a0<\/strong>\u00a04th upper horizontal | 10 HP<\/div>\n\n<div><strong>\u2713\u00a0<\/strong>\u00a05th lower horizontal shaft | 10 HP<\/div>\n\n<div><strong>\u2713\u00a0<\/strong>\u00a0Feed drive motor | 7.5 HP<\/div>\n\n<div><strong>\u2713\u00a0<\/strong>\u00a0elevation engine | 1 HP<\/div>\n<div>|\u00a0<strong>MAIN SHAFT<\/strong>\u00a0|<\/div>\n\n<div><strong>\u2713\u00a0<\/strong>\u00a0Spindle cutting speed (50HZ) | 6200RPM<\/div>\n\n<div><strong>\u2713\u00a0<\/strong>\u00a0Shaft diameter (mm) | \u00d840<\/div>\n\n<div><strong>\u2713\u00a0<\/strong>\u00a0Adjustment range of vertical shaft | 45mm<\/div>\n\n<div><strong>\u2713\u00a0<\/strong>Adjustment range of horizontal shaft | 35mm<\/div>\t\t\t\t\t\t<\/div>\n\t\t\t\t<\/div>\n\t\t\t\t\t<\/div>\n\t\t<\/div>\n\t\t\t\t<div class=\"elementor-column elementor-col-50 elementor-top-column elementor-element elementor-element-8e65ac0\" data-id=\"8e65ac0\" data-element_type=\"column\">\n\t\t\t<div class=\"elementor-widget-wrap elementor-element-populated\">\n\t\t\t\t\t\t<div class=\"elementor-element elementor-element-620fb94 elementor-widget elementor-widget-text-editor\" data-id=\"620fb94\" data-element_type=\"widget\" data-widget_type=\"text-editor.default\">\n\t\t\t\t<div class=\"elementor-widget-container\">\n\t\t\t\t\t\t\t<div><strong>\u2713 CUTTING CIRCLES<\/strong>\u00a0|<\/div>\n<div><strong>\u2713\u00a0<\/strong> 1st first lower horizontal shaft (mm) | \u00d8100-\u00d8160<\/div>\n<div><\/div>\n<div><strong>\u2713\u00a0<\/strong>\u00a02nd right vertical spindle | \u00d8110-\u00d8180<\/div>\n<div><\/div>\n<div><strong>\u2713\u00a0<\/strong>\u00a03rd left vertical spindle | \u00d8110-\u00d8200<\/div>\n<div><\/div>\n<div><strong>\u2713\u00a0<\/strong>\u00a04th upper horizontal shaft | \u00d8110-\u00d8200<\/div>\n<div><\/div>\n<div><strong>\u2713\u00a0<\/strong>\u00a05th second lower horizontal shaft | \u00d8100-\u00d8250<\/div>\n<div><\/div>\n<div><strong>\u2713\u00a0<\/strong>\u00a0<strong>ALL OTHER<\/strong>\u00a0|<\/div>\n<div><\/div>\n<div><strong>\u2713\u00a0<\/strong>\u00a0Dust outlet diameter (mm) | 125<\/div>\n<div><\/div>\n<div><strong>\u2713\u00a0<\/strong>\u00a0Feeding table | 2m<\/div>\n<div><\/div>\n<div><strong>\u2713\u00a0<\/strong>\u00a0Feed roller diameter (mm) | 140<\/div>\n<div><\/div>\n<div><strong>\u2713\u00a0<\/strong>\u00a0Feed roller width (mm) | 50<\/div>\n<div><\/div>\n<div><strong>\u2713 <\/strong>Pneumatic pressure for feed rollers, max. | 6 bars (87psi)<\/div>\n<div><\/div>\n<div><strong>\u2713\u00a0<\/strong>\u00a0Adjustment range (mm) for feeding table and edge joint guard | 10<\/div>\n<div><\/div>\n<div><strong>\u2713\u00a0<\/strong>\u00a0Packaging dimensions (Length x Width x Height) (cm) | 432x201x211<\/div>\n<div><\/div>\n<div><strong>\u2713\u00a0<\/strong>\u00a0Net weight (Kg) | 5100<\/div>\n<div><\/div>\n<div><strong>\u2713\u00a0<\/strong>\u00a0Gross weight (Kg) | 5900<\/div>\t\t\t\t\t\t<\/div>\n\t\t\t\t<\/div>\n\t\t\t\t\t<\/div>\n\t\t<\/div>\n\t\t\t\t\t<\/div>\n\t\t<\/section>\n\t\t\t\t<\/div>","protected":false},"excerpt":{"rendered":"<p>Model\u00a0|\u00a0FM-623C 6 B\u0131\u00e7akl\u0131 6 B\u0131\u00e7akl\u0131 Universal 6 B\u0131\u00e7akl\u0131 \u00c7oklu Dilimleme Teknik Detaylar \u2713\u00a0KAPAS\u0130TE\u00a0| \u2713\u00a0Profil mil say\u0131s\u0131 | 6 \u2713\u00a0\u00a0Max. \u00e7al\u0131\u015fma geni\u015fli\u011fi (mm) | 18-230 \u2713\u00a0\u00a0Max. \u00e7al\u0131\u015fma kal\u0131nl\u0131\u011f\u0131 (mm) | 6-160 \u2713\u00a0\u00a0Min. \u00e7al\u0131\u015fma uzunlu\u011fu (mm) | 200 \u2713\u00a0\u00a0\u0130lerleme h\u0131z\u0131 (m\/dk.) | 7-36 \u2713\u00a0\u00a0MOTOR\u00a0| \u2713\u00a0\u00a01\u2019inci alt yatay mil | 7.5 HP \u2713\u00a0\u00a02\u2019inci sa\u011f dikey mil+ | 7.5 [&hellip;]<\/p>","protected":false},"author":1,"featured_media":0,"parent":0,"menu_order":0,"comment_status":"closed","ping_status":"closed","template":"","meta":{"footnotes":""},"class_list":["post-6103","page","type-page","status-publish","hentry"],"_links":{"self":[{"href":"https:\/\/fimaksan.com\/en\/wp-json\/wp\/v2\/pages\/6103","targetHints":{"allow":["GET"]}}],"collection":[{"href":"https:\/\/fimaksan.com\/en\/wp-json\/wp\/v2\/pages"}],"about":[{"href":"https:\/\/fimaksan.com\/en\/wp-json\/wp\/v2\/types\/page"}],"author":[{"embeddable":true,"href":"https:\/\/fimaksan.com\/en\/wp-json\/wp\/v2\/users\/1"}],"replies":[{"embeddable":true,"href":"https:\/\/fimaksan.com\/en\/wp-json\/wp\/v2\/comments?post=6103"}],"version-history":[{"count":7,"href":"https:\/\/fimaksan.com\/en\/wp-json\/wp\/v2\/pages\/6103\/revisions"}],"predecessor-version":[{"id":6866,"href":"https:\/\/fimaksan.com\/en\/wp-json\/wp\/v2\/pages\/6103\/revisions\/6866"}],"wp:attachment":[{"href":"https:\/\/fimaksan.com\/en\/wp-json\/wp\/v2\/media?parent=6103"}],"curies":[{"name":"wp","href":"https:\/\/api.w.org\/{rel}","templated":true}]}}