{"id":6027,"date":"2023-04-11T17:50:56","date_gmt":"2023-04-11T14:50:56","guid":{"rendered":"https:\/\/www.hilkomyazilim.com.tr\/fimaksan\/?page_id=6027"},"modified":"2023-04-11T17:53:16","modified_gmt":"2023-04-11T14:53:16","slug":"tomruk-yukleme-rampasi-6-mt-mekanik-koprulu-hidroliksiz","status":"publish","type":"page","link":"https:\/\/fimaksan.com\/en\/tomruk-yukleme-rampasi-6-mt-mekanik-koprulu-hidroliksiz\/","title":{"rendered":"Log Loading Ramp \/ 6 mt. ( Mechanical closing Arms without Hydraulic )"},"content":{"rendered":"<div data-elementor-type=\"wp-page\" data-elementor-id=\"6027\" class=\"elementor elementor-6027\">\n\t\t\t\t\t\t<section class=\"elementor-section elementor-top-section elementor-element elementor-element-dc3aa42 elementor-section-stretched elementor-section-boxed elementor-section-height-default elementor-section-height-default\" data-id=\"dc3aa42\" data-element_type=\"section\" data-settings=\"{&quot;stretch_section&quot;:&quot;section-stretched&quot;}\">\n\t\t\t\t\t\t<div class=\"elementor-container elementor-column-gap-default\">\n\t\t\t\t\t<div class=\"elementor-column elementor-col-50 elementor-top-column elementor-element elementor-element-d199abd\" data-id=\"d199abd\" data-element_type=\"column\">\n\t\t\t<div class=\"elementor-widget-wrap elementor-element-populated\">\n\t\t\t\t\t\t<div class=\"elementor-element elementor-element-950b733 elementor-widget elementor-widget-creote-simple-image-box-v1\" data-id=\"950b733\" data-element_type=\"widget\" data-widget_type=\"creote-simple-image-box-v1.default\">\n\t\t\t\t<div class=\"elementor-widget-container\">\n\t\t\t<div class=\"simple_image_boxes\"   data-aos=\"fade-up\" data-aos-delay=\"0\"  data-aos-offset=\"0\" >\r\n   <img decoding=\"async\" src=\"https:\/\/fimaksan.com\/\/wp-content\/uploads\/2023\/04\/QNbnvhEA5KatsvEsCCCciL7HJoz5iIaq2MpPzF2U.jpeg\" class=\"simp_img\" alt=\"\" \/>\r\n<\/div>\r\n\t\t<\/div>\n\t\t\t\t<\/div>\n\t\t\t\t\t<\/div>\n\t\t<\/div>\n\t\t\t\t<div class=\"elementor-column elementor-col-50 elementor-top-column elementor-element elementor-element-09f2969\" data-id=\"09f2969\" data-element_type=\"column\">\n\t\t\t<div class=\"elementor-widget-wrap elementor-element-populated\">\n\t\t\t\t\t\t<div class=\"elementor-element elementor-element-a0959a7 elementor-widget elementor-widget-text-editor\" data-id=\"a0959a7\" data-element_type=\"widget\" data-widget_type=\"text-editor.default\">\n\t\t\t\t<div class=\"elementor-widget-container\">\n\t\t\t\t\t\t\t<div>TOMRUK Y\u00dcKLEME RAMPASI &#8211; H\u0130DROL\u0130KS\u0130Z<\/div><div><br \/>-Mekanik K\u00f6pr\u00fcl\u00fc (Hidroliksiz)<\/div><div><br \/>&#8211; 6 mt.\u00a0<\/div><div><br \/>&#8211; 4 Ayakl\u0131<\/div><div>\u00a0<\/div><div>-Kal\u0131n 2 in\u00e7 (5 cm) lik zincir<\/div>\t\t\t\t\t\t<\/div>\n\t\t\t\t<\/div>\n\t\t\t\t\t<\/div>\n\t\t<\/div>\n\t\t\t\t\t<\/div>\n\t\t<\/section>\n\t\t\t\t<section class=\"elementor-section elementor-top-section elementor-element elementor-element-c80e571 elementor-section-stretched elementor-section-boxed elementor-section-height-default elementor-section-height-default\" data-id=\"c80e571\" data-element_type=\"section\" data-settings=\"{&quot;stretch_section&quot;:&quot;section-stretched&quot;}\">\n\t\t\t\t\t\t<div class=\"elementor-container elementor-column-gap-default\">\n\t\t\t\t\t<div class=\"elementor-column elementor-col-100 elementor-top-column elementor-element elementor-element-72ab171\" data-id=\"72ab171\" data-element_type=\"column\">\n\t\t\t<div class=\"elementor-widget-wrap elementor-element-populated\">\n\t\t\t\t\t\t<div class=\"elementor-element elementor-element-49867be elementor-widget elementor-widget-creote-heading-v2\" data-id=\"49867be\" data-element_type=\"widget\" data-widget_type=\"creote-heading-v2.default\">\n\t\t\t\t<div class=\"elementor-widget-container\">\n\t\t\t<div class=\"heading type_one text_center\">  <div class=\"small_text\">    Technical Specifications <\/div>    <\/div>\r\n\t\t<\/div>\n\t\t\t\t<\/div>\n\t\t\t\t<div class=\"elementor-element elementor-element-53d346d elementor-widget elementor-widget-text-editor\" data-id=\"53d346d\" data-element_type=\"widget\" data-widget_type=\"text-editor.default\">\n\t\t\t\t<div class=\"elementor-widget-container\">\n\t\t\t\t\t\t\t<p><strong>\u2713\u00a0\u015ease Tipi<\/strong>\u00a0| 4 Ayakl\u0131 ( 4 s\u0131ra 180 lik NPI demir)<\/p><p><strong>\u2713\u00a0Log moved by<\/strong>\u00a0| Zincirli\u00a0 Ta\u015f\u0131ma<\/p><p><br \/><strong>\u2713\u00a0Log Loading<\/strong>\u00a0| A\u00e7\u0131l\u0131r kapan\u0131r mekanik k\u00f6pr\u00fcler<\/p><p><br \/><strong>\u2713 Feed Rate\u00a0<\/strong>\u00a0| 30 m \/ dk.<\/p><p><br \/><strong>\u2713 Main Motor<\/strong>\u00a0| 7,5 kW red\u00fckt\u00f6r<\/p><p><br \/><strong>\u2713\u00a0Shipped as\u00a0<\/strong>\u00a0| Disassembled<\/p><p><br \/><strong>\u2713\u00a0Montaj \/ \u00c7al\u0131\u015ft\u0131rma\u00a0<\/strong>\u00a0| Yerinde montaj ve kurulu<\/p><p><br \/><strong>\u2713\u00a0Takribi A\u011f\u0131rl\u0131\u011f\u0131\u00a0<\/strong>\u00a0| 3000 Kg<\/p><p><br \/><strong>\u2713 Machine Dimensions\u00a0<\/strong>\u00a0| 600 X 20 X 100 cm (Uzunluk Geni\u015flik Y\u00fckseklik)<\/p><p><br \/><strong>\u2713\u00a0S\u0131ra Aralar\u0131\u00a0<\/strong>\u00a0 | Opsiyonel<\/p>\t\t\t\t\t\t<\/div>\n\t\t\t\t<\/div>\n\t\t\t\t\t<\/div>\n\t\t<\/div>\n\t\t\t\t\t<\/div>\n\t\t<\/section>\n\t\t\t\t<\/div>","protected":false},"excerpt":{"rendered":"<p>TOMRUK Y\u00dcKLEME RAMPASI &#8211; H\u0130DROL\u0130KS\u0130Z-Mekanik K\u00f6pr\u00fcl\u00fc (Hidroliksiz)&#8211; 6 mt.\u00a0&#8211; 4 Ayakl\u0131\u00a0-Kal\u0131n 2 in\u00e7 (5 cm) lik zincir Teknik Detaylar \u2713\u00a0\u015ease Tipi\u00a0| 4 Ayakl\u0131 ( 4 s\u0131ra 180 lik NPI demir) \u2713\u00a0Tomruk Ta\u015f\u0131ma Sistemi\u00a0| Zincirli\u00a0 Ta\u015f\u0131ma \u2713\u00a0Tomruk Y\u00fckleme\u00a0| A\u00e7\u0131l\u0131r kapan\u0131r mekanik k\u00f6pr\u00fcler \u2713\u00a0\u0130lerleme H\u0131z\u0131\u00a0\u00a0| 30 m \/ dk. \u2713\u00a0Ana Motor\u00a0| 7,5 kW red\u00fckt\u00f6r \u2713\u00a0Nakliye \u015eekli\u00a0\u00a0| Demonte [&hellip;]<\/p>","protected":false},"author":1,"featured_media":0,"parent":0,"menu_order":0,"comment_status":"closed","ping_status":"closed","template":"","meta":{"footnotes":""},"class_list":["post-6027","page","type-page","status-publish","hentry"],"_links":{"self":[{"href":"https:\/\/fimaksan.com\/en\/wp-json\/wp\/v2\/pages\/6027","targetHints":{"allow":["GET"]}}],"collection":[{"href":"https:\/\/fimaksan.com\/en\/wp-json\/wp\/v2\/pages"}],"about":[{"href":"https:\/\/fimaksan.com\/en\/wp-json\/wp\/v2\/types\/page"}],"author":[{"embeddable":true,"href":"https:\/\/fimaksan.com\/en\/wp-json\/wp\/v2\/users\/1"}],"replies":[{"embeddable":true,"href":"https:\/\/fimaksan.com\/en\/wp-json\/wp\/v2\/comments?post=6027"}],"version-history":[{"count":4,"href":"https:\/\/fimaksan.com\/en\/wp-json\/wp\/v2\/pages\/6027\/revisions"}],"predecessor-version":[{"id":6034,"href":"https:\/\/fimaksan.com\/en\/wp-json\/wp\/v2\/pages\/6027\/revisions\/6034"}],"wp:attachment":[{"href":"https:\/\/fimaksan.com\/en\/wp-json\/wp\/v2\/media?parent=6027"}],"curies":[{"name":"wp","href":"https:\/\/api.w.org\/{rel}","templated":true}]}}