{"id":5978,"date":"2023-04-11T17:34:20","date_gmt":"2023-04-11T14:34:20","guid":{"rendered":"https:\/\/www.hilkomyazilim.com.tr\/fimaksan\/?page_id=5978"},"modified":"2023-08-04T21:03:16","modified_gmt":"2023-08-04T18:03:16","slug":"enine-hizli-itici-zincirli-2-mt-ve-rulo-konveyorlu-6-mt","status":"publish","type":"page","link":"https:\/\/fimaksan.com\/en\/enine-hizli-itici-zincirli-2-mt-ve-rulo-konveyorlu-6-mt\/","title":{"rendered":"Transverse Quick Ejector Chain 2 mt. and Roller Conveyor 6 mt."},"content":{"rendered":"<div data-elementor-type=\"wp-page\" data-elementor-id=\"5978\" class=\"elementor elementor-5978\">\n\t\t\t\t\t\t<section class=\"elementor-section elementor-top-section elementor-element elementor-element-45e2c2e elementor-section-stretched elementor-section-boxed elementor-section-height-default elementor-section-height-default\" data-id=\"45e2c2e\" data-element_type=\"section\" data-settings=\"{&quot;stretch_section&quot;:&quot;section-stretched&quot;}\">\n\t\t\t\t\t\t<div class=\"elementor-container elementor-column-gap-default\">\n\t\t\t\t\t<div class=\"elementor-column elementor-col-50 elementor-top-column elementor-element elementor-element-455ab20\" data-id=\"455ab20\" data-element_type=\"column\">\n\t\t\t<div class=\"elementor-widget-wrap elementor-element-populated\">\n\t\t\t\t\t\t<div class=\"elementor-element elementor-element-f76d81e elementor-widget elementor-widget-creote-simple-image-box-v1\" data-id=\"f76d81e\" data-element_type=\"widget\" data-widget_type=\"creote-simple-image-box-v1.default\">\n\t\t\t\t<div class=\"elementor-widget-container\">\n\t\t\t<div class=\"simple_image_boxes\"   data-aos=\"fade-up\" data-aos-delay=\"0\"  data-aos-offset=\"0\" >\r\n   <img decoding=\"async\" src=\"https:\/\/fimaksan.com\/\/wp-content\/uploads\/2023\/04\/9OHajLSO3ghFOwH2tvCwImgkHsnFRKX4Tn3SJISq.png\" class=\"simp_img\" alt=\"\" \/>\r\n<\/div>\r\n\t\t<\/div>\n\t\t\t\t<\/div>\n\t\t\t\t\t<\/div>\n\t\t<\/div>\n\t\t\t\t<div class=\"elementor-column elementor-col-50 elementor-top-column elementor-element elementor-element-f869d49\" data-id=\"f869d49\" data-element_type=\"column\">\n\t\t\t<div class=\"elementor-widget-wrap elementor-element-populated\">\n\t\t\t\t\t\t<div class=\"elementor-element elementor-element-4982568 elementor-widget elementor-widget-text-editor\" data-id=\"4982568\" data-element_type=\"widget\" data-widget_type=\"text-editor.default\">\n\t\t\t\t<div class=\"elementor-widget-container\">\n\t\t\t\t\t\t\t<p><strong>QUICK TRANSVERSE PUSHER - to RIGHT or LEFT<\/strong><\/p>\t\t\t\t\t\t<\/div>\n\t\t\t\t<\/div>\n\t\t\t\t\t<\/div>\n\t\t<\/div>\n\t\t\t\t\t<\/div>\n\t\t<\/section>\n\t\t\t\t<section class=\"elementor-section elementor-top-section elementor-element elementor-element-fe758fb elementor-section-stretched elementor-section-boxed elementor-section-height-default elementor-section-height-default\" data-id=\"fe758fb\" data-element_type=\"section\" data-settings=\"{&quot;stretch_section&quot;:&quot;section-stretched&quot;}\">\n\t\t\t\t\t\t<div class=\"elementor-container elementor-column-gap-default\">\n\t\t\t\t\t<div class=\"elementor-column elementor-col-100 elementor-top-column elementor-element elementor-element-177be50\" data-id=\"177be50\" data-element_type=\"column\">\n\t\t\t<div class=\"elementor-widget-wrap elementor-element-populated\">\n\t\t\t\t\t\t<div class=\"elementor-element elementor-element-68fbc50 elementor-widget elementor-widget-creote-heading-v2\" data-id=\"68fbc50\" data-element_type=\"widget\" data-widget_type=\"creote-heading-v2.default\">\n\t\t\t\t<div class=\"elementor-widget-container\">\n\t\t\t<div class=\"heading type_one text_center\">  <div class=\"small_text\">    Technical Specifications <\/div>    <\/div>\r\n\t\t<\/div>\n\t\t\t\t<\/div>\n\t\t\t\t<div class=\"elementor-element elementor-element-2149feb elementor-widget elementor-widget-text-editor\" data-id=\"2149feb\" data-element_type=\"widget\" data-widget_type=\"text-editor.default\">\n\t\t\t\t<div class=\"elementor-widget-container\">\n\t\t\t\t\t\t\t<p><strong>\u2713 Timber Pushed by <\/strong>&nbsp;| Chain with a nail (double row chain)<\/p>\n<p><strong>\u2713\u00a0Chain Feed Speed<\/strong>&nbsp;| 60 m \/ min.<\/p>\n<p><strong>\u2713\u00a0Chain Drive by&nbsp;<\/strong>&nbsp;| 1.5 kW geared motor<\/p>\n<p><strong>\u2713\u00a0Shipped as&nbsp;<\/strong>&nbsp;| Monte&nbsp;<\/p>\n<p><strong>\u2713\u00a0Installation &amp; Run<\/strong>&nbsp;| On site Installation &amp; Run<\/p>\n<p><strong>\u2713\u00a0Weight&nbsp;<\/strong>&nbsp;| 1000 Kg<\/p>\n<p><strong>\u2713\u00a0Dimensions&nbsp;<\/strong>&nbsp;| 600 X 160 X 80 cm \u2014 4 legs (L x W x H)<\/p>\t\t\t\t\t\t<\/div>\n\t\t\t\t<\/div>\n\t\t\t\t\t<\/div>\n\t\t<\/div>\n\t\t\t\t\t<\/div>\n\t\t<\/section>\n\t\t\t\t<\/div>","protected":false},"excerpt":{"rendered":"<p>EN\u0130NE HIZLI \u0130T\u0130C\u0130\u00a0 &#8211; SA\u011eA yada SOLA Teknik Detaylar \u2713&nbsp;Kalas \u0130tme Sistemi &nbsp;| T\u0131rnakl\u0131 zincirli sistem (\u00e7ift s\u0131ral\u0131 zincir) \u2713&nbsp;Zincir Hareket H\u0131z\u0131&nbsp;| 60 m \/ dk. \u2713&nbsp;Zincir Tahrik Sistemi&nbsp;&nbsp;| 1,5 kW red\u00fckt\u00f6rl\u00fc motor \u2713&nbsp;Nakliye \u015eekli&nbsp;&nbsp;| Monte&nbsp; \u2713&nbsp;Montaj &#8211; \u00c7al\u0131\u015ft\u0131rma&nbsp;| Yerinde kurulum ve \u00e7al\u0131\u015ft\u0131rma \u2713&nbsp;A\u011f\u0131rl\u0131k&nbsp;&nbsp;| 1000 Kg \u2713&nbsp;Boyutlar&nbsp;&nbsp;| 600 X 160 X 80 cm &#8212; 4 [&hellip;]<\/p>","protected":false},"author":1,"featured_media":0,"parent":0,"menu_order":0,"comment_status":"closed","ping_status":"closed","template":"","meta":{"footnotes":""},"class_list":["post-5978","page","type-page","status-publish","hentry"],"_links":{"self":[{"href":"https:\/\/fimaksan.com\/en\/wp-json\/wp\/v2\/pages\/5978","targetHints":{"allow":["GET"]}}],"collection":[{"href":"https:\/\/fimaksan.com\/en\/wp-json\/wp\/v2\/pages"}],"about":[{"href":"https:\/\/fimaksan.com\/en\/wp-json\/wp\/v2\/types\/page"}],"author":[{"embeddable":true,"href":"https:\/\/fimaksan.com\/en\/wp-json\/wp\/v2\/users\/1"}],"replies":[{"embeddable":true,"href":"https:\/\/fimaksan.com\/en\/wp-json\/wp\/v2\/comments?post=5978"}],"version-history":[{"count":7,"href":"https:\/\/fimaksan.com\/en\/wp-json\/wp\/v2\/pages\/5978\/revisions"}],"predecessor-version":[{"id":7465,"href":"https:\/\/fimaksan.com\/en\/wp-json\/wp\/v2\/pages\/5978\/revisions\/7465"}],"wp:attachment":[{"href":"https:\/\/fimaksan.com\/en\/wp-json\/wp\/v2\/media?parent=5978"}],"curies":[{"name":"wp","href":"https:\/\/api.w.org\/{rel}","templated":true}]}}