{"id":5921,"date":"2023-04-11T17:20:49","date_gmt":"2023-04-11T14:20:49","guid":{"rendered":"https:\/\/www.hilkomyazilim.com.tr\/fimaksan\/?page_id=5921"},"modified":"2023-04-11T17:22:26","modified_gmt":"2023-04-11T14:22:26","slug":"enine-kalas-goturucu-4-mt","status":"publish","type":"page","link":"https:\/\/fimaksan.com\/en\/enine-kalas-goturucu-4-mt\/","title":{"rendered":"Enine Kalas G\u00f6t\u00fcr\u00fcc\u00fc \/ 4 mt."},"content":{"rendered":"<div data-elementor-type=\"wp-page\" data-elementor-id=\"5921\" class=\"elementor elementor-5921\">\n\t\t\t\t\t\t<section class=\"elementor-section elementor-top-section elementor-element elementor-element-eb823b4 elementor-section-stretched elementor-section-boxed elementor-section-height-default elementor-section-height-default\" data-id=\"eb823b4\" data-element_type=\"section\" data-settings=\"{&quot;stretch_section&quot;:&quot;section-stretched&quot;}\">\n\t\t\t\t\t\t<div class=\"elementor-container elementor-column-gap-default\">\n\t\t\t\t\t<div class=\"elementor-column elementor-col-50 elementor-top-column elementor-element elementor-element-d902a76\" data-id=\"d902a76\" data-element_type=\"column\">\n\t\t\t<div class=\"elementor-widget-wrap elementor-element-populated\">\n\t\t\t\t\t\t<div class=\"elementor-element elementor-element-50eb38c elementor-widget elementor-widget-creote-simple-image-box-v1\" data-id=\"50eb38c\" data-element_type=\"widget\" data-widget_type=\"creote-simple-image-box-v1.default\">\n\t\t\t\t<div class=\"elementor-widget-container\">\n\t\t\t<div class=\"simple_image_boxes  parallax_cover\"   data-aos=\"fade-up\" data-aos-delay=\"0\"  data-aos-offset=\"0\" >\r\n   <img decoding=\"async\" src=\"https:\/\/fimaksan.com\/\/wp-content\/uploads\/2023\/04\/UBJnOeIUUzr1jX27HlChn9thCObXp9xZUlcFoqz5-scaled.jpeg\" class=\"simp_img cover-parallax\" alt=\"\" \/>\r\n<\/div>\r\n\t\t<\/div>\n\t\t\t\t<\/div>\n\t\t\t\t\t<\/div>\n\t\t<\/div>\n\t\t\t\t<div class=\"elementor-column elementor-col-50 elementor-top-column elementor-element elementor-element-70b183f\" data-id=\"70b183f\" data-element_type=\"column\">\n\t\t\t<div class=\"elementor-widget-wrap elementor-element-populated\">\n\t\t\t\t\t\t<div class=\"elementor-element elementor-element-ecb1ff9 elementor-widget elementor-widget-text-editor\" data-id=\"ecb1ff9\" data-element_type=\"widget\" data-widget_type=\"text-editor.default\">\n\t\t\t\t<div class=\"elementor-widget-container\">\n\t\t\t\t\t\t\t<p>EN\u0130NE KALAS G\u00d6T\u00dcR\u00dcC\u00dc\u00a0<\/p><p><br \/>&#8211; 4 mt.\u00a0<\/p><p><br \/>&#8211; 4 Ayakl\u0131<\/p>\t\t\t\t\t\t<\/div>\n\t\t\t\t<\/div>\n\t\t\t\t\t<\/div>\n\t\t<\/div>\n\t\t\t\t\t<\/div>\n\t\t<\/section>\n\t\t\t\t<section class=\"elementor-section elementor-top-section elementor-element elementor-element-d2575fc elementor-section-stretched elementor-section-boxed elementor-section-height-default elementor-section-height-default\" data-id=\"d2575fc\" data-element_type=\"section\" data-settings=\"{&quot;stretch_section&quot;:&quot;section-stretched&quot;}\">\n\t\t\t\t\t\t<div class=\"elementor-container elementor-column-gap-default\">\n\t\t\t\t\t<div class=\"elementor-column elementor-col-100 elementor-top-column elementor-element elementor-element-a1c6211\" data-id=\"a1c6211\" data-element_type=\"column\">\n\t\t\t<div class=\"elementor-widget-wrap elementor-element-populated\">\n\t\t\t\t\t\t<div class=\"elementor-element elementor-element-3697488 elementor-widget elementor-widget-creote-heading-v2\" data-id=\"3697488\" data-element_type=\"widget\" data-widget_type=\"creote-heading-v2.default\">\n\t\t\t\t<div class=\"elementor-widget-container\">\n\t\t\t<div class=\"heading type_one text_center\">  <div class=\"small_text\">    Technical Specifications <\/div>    <\/div>\r\n\t\t<\/div>\n\t\t\t\t<\/div>\n\t\t\t\t<div class=\"elementor-element elementor-element-3193bd4 elementor-widget elementor-widget-text-editor\" data-id=\"3193bd4\" data-element_type=\"widget\" data-widget_type=\"text-editor.default\">\n\t\t\t\t<div class=\"elementor-widget-container\">\n\t\t\t\t\t\t\t<p><strong>\u2713 Tahta Ta\u015f\u0131ma Sistemi <\/strong>\u00a0|1.5\u2019\u2019 tek s\u0131ra t\u0131rnakl\u0131 zincir<\/p><p><strong>\u2713 \u0130lerleme H\u0131z\u0131<\/strong>\u00a0| 50 m \/dk.<\/p><p><br \/><strong>\u2713 Main Engine <\/strong>\u00a0| 4,0 kW red\u00fckt\u00f6rl\u00fc motor<\/p><p><br \/><strong>\u2713 Tahta Al\u0131\u015f \u015eekli<\/strong>\u00a0| T\u0131rnakl\u0131 zincir vas\u0131tas\u0131yla<\/p><p><br \/><strong>\u2713 Nakliye \u015eekli <\/strong>\u00a0| Disassembled<\/p><p><br \/><strong>\u2713 Montaj \/ \u00c7al\u0131\u015ft\u0131rma<\/strong>\u00a0| On site installation &amp; Run<\/p><p><br \/><strong>\u2713 Weight <\/strong>\u00a0| 3200 Kg<\/p><p><br \/><strong>\u2713 Dimensions <\/strong>\u00a0| 400 X 20 X 85 cm (Uzunluk Geni\u015flik Y\u00fckseklik)<\/p>\t\t\t\t\t\t<\/div>\n\t\t\t\t<\/div>\n\t\t\t\t\t<\/div>\n\t\t<\/div>\n\t\t\t\t\t<\/div>\n\t\t<\/section>\n\t\t\t\t<\/div>","protected":false},"excerpt":{"rendered":"<p>EN\u0130NE KALAS G\u00d6T\u00dcR\u00dcC\u00dc\u00a0 &#8211; 4 mt.\u00a0 &#8211; 4 Ayakl\u0131 Teknik Detaylar \u2713 Tahta Ta\u015f\u0131ma Sistemi \u00a0|1.5\u2019\u2019 tek s\u0131ra t\u0131rnakl\u0131 zincir \u2713 \u0130lerleme H\u0131z\u0131\u00a0| 50 m \/dk. \u2713 Ana Motor \u00a0| 4,0 kW red\u00fckt\u00f6rl\u00fc motor \u2713 Tahta Al\u0131\u015f \u015eekli\u00a0| T\u0131rnakl\u0131 zincir vas\u0131tas\u0131yla \u2713 Nakliye \u015eekli \u00a0| Demonte \u2713 Montaj \/ \u00c7al\u0131\u015ft\u0131rma\u00a0| Yerinde montaj ve \u00e7al\u0131\u015ft\u0131rma \u2713 [&hellip;]<\/p>","protected":false},"author":1,"featured_media":0,"parent":0,"menu_order":0,"comment_status":"closed","ping_status":"closed","template":"","meta":{"footnotes":""},"class_list":["post-5921","page","type-page","status-publish","hentry"],"_links":{"self":[{"href":"https:\/\/fimaksan.com\/en\/wp-json\/wp\/v2\/pages\/5921","targetHints":{"allow":["GET"]}}],"collection":[{"href":"https:\/\/fimaksan.com\/en\/wp-json\/wp\/v2\/pages"}],"about":[{"href":"https:\/\/fimaksan.com\/en\/wp-json\/wp\/v2\/types\/page"}],"author":[{"embeddable":true,"href":"https:\/\/fimaksan.com\/en\/wp-json\/wp\/v2\/users\/1"}],"replies":[{"embeddable":true,"href":"https:\/\/fimaksan.com\/en\/wp-json\/wp\/v2\/comments?post=5921"}],"version-history":[{"count":7,"href":"https:\/\/fimaksan.com\/en\/wp-json\/wp\/v2\/pages\/5921\/revisions"}],"predecessor-version":[{"id":5942,"href":"https:\/\/fimaksan.com\/en\/wp-json\/wp\/v2\/pages\/5921\/revisions\/5942"}],"wp:attachment":[{"href":"https:\/\/fimaksan.com\/en\/wp-json\/wp\/v2\/media?parent=5921"}],"curies":[{"name":"wp","href":"https:\/\/api.w.org\/{rel}","templated":true}]}}