{"id":5890,"date":"2023-04-11T16:48:46","date_gmt":"2023-04-11T13:48:46","guid":{"rendered":"https:\/\/www.hilkomyazilim.com.tr\/fimaksan\/?page_id=5890"},"modified":"2023-04-11T17:04:11","modified_gmt":"2023-04-11T14:04:11","slug":"enine-kalas-goturucu-3-mt","status":"publish","type":"page","link":"https:\/\/fimaksan.com\/en\/enine-kalas-goturucu-3-mt\/","title":{"rendered":"Enine Kalas G\u00f6t\u00fcr\u00fcc\u00fc \/ 3 mt."},"content":{"rendered":"<div data-elementor-type=\"wp-page\" data-elementor-id=\"5890\" class=\"elementor elementor-5890\">\n\t\t\t\t\t\t<section class=\"elementor-section elementor-top-section elementor-element elementor-element-05b56ad elementor-section-stretched elementor-section-boxed elementor-section-height-default elementor-section-height-default\" data-id=\"05b56ad\" data-element_type=\"section\" data-settings=\"{&quot;stretch_section&quot;:&quot;section-stretched&quot;}\">\n\t\t\t\t\t\t<div class=\"elementor-container elementor-column-gap-default\">\n\t\t\t\t\t<div class=\"elementor-column elementor-col-50 elementor-top-column elementor-element elementor-element-b22c5a8\" data-id=\"b22c5a8\" data-element_type=\"column\">\n\t\t\t<div class=\"elementor-widget-wrap elementor-element-populated\">\n\t\t\t\t\t\t<div class=\"elementor-element elementor-element-a2c2882 elementor-widget elementor-widget-creote-simple-image-box-v1\" data-id=\"a2c2882\" data-element_type=\"widget\" data-widget_type=\"creote-simple-image-box-v1.default\">\n\t\t\t\t<div class=\"elementor-widget-container\">\n\t\t\t<div class=\"simple_image_boxes  parallax_cover\"   data-aos=\"fade-up\" data-aos-delay=\"0\"  data-aos-offset=\"0\" >\r\n   <img decoding=\"async\" src=\"https:\/\/fimaksan.com\/\/wp-content\/uploads\/2023\/04\/81Ge5oBaRMZztib0UPdNaApCPga8Us8s3qLtDuIN-scaled.jpeg\" class=\"simp_img cover-parallax\" alt=\"\" \/>\r\n<\/div>\r\n\t\t<\/div>\n\t\t\t\t<\/div>\n\t\t\t\t\t<\/div>\n\t\t<\/div>\n\t\t\t\t<div class=\"elementor-column elementor-col-50 elementor-top-column elementor-element elementor-element-462510a\" data-id=\"462510a\" data-element_type=\"column\">\n\t\t\t<div class=\"elementor-widget-wrap elementor-element-populated\">\n\t\t\t\t\t\t<div class=\"elementor-element elementor-element-d210986 elementor-widget elementor-widget-text-editor\" data-id=\"d210986\" data-element_type=\"widget\" data-widget_type=\"text-editor.default\">\n\t\t\t\t<div class=\"elementor-widget-container\">\n\t\t\t\t\t\t\t<p>F\u0130: 3000 \/ EKG 4 \u00a0<br \/>EN\u0130NE KALAS G\u00d6T\u00dcR\u00dcC\u00dc<\/p><p>\u00a0<br \/>&#8211; 3 mt.<\/p><p>\u00a0<br \/>&#8211; 4 Ayakl\u0131<\/p>\t\t\t\t\t\t<\/div>\n\t\t\t\t<\/div>\n\t\t\t\t\t<\/div>\n\t\t<\/div>\n\t\t\t\t\t<\/div>\n\t\t<\/section>\n\t\t\t\t<section class=\"elementor-section elementor-top-section elementor-element elementor-element-b772e55 elementor-section-stretched elementor-section-boxed elementor-section-height-default elementor-section-height-default\" data-id=\"b772e55\" data-element_type=\"section\" data-settings=\"{&quot;stretch_section&quot;:&quot;section-stretched&quot;}\">\n\t\t\t\t\t\t<div class=\"elementor-container elementor-column-gap-default\">\n\t\t\t\t\t<div class=\"elementor-column elementor-col-100 elementor-top-column elementor-element elementor-element-aef6586\" data-id=\"aef6586\" data-element_type=\"column\">\n\t\t\t<div class=\"elementor-widget-wrap elementor-element-populated\">\n\t\t\t\t\t\t<div class=\"elementor-element elementor-element-84bc8d3 elementor-widget elementor-widget-creote-heading-v2\" data-id=\"84bc8d3\" data-element_type=\"widget\" data-widget_type=\"creote-heading-v2.default\">\n\t\t\t\t<div class=\"elementor-widget-container\">\n\t\t\t<div class=\"heading type_one text_center\">  <div class=\"small_text\">    Technical Specifications <\/div>    <\/div>\r\n\t\t<\/div>\n\t\t\t\t<\/div>\n\t\t\t\t<div class=\"elementor-element elementor-element-63808e9 elementor-widget elementor-widget-text-editor\" data-id=\"63808e9\" data-element_type=\"widget\" data-widget_type=\"text-editor.default\">\n\t\t\t\t<div class=\"elementor-widget-container\">\n\t\t\t\t\t\t\t<p><strong>\u2713\u00a0Kalas Ta\u015f\u0131ma Sistemi <\/strong>\u00a0| Zincirli palet ta\u015f\u0131ma<\/p><p><br \/><strong>\u2713 Feed Rate<\/strong>\u00a0| 30 m \/dk.<\/p><div><strong>\u2713 Main Motor<\/strong>\u00a0| 4,0 kW red\u00fckt\u00f6rl\u00fc motor<\/div><div>\u00a0<\/div><div><strong>\u2713\u00a0Kalas Al\u0131\u015f \u015eekli<\/strong>\u00a0| Sabit dayamalar \u00fczerinden<\/div><div>\u00a0<\/div><div><strong>\u2713\u00a0Shipped as\u00a0<\/strong>\u00a0| Disassembled<\/div><div>\u00a0<\/div><div><strong>\u2713\u00a0Montaj \/ \u00c7al\u0131\u015ft\u0131rma<\/strong>\u00a0| On site installation &amp; Run<\/div><div>\u00a0<\/div><div><strong>\u2713 Weight<\/strong>\u00a0| 1200 -1800 kg<\/div><div>\u00a0<\/div><div><strong>\u2713 Machine Dimensions<\/strong>\u00a0| 300 X 20 X 85 cm ( Uzunluk Geni\u015flik Y\u00fckseklik)<\/div><div><strong>\u00a0<\/strong><\/div>\t\t\t\t\t\t<\/div>\n\t\t\t\t<\/div>\n\t\t\t\t\t<\/div>\n\t\t<\/div>\n\t\t\t\t\t<\/div>\n\t\t<\/section>\n\t\t\t\t<\/div>","protected":false},"excerpt":{"rendered":"<p>F\u0130: 3000 \/ EKG 4 \u00a0EN\u0130NE KALAS G\u00d6T\u00dcR\u00dcC\u00dc \u00a0&#8211; 3 mt. \u00a0&#8211; 4 Ayakl\u0131 Teknik Detaylar \u2713\u00a0Kalas Ta\u015f\u0131ma Sistemi \u00a0| Zincirli palet ta\u015f\u0131ma \u2713\u00a0\u0130lerleme H\u0131z\u0131\u00a0| 30 m \/dk. \u2713\u00a0Ana Motor\u00a0| 4,0 kW red\u00fckt\u00f6rl\u00fc motor\u00a0\u2713\u00a0Kalas Al\u0131\u015f \u015eekli\u00a0| Sabit dayamalar \u00fczerinden\u00a0\u2713\u00a0Nakliye \u015eekli\u00a0\u00a0| Demonte\u00a0\u2713\u00a0Montaj \/ \u00c7al\u0131\u015ft\u0131rma\u00a0| Yerinde montaj ve \u00e7al\u0131\u015ft\u0131rma\u00a0\u2713\u00a0A\u011f\u0131rl\u0131k\u00a0| 1200 -1800 kg\u00a0\u2713\u00a0Boyutlar\u00a0| 300 X 20 X 85 [&hellip;]<\/p>","protected":false},"author":1,"featured_media":0,"parent":0,"menu_order":0,"comment_status":"closed","ping_status":"closed","template":"","meta":{"footnotes":""},"class_list":["post-5890","page","type-page","status-publish","hentry"],"_links":{"self":[{"href":"https:\/\/fimaksan.com\/en\/wp-json\/wp\/v2\/pages\/5890","targetHints":{"allow":["GET"]}}],"collection":[{"href":"https:\/\/fimaksan.com\/en\/wp-json\/wp\/v2\/pages"}],"about":[{"href":"https:\/\/fimaksan.com\/en\/wp-json\/wp\/v2\/types\/page"}],"author":[{"embeddable":true,"href":"https:\/\/fimaksan.com\/en\/wp-json\/wp\/v2\/users\/1"}],"replies":[{"embeddable":true,"href":"https:\/\/fimaksan.com\/en\/wp-json\/wp\/v2\/comments?post=5890"}],"version-history":[{"count":7,"href":"https:\/\/fimaksan.com\/en\/wp-json\/wp\/v2\/pages\/5890\/revisions"}],"predecessor-version":[{"id":5900,"href":"https:\/\/fimaksan.com\/en\/wp-json\/wp\/v2\/pages\/5890\/revisions\/5900"}],"wp:attachment":[{"href":"https:\/\/fimaksan.com\/en\/wp-json\/wp\/v2\/media?parent=5890"}],"curies":[{"name":"wp","href":"https:\/\/api.w.org\/{rel}","templated":true}]}}