{"id":5873,"date":"2023-04-11T16:21:16","date_gmt":"2023-04-11T13:21:16","guid":{"rendered":"https:\/\/www.hilkomyazilim.com.tr\/fimaksan\/?page_id=5873"},"modified":"2023-04-11T16:23:47","modified_gmt":"2023-04-11T13:23:47","slug":"enine-kalas-goturucu-2-5-mt","status":"publish","type":"page","link":"https:\/\/fimaksan.com\/en\/enine-kalas-goturucu-2-5-mt\/","title":{"rendered":"Enine Kalas G\u00f6t\u00fcr\u00fcc\u00fc 2.5 mt."},"content":{"rendered":"<div data-elementor-type=\"wp-page\" data-elementor-id=\"5873\" class=\"elementor elementor-5873\">\n\t\t\t\t\t\t<section class=\"elementor-section elementor-top-section elementor-element elementor-element-81141f1 elementor-section-stretched elementor-section-boxed elementor-section-height-default elementor-section-height-default\" data-id=\"81141f1\" data-element_type=\"section\" data-settings=\"{&quot;stretch_section&quot;:&quot;section-stretched&quot;}\">\n\t\t\t\t\t\t<div class=\"elementor-container elementor-column-gap-default\">\n\t\t\t\t\t<div class=\"elementor-column elementor-col-50 elementor-top-column elementor-element elementor-element-d439463\" data-id=\"d439463\" data-element_type=\"column\">\n\t\t\t<div class=\"elementor-widget-wrap elementor-element-populated\">\n\t\t\t\t\t\t<div class=\"elementor-element elementor-element-3bb652d elementor-widget elementor-widget-creote-simple-image-box-v1\" data-id=\"3bb652d\" data-element_type=\"widget\" data-widget_type=\"creote-simple-image-box-v1.default\">\n\t\t\t\t<div class=\"elementor-widget-container\">\n\t\t\t<div class=\"simple_image_boxes  parallax_cover\"   data-aos=\"fade-up\" data-aos-delay=\"0\"  data-aos-offset=\"0\" >\r\n   <img decoding=\"async\" src=\"https:\/\/fimaksan.com\/\/wp-content\/uploads\/2023\/04\/DHeGqjsUhXpWBPGlx5PJ0TiuXhyNWRkBSWhDWVbJ.jpeg\" class=\"simp_img cover-parallax\" alt=\"\" \/>\r\n<\/div>\r\n\t\t<\/div>\n\t\t\t\t<\/div>\n\t\t\t\t\t<\/div>\n\t\t<\/div>\n\t\t\t\t<div class=\"elementor-column elementor-col-50 elementor-top-column elementor-element elementor-element-a5bee29\" data-id=\"a5bee29\" data-element_type=\"column\">\n\t\t\t<div class=\"elementor-widget-wrap elementor-element-populated\">\n\t\t\t\t\t\t<div class=\"elementor-element elementor-element-fa9ddac elementor-widget elementor-widget-text-editor\" data-id=\"fa9ddac\" data-element_type=\"widget\" data-widget_type=\"text-editor.default\">\n\t\t\t\t<div class=\"elementor-widget-container\">\n\t\t\t\t\t\t\t<p>EN\u0130NE KALAS G\u00d6T\u00dcR\u00dcC\u00dc\u00a0<\/p><p><br \/>&#8211; 2,5 mt.\u00a0<\/p><p><br \/>&#8211; 5 Ayakl\u0131<\/p>\t\t\t\t\t\t<\/div>\n\t\t\t\t<\/div>\n\t\t\t\t\t<\/div>\n\t\t<\/div>\n\t\t\t\t\t<\/div>\n\t\t<\/section>\n\t\t\t\t<section class=\"elementor-section elementor-top-section elementor-element elementor-element-bd2aba9 elementor-section-stretched elementor-section-boxed elementor-section-height-default elementor-section-height-default\" data-id=\"bd2aba9\" data-element_type=\"section\" data-settings=\"{&quot;stretch_section&quot;:&quot;section-stretched&quot;}\">\n\t\t\t\t\t\t<div class=\"elementor-container elementor-column-gap-default\">\n\t\t\t\t\t<div class=\"elementor-column elementor-col-100 elementor-top-column elementor-element elementor-element-20241ac\" data-id=\"20241ac\" data-element_type=\"column\">\n\t\t\t<div class=\"elementor-widget-wrap elementor-element-populated\">\n\t\t\t\t\t\t<div class=\"elementor-element elementor-element-bbb4124 elementor-widget elementor-widget-creote-heading-v2\" data-id=\"bbb4124\" data-element_type=\"widget\" data-widget_type=\"creote-heading-v2.default\">\n\t\t\t\t<div class=\"elementor-widget-container\">\n\t\t\t<div class=\"heading type_one text_center\">  <div class=\"small_text\">    Technical Specifications <\/div>    <\/div>\r\n\t\t<\/div>\n\t\t\t\t<\/div>\n\t\t\t\t<div class=\"elementor-element elementor-element-8ddf602 elementor-widget elementor-widget-text-editor\" data-id=\"8ddf602\" data-element_type=\"widget\" data-widget_type=\"text-editor.default\">\n\t\t\t\t<div class=\"elementor-widget-container\">\n\t\t\t\t\t\t\t<p><strong>\u2713 Ta\u015f\u0131ma Sistemi\u00a0<\/strong>| 1\u2019\u2019 tek s\u0131ra t\u0131rnakl\u0131 zincir<\/p><p><strong>\u2713 Feed Rate\u00a0<\/strong>\u00a0| 50 mt. \/dk.<\/p><p><br \/><strong>\u2713 Main Motor<\/strong>\u00a0| 4,0 kW red\u00fckt\u00f6rl\u00fc motor<\/p><p><br \/><strong>\u2713\u00a0Tahta Al\u0131\u015f \u015eekli<\/strong>\u00a0| T\u0131rnakl\u0131 zincir vas\u0131tas\u0131yla<\/p><p><br \/><strong>\u2713\u00a0Shipped as\u00a0<\/strong>\u00a0| Disassembled<\/p><p><br \/><strong>\u2713\u00a0Montaj \/ \u00c7al\u0131\u015ft\u0131rma<\/strong>\u00a0| On site installation &amp; Run<\/p><p><br \/><strong>\u2713\u00a0Takribi A\u011f\u0131rl\u0131k (kg)\u00a0<\/strong>\u00a0| 2500 Kg<\/p><p><br \/><strong>\u2713\u00a0Boyutlar (Uzunluk Geni\u015flik Y\u00fckseklik)\u00a0<\/strong>\u00a0| 300 X 20 X 85 cm (her bir ayak i\u00e7in)\u00a0<\/p>\t\t\t\t\t\t<\/div>\n\t\t\t\t<\/div>\n\t\t\t\t\t<\/div>\n\t\t<\/div>\n\t\t\t\t\t<\/div>\n\t\t<\/section>\n\t\t\t\t<\/div>","protected":false},"excerpt":{"rendered":"<p>EN\u0130NE KALAS G\u00d6T\u00dcR\u00dcC\u00dc\u00a0 &#8211; 2,5 mt.\u00a0 &#8211; 5 Ayakl\u0131 Teknik Detaylar \u2713 Ta\u015f\u0131ma Sistemi\u00a0| 1\u2019\u2019 tek s\u0131ra t\u0131rnakl\u0131 zincir \u2713\u00a0\u0130lerleme H\u0131z\u0131\u00a0\u00a0| 50 mt. \/dk. \u2713\u00a0Ana Motor\u00a0| 4,0 kW red\u00fckt\u00f6rl\u00fc motor \u2713\u00a0Tahta Al\u0131\u015f \u015eekli\u00a0| T\u0131rnakl\u0131 zincir vas\u0131tas\u0131yla \u2713\u00a0Nakliye \u015eekli\u00a0\u00a0| Demonte \u2713\u00a0Montaj \/ \u00c7al\u0131\u015ft\u0131rma\u00a0| Yerinde montaj ve \u00e7al\u0131\u015ft\u0131rma \u2713\u00a0Takribi A\u011f\u0131rl\u0131k (kg)\u00a0\u00a0| 2500 Kg \u2713\u00a0Boyutlar (Uzunluk Geni\u015flik Y\u00fckseklik)\u00a0\u00a0| [&hellip;]<\/p>","protected":false},"author":1,"featured_media":0,"parent":0,"menu_order":0,"comment_status":"closed","ping_status":"closed","template":"","meta":{"footnotes":""},"class_list":["post-5873","page","type-page","status-publish","hentry"],"_links":{"self":[{"href":"https:\/\/fimaksan.com\/en\/wp-json\/wp\/v2\/pages\/5873","targetHints":{"allow":["GET"]}}],"collection":[{"href":"https:\/\/fimaksan.com\/en\/wp-json\/wp\/v2\/pages"}],"about":[{"href":"https:\/\/fimaksan.com\/en\/wp-json\/wp\/v2\/types\/page"}],"author":[{"embeddable":true,"href":"https:\/\/fimaksan.com\/en\/wp-json\/wp\/v2\/users\/1"}],"replies":[{"embeddable":true,"href":"https:\/\/fimaksan.com\/en\/wp-json\/wp\/v2\/comments?post=5873"}],"version-history":[{"count":4,"href":"https:\/\/fimaksan.com\/en\/wp-json\/wp\/v2\/pages\/5873\/revisions"}],"predecessor-version":[{"id":5880,"href":"https:\/\/fimaksan.com\/en\/wp-json\/wp\/v2\/pages\/5873\/revisions\/5880"}],"wp:attachment":[{"href":"https:\/\/fimaksan.com\/en\/wp-json\/wp\/v2\/media?parent=5873"}],"curies":[{"name":"wp","href":"https:\/\/api.w.org\/{rel}","templated":true}]}}