{"id":5831,"date":"2023-04-11T15:59:08","date_gmt":"2023-04-11T12:59:08","guid":{"rendered":"https:\/\/www.hilkomyazilim.com.tr\/fimaksan\/?page_id=5831"},"modified":"2023-04-11T16:02:10","modified_gmt":"2023-04-11T13:02:10","slug":"boyuna-kalas-goturucu-8-mt-karsilamali-stoperli","status":"publish","type":"page","link":"https:\/\/fimaksan.com\/en\/boyuna-kalas-goturucu-8-mt-karsilamali-stoperli\/","title":{"rendered":"Roller Plank Conveyor \/ 8 mt. \/ Timber Fall Support\/ With Stopper"},"content":{"rendered":"<div data-elementor-type=\"wp-page\" data-elementor-id=\"5831\" class=\"elementor elementor-5831\">\n\t\t\t\t\t\t<section class=\"elementor-section elementor-top-section elementor-element elementor-element-caf0460 elementor-section-stretched elementor-section-boxed elementor-section-height-default elementor-section-height-default\" data-id=\"caf0460\" data-element_type=\"section\" data-settings=\"{&quot;stretch_section&quot;:&quot;section-stretched&quot;}\">\n\t\t\t\t\t\t<div class=\"elementor-container elementor-column-gap-default\">\n\t\t\t\t\t<div class=\"elementor-column elementor-col-50 elementor-top-column elementor-element elementor-element-a8d4b85\" data-id=\"a8d4b85\" data-element_type=\"column\">\n\t\t\t<div class=\"elementor-widget-wrap elementor-element-populated\">\n\t\t\t\t\t\t<div class=\"elementor-element elementor-element-aad64b9 elementor-widget elementor-widget-creote-simple-image-box-v1\" data-id=\"aad64b9\" data-element_type=\"widget\" data-widget_type=\"creote-simple-image-box-v1.default\">\n\t\t\t\t<div class=\"elementor-widget-container\">\n\t\t\t<div class=\"simple_image_boxes  parallax_cover\"   data-aos=\"fade-up\" data-aos-delay=\"0\"  data-aos-offset=\"0\" >\r\n   <img decoding=\"async\" src=\"https:\/\/fimaksan.com\/\/wp-content\/uploads\/2023\/04\/x4aYYn73eHD485CNQVe1T1X2KsibuPyHBwRw280q-scaled.jpeg\" class=\"simp_img cover-parallax\" alt=\"\" \/>\r\n<\/div>\r\n\t\t<\/div>\n\t\t\t\t<\/div>\n\t\t\t\t\t<\/div>\n\t\t<\/div>\n\t\t\t\t<div class=\"elementor-column elementor-col-50 elementor-top-column elementor-element elementor-element-e9da2dd\" data-id=\"e9da2dd\" data-element_type=\"column\">\n\t\t\t<div class=\"elementor-widget-wrap elementor-element-populated\">\n\t\t\t\t\t\t<div class=\"elementor-element elementor-element-c4c1670 elementor-widget elementor-widget-text-editor\" data-id=\"c4c1670\" data-element_type=\"widget\" data-widget_type=\"text-editor.default\">\n\t\t\t\t<div class=\"elementor-widget-container\">\n\t\t\t\t\t\t\t<p>LONG TIP DRIVE\u00a0<\/p><p><br \/>&#8211; KAR\u015eILAMALI\u00a0<\/p><p><br \/>\u2013 WITH STOPPER<\/p><p><br \/>\u2013 8 meters\u00a0<\/p>\t\t\t\t\t\t<\/div>\n\t\t\t\t<\/div>\n\t\t\t\t\t<\/div>\n\t\t<\/div>\n\t\t\t\t\t<\/div>\n\t\t<\/section>\n\t\t\t\t<section class=\"elementor-section elementor-top-section elementor-element elementor-element-2d85c81 elementor-section-stretched elementor-section-boxed elementor-section-height-default elementor-section-height-default\" data-id=\"2d85c81\" data-element_type=\"section\" data-settings=\"{&quot;stretch_section&quot;:&quot;section-stretched&quot;}\">\n\t\t\t\t\t\t<div class=\"elementor-container elementor-column-gap-default\">\n\t\t\t\t\t<div class=\"elementor-column elementor-col-100 elementor-top-column elementor-element elementor-element-035bac4\" data-id=\"035bac4\" data-element_type=\"column\">\n\t\t\t<div class=\"elementor-widget-wrap elementor-element-populated\">\n\t\t\t\t\t\t<div class=\"elementor-element elementor-element-57fa6af elementor-widget elementor-widget-creote-heading-v2\" data-id=\"57fa6af\" data-element_type=\"widget\" data-widget_type=\"creote-heading-v2.default\">\n\t\t\t\t<div class=\"elementor-widget-container\">\n\t\t\t<div class=\"heading type_one text_center\">  <div class=\"small_text\">    Technical Specifications <\/div>    <\/div>\r\n\t\t<\/div>\n\t\t\t\t<\/div>\n\t\t\t\t<div class=\"elementor-element elementor-element-ce8cd73 elementor-widget elementor-widget-text-editor\" data-id=\"ce8cd73\" data-element_type=\"widget\" data-widget_type=\"text-editor.default\">\n\t\t\t\t<div class=\"elementor-widget-container\">\n\t\t\t\t\t\t\t<div><strong>\u2713\u00a0Boyuna Kalas G\u00f6t\u00fcr\u00fcc\u00fc Sistem<\/strong>\u00a0| D\u00fcz veya helisel makara sistemi<\/div><div><br \/><strong>\u2713\u00a0Tahrik \u015eekli<\/strong>\u00a0| Zincir di\u015fli sistem<\/div><div><br \/><strong>\u2713\u00a0G\u00f6t\u00fcrme H\u0131z\u0131<\/strong>\u00a0| 0-50 mt \/ dk.<\/div><div><br \/><strong>\u2713 Main Motor\u00a0<\/strong>\u00a0| 2,0 kW<\/div><div><br \/><strong>\u2713\u00a0Sevkiyat \u015eekli<\/strong>\u00a0| mounted<\/div><div><br \/><strong>\u2713\u00a0Stoper Makara Hareketi<\/strong>\u00a0| Ayn\u0131 zincir \/ di\u015fli sisteme ba\u011fl\u0131<\/div><div><br \/><strong>\u2713\u00a0Kar\u015f\u0131lama \u015eekli\u00a0<\/strong>\u00a0| Hidrolik; 3 Adet kar\u015f\u0131lama makaral\u0131 kollar<\/div><div><br \/><strong>\u2713\u00a0Stoper Yukar\u0131 Hareketi<\/strong>\u00a0| with pneumatic cylinder<\/div><div><br \/><strong>\u2713 Weight<\/strong>\u00a0| 1500 Kg<\/div><div><br \/><strong>\u2713 Machine Dimensions<\/strong>\u00a0| 800 X 110 X 75 cm (Uzunluk Geni\u015flik Y\u00fckseklik)<\/div><div>\u00a0<\/div>\t\t\t\t\t\t<\/div>\n\t\t\t\t<\/div>\n\t\t\t\t\t<\/div>\n\t\t<\/div>\n\t\t\t\t\t<\/div>\n\t\t<\/section>\n\t\t\t\t<\/div>","protected":false},"excerpt":{"rendered":"<p>BOYUNA KALAS G\u00d6T\u00dcR\u00dcC\u00dc\u00a0 &#8211; KAR\u015eILAMALI\u00a0 &#8211; STOPERL\u0130 &#8211; 8 mt.\u00a0 Teknik Detaylar \u2713\u00a0Boyuna Kalas G\u00f6t\u00fcr\u00fcc\u00fc Sistem\u00a0| D\u00fcz veya helisel makara sistemi\u2713\u00a0Tahrik \u015eekli\u00a0| Zincir di\u015fli sistem\u2713\u00a0G\u00f6t\u00fcrme H\u0131z\u0131\u00a0| 0-50 mt \/ dk.\u2713\u00a0Ana Motor\u00a0\u00a0| 2,0 kW\u2713\u00a0Sevkiyat \u015eekli\u00a0| Monteli\u2713\u00a0Stoper Makara Hareketi\u00a0| Ayn\u0131 zincir \/ di\u015fli sisteme ba\u011fl\u0131\u2713\u00a0Kar\u015f\u0131lama \u015eekli\u00a0\u00a0| Hidrolik; 3 Adet kar\u015f\u0131lama makaral\u0131 kollar\u2713\u00a0Stoper Yukar\u0131 Hareketi\u00a0| Pn\u00f6matik silindirli\u2713\u00a0A\u011f\u0131rl\u0131k\u00a0| 1500 [&hellip;]<\/p>","protected":false},"author":1,"featured_media":0,"parent":0,"menu_order":0,"comment_status":"closed","ping_status":"closed","template":"","meta":{"footnotes":""},"class_list":["post-5831","page","type-page","status-publish","hentry"],"_links":{"self":[{"href":"https:\/\/fimaksan.com\/en\/wp-json\/wp\/v2\/pages\/5831","targetHints":{"allow":["GET"]}}],"collection":[{"href":"https:\/\/fimaksan.com\/en\/wp-json\/wp\/v2\/pages"}],"about":[{"href":"https:\/\/fimaksan.com\/en\/wp-json\/wp\/v2\/types\/page"}],"author":[{"embeddable":true,"href":"https:\/\/fimaksan.com\/en\/wp-json\/wp\/v2\/users\/1"}],"replies":[{"embeddable":true,"href":"https:\/\/fimaksan.com\/en\/wp-json\/wp\/v2\/comments?post=5831"}],"version-history":[{"count":4,"href":"https:\/\/fimaksan.com\/en\/wp-json\/wp\/v2\/pages\/5831\/revisions"}],"predecessor-version":[{"id":5838,"href":"https:\/\/fimaksan.com\/en\/wp-json\/wp\/v2\/pages\/5831\/revisions\/5838"}],"wp:attachment":[{"href":"https:\/\/fimaksan.com\/en\/wp-json\/wp\/v2\/media?parent=5831"}],"curies":[{"name":"wp","href":"https:\/\/api.w.org\/{rel}","templated":true}]}}