{"id":5823,"date":"2023-04-11T15:55:36","date_gmt":"2023-04-11T12:55:36","guid":{"rendered":"https:\/\/www.hilkomyazilim.com.tr\/fimaksan\/?page_id=5823"},"modified":"2023-04-11T15:58:50","modified_gmt":"2023-04-11T12:58:50","slug":"boyuna-kalas-goturucu-8-mt-stopersiz","status":"publish","type":"page","link":"https:\/\/fimaksan.com\/en\/boyuna-kalas-goturucu-8-mt-stopersiz\/","title":{"rendered":"BOYUNA KALAS G\u00d6T\u00dcR\u00dcC\u00dc \/ 8 MT. \/ STOPERS\u0130Z"},"content":{"rendered":"<div data-elementor-type=\"wp-page\" data-elementor-id=\"5823\" class=\"elementor elementor-5823\">\n\t\t\t\t\t\t<section class=\"elementor-section elementor-top-section elementor-element elementor-element-4de8950 elementor-section-stretched elementor-section-boxed elementor-section-height-default elementor-section-height-default\" data-id=\"4de8950\" data-element_type=\"section\" data-settings=\"{&quot;stretch_section&quot;:&quot;section-stretched&quot;}\">\n\t\t\t\t\t\t<div class=\"elementor-container elementor-column-gap-default\">\n\t\t\t\t\t<div class=\"elementor-column elementor-col-50 elementor-top-column elementor-element elementor-element-c80de9c\" data-id=\"c80de9c\" data-element_type=\"column\">\n\t\t\t<div class=\"elementor-widget-wrap elementor-element-populated\">\n\t\t\t\t\t\t<div class=\"elementor-element elementor-element-e51148c elementor-widget elementor-widget-creote-simple-image-box-v1\" data-id=\"e51148c\" data-element_type=\"widget\" data-widget_type=\"creote-simple-image-box-v1.default\">\n\t\t\t\t<div class=\"elementor-widget-container\">\n\t\t\t<div class=\"simple_image_boxes  parallax_cover\"   data-aos=\"fade-up\" data-aos-delay=\"0\"  data-aos-offset=\"0\" >\r\n   <img decoding=\"async\" src=\"https:\/\/fimaksan.com\/\/wp-content\/uploads\/2023\/04\/ANd94SgpoorpzaL1tR4rBmFgS67qfT4mz1wH9pZz.jpeg\" class=\"simp_img cover-parallax\" alt=\"\" \/>\r\n<\/div>\r\n\t\t<\/div>\n\t\t\t\t<\/div>\n\t\t\t\t\t<\/div>\n\t\t<\/div>\n\t\t\t\t<div class=\"elementor-column elementor-col-50 elementor-top-column elementor-element elementor-element-de1f15e\" data-id=\"de1f15e\" data-element_type=\"column\">\n\t\t\t<div class=\"elementor-widget-wrap elementor-element-populated\">\n\t\t\t\t\t\t<div class=\"elementor-element elementor-element-8d41136 elementor-widget elementor-widget-text-editor\" data-id=\"8d41136\" data-element_type=\"widget\" data-widget_type=\"text-editor.default\">\n\t\t\t\t<div class=\"elementor-widget-container\">\n\t\t\t\t\t\t\t<div>F\u0130: 8000 \/ BKG\u00a0<br \/>LONG TIP DRIVE \u00a0<\/div><ul><li>\u00a0MOTORLU<\/li><li>\u00a0STOPERS\u0130Z \u00a0<\/li><li>\u00a08 mt.<\/li><\/ul>\t\t\t\t\t\t<\/div>\n\t\t\t\t<\/div>\n\t\t\t\t\t<\/div>\n\t\t<\/div>\n\t\t\t\t\t<\/div>\n\t\t<\/section>\n\t\t\t\t<section class=\"elementor-section elementor-top-section elementor-element elementor-element-f13ac3c elementor-section-stretched elementor-section-boxed elementor-section-height-default elementor-section-height-default\" data-id=\"f13ac3c\" data-element_type=\"section\" data-settings=\"{&quot;stretch_section&quot;:&quot;section-stretched&quot;}\">\n\t\t\t\t\t\t<div class=\"elementor-container elementor-column-gap-default\">\n\t\t\t\t\t<div class=\"elementor-column elementor-col-100 elementor-top-column elementor-element elementor-element-abcffc3\" data-id=\"abcffc3\" data-element_type=\"column\">\n\t\t\t<div class=\"elementor-widget-wrap elementor-element-populated\">\n\t\t\t\t\t\t<div class=\"elementor-element elementor-element-67fd647 elementor-widget elementor-widget-creote-heading-v2\" data-id=\"67fd647\" data-element_type=\"widget\" data-widget_type=\"creote-heading-v2.default\">\n\t\t\t\t<div class=\"elementor-widget-container\">\n\t\t\t<div class=\"heading type_one text_center\">  <div class=\"small_text\">    Technical Specifications <\/div>    <\/div>\r\n\t\t<\/div>\n\t\t\t\t<\/div>\n\t\t\t\t<div class=\"elementor-element elementor-element-179855b elementor-widget elementor-widget-text-editor\" data-id=\"179855b\" data-element_type=\"widget\" data-widget_type=\"text-editor.default\">\n\t\t\t\t<div class=\"elementor-widget-container\">\n\t\t\t\t\t\t\t<p><strong>\u2713 Hareket \u015fekli<\/strong>\u00a0| Chain-gear system<\/p><p><br \/><strong>\u2713 Hareket h\u0131z\u0131<\/strong>\u00a0| 0-50 m\/min.<\/p><p><br \/><strong>\u2713 Ana motor\u00a0<\/strong>\u00a0| 2,0 kW<\/p><p><br \/><strong>\u2713 Sevkiyat \u015fekli<\/strong>\u00a0| mounted<\/p><p><br \/><strong>\u2713 Son Stoper Makara<\/strong>\u00a0| Yok. (mavi makara tak\u0131lmayacakt\u0131r)<\/p><p><br \/><strong>\u2713 Weight<\/strong>\u00a0| 1200 Kg<\/p><p><br \/><strong>\u2713 Dimensions<\/strong>\u00a0| 800 X 110 X 75 cm (Uzunluk Geni\u015flik Y\u00fckseklik)<\/p>\t\t\t\t\t\t<\/div>\n\t\t\t\t<\/div>\n\t\t\t\t\t<\/div>\n\t\t<\/div>\n\t\t\t\t\t<\/div>\n\t\t<\/section>\n\t\t\t\t<\/div>","protected":false},"excerpt":{"rendered":"<p>F\u0130: 8000 \/ BKG\u00a0BOYUNA KALAS G\u00d6T\u00dcR\u00dcC\u00dc \u00a0 \u00a0MOTORLU \u00a0STOPERS\u0130Z \u00a0 \u00a08 mt. Teknik Detaylar \u2713 Hareket \u015fekli\u00a0| Zincir-di\u015fli sistem \u2713 Hareket h\u0131z\u0131\u00a0| 0-50 m\/dak. \u2713 Ana motor\u00a0\u00a0| 2,0 kW \u2713 Sevkiyat \u015fekli\u00a0| Monteli \u2713 Son Stoper Makara\u00a0| Yok. (mavi makara tak\u0131lmayacakt\u0131r) \u2713 A\u011f\u0131rl\u0131k\u00a0| 1200 Kg \u2713 Boyutlar\u00a0| 800 X 110 X 75 cm (Uzunluk Geni\u015flik [&hellip;]<\/p>","protected":false},"author":1,"featured_media":0,"parent":0,"menu_order":0,"comment_status":"closed","ping_status":"closed","template":"","meta":{"footnotes":""},"class_list":["post-5823","page","type-page","status-publish","hentry"],"_links":{"self":[{"href":"https:\/\/fimaksan.com\/en\/wp-json\/wp\/v2\/pages\/5823","targetHints":{"allow":["GET"]}}],"collection":[{"href":"https:\/\/fimaksan.com\/en\/wp-json\/wp\/v2\/pages"}],"about":[{"href":"https:\/\/fimaksan.com\/en\/wp-json\/wp\/v2\/types\/page"}],"author":[{"embeddable":true,"href":"https:\/\/fimaksan.com\/en\/wp-json\/wp\/v2\/users\/1"}],"replies":[{"embeddable":true,"href":"https:\/\/fimaksan.com\/en\/wp-json\/wp\/v2\/comments?post=5823"}],"version-history":[{"count":4,"href":"https:\/\/fimaksan.com\/en\/wp-json\/wp\/v2\/pages\/5823\/revisions"}],"predecessor-version":[{"id":5830,"href":"https:\/\/fimaksan.com\/en\/wp-json\/wp\/v2\/pages\/5823\/revisions\/5830"}],"wp:attachment":[{"href":"https:\/\/fimaksan.com\/en\/wp-json\/wp\/v2\/media?parent=5823"}],"curies":[{"name":"wp","href":"https:\/\/api.w.org\/{rel}","templated":true}]}}