{"id":5818,"date":"2023-04-11T15:53:51","date_gmt":"2023-04-11T12:53:51","guid":{"rendered":"https:\/\/www.hilkomyazilim.com.tr\/fimaksan\/?page_id=5818"},"modified":"2023-04-11T16:15:47","modified_gmt":"2023-04-11T13:15:47","slug":"tomruk-yukleme-rampasi-hidrolik","status":"publish","type":"page","link":"https:\/\/fimaksan.com\/en\/tomruk-yukleme-rampasi-hidrolik\/","title":{"rendered":"TOMRUK Y\u00dcKLEME RAMPASI (H\u0130DROL\u0130K)"},"content":{"rendered":"<div data-elementor-type=\"wp-page\" data-elementor-id=\"5818\" class=\"elementor elementor-5818\">\n\t\t\t\t\t\t<section class=\"elementor-section elementor-top-section elementor-element elementor-element-7f7d72f elementor-section-stretched elementor-section-boxed elementor-section-height-default elementor-section-height-default\" data-id=\"7f7d72f\" data-element_type=\"section\" data-settings=\"{&quot;stretch_section&quot;:&quot;section-stretched&quot;}\">\n\t\t\t\t\t\t<div class=\"elementor-container elementor-column-gap-default\">\n\t\t\t\t\t<div class=\"elementor-column elementor-col-25 elementor-top-column elementor-element elementor-element-1f17a55\" data-id=\"1f17a55\" data-element_type=\"column\">\n\t\t\t<div class=\"elementor-widget-wrap elementor-element-populated\">\n\t\t\t\t\t\t<section class=\"elementor-section elementor-inner-section elementor-element elementor-element-8f772dd elementor-section-boxed elementor-section-height-default elementor-section-height-default\" data-id=\"8f772dd\" data-element_type=\"section\">\n\t\t\t\t\t\t<div class=\"elementor-container elementor-column-gap-default\">\n\t\t\t\t\t<div class=\"elementor-column elementor-col-100 elementor-inner-column elementor-element elementor-element-fe22f2d\" data-id=\"fe22f2d\" data-element_type=\"column\">\n\t\t\t<div class=\"elementor-widget-wrap elementor-element-populated\">\n\t\t\t\t\t\t<div class=\"elementor-element elementor-element-6b4ba43 elementor-widget elementor-widget-creote-simple-image-box-v1\" data-id=\"6b4ba43\" data-element_type=\"widget\" data-widget_type=\"creote-simple-image-box-v1.default\">\n\t\t\t\t<div class=\"elementor-widget-container\">\n\t\t\t<div class=\"simple_image_boxes\"   data-aos=\"fade-up\" data-aos-delay=\"0\"  data-aos-offset=\"0\" >\r\n   <img decoding=\"async\" src=\"https:\/\/fimaksan.com\/\/wp-content\/uploads\/2023\/04\/lzAVGn3ajwhz7KZh4C9TlIXjCvbYiOCzqt8BrXNN.jpeg\" class=\"simp_img\" alt=\"\" \/>\r\n<\/div>\r\n\t\t<\/div>\n\t\t\t\t<\/div>\n\t\t\t\t<div class=\"elementor-element elementor-element-d863489 elementor-widget elementor-widget-creote-heading-v2\" data-id=\"d863489\" data-element_type=\"widget\" data-widget_type=\"creote-heading-v2.default\">\n\t\t\t\t<div class=\"elementor-widget-container\">\n\t\t\t<div class=\"heading type_one text_left\">  <div class=\"small_text\">    Tomruk Y\u00fckleme Rampas\u0131 - 4 mt.\n <\/div>    <div class=\"heading_text\"> <a href=\"https:\/\/fimaksan.com\/en\/tomruk-yukleme-rampasi-4-mt\/\"> Go to Product \u2192 <\/a><\/div>    <\/div>\r\n\t\t<\/div>\n\t\t\t\t<\/div>\n\t\t\t\t\t<\/div>\n\t\t<\/div>\n\t\t\t\t\t<\/div>\n\t\t<\/section>\n\t\t\t\t\t<\/div>\n\t\t<\/div>\n\t\t\t\t<div class=\"elementor-column elementor-col-25 elementor-top-column elementor-element elementor-element-8e77c87\" data-id=\"8e77c87\" data-element_type=\"column\">\n\t\t\t<div class=\"elementor-widget-wrap elementor-element-populated\">\n\t\t\t\t\t\t<section class=\"elementor-section elementor-inner-section elementor-element elementor-element-cc54c93 elementor-section-boxed elementor-section-height-default elementor-section-height-default\" data-id=\"cc54c93\" data-element_type=\"section\">\n\t\t\t\t\t\t<div class=\"elementor-container elementor-column-gap-default\">\n\t\t\t\t\t<div class=\"elementor-column elementor-col-100 elementor-inner-column elementor-element elementor-element-b5cafde\" data-id=\"b5cafde\" data-element_type=\"column\">\n\t\t\t<div class=\"elementor-widget-wrap elementor-element-populated\">\n\t\t\t\t\t\t<div class=\"elementor-element elementor-element-200f66b elementor-widget elementor-widget-creote-simple-image-box-v1\" data-id=\"200f66b\" data-element_type=\"widget\" data-widget_type=\"creote-simple-image-box-v1.default\">\n\t\t\t\t<div class=\"elementor-widget-container\">\n\t\t\t<div class=\"simple_image_boxes\"   data-aos=\"fade-up\" data-aos-delay=\"0\"  data-aos-offset=\"0\" >\r\n   <img decoding=\"async\" src=\"https:\/\/fimaksan.com\/\/wp-content\/uploads\/2023\/04\/lwGphmxWmkrukGHIhKCy35ohqLzcqmuHqI8i6ofD.png\" class=\"simp_img\" alt=\"\" \/>\r\n<\/div>\r\n\t\t<\/div>\n\t\t\t\t<\/div>\n\t\t\t\t<div class=\"elementor-element elementor-element-6201a3e elementor-widget elementor-widget-creote-heading-v2\" data-id=\"6201a3e\" data-element_type=\"widget\" data-widget_type=\"creote-heading-v2.default\">\n\t\t\t\t<div class=\"elementor-widget-container\">\n\t\t\t<div class=\"heading type_one text_left\">  <div class=\"small_text\">    Tomruk Y\u00fckleme Rampas\u0131 6mt. (Hidrolik)\n <\/div>    <div class=\"heading_text\"> <a href=\"https:\/\/fimaksan.com\/en\/tomruk-yukleme-rampasi-6mt-hidrolik\/\"> Go to Product \u2192 <\/a><\/div>    <\/div>\r\n\t\t<\/div>\n\t\t\t\t<\/div>\n\t\t\t\t\t<\/div>\n\t\t<\/div>\n\t\t\t\t\t<\/div>\n\t\t<\/section>\n\t\t\t\t\t<\/div>\n\t\t<\/div>\n\t\t\t\t<div class=\"elementor-column elementor-col-25 elementor-top-column elementor-element elementor-element-5f9e9c3\" data-id=\"5f9e9c3\" data-element_type=\"column\">\n\t\t\t<div class=\"elementor-widget-wrap\">\n\t\t\t\t\t\t\t<\/div>\n\t\t<\/div>\n\t\t\t\t<div class=\"elementor-column elementor-col-25 elementor-top-column elementor-element elementor-element-4e0be75\" data-id=\"4e0be75\" data-element_type=\"column\">\n\t\t\t<div class=\"elementor-widget-wrap\">\n\t\t\t\t\t\t\t<\/div>\n\t\t<\/div>\n\t\t\t\t\t<\/div>\n\t\t<\/section>\n\t\t\t\t<\/div>","protected":false},"excerpt":{"rendered":"<p>Tomruk Y\u00fckleme Rampas\u0131 &#8211; 4 mt. Hizmete Git \u2192 Tomruk Y\u00fckleme Rampas\u0131 6mt. (Hidrolik) Hizmete Git \u2192<\/p>","protected":false},"author":1,"featured_media":0,"parent":0,"menu_order":0,"comment_status":"closed","ping_status":"closed","template":"","meta":{"footnotes":""},"class_list":["post-5818","page","type-page","status-publish","hentry"],"_links":{"self":[{"href":"https:\/\/fimaksan.com\/en\/wp-json\/wp\/v2\/pages\/5818","targetHints":{"allow":["GET"]}}],"collection":[{"href":"https:\/\/fimaksan.com\/en\/wp-json\/wp\/v2\/pages"}],"about":[{"href":"https:\/\/fimaksan.com\/en\/wp-json\/wp\/v2\/types\/page"}],"author":[{"embeddable":true,"href":"https:\/\/fimaksan.com\/en\/wp-json\/wp\/v2\/users\/1"}],"replies":[{"embeddable":true,"href":"https:\/\/fimaksan.com\/en\/wp-json\/wp\/v2\/comments?post=5818"}],"version-history":[{"count":10,"href":"https:\/\/fimaksan.com\/en\/wp-json\/wp\/v2\/pages\/5818\/revisions"}],"predecessor-version":[{"id":5856,"href":"https:\/\/fimaksan.com\/en\/wp-json\/wp\/v2\/pages\/5818\/revisions\/5856"}],"wp:attachment":[{"href":"https:\/\/fimaksan.com\/en\/wp-json\/wp\/v2\/media?parent=5818"}],"curies":[{"name":"wp","href":"https:\/\/api.w.org\/{rel}","templated":true}]}}