{"id":5796,"date":"2023-04-11T12:59:10","date_gmt":"2023-04-11T09:59:10","guid":{"rendered":"https:\/\/www.hilkomyazilim.com.tr\/fimaksan\/?page_id=5796"},"modified":"2023-04-11T13:16:39","modified_gmt":"2023-04-11T10:16:39","slug":"boyuna-kalas-goturucu-8-mt","status":"publish","type":"page","link":"https:\/\/fimaksan.com\/en\/boyuna-kalas-goturucu-8-mt\/","title":{"rendered":"Roller Plank Conveyor \/ 8 mt."},"content":{"rendered":"<div data-elementor-type=\"wp-page\" data-elementor-id=\"5796\" class=\"elementor elementor-5796\">\n\t\t\t\t\t\t<section class=\"elementor-section elementor-top-section elementor-element elementor-element-5296812 elementor-section-stretched elementor-section-boxed elementor-section-height-default elementor-section-height-default\" data-id=\"5296812\" data-element_type=\"section\" data-settings=\"{&quot;stretch_section&quot;:&quot;section-stretched&quot;}\">\n\t\t\t\t\t\t<div class=\"elementor-container elementor-column-gap-default\">\n\t\t\t\t\t<div class=\"elementor-column elementor-col-50 elementor-top-column elementor-element elementor-element-4966220\" data-id=\"4966220\" data-element_type=\"column\">\n\t\t\t<div class=\"elementor-widget-wrap elementor-element-populated\">\n\t\t\t\t\t\t<div class=\"elementor-element elementor-element-b6acaf5 elementor-widget elementor-widget-creote-simple-image-box-v1\" data-id=\"b6acaf5\" data-element_type=\"widget\" data-widget_type=\"creote-simple-image-box-v1.default\">\n\t\t\t\t<div class=\"elementor-widget-container\">\n\t\t\t<div class=\"simple_image_boxes  parallax_cover\"   data-aos=\"fade-up\" data-aos-delay=\"0\"  data-aos-offset=\"0\" >\r\n   <img decoding=\"async\" src=\"https:\/\/fimaksan.com\/\/wp-content\/uploads\/2023\/04\/gYgpnuunavjI9DcaOOrQXfcn7RmIgNGqanadDjJ2-scaled.jpeg\" class=\"simp_img cover-parallax\" alt=\"\" \/>\r\n<\/div>\r\n\t\t<\/div>\n\t\t\t\t<\/div>\n\t\t\t\t\t<\/div>\n\t\t<\/div>\n\t\t\t\t<div class=\"elementor-column elementor-col-50 elementor-top-column elementor-element elementor-element-3430bb9\" data-id=\"3430bb9\" data-element_type=\"column\">\n\t\t\t<div class=\"elementor-widget-wrap elementor-element-populated\">\n\t\t\t\t\t\t<div class=\"elementor-element elementor-element-7bbce9f elementor-widget elementor-widget-text-editor\" data-id=\"7bbce9f\" data-element_type=\"widget\" data-widget_type=\"text-editor.default\">\n\t\t\t\t<div class=\"elementor-widget-container\">\n\t\t\t\t\t\t\t<p>LONG TIP DRIVE\u00a0<\/p><p><br \/>\u2013 WITH STOPPER<\/p><p><br \/>\u2013 8 meters<\/p>\t\t\t\t\t\t<\/div>\n\t\t\t\t<\/div>\n\t\t\t\t\t<\/div>\n\t\t<\/div>\n\t\t\t\t\t<\/div>\n\t\t<\/section>\n\t\t\t\t<section class=\"elementor-section elementor-top-section elementor-element elementor-element-270ae5c elementor-section-stretched elementor-section-boxed elementor-section-height-default elementor-section-height-default\" data-id=\"270ae5c\" data-element_type=\"section\" data-settings=\"{&quot;stretch_section&quot;:&quot;section-stretched&quot;}\">\n\t\t\t\t\t\t<div class=\"elementor-container elementor-column-gap-default\">\n\t\t\t\t\t<div class=\"elementor-column elementor-col-100 elementor-top-column elementor-element elementor-element-d5b5b71\" data-id=\"d5b5b71\" data-element_type=\"column\">\n\t\t\t<div class=\"elementor-widget-wrap elementor-element-populated\">\n\t\t\t\t\t\t<div class=\"elementor-element elementor-element-3103798 elementor-widget elementor-widget-creote-heading-v2\" data-id=\"3103798\" data-element_type=\"widget\" data-widget_type=\"creote-heading-v2.default\">\n\t\t\t\t<div class=\"elementor-widget-container\">\n\t\t\t<div class=\"heading type_one text_center\">  <div class=\"small_text\">    Technical Specifications <\/div>    <\/div>\r\n\t\t<\/div>\n\t\t\t\t<\/div>\n\t\t\t\t<div class=\"elementor-element elementor-element-642bb90 elementor-widget elementor-widget-text-editor\" data-id=\"642bb90\" data-element_type=\"widget\" data-widget_type=\"text-editor.default\">\n\t\t\t\t<div class=\"elementor-widget-container\">\n\t\t\t\t\t\t\t<p><strong>\u2713 <\/strong><strong>Longitudinal Plank Carrier System<\/strong>\u00a0| Helical pulley system<\/p><p><br \/><strong>\u2713 Drive Type<\/strong>\u00a0| Chain \/ gear system<\/p><p><br \/><strong>\u2713 Conveying Speed<\/strong>\u00a0| 0-50 m\/min.<\/p><p><br \/><strong>\u2713 Main Engine <\/strong>\u00a0| 1.5 kW<\/p><p><br \/><strong>\u2713 Shipment Type<\/strong>\u00a0| mounted<\/p><p><strong>\u2713 Stopper Reel Movement<\/strong>\u00a0| Connected to the same chain \/ gear system<\/p><p><br \/><strong>\u2713 Stopper Up Movement<\/strong>\u00a0| with pneumatic cylinder<\/p><p><strong>\u2713 <\/strong><strong>Weight<\/strong>\u00a0| 1100 Kg<\/p><p><br \/><strong>\u2713 Dimensions<\/strong>\u00a0| 800 X 100 X 75 cm (Length Width Height)<\/p><div><strong>\u00a0<\/strong><\/div>\t\t\t\t\t\t<\/div>\n\t\t\t\t<\/div>\n\t\t\t\t\t<\/div>\n\t\t<\/div>\n\t\t\t\t\t<\/div>\n\t\t<\/section>\n\t\t\t\t<\/div>","protected":false},"excerpt":{"rendered":"<p>BOYUNA KALAS G\u00d6T\u00dcR\u00dcC\u00dc\u00a0 &#8211; STOPERL\u0130 &#8211; 8 mt. Teknik Detaylar \u2713 Boyuna Kalas G\u00f6t\u00fcr\u00fcc\u00fc Sistem\u00a0| Helisel makara sistem \u2713 Tahrik \u015eekli\u00a0| Zincir \/ di\u015fli sistem \u2713 G\u00f6t\u00fcrme H\u0131z\u0131\u00a0| 0-50 mt.\/dk. \u2713 Ana Motor \u00a0| 1,5 kW \u2713 Sevkiyat \u015eekli\u00a0| Monteli \u2713 Stoper Makara Hareketi\u00a0| Ayn\u0131 zincir \/ di\u015fli sistemine ba\u011fl\u0131 \u2713 Stoper Yukar\u0131 Hareketi\u00a0| Pn\u00f6matik [&hellip;]<\/p>","protected":false},"author":1,"featured_media":0,"parent":0,"menu_order":0,"comment_status":"closed","ping_status":"closed","template":"","meta":{"footnotes":""},"class_list":["post-5796","page","type-page","status-publish","hentry"],"_links":{"self":[{"href":"https:\/\/fimaksan.com\/en\/wp-json\/wp\/v2\/pages\/5796","targetHints":{"allow":["GET"]}}],"collection":[{"href":"https:\/\/fimaksan.com\/en\/wp-json\/wp\/v2\/pages"}],"about":[{"href":"https:\/\/fimaksan.com\/en\/wp-json\/wp\/v2\/types\/page"}],"author":[{"embeddable":true,"href":"https:\/\/fimaksan.com\/en\/wp-json\/wp\/v2\/users\/1"}],"replies":[{"embeddable":true,"href":"https:\/\/fimaksan.com\/en\/wp-json\/wp\/v2\/comments?post=5796"}],"version-history":[{"count":4,"href":"https:\/\/fimaksan.com\/en\/wp-json\/wp\/v2\/pages\/5796\/revisions"}],"predecessor-version":[{"id":5804,"href":"https:\/\/fimaksan.com\/en\/wp-json\/wp\/v2\/pages\/5796\/revisions\/5804"}],"wp:attachment":[{"href":"https:\/\/fimaksan.com\/en\/wp-json\/wp\/v2\/media?parent=5796"}],"curies":[{"name":"wp","href":"https:\/\/api.w.org\/{rel}","templated":true}]}}