{"id":5746,"date":"2023-04-10T16:37:43","date_gmt":"2023-04-10T13:37:43","guid":{"rendered":"https:\/\/www.hilkomyazilim.com.tr\/fimaksan\/?page_id=5746"},"modified":"2023-06-12T16:10:35","modified_gmt":"2023-06-12T13:10:35","slug":"serit-alin-kaynak-ve-isitma","status":"publish","type":"page","link":"https:\/\/fimaksan.com\/en\/serit-alin-kaynak-ve-isitma\/","title":{"rendered":"\u015eerit Al\u0131n Kaynak ve Is\u0131tma"},"content":{"rendered":"<div data-elementor-type=\"wp-page\" data-elementor-id=\"5746\" class=\"elementor elementor-5746\">\n\t\t\t\t\t\t<section class=\"elementor-section elementor-top-section elementor-element elementor-element-b9e9c34 elementor-section-stretched elementor-section-boxed elementor-section-height-default elementor-section-height-default\" data-id=\"b9e9c34\" data-element_type=\"section\" data-settings=\"{&quot;stretch_section&quot;:&quot;section-stretched&quot;}\">\n\t\t\t\t\t\t<div class=\"elementor-container elementor-column-gap-default\">\n\t\t\t\t\t<div class=\"elementor-column elementor-col-50 elementor-top-column elementor-element elementor-element-10aa65c\" data-id=\"10aa65c\" data-element_type=\"column\">\n\t\t\t<div class=\"elementor-widget-wrap elementor-element-populated\">\n\t\t\t\t\t\t<div class=\"elementor-element elementor-element-c94ef0c elementor-widget elementor-widget-creote-simple-image-box-v1\" data-id=\"c94ef0c\" data-element_type=\"widget\" data-widget_type=\"creote-simple-image-box-v1.default\">\n\t\t\t\t<div class=\"elementor-widget-container\">\n\t\t\t<div class=\"simple_image_boxes\"   data-aos=\"fade-up\" data-aos-delay=\"0\"  data-aos-offset=\"0\" >\r\n   <img decoding=\"async\" src=\"https:\/\/fimaksan.com\/wp-content\/uploads\/2023\/04\/Adsiz-tasarim-1.png\" class=\"simp_img\" alt=\"\" \/>\r\n<\/div>\r\n\t\t<\/div>\n\t\t\t\t<\/div>\n\t\t\t\t\t<\/div>\n\t\t<\/div>\n\t\t\t\t<div class=\"elementor-column elementor-col-50 elementor-top-column elementor-element elementor-element-2e9167e\" data-id=\"2e9167e\" data-element_type=\"column\">\n\t\t\t<div class=\"elementor-widget-wrap elementor-element-populated\">\n\t\t\t\t\t\t<div class=\"elementor-element elementor-element-cb62e65 elementor-widget elementor-widget-text-editor\" data-id=\"cb62e65\" data-element_type=\"widget\" data-widget_type=\"text-editor.default\">\n\t\t\t\t<div class=\"elementor-widget-container\">\n\t\t\t\t\t\t\t<p><span style=\"font-weight: 400;\">MIG-IST metal ve a\u011fa\u00e7 sekt\u00f6r\u00fcnde kullan\u0131lan \u015ferit testerelerin gaz alt\u0131 kaynak sistemiyle kaynat\u0131l\u0131p ayn\u0131 tabla \u00fczerinde tavlanmas\u0131 i\u00e7in tasarlanm\u0131\u015ft\u0131r. Mikroi\u015flemci kontroll\u00fc MIG-IST, operat\u00f6r\u00fcn \u015ferit testere geni\u015fli\u011fine ve kal\u0131nl\u0131\u011f\u0131na g\u00f6re uygun kaynak program\u0131n\u0131 se\u00e7ebilmesini sa\u011flar.<\/span><\/p>\t\t\t\t\t\t<\/div>\n\t\t\t\t<\/div>\n\t\t\t\t\t<\/div>\n\t\t<\/div>\n\t\t\t\t\t<\/div>\n\t\t<\/section>\n\t\t\t\t<section class=\"elementor-section elementor-top-section elementor-element elementor-element-7a7b070 elementor-section-boxed elementor-section-height-default elementor-section-height-default\" data-id=\"7a7b070\" data-element_type=\"section\">\n\t\t\t\t\t\t<div class=\"elementor-container elementor-column-gap-default\">\n\t\t\t\t\t<div class=\"elementor-column elementor-col-100 elementor-top-column elementor-element elementor-element-78eba3c\" data-id=\"78eba3c\" data-element_type=\"column\">\n\t\t\t<div class=\"elementor-widget-wrap elementor-element-populated\">\n\t\t\t\t\t\t<div class=\"elementor-element elementor-element-f01ecf4 elementor-widget elementor-widget-heading\" data-id=\"f01ecf4\" data-element_type=\"widget\" data-widget_type=\"heading.default\">\n\t\t\t\t<div class=\"elementor-widget-container\">\n\t\t\t<h2 class=\"elementor-heading-title elementor-size-default\">Teknik \u00d6zellikler\n<\/h2>\t\t<\/div>\n\t\t\t\t<\/div>\n\t\t\t\t<div class=\"elementor-element elementor-element-9b00f0d elementor-widget elementor-widget-text-editor\" data-id=\"9b00f0d\" data-element_type=\"widget\" data-widget_type=\"text-editor.default\">\n\t\t\t\t<div class=\"elementor-widget-container\">\n\t\t\t\t\t\t\t<table><tbody><tr><td><p><b>Kaynak Kapasitesi<\/b><\/p><\/td><td><p><span style=\"font-weight: 400;\">10 &#8211; 200 mm<\/span><\/p><\/td><\/tr><tr><td><p><b>Testere Kal\u0131nl\u0131\u011f\u0131<\/b><\/p><\/td><td><p><span style=\"font-weight: 400;\">0,6 \u2013 3,2 mm<\/span><\/p><\/td><\/tr><tr><td><p><b>Trafo G\u00fcc\u00fc<\/b><\/p><\/td><td><p><span style=\"font-weight: 400;\">4 kW<\/span><\/p><\/td><\/tr><tr><td><p><b>Toplam G\u00fc\u00e7<\/b><\/p><\/td><td><p><span style=\"font-weight: 400;\">4,3 kW<\/span><\/p><\/td><\/tr><tr><td><p><b>Kaynak Ak\u0131m\u0131 Ayar Sahas\u0131<\/b><\/p><\/td><td><p><span style=\"font-weight: 400;\">30-250 A<\/span><\/p><\/td><\/tr><tr><td><p><b>Bo\u015ftaki Gerilim<\/b><\/p><\/td><td><p><span style=\"font-weight: 400;\">5-30 V<\/span><\/p><\/td><\/tr><tr><td><p><b>Weight\u00a0<\/b><\/p><\/td><td><p><span style=\"font-weight: 400;\">220 kg<\/span><\/p><\/td><\/tr><\/tbody><\/table>\t\t\t\t\t\t<\/div>\n\t\t\t\t<\/div>\n\t\t\t\t\t<\/div>\n\t\t<\/div>\n\t\t\t\t\t<\/div>\n\t\t<\/section>\n\t\t\t\t<\/div>","protected":false},"excerpt":{"rendered":"<p>MIG-IST metal ve a\u011fa\u00e7 sekt\u00f6r\u00fcnde kullan\u0131lan \u015ferit testerelerin gaz alt\u0131 kaynak sistemiyle kaynat\u0131l\u0131p ayn\u0131 tabla \u00fczerinde tavlanmas\u0131 i\u00e7in tasarlanm\u0131\u015ft\u0131r. Mikroi\u015flemci kontroll\u00fc MIG-IST, operat\u00f6r\u00fcn \u015ferit testere geni\u015fli\u011fine ve kal\u0131nl\u0131\u011f\u0131na g\u00f6re uygun kaynak program\u0131n\u0131 se\u00e7ebilmesini sa\u011flar. Teknik \u00d6zellikler Kaynak Kapasitesi 10 &#8211; 200 mm Testere Kal\u0131nl\u0131\u011f\u0131 0,6 \u2013 3,2 mm Trafo G\u00fcc\u00fc 4 kW Toplam G\u00fc\u00e7 4,3 [&hellip;]<\/p>","protected":false},"author":1,"featured_media":0,"parent":0,"menu_order":0,"comment_status":"closed","ping_status":"closed","template":"","meta":{"footnotes":""},"class_list":["post-5746","page","type-page","status-publish","hentry"],"_links":{"self":[{"href":"https:\/\/fimaksan.com\/en\/wp-json\/wp\/v2\/pages\/5746","targetHints":{"allow":["GET"]}}],"collection":[{"href":"https:\/\/fimaksan.com\/en\/wp-json\/wp\/v2\/pages"}],"about":[{"href":"https:\/\/fimaksan.com\/en\/wp-json\/wp\/v2\/types\/page"}],"author":[{"embeddable":true,"href":"https:\/\/fimaksan.com\/en\/wp-json\/wp\/v2\/users\/1"}],"replies":[{"embeddable":true,"href":"https:\/\/fimaksan.com\/en\/wp-json\/wp\/v2\/comments?post=5746"}],"version-history":[{"count":7,"href":"https:\/\/fimaksan.com\/en\/wp-json\/wp\/v2\/pages\/5746\/revisions"}],"predecessor-version":[{"id":7368,"href":"https:\/\/fimaksan.com\/en\/wp-json\/wp\/v2\/pages\/5746\/revisions\/7368"}],"wp:attachment":[{"href":"https:\/\/fimaksan.com\/en\/wp-json\/wp\/v2\/media?parent=5746"}],"curies":[{"name":"wp","href":"https:\/\/api.w.org\/{rel}","templated":true}]}}