{"id":5699,"date":"2023-04-07T12:38:21","date_gmt":"2023-04-07T09:38:21","guid":{"rendered":"https:\/\/www.hilkomyazilim.com.tr\/fimaksan\/?page_id=5699"},"modified":"2023-04-14T13:46:47","modified_gmt":"2023-04-14T10:46:47","slug":"testere-bileme-elmas-uc","status":"publish","type":"page","link":"https:\/\/fimaksan.com\/en\/testere-bileme-elmas-uc\/","title":{"rendered":"TESTERE B\u0130LEME &#8211; ELMAS U\u00c7"},"content":{"rendered":"<div data-elementor-type=\"wp-page\" data-elementor-id=\"5699\" class=\"elementor elementor-5699\">\n\t\t\t\t\t\t<section class=\"elementor-section elementor-top-section elementor-element elementor-element-b0bc00d elementor-section-stretched elementor-section-boxed elementor-section-height-default elementor-section-height-default\" data-id=\"b0bc00d\" data-element_type=\"section\" data-settings=\"{&quot;stretch_section&quot;:&quot;section-stretched&quot;}\">\n\t\t\t\t\t\t<div class=\"elementor-container elementor-column-gap-default\">\n\t\t\t\t\t<div class=\"elementor-column elementor-col-50 elementor-top-column elementor-element elementor-element-3c4f947\" data-id=\"3c4f947\" data-element_type=\"column\">\n\t\t\t<div class=\"elementor-widget-wrap elementor-element-populated\">\n\t\t\t\t\t\t<div class=\"elementor-element elementor-element-c797889 elementor-widget elementor-widget-creote-simple-image-box-v1\" data-id=\"c797889\" data-element_type=\"widget\" data-widget_type=\"creote-simple-image-box-v1.default\">\n\t\t\t\t<div class=\"elementor-widget-container\">\n\t\t\t<div class=\"simple_image_boxes  parallax_cover\"   data-aos=\"fade-up\" data-aos-delay=\"0\"  data-aos-offset=\"0\" >\r\n   <img decoding=\"async\" src=\"https:\/\/fimaksan.com\/\/wp-content\/uploads\/2023\/04\/KwZXBcPzc6xYWYhO9WMJXA2mqRXXSmzCEQTbmKDF-scaled.jpeg\" class=\"simp_img cover-parallax\" alt=\"\" \/>\r\n<\/div>\r\n\t\t<\/div>\n\t\t\t\t<\/div>\n\t\t\t\t\t<\/div>\n\t\t<\/div>\n\t\t\t\t<div class=\"elementor-column elementor-col-50 elementor-top-column elementor-element elementor-element-f7ee261\" data-id=\"f7ee261\" data-element_type=\"column\">\n\t\t\t<div class=\"elementor-widget-wrap elementor-element-populated\">\n\t\t\t\t\t\t<div class=\"elementor-element elementor-element-55f04cc elementor-widget elementor-widget-text-editor\" data-id=\"55f04cc\" data-element_type=\"widget\" data-widget_type=\"text-editor.default\">\n\t\t\t\t<div class=\"elementor-widget-container\">\n\t\t\t\t\t\t\t<p>Kabinsiz, otomatik hassas bileme, ayd\u0131nlatma lambal\u0131, ta\u015f d\u00f6n\u00fc\u015f devri h\u0131z kontroll\u00fc, NV-PV-KV ve SB form di\u015flerin h\u0131zl\u0131 ve hassas bilemesi, otomatik testere \u00f6n tak\u0131m hareketi (motorlu), di\u015f sayma, CE standartlar\u0131na uygunluk<\/p>\t\t\t\t\t\t<\/div>\n\t\t\t\t<\/div>\n\t\t\t\t\t<\/div>\n\t\t<\/div>\n\t\t\t\t\t<\/div>\n\t\t<\/section>\n\t\t\t\t<section class=\"elementor-section elementor-top-section elementor-element elementor-element-8515704 elementor-section-boxed elementor-section-height-default elementor-section-height-default\" data-id=\"8515704\" data-element_type=\"section\">\n\t\t\t\t\t\t<div class=\"elementor-container elementor-column-gap-default\">\n\t\t\t\t\t<div class=\"elementor-column elementor-col-100 elementor-top-column elementor-element elementor-element-f4edfb9\" data-id=\"f4edfb9\" data-element_type=\"column\">\n\t\t\t<div class=\"elementor-widget-wrap elementor-element-populated\">\n\t\t\t\t\t\t<div class=\"elementor-element elementor-element-05b2c60 elementor-widget elementor-widget-creote-heading-v2\" data-id=\"05b2c60\" data-element_type=\"widget\" data-widget_type=\"creote-heading-v2.default\">\n\t\t\t\t<div class=\"elementor-widget-container\">\n\t\t\t<div class=\"heading type_one text_center\">  <div class=\"small_text\">    Technical Specifications <\/div>    <\/div>\r\n\t\t<\/div>\n\t\t\t\t<\/div>\n\t\t\t\t\t<\/div>\n\t\t<\/div>\n\t\t\t\t\t<\/div>\n\t\t<\/section>\n\t\t\t\t<section class=\"elementor-section elementor-top-section elementor-element elementor-element-ab7852e elementor-section-stretched elementor-section-boxed elementor-section-height-default elementor-section-height-default\" data-id=\"ab7852e\" data-element_type=\"section\" data-settings=\"{&quot;stretch_section&quot;:&quot;section-stretched&quot;}\">\n\t\t\t\t\t\t<div class=\"elementor-container elementor-column-gap-default\">\n\t\t\t\t\t<div class=\"elementor-column elementor-col-50 elementor-top-column elementor-element elementor-element-ae6cf70\" data-id=\"ae6cf70\" data-element_type=\"column\">\n\t\t\t<div class=\"elementor-widget-wrap elementor-element-populated\">\n\t\t\t\t\t\t<div class=\"elementor-element elementor-element-f04308b elementor-widget elementor-widget-text-editor\" data-id=\"f04308b\" data-element_type=\"widget\" data-widget_type=\"text-editor.default\">\n\t\t\t\t<div class=\"elementor-widget-container\">\n\t\t\t\t\t\t\t<div><strong>\u2713 \u015eerit Testere Geni\u015flik<\/strong>\u00a0| 15 &#8211; 200 mm<\/div><div><strong>\u2713 Di\u015f Ad\u0131m\u0131<\/strong>\u00a0| 20 &#8211; 60 mm<\/div><div><strong>\u2713 Di\u015f DerinlikV <\/strong>| Max: 30 mm<\/div><div><strong>\u2713 Di\u015f Formu<\/strong>\u00a0| PV, NV, KV, SB<\/div><div><strong>\u2713 G\u00f6\u011f\u00fcs A\u00e7\u0131s\u0131<\/strong>\u00a0| (-10) (+30) derece<\/div><div><strong>\u2713 Testere Kal\u0131nl\u0131k<\/strong>\u00a0| 0,6 &#8211; 3,2 mm<\/div><div><strong>\u2713 \u0130lerleme H\u0131z\u0131<\/strong>\u00a0| 30 -60 di\u015f\/dk. \u0130nvert\u00f6rl\u00fc,\u00a0 h\u0131z kontroll\u00fc<\/div><div><strong>\u2713 Mengene ve Kollar<\/strong>\u00a0| Ayr\u0131 motorla yukar\u0131 a\u015fa\u011f\u0131 hareket<\/div><div><strong>\u2713 Bileme Ta\u015f\u0131 D\u00f6nme H\u0131z\u0131<\/strong>\u00a0| 2200-3400 d \/ dk. \u0130nvert\u00f6rl\u00fc, h\u0131z kontroll\u00fc<\/div><div>\u00a0<\/div>\t\t\t\t\t\t<\/div>\n\t\t\t\t<\/div>\n\t\t\t\t\t<\/div>\n\t\t<\/div>\n\t\t\t\t<div class=\"elementor-column elementor-col-50 elementor-top-column elementor-element elementor-element-bfe47a0\" data-id=\"bfe47a0\" data-element_type=\"column\">\n\t\t\t<div class=\"elementor-widget-wrap elementor-element-populated\">\n\t\t\t\t\t\t<div class=\"elementor-element elementor-element-875f99c elementor-widget elementor-widget-text-editor\" data-id=\"875f99c\" data-element_type=\"widget\" data-widget_type=\"text-editor.default\">\n\t\t\t\t<div class=\"elementor-widget-container\">\n\t\t\t\t\t\t\t<div><strong>\u2713 Motor Say\u0131s\u0131<\/strong>\u00a0| 4 adet<\/div><div><strong>\u2713 Bileme Ta\u015f\u0131 \u00c7ap<\/strong>\u00a0| 250 mm<\/div><div><strong>\u2713 Bileme Ta\u015f\u0131 Delik \u00c7ap<\/strong>\u00a0| 20mm<\/div><div><strong>\u2713 Bileme Ta\u015f\u0131 Kal\u0131nl\u0131k<\/strong>\u00a0| 10 \u2013 13 mm<\/div><div><strong>\u2713 \u00c7al\u0131\u015fma Gerilimi<\/strong>\u00a0| 380 V, 3 Faz 50-60 Hz<\/div><div><strong>\u2713 Total Power <\/strong>| 2,0 kW<\/div><div><strong>\u2713 Net\/ Br\u00fct A\u011f\u0131rl\u0131k<\/strong>\u00a0| 580 \/ 605 kg<\/div><div><strong>\u2713 Dimensions <\/strong>| 290 X 90 X 150 cm (Uzunluk Geni\u015flik Y\u00fckseklik)<\/div><div><strong>\u2713 Sevkiyat Boyutlar\u0131<\/strong>\u00a0| 330 X 90 X 170 cm<\/div>\t\t\t\t\t\t<\/div>\n\t\t\t\t<\/div>\n\t\t\t\t\t<\/div>\n\t\t<\/div>\n\t\t\t\t\t<\/div>\n\t\t<\/section>\n\t\t\t\t<\/div>","protected":false},"excerpt":{"rendered":"<p>Kabinsiz, otomatik hassas bileme, ayd\u0131nlatma lambal\u0131, ta\u015f d\u00f6n\u00fc\u015f devri h\u0131z kontroll\u00fc, NV-PV-KV ve SB form di\u015flerin h\u0131zl\u0131 ve hassas bilemesi, otomatik testere \u00f6n tak\u0131m hareketi (motorlu), di\u015f sayma, CE standartlar\u0131na uygunluk Teknik Detaylar \u2713 \u015eerit Testere Geni\u015flik\u00a0| 15 &#8211; 200 mm\u2713 Di\u015f Ad\u0131m\u0131\u00a0| 20 &#8211; 60 mm\u2713 Di\u015f DerinlikV | Max: 30 mm\u2713 Di\u015f Formu\u00a0| [&hellip;]<\/p>","protected":false},"author":1,"featured_media":0,"parent":0,"menu_order":0,"comment_status":"closed","ping_status":"closed","template":"","meta":{"footnotes":""},"class_list":["post-5699","page","type-page","status-publish","hentry"],"_links":{"self":[{"href":"https:\/\/fimaksan.com\/en\/wp-json\/wp\/v2\/pages\/5699","targetHints":{"allow":["GET"]}}],"collection":[{"href":"https:\/\/fimaksan.com\/en\/wp-json\/wp\/v2\/pages"}],"about":[{"href":"https:\/\/fimaksan.com\/en\/wp-json\/wp\/v2\/types\/page"}],"author":[{"embeddable":true,"href":"https:\/\/fimaksan.com\/en\/wp-json\/wp\/v2\/users\/1"}],"replies":[{"embeddable":true,"href":"https:\/\/fimaksan.com\/en\/wp-json\/wp\/v2\/comments?post=5699"}],"version-history":[{"count":7,"href":"https:\/\/fimaksan.com\/en\/wp-json\/wp\/v2\/pages\/5699\/revisions"}],"predecessor-version":[{"id":6842,"href":"https:\/\/fimaksan.com\/en\/wp-json\/wp\/v2\/pages\/5699\/revisions\/6842"}],"wp:attachment":[{"href":"https:\/\/fimaksan.com\/en\/wp-json\/wp\/v2\/media?parent=5699"}],"curies":[{"name":"wp","href":"https:\/\/api.w.org\/{rel}","templated":true}]}}