{"id":5656,"date":"2023-04-07T12:22:14","date_gmt":"2023-04-07T09:22:14","guid":{"rendered":"https:\/\/www.hilkomyazilim.com.tr\/fimaksan\/?page_id=5656"},"modified":"2023-05-07T19:16:42","modified_gmt":"2023-05-07T16:16:42","slug":"fi-130-tomruk-arabasi-uzaktan-kumandali-3-cizmeli-2","status":"publish","type":"page","link":"https:\/\/fimaksan.com\/en\/fi-130-tomruk-arabasi-uzaktan-kumandali-3-cizmeli-2\/","title":{"rendered":"F\u0130.130 Carriage - Remote Control - 3 Headblocks"},"content":{"rendered":"<div data-elementor-type=\"wp-page\" data-elementor-id=\"5656\" class=\"elementor elementor-5656\">\n\t\t\t\t\t\t<section class=\"elementor-section elementor-top-section elementor-element elementor-element-63ad19c elementor-section-stretched elementor-section-boxed elementor-section-height-default elementor-section-height-default\" data-id=\"63ad19c\" data-element_type=\"section\" data-settings=\"{&quot;stretch_section&quot;:&quot;section-stretched&quot;}\">\n\t\t\t\t\t\t<div class=\"elementor-container elementor-column-gap-default\">\n\t\t\t\t\t<div class=\"elementor-column elementor-col-33 elementor-top-column elementor-element elementor-element-04d3734\" data-id=\"04d3734\" data-element_type=\"column\">\n\t\t\t<div class=\"elementor-widget-wrap\">\n\t\t\t\t\t\t\t<\/div>\n\t\t<\/div>\n\t\t\t\t<div class=\"elementor-column elementor-col-33 elementor-top-column elementor-element elementor-element-2890afb\" data-id=\"2890afb\" data-element_type=\"column\">\n\t\t\t<div class=\"elementor-widget-wrap elementor-element-populated\">\n\t\t\t\t\t\t<div class=\"elementor-element elementor-element-a1c4d50 elementor-widget elementor-widget-text-editor\" data-id=\"a1c4d50\" data-element_type=\"widget\" data-widget_type=\"text-editor.default\">\n\t\t\t\t<div class=\"elementor-widget-container\">\n\t\t\t\t\t\t\t<p>FI. 130 \/ UHKD 3 LOG CARRIAGE - 3 HEADBLOCKS - REMOTE CONTROL<\/p>\t\t\t\t\t\t<\/div>\n\t\t\t\t<\/div>\n\t\t\t\t<div class=\"elementor-element elementor-element-5415a52 elementor-widget elementor-widget-creote-simple-image-box-v1\" data-id=\"5415a52\" data-element_type=\"widget\" data-widget_type=\"creote-simple-image-box-v1.default\">\n\t\t\t\t<div class=\"elementor-widget-container\">\n\t\t\t<div class=\"simple_image_boxes\"   data-aos=\"fade-up\" data-aos-delay=\"0\"  data-aos-offset=\"0\" >\r\n   <img decoding=\"async\" src=\"https:\/\/fimaksan.com\/\/wp-content\/uploads\/2023\/04\/Adsiz-tasarim-5-e1681460996424.png\" class=\"simp_img\" alt=\"\" \/>\r\n<\/div>\r\n\t\t<\/div>\n\t\t\t\t<\/div>\n\t\t\t\t\t<\/div>\n\t\t<\/div>\n\t\t\t\t<div class=\"elementor-column elementor-col-33 elementor-top-column elementor-element elementor-element-8d8ad24\" data-id=\"8d8ad24\" data-element_type=\"column\">\n\t\t\t<div class=\"elementor-widget-wrap\">\n\t\t\t\t\t\t\t<\/div>\n\t\t<\/div>\n\t\t\t\t\t<\/div>\n\t\t<\/section>\n\t\t\t\t<section class=\"elementor-section elementor-top-section elementor-element elementor-element-aa04e97 elementor-section-stretched elementor-section-boxed elementor-section-height-default elementor-section-height-default\" data-id=\"aa04e97\" data-element_type=\"section\" data-settings=\"{&quot;stretch_section&quot;:&quot;section-stretched&quot;}\">\n\t\t\t\t\t\t<div class=\"elementor-container elementor-column-gap-default\">\n\t\t\t\t\t<div class=\"elementor-column elementor-col-50 elementor-top-column elementor-element elementor-element-c36b393\" data-id=\"c36b393\" data-element_type=\"column\">\n\t\t\t<div class=\"elementor-widget-wrap elementor-element-populated\">\n\t\t\t\t\t\t<div class=\"elementor-element elementor-element-fa958d2 elementor-widget elementor-widget-creote-heading-v2\" data-id=\"fa958d2\" data-element_type=\"widget\" data-widget_type=\"creote-heading-v2.default\">\n\t\t\t\t<div class=\"elementor-widget-container\">\n\t\t\t<div class=\"heading type_one text_center\">  <div class=\"small_text\">    Technical Specifications <\/div>    <\/div>\r\n\t\t<\/div>\n\t\t\t\t<\/div>\n\t\t\t\t<div class=\"elementor-element elementor-element-5ea770c elementor-widget elementor-widget-text-editor\" data-id=\"5ea770c\" data-element_type=\"widget\" data-widget_type=\"text-editor.default\">\n\t\t\t\t<div class=\"elementor-widget-container\">\n\t\t\t\t\t\t\t<div><strong>\u2713 Headblock Opening<\/strong>\u00a0| Max: 1000 mm<\/div><div><strong>\u2713 Accepted Log Diameter<\/strong>\u00a0| 1150mm<\/div><div><strong>\u2713 Hook Opening Distance<\/strong>\u00a0| Max: 1000 mm<\/div><div><strong>\u2713<\/strong> <strong>Hook In &amp; Hook Out Distance<\/strong>\u00a0| Inside \/ Min: 35 mm, Outside \/ Max: 145 mm<\/div><div><strong>\u2713<\/strong> <strong>Distance Between Headblocks<\/strong>\u00a0| 1045 \u20132100mm<\/div><div><strong>\u2713 Hydraulic Unit Motor<\/strong>\u00a0| 11 kW<\/div><div><strong>\u2713\u00a0<\/strong> <strong>Carriage Drive Motor<\/strong>\u00a0| 15 kW<\/div><div><strong>\u2713<\/strong> <strong>Rail Length<\/strong>\u00a0| 18 mt<\/div><div><strong>\u2713<\/strong> <strong>Rail Width<\/strong>\u00a0| 1536 mm<\/div><div><strong>\u2713<\/strong> <strong>Weight\u00a0 \u00a0 \u00a0<\/strong>\u00a0| 6000 kg<\/div><div><strong>\u2713<\/strong> <strong>Dimensions\u00a0<\/strong>\u00a0| 500 x 210 x 200 cm (Length Width Height)<\/div>\t\t\t\t\t\t<\/div>\n\t\t\t\t<\/div>\n\t\t\t\t\t<\/div>\n\t\t<\/div>\n\t\t\t\t<div class=\"elementor-column elementor-col-50 elementor-top-column elementor-element elementor-element-536989e\" data-id=\"536989e\" data-element_type=\"column\">\n\t\t\t<div class=\"elementor-widget-wrap elementor-element-populated\">\n\t\t\t\t\t\t<div class=\"elementor-element elementor-element-aed77ff elementor-widget elementor-widget-creote-simple-image-box-v1\" data-id=\"aed77ff\" data-element_type=\"widget\" data-widget_type=\"creote-simple-image-box-v1.default\">\n\t\t\t\t<div class=\"elementor-widget-container\">\n\t\t\t<div class=\"simple_image_boxes  parallax_cover\"   data-aos=\"fade-up\" data-aos-delay=\"0\"  data-aos-offset=\"0\" >\r\n   <img decoding=\"async\" src=\"https:\/\/fimaksan.com\/\/wp-content\/uploads\/2023\/04\/ZjM3rnnGKLNAQjntlHHYHFOYRZGNCiGN4051JXUk-1-scaled.jpeg\" class=\"simp_img cover-parallax\" alt=\"\" \/>\r\n<\/div>\r\n\t\t<\/div>\n\t\t\t\t<\/div>\n\t\t\t\t\t<\/div>\n\t\t<\/div>\n\t\t\t\t\t<\/div>\n\t\t<\/section>\n\t\t\t\t<section class=\"elementor-section elementor-top-section elementor-element elementor-element-06291e7 elementor-section-stretched elementor-section-boxed elementor-section-height-default elementor-section-height-default\" data-id=\"06291e7\" data-element_type=\"section\" data-settings=\"{&quot;stretch_section&quot;:&quot;section-stretched&quot;}\">\n\t\t\t\t\t\t<div class=\"elementor-container elementor-column-gap-default\">\n\t\t\t\t\t<div class=\"elementor-column elementor-col-100 elementor-top-column elementor-element elementor-element-838065c\" data-id=\"838065c\" data-element_type=\"column\">\n\t\t\t<div class=\"elementor-widget-wrap elementor-element-populated\">\n\t\t\t\t\t\t<div class=\"elementor-element elementor-element-31cc916 elementor-widget elementor-widget-creote-heading-v2\" data-id=\"31cc916\" data-element_type=\"widget\" data-widget_type=\"creote-heading-v2.default\">\n\t\t\t\t<div class=\"elementor-widget-container\">\n\t\t\t<div class=\"heading type_one text_center\">  <div class=\"small_text\">    Features <\/div>    <\/div>\r\n\t\t<\/div>\n\t\t\t\t<\/div>\n\t\t\t\t<div class=\"elementor-element elementor-element-1770ad4 elementor-widget elementor-widget-text-editor\" data-id=\"1770ad4\" data-element_type=\"widget\" data-widget_type=\"text-editor.default\">\n\t\t\t\t<div class=\"elementor-widget-container\">\n\t\t\t\t\t\t\t<ul><li>Developed by FIMAKSAN, the Color Touch screen provides positioning speed and ease of use with 10 adjustable preset sizes in the memory.\u00a0<\/li><li>The Control Panel is easily controlled with 2 joysticks and buttons, which are ergonomic and very simple to use. With the pedal, log rotation can be done easily also.\u00a0<\/li><li>Carriage Drive is long life electrodynamic system and steel wire rope, cable driven. 120m \/min feed speed is standard. (More Optional)\u00a0<\/li><li>Headblock is driven by an 11kW geared Motor. 320mm speed is standard.\u00a0<\/li><li>The hook is controlled by a solenoid valve and 11-kW motored Hydraulic  power; Maximum Log Control is achieved.<\/li><li>Hydraulic unit is powered by an 11-kW motor. The turning of the log is by a 3-kW reducer motor and chain. The turners lift the log easily by the hydraulic system.\u00a0<\/li><li>In and out, movable hook and fix Headblock (knee) system allows clamping accordingly to different sizes of logs. (In distance: 35mm - Out Distance: 145mm)<\/li><li>\u00a0Hooks In &amp; Out can be operated independently. It's a standard feature.<\/li><li>First Class electronic components are used.\u00a0 \u00a0 \u00a0 \u00a0 \u00a0 \u00a0\u00a0<\/li><li>The connection between the carriage and the control panel is achieved by an opening-closing, pantograph type cable carrying arm.<\/li><li>Heat treated guideway on log bed has long life against wear. (Hardness: 50HRC).\u00a0<\/li><li>Log Beds has replaceable wear plates that prevent the log from damaging the guideways.<\/li><li>Timed automatic lubrication system reduces friction between headblocks and the guideways. (Vital for Headblocks and guideways).<\/li><li>The carriage construction is designed as heavy-duty so that it can serve for many years without breakage.<\/li><\/ul>\t\t\t\t\t\t<\/div>\n\t\t\t\t<\/div>\n\t\t\t\t\t<\/div>\n\t\t<\/div>\n\t\t\t\t\t<\/div>\n\t\t<\/section>\n\t\t\t\t<section class=\"elementor-section elementor-top-section elementor-element elementor-element-9ebf269 elementor-section-boxed elementor-section-height-default elementor-section-height-default\" data-id=\"9ebf269\" data-element_type=\"section\">\n\t\t\t\t\t\t<div class=\"elementor-container elementor-column-gap-default\">\n\t\t\t\t\t<div class=\"elementor-column elementor-col-100 elementor-top-column elementor-element elementor-element-75473db\" data-id=\"75473db\" data-element_type=\"column\">\n\t\t\t<div class=\"elementor-widget-wrap elementor-element-populated\">\n\t\t\t\t\t\t<div class=\"elementor-element elementor-element-3c4576e elementor-widget elementor-widget-video\" data-id=\"3c4576e\" data-element_type=\"widget\" data-settings=\"{&quot;youtube_url&quot;:&quot;https:\\\/\\\/youtu.be\\\/mWUnYXMgBCs&quot;,&quot;video_type&quot;:&quot;youtube&quot;,&quot;controls&quot;:&quot;yes&quot;}\" data-widget_type=\"video.default\">\n\t\t\t\t<div class=\"elementor-widget-container\">\n\t\t\t\t\t<div class=\"elementor-wrapper elementor-open-inline\">\n\t\t\t<div class=\"elementor-video\"><\/div>\t\t<\/div>\n\t\t\t\t<\/div>\n\t\t\t\t<\/div>\n\t\t\t\t\t<\/div>\n\t\t<\/div>\n\t\t\t\t\t<\/div>\n\t\t<\/section>\n\t\t\t\t<\/div>","protected":false},"excerpt":{"rendered":"<p>F\u0130. 130 \/ UHKD 3 TOMRUK ARABASI UZAKTAN KUMANDALI Teknik Detaylar \u2713 \u00c7izme A\u00e7\u0131lma Mesafesi\u00a0| Max: 1000 mm\u2713 Kabul Edilen Tomruk \u00c7ap\u0131\u00a0| 1150 mm\u2713 Kanca A\u00e7\u0131lma Mesafesi\u00a0| Max: 1000 mm\u2713 Dayama ile Kanca aras\u0131 Mesafe\u00a0| \u0130\u00e7erde \/ Min: 35 mm, D\u0131\u015farda \/ Max: 145 mm\u2713 \u00c7izmeler Aras\u0131 Mesafe\u00a0| 1045 \u20132100 mm\u2713 Hidrolik \u00dcnite Motoru\u00a0| 11 [&hellip;]<\/p>","protected":false},"author":1,"featured_media":0,"parent":0,"menu_order":0,"comment_status":"closed","ping_status":"closed","template":"","meta":{"footnotes":""},"class_list":["post-5656","page","type-page","status-publish","hentry"],"_links":{"self":[{"href":"https:\/\/fimaksan.com\/en\/wp-json\/wp\/v2\/pages\/5656","targetHints":{"allow":["GET"]}}],"collection":[{"href":"https:\/\/fimaksan.com\/en\/wp-json\/wp\/v2\/pages"}],"about":[{"href":"https:\/\/fimaksan.com\/en\/wp-json\/wp\/v2\/types\/page"}],"author":[{"embeddable":true,"href":"https:\/\/fimaksan.com\/en\/wp-json\/wp\/v2\/users\/1"}],"replies":[{"embeddable":true,"href":"https:\/\/fimaksan.com\/en\/wp-json\/wp\/v2\/comments?post=5656"}],"version-history":[{"count":31,"href":"https:\/\/fimaksan.com\/en\/wp-json\/wp\/v2\/pages\/5656\/revisions"}],"predecessor-version":[{"id":7267,"href":"https:\/\/fimaksan.com\/en\/wp-json\/wp\/v2\/pages\/5656\/revisions\/7267"}],"wp:attachment":[{"href":"https:\/\/fimaksan.com\/en\/wp-json\/wp\/v2\/media?parent=5656"}],"curies":[{"name":"wp","href":"https:\/\/api.w.org\/{rel}","templated":true}]}}