{"id":5647,"date":"2023-04-07T12:16:51","date_gmt":"2023-04-07T09:16:51","guid":{"rendered":"https:\/\/www.hilkomyazilim.com.tr\/fimaksan\/?page_id=5647"},"modified":"2023-05-07T21:57:41","modified_gmt":"2023-05-07T18:57:41","slug":"fi-130-tomruk-arabasi-uzaktan-kumandali-4-cizmeli","status":"publish","type":"page","link":"https:\/\/fimaksan.com\/en\/fi-130-tomruk-arabasi-uzaktan-kumandali-4-cizmeli\/","title":{"rendered":"FI.130 LOG CARRIAGE - 4 HEADBLOCK"},"content":{"rendered":"<div data-elementor-type=\"wp-page\" data-elementor-id=\"5647\" class=\"elementor elementor-5647\">\n\t\t\t\t\t\t<section class=\"elementor-section elementor-top-section elementor-element elementor-element-32159c1 elementor-section-stretched elementor-section-boxed elementor-section-height-default elementor-section-height-default\" data-id=\"32159c1\" data-element_type=\"section\" data-settings=\"{&quot;stretch_section&quot;:&quot;section-stretched&quot;}\">\n\t\t\t\t\t\t<div class=\"elementor-container elementor-column-gap-default\">\n\t\t\t\t\t<div class=\"elementor-column elementor-col-50 elementor-top-column elementor-element elementor-element-53ac674\" data-id=\"53ac674\" data-element_type=\"column\">\n\t\t\t<div class=\"elementor-widget-wrap elementor-element-populated\">\n\t\t\t\t\t\t<div class=\"elementor-element elementor-element-d575c96 elementor-widget__width-initial elementor-widget elementor-widget-creote-simple-image-box-v1\" data-id=\"d575c96\" data-element_type=\"widget\" data-widget_type=\"creote-simple-image-box-v1.default\">\n\t\t\t\t<div class=\"elementor-widget-container\">\n\t\t\t<div class=\"simple_image_boxes  parallax_cover\"   data-aos=\"fade-up\" data-aos-delay=\"0\"  data-aos-offset=\"0\" >\r\n   <img decoding=\"async\" src=\"https:\/\/fimaksan.com\/wp-content\/uploads\/2023\/05\/fi130-uhkd4-scaled.jpg\" class=\"simp_img cover-parallax\" alt=\"\" \/>\r\n<\/div>\r\n\t\t<\/div>\n\t\t\t\t<\/div>\n\t\t\t\t\t<\/div>\n\t\t<\/div>\n\t\t\t\t<div class=\"elementor-column elementor-col-50 elementor-top-column elementor-element elementor-element-df4ceab\" data-id=\"df4ceab\" data-element_type=\"column\">\n\t\t\t<div class=\"elementor-widget-wrap elementor-element-populated\">\n\t\t\t\t\t\t<div class=\"elementor-element elementor-element-7ad7c2e elementor-widget__width-initial elementor-widget elementor-widget-text-editor\" data-id=\"7ad7c2e\" data-element_type=\"widget\" data-widget_type=\"text-editor.default\">\n\t\t\t\t<div class=\"elementor-widget-container\">\n\t\t\t\t\t\t\t<div><strong>FI: 130 \/ UHKD 4\u00a0<span style=\"color: var( --e-global-color-text ); font-family: var( --e-global-typography-text-font-family ), Sans-serif; text-align: var(--bs-body-text-align);\">LOG CARRIAGE<\/span><\/strong><\/div><ul><li><p><span style=\"font-family: 'Calibri',sans-serif;\">REMOTE CONTROL-PLC, TOUCH SCREEN \u2013 MCC<\/span><\/p><\/li><li>HEADBLOCK SPEED<b>: 320 mm\/sec (more optional)<\/b><\/li><li>CARRIAGE FEED SPEED<b>: 120 m\/min (more optional)<\/b><b><br \/><\/b><\/li><li>FULL AUTOMATIC<b><br \/><\/b><\/li><li><span style=\"font-size: 12.0pt; font-family: 'Calibri',sans-serif; mso-fareast-font-family: 'Times New Roman'; mso-ansi-language: TR; mso-fareast-language: TR; mso-bidi-language: AR-SA;\">HEAVY-DUTY\u00a0<\/span><\/li><li>4 MONOBLOCK HEADBLOCKS\u00a0<span style=\"font-size: 12.0pt; font-family: 'Calibri',sans-serif; mso-fareast-font-family: 'Times New Roman'; mso-ansi-language: TR; mso-fareast-language: TR; mso-bidi-language: AR-SA;\"><br \/><\/span><\/li><li><p><span style=\"font-family: 'Calibri',sans-serif;\">AUTOMATIC LUBRICATION\u00a0<\/span><\/p><\/li><li><p><span style=\"font-family: 'Calibri',sans-serif;\">IN &amp; OUT MOVING HOOKS<\/span><\/p><\/li><li><p><span style=\"font-family: 'Calibri',sans-serif;\">HEAT TREATED HEADBLOCK GUIDEWAYS AGAINST WEAR<\/span><\/p><\/li><li>DOUBLE ROW LOG TURNER CHAIN x 3<p><span style=\"font-family: 'Calibri',sans-serif;\">\u00a0<\/span><\/p><\/li><\/ul>\t\t\t\t\t\t<\/div>\n\t\t\t\t<\/div>\n\t\t\t\t\t<\/div>\n\t\t<\/div>\n\t\t\t\t\t<\/div>\n\t\t<\/section>\n\t\t\t\t<section class=\"elementor-section elementor-top-section elementor-element elementor-element-2a664dd elementor-section-boxed elementor-section-height-default elementor-section-height-default\" data-id=\"2a664dd\" data-element_type=\"section\">\n\t\t\t\t\t\t<div class=\"elementor-container elementor-column-gap-default\">\n\t\t\t\t\t<div class=\"elementor-column elementor-col-100 elementor-top-column elementor-element elementor-element-a93c0cf\" data-id=\"a93c0cf\" data-element_type=\"column\">\n\t\t\t<div class=\"elementor-widget-wrap elementor-element-populated\">\n\t\t\t\t\t\t<div class=\"elementor-element elementor-element-8c6c0c4 elementor-widget elementor-widget-creote-heading-v2\" data-id=\"8c6c0c4\" data-element_type=\"widget\" data-widget_type=\"creote-heading-v2.default\">\n\t\t\t\t<div class=\"elementor-widget-container\">\n\t\t\t<div class=\"heading type_one text_center\">  <div class=\"small_text\">    Technical Specifications <\/div>    <\/div>\r\n\t\t<\/div>\n\t\t\t\t<\/div>\n\t\t\t\t\t<\/div>\n\t\t<\/div>\n\t\t\t\t\t<\/div>\n\t\t<\/section>\n\t\t\t\t<section class=\"elementor-section elementor-top-section elementor-element elementor-element-9179d0c elementor-section-stretched elementor-section-boxed elementor-section-height-default elementor-section-height-default\" data-id=\"9179d0c\" data-element_type=\"section\" data-settings=\"{&quot;stretch_section&quot;:&quot;section-stretched&quot;}\">\n\t\t\t\t\t\t<div class=\"elementor-container elementor-column-gap-default\">\n\t\t\t\t\t<div class=\"elementor-column elementor-col-50 elementor-top-column elementor-element elementor-element-3ce5ae4\" data-id=\"3ce5ae4\" data-element_type=\"column\">\n\t\t\t<div class=\"elementor-widget-wrap elementor-element-populated\">\n\t\t\t\t\t\t<div class=\"elementor-element elementor-element-2e0f873 elementor-widget__width-initial elementor-widget elementor-widget-text-editor\" data-id=\"2e0f873\" data-element_type=\"widget\" data-widget_type=\"text-editor.default\">\n\t\t\t\t<div class=\"elementor-widget-container\">\n\t\t\t\t\t\t\t<div><strong>\u2713 Log Diameter<\/strong>\u00a0| Max: 1150mm<\/div><div><strong>\u2713 Daily Capacity \/ Log<\/strong>\u00a0| 50 m3 *(With a single bandsaw. Tandem bandsaw production 100 m3)<\/div><div><strong>\u2713 Headblock Opening<\/strong>\u00a0| Max: 1000 mm<\/div><div><div><strong>\u2713 Hook Opening<\/strong><strong>\u00a0<\/strong>\u00a0| Max: 1000 mm<\/div><div><strong>\u2713 Hook In &amp; Out Distance\u00a0<\/strong>\u00a0| Min: 35 mm Max: 145 mm<\/div><\/div><div><strong>\u2713 Rail \/ Length<\/strong> | 18 mt<\/div><div><strong>\u2713 Rail \/ Width<\/strong>\u00a0| 1330mm<\/div><div><strong>\u2713 Distance Between Headblocks (center to center distances)<\/strong>\u00a0| 1400 \u20131200 \u2013 850mm<\/div><div><strong>\u2713 Carriage Feed Drive<\/strong>\u00a0Electrodynamic drive by Wire Rope(Cable)<\/div>\t\t\t\t\t\t<\/div>\n\t\t\t\t<\/div>\n\t\t\t\t\t<\/div>\n\t\t<\/div>\n\t\t\t\t<div class=\"elementor-column elementor-col-50 elementor-top-column elementor-element elementor-element-7db633b\" data-id=\"7db633b\" data-element_type=\"column\">\n\t\t\t<div class=\"elementor-widget-wrap elementor-element-populated\">\n\t\t\t\t\t\t<div class=\"elementor-element elementor-element-fa8ea97 elementor-widget elementor-widget-text-editor\" data-id=\"fa8ea97\" data-element_type=\"widget\" data-widget_type=\"text-editor.default\">\n\t\t\t\t<div class=\"elementor-widget-container\">\n\t\t\t\t\t\t\t<div><strong>\u2713 Headblock Drive<\/strong>\u00a0| 11 kW reducer<\/div><div><strong>\u2713 Headblock Speed<\/strong>\u00a0| 320mm\/sec. ( More Optional)<\/div><div><strong>\u2713 Turner Drive System<\/strong>\u00a0| 4 kW reducer<\/div><div><strong>\u2713 Turner Lifting System <\/strong>\u00a0| Hydraulic<\/div><div><strong>\u2713 Hook Drive System <\/strong>\u00a0| Hydraulic, selonoid. valve<\/div><div><strong>\u2713 Carriage Feed Speed<\/strong>\u00a0| 120 m\/min. ( More Optional)<\/div><div><strong>\u2713 Lubrication System<\/strong>\u00a0| Timed<\/div><div><strong>\u2713 Hydraulic Unit Motor<\/strong>\u00a0| 11 kW motor<\/div><div><strong>\u2713 Power Line Between Carriage &amp; Control<\/strong>\u00a0| cable carrier Pantograph type arm<\/div><div><strong>\u2713 Remote control Panel<\/strong>\u00a0| as platform - included<\/div><div><strong>\u2713 Weight\u00a0 \u00a0 \u00a0<\/strong>\u00a0| 7000 kg<\/div><div><strong>\u2713 Dimensions\u00a0 <\/strong>\u00a0| 650 X 210 X 200 cm (L x W x H)<\/div>\t\t\t\t\t\t<\/div>\n\t\t\t\t<\/div>\n\t\t\t\t\t<\/div>\n\t\t<\/div>\n\t\t\t\t\t<\/div>\n\t\t<\/section>\n\t\t\t\t<\/div>","protected":false},"excerpt":{"rendered":"<p>F\u0130: 130 \/ UHKD 4\u00a0TOMRUK ARABASI UZAKTAN KUMANDALI- DOKUNMATIK EKRAN \u00c7\u0130ZME HIZI: 320 mm\/sn ARABA \u0130LERLEME HIZI: 120 m\/dk TAM OTOMAT\u0130K A\u011eIR T\u0130P\u00a0 4 MONOBLOK BABALI\u00a0 OTOMAT\u0130K YA\u011eLAMA\u00a0 HAREKETL\u0130 KANCA ISIL \u0130\u015eLEML\u0130 YASTIKLAR \u00c7\u0130FT SIRA \u00c7EV\u0130RME Z\u0130NC\u0130R\u0130 x 3 \u00a0 Teknik Detaylar \u2713 Tomruk \u00c7ap\u00a0| Max: 1150 mm\u2713 G\u00fcnl\u00fck Kapasite \/ Tomruk\u00a0| 50 m3\u00a0 *(Tek [&hellip;]<\/p>","protected":false},"author":1,"featured_media":0,"parent":0,"menu_order":0,"comment_status":"closed","ping_status":"closed","template":"","meta":{"footnotes":""},"class_list":["post-5647","page","type-page","status-publish","hentry"],"_links":{"self":[{"href":"https:\/\/fimaksan.com\/en\/wp-json\/wp\/v2\/pages\/5647","targetHints":{"allow":["GET"]}}],"collection":[{"href":"https:\/\/fimaksan.com\/en\/wp-json\/wp\/v2\/pages"}],"about":[{"href":"https:\/\/fimaksan.com\/en\/wp-json\/wp\/v2\/types\/page"}],"author":[{"embeddable":true,"href":"https:\/\/fimaksan.com\/en\/wp-json\/wp\/v2\/users\/1"}],"replies":[{"embeddable":true,"href":"https:\/\/fimaksan.com\/en\/wp-json\/wp\/v2\/comments?post=5647"}],"version-history":[{"count":49,"href":"https:\/\/fimaksan.com\/en\/wp-json\/wp\/v2\/pages\/5647\/revisions"}],"predecessor-version":[{"id":7302,"href":"https:\/\/fimaksan.com\/en\/wp-json\/wp\/v2\/pages\/5647\/revisions\/7302"}],"wp:attachment":[{"href":"https:\/\/fimaksan.com\/en\/wp-json\/wp\/v2\/media?parent=5647"}],"curies":[{"name":"wp","href":"https:\/\/api.w.org\/{rel}","templated":true}]}}