{"id":5625,"date":"2023-04-07T11:19:01","date_gmt":"2023-04-07T08:19:01","guid":{"rendered":"https:\/\/www.hilkomyazilim.com.tr\/fimaksan\/?page_id=5625"},"modified":"2023-05-07T01:01:32","modified_gmt":"2023-05-06T22:01:32","slug":"100-tomruk-arabasi-ideal-palet-uretimi-2-cizmeli","status":"publish","type":"page","link":"https:\/\/fimaksan.com\/en\/100-tomruk-arabasi-ideal-palet-uretimi-2-cizmeli\/","title":{"rendered":"F\u0130. 100 \/ UHKD 2 CARRIAGE - 2 HEADBLOCK- SHORT TYPE - PALLET PRODUCTION"},"content":{"rendered":"<div data-elementor-type=\"wp-page\" data-elementor-id=\"5625\" class=\"elementor elementor-5625\">\n\t\t\t\t\t\t<section class=\"elementor-section elementor-top-section elementor-element elementor-element-08ed1e4 elementor-section-stretched elementor-section-boxed elementor-section-height-default elementor-section-height-default\" data-id=\"08ed1e4\" data-element_type=\"section\" data-settings=\"{&quot;stretch_section&quot;:&quot;section-stretched&quot;}\">\n\t\t\t\t\t\t<div class=\"elementor-container elementor-column-gap-default\">\n\t\t\t\t\t<div class=\"elementor-column elementor-col-33 elementor-top-column elementor-element elementor-element-9b92188\" data-id=\"9b92188\" data-element_type=\"column\">\n\t\t\t<div class=\"elementor-widget-wrap\">\n\t\t\t\t\t\t\t<\/div>\n\t\t<\/div>\n\t\t\t\t<div class=\"elementor-column elementor-col-33 elementor-top-column elementor-element elementor-element-3565563\" data-id=\"3565563\" data-element_type=\"column\">\n\t\t\t<div class=\"elementor-widget-wrap elementor-element-populated\">\n\t\t\t\t\t\t<div class=\"elementor-element elementor-element-10494e3 elementor-widget elementor-widget-text-editor\" data-id=\"10494e3\" data-element_type=\"widget\" data-widget_type=\"text-editor.default\">\n\t\t\t\t<div class=\"elementor-widget-container\">\n\t\t\t\t\t\t\t<p>F\u0130. 100 \/ UHKD 2 CARRIAGE - 2 HEADBLOCK<\/p>\t\t\t\t\t\t<\/div>\n\t\t\t\t<\/div>\n\t\t\t\t<div class=\"elementor-element elementor-element-c31839f elementor-widget elementor-widget-creote-simple-image-box-v1\" data-id=\"c31839f\" data-element_type=\"widget\" data-widget_type=\"creote-simple-image-box-v1.default\">\n\t\t\t\t<div class=\"elementor-widget-container\">\n\t\t\t<div class=\"simple_image_boxes  parallax_cover\"   data-aos=\"fade-up\" data-aos-delay=\"0\"  data-aos-offset=\"0\" >\r\n   <img decoding=\"async\" src=\"https:\/\/fimaksan.com\/\/wp-content\/uploads\/2023\/04\/Adsiz-tasarim-2.png\" class=\"simp_img cover-parallax\" alt=\"\" \/>\r\n<\/div>\r\n\t\t<\/div>\n\t\t\t\t<\/div>\n\t\t\t\t\t<\/div>\n\t\t<\/div>\n\t\t\t\t<div class=\"elementor-column elementor-col-33 elementor-top-column elementor-element elementor-element-cbcffe7\" data-id=\"cbcffe7\" data-element_type=\"column\">\n\t\t\t<div class=\"elementor-widget-wrap\">\n\t\t\t\t\t\t\t<\/div>\n\t\t<\/div>\n\t\t\t\t\t<\/div>\n\t\t<\/section>\n\t\t\t\t<section class=\"elementor-section elementor-top-section elementor-element elementor-element-0ed2029 elementor-section-boxed elementor-section-height-default elementor-section-height-default\" data-id=\"0ed2029\" data-element_type=\"section\">\n\t\t\t\t\t\t<div class=\"elementor-container elementor-column-gap-default\">\n\t\t\t\t\t<div class=\"elementor-column elementor-col-100 elementor-top-column elementor-element elementor-element-65117d6\" data-id=\"65117d6\" data-element_type=\"column\">\n\t\t\t<div class=\"elementor-widget-wrap elementor-element-populated\">\n\t\t\t\t\t\t<div class=\"elementor-element elementor-element-fa0da41 elementor-widget elementor-widget-creote-heading-v2\" data-id=\"fa0da41\" data-element_type=\"widget\" data-widget_type=\"creote-heading-v2.default\">\n\t\t\t\t<div class=\"elementor-widget-container\">\n\t\t\t<div class=\"heading type_one text_center\">  <div class=\"small_text\">    Technical Specifications <\/div>    <\/div>\r\n\t\t<\/div>\n\t\t\t\t<\/div>\n\t\t\t\t\t<\/div>\n\t\t<\/div>\n\t\t\t\t\t<\/div>\n\t\t<\/section>\n\t\t\t\t<section class=\"elementor-section elementor-top-section elementor-element elementor-element-377af9b elementor-section-stretched elementor-section-boxed elementor-section-height-default elementor-section-height-default\" data-id=\"377af9b\" data-element_type=\"section\" data-settings=\"{&quot;stretch_section&quot;:&quot;section-stretched&quot;}\">\n\t\t\t\t\t\t<div class=\"elementor-container elementor-column-gap-default\">\n\t\t\t\t\t<div class=\"elementor-column elementor-col-50 elementor-top-column elementor-element elementor-element-c022b62\" data-id=\"c022b62\" data-element_type=\"column\">\n\t\t\t<div class=\"elementor-widget-wrap elementor-element-populated\">\n\t\t\t\t\t\t<div class=\"elementor-element elementor-element-a5140b3 elementor-widget elementor-widget-text-editor\" data-id=\"a5140b3\" data-element_type=\"widget\" data-widget_type=\"text-editor.default\">\n\t\t\t\t<div class=\"elementor-widget-container\">\n\t\t\t\t\t\t\t<div><strong>\u2713 Max Log Diameter<\/strong> | Max: 850mm<\/div><div><strong>\u2713 Rail Length<\/strong>\u00a0| 12 Meters<\/div><div><strong>\u2713 Rail Width <\/strong>\u00a0| 115cm<\/div><div><strong>\u2713 Hook Opening Distance <\/strong>\u00a0| Max: 760 mm<\/div><div><strong>\u2713 Headblock Opening<\/strong> | Max: 850mm<\/div><div><strong>\u2713\u00a0 Hook In &amp; Out Distance<\/strong>\u00a0| In \/ Min: 35 mm, Out \/ Max: 140 mm<\/div><div><strong>\u2713 Distance Between Headblock<\/strong>\u00a0| 120 cm (optional)<\/div><div><strong>\u2713 Carriage Drive System<\/strong>\u00a0| hydraulic, rope driven<\/div><div><strong>\u2713 Headblock Drive System<\/strong>\u00a0| 5.5 kW geared motor<\/div><div><strong>\u2713 Positioning Control<\/strong>\u00a0| PLC control (touch panel)<\/div><div>\u00a05<\/div>\t\t\t\t\t\t<\/div>\n\t\t\t\t<\/div>\n\t\t\t\t\t<\/div>\n\t\t<\/div>\n\t\t\t\t<div class=\"elementor-column elementor-col-50 elementor-top-column elementor-element elementor-element-38618bd\" data-id=\"38618bd\" data-element_type=\"column\">\n\t\t\t<div class=\"elementor-widget-wrap elementor-element-populated\">\n\t\t\t\t\t\t<div class=\"elementor-element elementor-element-dcc574f elementor-widget elementor-widget-text-editor\" data-id=\"dcc574f\" data-element_type=\"widget\" data-widget_type=\"text-editor.default\">\n\t\t\t\t<div class=\"elementor-widget-container\">\n\t\t\t\t\t\t\t<div><strong>\u2713 Headblocks Speed<\/strong>\u00a0| 290 mm\/sec.<\/div><div><strong>\u2713 Drive System (Logging)<\/strong>\u00a0| 1,5 Kw geared motor<\/div><div><strong>\u2713 Turner Lift System <\/strong>\u00a0| Hydraulic cylinder<br \/><strong>Drive System<\/strong><\/div><div><strong>\u2713 (Hook)<\/strong>\u00a0| Hydraulic cylinder<\/div><div><strong>\u2713 Carriage Feed Speed<\/strong>\u00a0| 0-90 m\/min.<\/div><div><strong>\u2713 Lubrication System<\/strong>\u00a0| automatic, timed<\/div><div><strong>\u2713 Hydraulic Unit<\/strong>\u00a0| 7.5 kW Motor<\/div><div><strong>\u2713 Dimensions<\/strong>\u00a0| 350 X 190 X 251 cm (Length Width Height)<\/div><div><strong>\u2713 Hydraulic Cooling System<\/strong>\u00a0| Automatic thermostat radiator fan system<\/div><div><strong>\u2713 Weight\u00a0<\/strong>\u00a0| 2900 kg<\/div>\t\t\t\t\t\t<\/div>\n\t\t\t\t<\/div>\n\t\t\t\t\t<\/div>\n\t\t<\/div>\n\t\t\t\t\t<\/div>\n\t\t<\/section>\n\t\t\t\t<\/div>","protected":false},"excerpt":{"rendered":"<p>F\u0130: 100 \/ UHKD 2 TOMRUK ARABASI Teknik Detaylar \u2713\u00a0 Tomruk \u00c7ap\u0131 | Max: 850 mm\u2713\u00a0 Ray Uzunluk\u00a0| 12 Metre\u2713\u00a0 Ray Geni\u015flik \u00a0| 115 cm\u2713\u00a0 Kanca Mesafesi \u00a0| Max: 76 cm\u2713\u00a0\u00c7izme Mesafesi | Max: 850 mm\u2713\u00a0 Dayama \/ Kanca Mesafesi\u00a0| Min: 35 mm Max: 135 mm\u2713\u00a0 \u00c7izmeler Aras\u0131 Mesafe\u00a0| 120 cm (opsiyonel)\u2713\u00a0 Araba Y\u00fcr\u00fcy\u00fc\u015f Sistemi\u00a0| [&hellip;]<\/p>","protected":false},"author":1,"featured_media":0,"parent":0,"menu_order":0,"comment_status":"closed","ping_status":"closed","template":"","meta":{"footnotes":""},"class_list":["post-5625","page","type-page","status-publish","hentry"],"_links":{"self":[{"href":"https:\/\/fimaksan.com\/en\/wp-json\/wp\/v2\/pages\/5625","targetHints":{"allow":["GET"]}}],"collection":[{"href":"https:\/\/fimaksan.com\/en\/wp-json\/wp\/v2\/pages"}],"about":[{"href":"https:\/\/fimaksan.com\/en\/wp-json\/wp\/v2\/types\/page"}],"author":[{"embeddable":true,"href":"https:\/\/fimaksan.com\/en\/wp-json\/wp\/v2\/users\/1"}],"replies":[{"embeddable":true,"href":"https:\/\/fimaksan.com\/en\/wp-json\/wp\/v2\/comments?post=5625"}],"version-history":[{"count":37,"href":"https:\/\/fimaksan.com\/en\/wp-json\/wp\/v2\/pages\/5625\/revisions"}],"predecessor-version":[{"id":7229,"href":"https:\/\/fimaksan.com\/en\/wp-json\/wp\/v2\/pages\/5625\/revisions\/7229"}],"wp:attachment":[{"href":"https:\/\/fimaksan.com\/en\/wp-json\/wp\/v2\/media?parent=5625"}],"curies":[{"name":"wp","href":"https:\/\/api.w.org\/{rel}","templated":true}]}}