{"id":4613,"date":"2022-10-22T07:50:35","date_gmt":"2022-10-22T07:50:35","guid":{"rendered":"https:\/\/themepanthers.com\/wp\/creote\/v2-new\/?page_id=4613"},"modified":"2023-03-31T15:04:58","modified_gmt":"2023-03-31T12:04:58","slug":"shop-two","status":"publish","type":"page","link":"https:\/\/fimaksan.com\/en\/shop-two\/","title":{"rendered":"Shop Two"},"content":{"rendered":"<div data-elementor-type=\"wp-page\" data-elementor-id=\"4613\" class=\"elementor elementor-4613\">\n\t\t\t\t\t\t<section class=\"elementor-section elementor-top-section elementor-element elementor-element-0d1374d elementor-section-boxed elementor-section-height-default elementor-section-height-default\" data-id=\"0d1374d\" data-element_type=\"section\">\n\t\t\t\t\t\t<div class=\"elementor-container elementor-column-gap-default\">\n\t\t\t\t\t<div class=\"elementor-column elementor-col-100 elementor-top-column elementor-element elementor-element-ee7bb0a\" data-id=\"ee7bb0a\" data-element_type=\"column\">\n\t\t\t<div class=\"elementor-widget-wrap elementor-element-populated\">\n\t\t\t\t\t\t<div class=\"elementor-element elementor-element-ed5d7a4 elementor-widget elementor-widget-creote-product-post-v1\" data-id=\"ed5d7a4\" data-element_type=\"widget\" data-widget_type=\"creote-product-post-v1.default\">\n\t\t\t\t<div class=\"elementor-widget-container\">\n\t\t\t<section class=\"product_shop_section elemen_wp four_column product_wrapper_grid style_four\"> <div class=\"full_box\"> <div class=\"grid_show_case grid_layout clearfix\"> <!-- swiper-slide -->     <div class=\"project-wrapper grid_box product type-product post-7662 status-publish first instock product_cat-uncategorized has-post-thumbnail shipping-taxable product-type-simple\"> <div class=\"product_box type_four\"> <div class=\"inner_box\"> <div class=\"image_box\"> <img fetchpriority=\"high\" decoding=\"async\" width=\"300\" height=\"300\" src=\"https:\/\/fimaksan.com\/wp-content\/uploads\/2024\/05\/WhatsApp-Gorsel-2024-04-18-saat-08.26.33_a8f82677-300x300.jpg\" class=\"attachment-woocommerce_thumbnail size-woocommerce_thumbnail\" alt=\"\" srcset=\"https:\/\/fimaksan.com\/wp-content\/uploads\/2024\/05\/WhatsApp-Gorsel-2024-04-18-saat-08.26.33_a8f82677-300x300.jpg 300w, https:\/\/fimaksan.com\/wp-content\/uploads\/2024\/05\/WhatsApp-Gorsel-2024-04-18-saat-08.26.33_a8f82677-150x150.jpg 150w, https:\/\/fimaksan.com\/wp-content\/uploads\/2024\/05\/WhatsApp-Gorsel-2024-04-18-saat-08.26.33_a8f82677-100x100.jpg 100w\" sizes=\"(max-width: 300px) 100vw, 300px\" \/> <div class=\"overlay\"> <div class=\"zoom_btn\"> <a href=\"\/en\/7662\/\" class=\"creote_quick_view_btn\"> <i class=\"icon-eye\"><\/i> <\/a> <\/div> <div class=\"cart_btn\"> <a href=\"https:\/\/fimaksan.com\/en\/product\/2-el-120lik-markol-satiliktir-for-sale-used-resaw\/\" rel=\"nofollow\" data-product_id=\"7662\" data-product_sku=\"\" class=\"button ajax_add_to_cart cart_icon  product_type_simple\"> \r\n            <span class=\"icon-shopping-cart one_icon\"><\/span>\r\n            <\/a> <\/div> <\/div> <\/div> <div class=\"content_box\"> \n <h2><a href=\"https:\/\/fimaksan.com\/en\/product\/2-el-120lik-markol-satiliktir-for-sale-used-resaw\/\">2. el 120&#8217;lik Markol Sat\u0131l\u0131kt\u0131r. FOR SALE &#8211; USED RESAW<\/a><\/h2> <\/div> <\/div> <\/div> <\/div>     <div class=\"project-wrapper grid_box product type-product post-6959 status-publish instock product_cat-uncategorized has-post-thumbnail shipping-taxable product-type-simple\"> <div class=\"product_box type_four\"> <div class=\"inner_box\"> <div class=\"image_box\"> <img decoding=\"async\" width=\"300\" height=\"300\" src=\"https:\/\/fimaksan.com\/wp-content\/uploads\/2023\/04\/VM6WZftzSDTsjUvHTr9htDRAbdJOpi8rFuuPGgfP-300x300.jpeg\" class=\"attachment-woocommerce_thumbnail size-woocommerce_thumbnail\" alt=\"\" srcset=\"https:\/\/fimaksan.com\/wp-content\/uploads\/2023\/04\/VM6WZftzSDTsjUvHTr9htDRAbdJOpi8rFuuPGgfP-300x300.jpeg 300w, https:\/\/fimaksan.com\/wp-content\/uploads\/2023\/04\/VM6WZftzSDTsjUvHTr9htDRAbdJOpi8rFuuPGgfP-150x150.jpeg 150w, https:\/\/fimaksan.com\/wp-content\/uploads\/2023\/04\/VM6WZftzSDTsjUvHTr9htDRAbdJOpi8rFuuPGgfP-100x100.jpeg 100w\" sizes=\"(max-width: 300px) 100vw, 300px\" \/> <div class=\"overlay\"> <div class=\"zoom_btn\"> <a href=\"\/en\/6959\/\" class=\"creote_quick_view_btn\"> <i class=\"icon-eye\"><\/i> <\/a> <\/div> <div class=\"cart_btn\"> <a href=\"https:\/\/fimaksan.com\/en\/product\/rusyada-cift-hat-fimaksan-makineler-takim-satiliktir-100m3\/\" rel=\"nofollow\" data-product_id=\"6959\" data-product_sku=\"\" class=\"button ajax_add_to_cart cart_icon  product_type_simple\"> \r\n            <span class=\"icon-shopping-cart one_icon\"><\/span>\r\n            <\/a> <\/div> <\/div> <\/div> <div class=\"content_box\"> \n <h2><a href=\"https:\/\/fimaksan.com\/en\/product\/rusyada-cift-hat-fimaksan-makineler-takim-satiliktir-100m3\/\">FOR SALE. Rusya\u2019da 2. el \u00e7ift hat Fimaksan Sat\u0131l\u0131k.<\/a><\/h2> <\/div> <\/div> <\/div> <\/div>    <\/div>  <div class=\"row\"> <div class=\"col-lg-12\"> <div class=\"pagination text-center\">  <\/div> <\/div> <\/div>  <\/div><\/section>\r\n\t\t<\/div>\n\t\t\t\t<\/div>\n\t\t\t\t\t<\/div>\n\t\t<\/div>\n\t\t\t\t\t<\/div>\n\t\t<\/section>\n\t\t\t\t<\/div>","protected":false},"excerpt":{"rendered":"<p>&#36;48.00 &#36;18.00 Amp light Small &#36;34.00 &#36;12.00 Chesterfield Sofa &#36;112.00 &#36;60.00 Pendant Lamp &#36;656.00 &#36;432.00 Zunkel Schwarz &#36;243.00 &#36;134.00 Chair Oak Lacquered &#36;99.00 &#36;45.00 Unfold Pendant lamp &#36;165.00 &#36;90.00 Wishbone Chair &#36;342.00 &#36;178.00 Cork Plant Stand &#36;45.00 &#36;39.00 The Women Who Don\u2019t Give Up &#36;30.00 Start Living The Adventures of Yes &#36;24.00 &#36;15.00 Squirrel in [&hellip;]<\/p>","protected":false},"author":1,"featured_media":0,"parent":0,"menu_order":0,"comment_status":"closed","ping_status":"closed","template":"template-fullwidth.php","meta":{"footnotes":""},"class_list":["post-4613","page","type-page","status-publish","hentry"],"_links":{"self":[{"href":"https:\/\/fimaksan.com\/en\/wp-json\/wp\/v2\/pages\/4613","targetHints":{"allow":["GET"]}}],"collection":[{"href":"https:\/\/fimaksan.com\/en\/wp-json\/wp\/v2\/pages"}],"about":[{"href":"https:\/\/fimaksan.com\/en\/wp-json\/wp\/v2\/types\/page"}],"author":[{"embeddable":true,"href":"https:\/\/fimaksan.com\/en\/wp-json\/wp\/v2\/users\/1"}],"replies":[{"embeddable":true,"href":"https:\/\/fimaksan.com\/en\/wp-json\/wp\/v2\/comments?post=4613"}],"version-history":[{"count":1,"href":"https:\/\/fimaksan.com\/en\/wp-json\/wp\/v2\/pages\/4613\/revisions"}],"predecessor-version":[{"id":5473,"href":"https:\/\/fimaksan.com\/en\/wp-json\/wp\/v2\/pages\/4613\/revisions\/5473"}],"wp:attachment":[{"href":"https:\/\/fimaksan.com\/en\/wp-json\/wp\/v2\/media?parent=4613"}],"curies":[{"name":"wp","href":"https:\/\/api.w.org\/{rel}","templated":true}]}}