{"id":4179,"date":"2022-10-17T19:47:36","date_gmt":"2022-10-17T19:47:36","guid":{"rendered":"https:\/\/themepanthers.com\/wp\/creote\/v2-new\/?page_id=4179"},"modified":"2023-03-31T15:04:58","modified_gmt":"2023-03-31T12:04:58","slug":"blog-style-one","status":"publish","type":"page","link":"https:\/\/fimaksan.com\/en\/blog-style-one\/","title":{"rendered":"Blog Style One"},"content":{"rendered":"<div data-elementor-type=\"wp-page\" data-elementor-id=\"4179\" class=\"elementor elementor-4179\">\n\t\t\t\t\t\t<section class=\"elementor-section elementor-top-section elementor-element elementor-element-3bb56be elementor-section-boxed elementor-section-height-default elementor-section-height-default\" data-id=\"3bb56be\" data-element_type=\"section\">\n\t\t\t\t\t\t<div class=\"elementor-container elementor-column-gap-default\">\n\t\t\t\t\t<div class=\"elementor-column elementor-col-100 elementor-top-column elementor-element elementor-element-1ceb5b3\" data-id=\"1ceb5b3\" data-element_type=\"column\">\n\t\t\t<div class=\"elementor-widget-wrap elementor-element-populated\">\n\t\t\t\t\t\t<div class=\"elementor-element elementor-element-67a8e29 elementor-widget elementor-widget-creote-news-v1-new\" data-id=\"67a8e29\" data-element_type=\"widget\" data-widget_type=\"creote-news-v1-new.default\">\n\t\t\t\t<div class=\"elementor-widget-container\">\n\t\t\t<section class=\"blog_all_styles grid\"> <div class=\"row\">    <div class=\"col-xl-4 col-md-6 col-sm-6 col-xs-12\"> <div id=\"post-7942\" class=\"post-7942 post type-post status-publish format-standard has-post-thumbnail hentry category-genel\">  <div class=\"news_box type_two\"> <div class=\"image_box clearfix\">  <div class=\"image_box_inner\"> <img decoding=\"async\" width=\"70\" height=\"70\" src=\"https:\/\/fimaksan.com\/wp-content\/uploads\/2023\/07\/euro-bois-fransa-100x100.png\" class=\"attachment-70x70 size-70x70 wp-post-image\" alt=\"\" srcset=\"https:\/\/fimaksan.com\/wp-content\/uploads\/2023\/07\/euro-bois-fransa-100x100.png 100w, https:\/\/fimaksan.com\/wp-content\/uploads\/2023\/07\/euro-bois-fransa-150x150.png 150w, https:\/\/fimaksan.com\/wp-content\/uploads\/2023\/07\/euro-bois-fransa-300x300.png 300w\" sizes=\"(max-width: 70px) 100vw, 70px\" \/> <\/div>    <div class=\"authour_details\">\r\n    <h6><a href=\"\"> fimaksan <\/a> <\/h6>\r\n    <p>  <a href=\"https:\/\/fimaksan.com\/en\/eurobois-fransa-fuarina-davetlisiniz-3-6-subat-2026\/\" rel=\"bookmark\"><time class=\"date published\" datetime=\"2026-01-10T18:40:15+03:00\">10 Jan , 2026 <\/time><\/a> <\/p>\r\n  <\/div> <\/div> <div class=\"content_inner\"> <h2 class=\"entry-title\"><a href=\"https:\/\/fimaksan.com\/en\/eurobois-fransa-fuarina-davetlisiniz-3-6-subat-2026\/\" >Meet us at Eurobois , France expo , February 3-6 , 2026. Booth: 6E 137<\/a><\/h2>  <p class=\"short_desc\">Meet us at Eurobois Lyon, France show that is held in February 3-6 , 2026. Fimaksan booth: 6E 137<\/p>  <\/div> <div class=\"overlay\"> <div class=\"text_box\">   <div class=\"authour_details\">\r\n    <h6><a href=\"\"> fimaksan <\/a> <\/h6>\r\n    <p>  <a href=\"https:\/\/fimaksan.com\/en\/eurobois-fransa-fuarina-davetlisiniz-3-6-subat-2026\/\" rel=\"bookmark\"><time class=\"date published\" datetime=\"2026-01-10T18:40:15+03:00\">10 Jan , 2026 <\/time><\/a> <\/p>\r\n  <\/div> <h2 class=\"entry-title\"><a href=\"https:\/\/fimaksan.com\/en\/eurobois-fransa-fuarina-davetlisiniz-3-6-subat-2026\/\">Meet us at Eurobois , France expo , February 3-6 , 2026. Booth: 6E 137<\/a><\/h2> <\/div> <div class=\"bottom_content clearfix\"> <div class=\"continure_reading\">  <a href=\"https:\/\/fimaksan.com\/en\/eurobois-fransa-fuarina-davetlisiniz-3-6-subat-2026\/\" class=\"read_more type_two\"> Read More <span class=\"icon-arrow-right\"><\/span><\/a>  <\/div> <div class=\"comments\">\r\n  <i class=\"icon-text\"><\/i>\r\n  <a href=\"https:\/\/fimaksan.com\/en\/eurobois-fransa-fuarina-davetlisiniz-3-6-subat-2026\/#respond\" class=\"Comments are Closed\" data-no-translation=\"\" data-trp-gettext=\"\" data-no-translation-class=\"\" >Post Comment<\/a>   \r\n  <\/div>\r\n   <\/div> <\/div> <\/div>  <\/div> <\/div><!-- \/.col-lg-3 -->   <div class=\"col-xl-4 col-md-6 col-sm-6 col-xs-12\"> <div id=\"post-7886\" class=\"post-7886 post type-post status-publish format-standard has-post-thumbnail hentry category-genel\">  <div class=\"news_box type_two\"> <div class=\"image_box clearfix\">  <div class=\"image_box_inner\"> <img decoding=\"async\" width=\"70\" height=\"70\" src=\"https:\/\/fimaksan.com\/wp-content\/uploads\/2023\/07\/Ligna-invitaiton-1-100x100.jpg\" class=\"attachment-70x70 size-70x70 wp-post-image\" alt=\"\" srcset=\"https:\/\/fimaksan.com\/wp-content\/uploads\/2023\/07\/Ligna-invitaiton-1-100x100.jpg 100w, https:\/\/fimaksan.com\/wp-content\/uploads\/2023\/07\/Ligna-invitaiton-1-300x300.jpg 300w, https:\/\/fimaksan.com\/wp-content\/uploads\/2023\/07\/Ligna-invitaiton-1-150x150.jpg 150w, https:\/\/fimaksan.com\/wp-content\/uploads\/2023\/07\/Ligna-invitaiton-1-12x12.jpg 12w, https:\/\/fimaksan.com\/wp-content\/uploads\/2023\/07\/Ligna-invitaiton-1.jpg 600w\" sizes=\"(max-width: 70px) 100vw, 70px\" \/> <\/div>    <div class=\"authour_details\">\r\n    <h6><a href=\"\"> fimaksan <\/a> <\/h6>\r\n    <p>  <a href=\"https:\/\/fimaksan.com\/en\/youre-invited-to-visit-us-at-ligna-2025-hannover-germany\/\" rel=\"bookmark\"><time class=\"date published\" datetime=\"2025-03-10T04:28:11+03:00\">10 Mar , 2025 <\/time><\/a> <\/p>\r\n  <\/div> <\/div> <div class=\"content_inner\"> <h2 class=\"entry-title\"><a href=\"https:\/\/fimaksan.com\/en\/youre-invited-to-visit-us-at-ligna-2025-hannover-germany\/\" >You're invited to visit us at LIGNA Germany exhibition ! May 26-30 , 2025 Hall:25, Stand:D06<\/a><\/h2>  <p class=\"short_desc\">LIGNA Almanya fuar\u0131na davetlisiniz. Fimaksan Stand\u0131 Hall:25 Stand: D06Tarih: 26-30 May\u0131s, 2025.<\/p>  <\/div> <div class=\"overlay\"> <div class=\"text_box\">   <div class=\"authour_details\">\r\n    <h6><a href=\"\"> fimaksan <\/a> <\/h6>\r\n    <p>  <a href=\"https:\/\/fimaksan.com\/en\/youre-invited-to-visit-us-at-ligna-2025-hannover-germany\/\" rel=\"bookmark\"><time class=\"date published\" datetime=\"2025-03-10T04:28:11+03:00\">10 Mar , 2025 <\/time><\/a> <\/p>\r\n  <\/div> <h2 class=\"entry-title\"><a href=\"https:\/\/fimaksan.com\/en\/youre-invited-to-visit-us-at-ligna-2025-hannover-germany\/\">You're invited to visit us at LIGNA Germany exhibition ! May 26-30 , 2025 Hall:25, Stand:D06<\/a><\/h2> <\/div> <div class=\"bottom_content clearfix\"> <div class=\"continure_reading\">  <a href=\"https:\/\/fimaksan.com\/en\/youre-invited-to-visit-us-at-ligna-2025-hannover-germany\/\" class=\"read_more type_two\"> Read More <span class=\"icon-arrow-right\"><\/span><\/a>  <\/div> <div class=\"comments\">\r\n  <i class=\"icon-text\"><\/i>\r\n  <a href=\"https:\/\/fimaksan.com\/en\/youre-invited-to-visit-us-at-ligna-2025-hannover-germany\/#respond\" class=\"Comments are Closed\" data-no-translation=\"\" data-trp-gettext=\"\" data-no-translation-class=\"\" >Post Comment<\/a>   \r\n  <\/div>\r\n   <\/div> <\/div> <\/div>  <\/div> <\/div><!-- \/.col-lg-3 -->   <div class=\"col-xl-4 col-md-6 col-sm-6 col-xs-12\"> <div id=\"post-7050\" class=\"post-7050 post type-post status-publish format-standard has-post-thumbnail hentry category-genel\">  <div class=\"news_box type_two\"> <div class=\"image_box clearfix\">  <div class=\"image_box_inner\"> <img decoding=\"async\" width=\"70\" height=\"70\" src=\"https:\/\/fimaksan.com\/wp-content\/uploads\/2023\/04\/l6JDfalFtCEYlOZk03iRJTp27fwpe8qfuwpaUrUQ-100x100.jpeg\" class=\"attachment-70x70 size-70x70 wp-post-image\" alt=\"\" srcset=\"https:\/\/fimaksan.com\/wp-content\/uploads\/2023\/04\/l6JDfalFtCEYlOZk03iRJTp27fwpe8qfuwpaUrUQ-100x100.jpeg 100w, https:\/\/fimaksan.com\/wp-content\/uploads\/2023\/04\/l6JDfalFtCEYlOZk03iRJTp27fwpe8qfuwpaUrUQ-300x300.jpeg 300w, https:\/\/fimaksan.com\/wp-content\/uploads\/2023\/04\/l6JDfalFtCEYlOZk03iRJTp27fwpe8qfuwpaUrUQ-150x150.jpeg 150w, https:\/\/fimaksan.com\/wp-content\/uploads\/2023\/04\/l6JDfalFtCEYlOZk03iRJTp27fwpe8qfuwpaUrUQ-12x12.jpeg 12w, https:\/\/fimaksan.com\/wp-content\/uploads\/2023\/04\/l6JDfalFtCEYlOZk03iRJTp27fwpe8qfuwpaUrUQ-600x600.jpeg 600w, https:\/\/fimaksan.com\/wp-content\/uploads\/2023\/04\/l6JDfalFtCEYlOZk03iRJTp27fwpe8qfuwpaUrUQ.jpeg 636w\" sizes=\"(max-width: 70px) 100vw, 70px\" \/> <\/div>    <div class=\"authour_details\">\r\n    <h6><a href=\"\"> fimaksan <\/a> <\/h6>\r\n    <p>  <a href=\"https:\/\/fimaksan.com\/en\/ligna-almanya-fuarina-davetlisiniz-mayis-15-19-2023-fimaksan-hall25-stand-b07\/\" rel=\"bookmark\"><time class=\"date published\" datetime=\"2023-04-17T10:44:01+03:00\">17 Apr , 2019 <\/time><\/a> <\/p>\r\n  <\/div> <\/div> <div class=\"content_inner\"> <h2 class=\"entry-title\"><a href=\"https:\/\/fimaksan.com\/en\/ligna-almanya-fuarina-davetlisiniz-mayis-15-19-2023-fimaksan-hall25-stand-b07\/\" >You are invited to LIGNA, Germany fair. May 15-19 2023. Fimaksan Hall:25 Stand: B07<\/a><\/h2>  <p class=\"short_desc\">You are invited to LIGNA Germany fair. Fimaksan Stand Hall:25 Stand: B07 Date: 15-19 May, 2023 \u00a0 \u00a0<\/p>  <\/div> <div class=\"overlay\"> <div class=\"text_box\">   <div class=\"authour_details\">\r\n    <h6><a href=\"\"> fimaksan <\/a> <\/h6>\r\n    <p>  <a href=\"https:\/\/fimaksan.com\/en\/ligna-almanya-fuarina-davetlisiniz-mayis-15-19-2023-fimaksan-hall25-stand-b07\/\" rel=\"bookmark\"><time class=\"date published\" datetime=\"2023-04-17T10:44:01+03:00\">17 Apr , 2019 <\/time><\/a> <\/p>\r\n  <\/div> <h2 class=\"entry-title\"><a href=\"https:\/\/fimaksan.com\/en\/ligna-almanya-fuarina-davetlisiniz-mayis-15-19-2023-fimaksan-hall25-stand-b07\/\">You are invited to LIGNA, Germany fair. May 15-19 2023. Fimaksan Hall:25 Stand: B07<\/a><\/h2> <\/div> <div class=\"bottom_content clearfix\"> <div class=\"continure_reading\">  <a href=\"https:\/\/fimaksan.com\/en\/ligna-almanya-fuarina-davetlisiniz-mayis-15-19-2023-fimaksan-hall25-stand-b07\/\" class=\"read_more type_two\"> Read More <span class=\"icon-arrow-right\"><\/span><\/a>  <\/div> <div class=\"comments\">\r\n  <i class=\"icon-text\"><\/i>\r\n  <a href=\"https:\/\/fimaksan.com\/en\/ligna-almanya-fuarina-davetlisiniz-mayis-15-19-2023-fimaksan-hall25-stand-b07\/#respond\" class=\"Comments are Closed\" data-no-translation=\"\" data-trp-gettext=\"\" data-no-translation-class=\"\" >Post Comment<\/a>   \r\n  <\/div>\r\n   <\/div> <\/div> <\/div>  <\/div> <\/div><!-- \/.col-lg-3 -->   <div class=\"col-xl-4 col-md-6 col-sm-6 col-xs-12\"> <div id=\"post-7044\" class=\"post-7044 post type-post status-publish format-standard has-post-thumbnail hentry category-genel\">  <div class=\"news_box type_two\"> <div class=\"image_box clearfix\">  <div class=\"image_box_inner\"> <img loading=\"lazy\" decoding=\"async\" width=\"70\" height=\"70\" src=\"https:\/\/fimaksan.com\/wp-content\/uploads\/2023\/04\/pOgTIEB1VUGnrZljCEybfxJUWrN2YNPnCKkLSUcH-100x100.png\" class=\"attachment-70x70 size-70x70 wp-post-image\" alt=\"\" srcset=\"https:\/\/fimaksan.com\/wp-content\/uploads\/2023\/04\/pOgTIEB1VUGnrZljCEybfxJUWrN2YNPnCKkLSUcH-100x100.png 100w, https:\/\/fimaksan.com\/wp-content\/uploads\/2023\/04\/pOgTIEB1VUGnrZljCEybfxJUWrN2YNPnCKkLSUcH-150x150.png 150w, https:\/\/fimaksan.com\/wp-content\/uploads\/2023\/04\/pOgTIEB1VUGnrZljCEybfxJUWrN2YNPnCKkLSUcH-300x300.png 300w\" sizes=\"(max-width: 70px) 100vw, 70px\" \/> <\/div>    <div class=\"authour_details\">\r\n    <h6><a href=\"\"> fimaksan <\/a> <\/h6>\r\n    <p>  <a href=\"https:\/\/fimaksan.com\/en\/tuyap-woodtech-agac-isleme-makineleri-fuarina-davetlisiniz-22-26-ekim\/\" rel=\"bookmark\"><time class=\"date published\" datetime=\"2023-04-17T10:42:42+03:00\">17 Apr , 2019 <\/time><\/a> <\/p>\r\n  <\/div> <\/div> <div class=\"content_inner\"> <h2 class=\"entry-title\"><a href=\"https:\/\/fimaksan.com\/en\/tuyap-woodtech-agac-isleme-makineleri-fuarina-davetlisiniz-22-26-ekim\/\" >You are invited to T\u00fcyap Woodtech Woodworking Machinery Fair! 22-26 October<\/a><\/h2>  <p class=\"short_desc\">22-26 Ekim tarihleri aras\u0131nda yap\u0131lacak olan, T\u00fcyap Woodtech A\u011fa\u00e7 Makineleri Fuar\u0131na davetlisiniz.F\u0130MAKSAN Salon no: 13 ,\u00a0 \u00a0 \u00a0Stand: 1324B<\/p>  <\/div> <div class=\"overlay\"> <div class=\"text_box\">   <div class=\"authour_details\">\r\n    <h6><a href=\"\"> fimaksan <\/a> <\/h6>\r\n    <p>  <a href=\"https:\/\/fimaksan.com\/en\/tuyap-woodtech-agac-isleme-makineleri-fuarina-davetlisiniz-22-26-ekim\/\" rel=\"bookmark\"><time class=\"date published\" datetime=\"2023-04-17T10:42:42+03:00\">17 Apr , 2019 <\/time><\/a> <\/p>\r\n  <\/div> <h2 class=\"entry-title\"><a href=\"https:\/\/fimaksan.com\/en\/tuyap-woodtech-agac-isleme-makineleri-fuarina-davetlisiniz-22-26-ekim\/\">You are invited to T\u00fcyap Woodtech Woodworking Machinery Fair! 22-26 October<\/a><\/h2> <\/div> <div class=\"bottom_content clearfix\"> <div class=\"continure_reading\">  <a href=\"https:\/\/fimaksan.com\/en\/tuyap-woodtech-agac-isleme-makineleri-fuarina-davetlisiniz-22-26-ekim\/\" class=\"read_more type_two\"> Read More <span class=\"icon-arrow-right\"><\/span><\/a>  <\/div> <div class=\"comments\">\r\n  <i class=\"icon-text\"><\/i>\r\n  <a href=\"https:\/\/fimaksan.com\/en\/tuyap-woodtech-agac-isleme-makineleri-fuarina-davetlisiniz-22-26-ekim\/#respond\" class=\"Comments are Closed\" data-no-translation=\"\" data-trp-gettext=\"\" data-no-translation-class=\"\" >Post Comment<\/a>   \r\n  <\/div>\r\n   <\/div> <\/div> <\/div>  <\/div> <\/div><!-- \/.col-lg-3 -->   <div class=\"col-xl-4 col-md-6 col-sm-6 col-xs-12\"> <div id=\"post-7038\" class=\"post-7038 post type-post status-publish format-standard has-post-thumbnail hentry category-genel\">  <div class=\"news_box type_two\"> <div class=\"image_box clearfix\">  <div class=\"image_box_inner\"> <img loading=\"lazy\" decoding=\"async\" width=\"70\" height=\"70\" src=\"https:\/\/fimaksan.com\/wp-content\/uploads\/2023\/04\/U4lcifuWvrzvMD7jsDca16PMpMzR5Hjh8kfKYJsv-100x100.jpeg\" class=\"attachment-70x70 size-70x70 wp-post-image\" alt=\"\" srcset=\"https:\/\/fimaksan.com\/wp-content\/uploads\/2023\/04\/U4lcifuWvrzvMD7jsDca16PMpMzR5Hjh8kfKYJsv-100x100.jpeg 100w, https:\/\/fimaksan.com\/wp-content\/uploads\/2023\/04\/U4lcifuWvrzvMD7jsDca16PMpMzR5Hjh8kfKYJsv-150x150.jpeg 150w, https:\/\/fimaksan.com\/wp-content\/uploads\/2023\/04\/U4lcifuWvrzvMD7jsDca16PMpMzR5Hjh8kfKYJsv-300x300.jpeg 300w\" sizes=\"(max-width: 70px) 100vw, 70px\" \/> <\/div>    <div class=\"authour_details\">\r\n    <h6><a href=\"\"> fimaksan <\/a> <\/h6>\r\n    <p>  <a href=\"https:\/\/fimaksan.com\/en\/fi-160-tropikal-arabali-kuruoglu-kereste-duzce-refik-ustaya-hayirli-olsun\/\" rel=\"bookmark\"><time class=\"date published\" datetime=\"2023-04-17T10:41:19+03:00\">17 Apr , 2019 <\/time><\/a> <\/p>\r\n  <\/div> <\/div> <div class=\"content_inner\"> <h2 class=\"entry-title\"><a href=\"https:\/\/fimaksan.com\/en\/fi-160-tropikal-arabali-kuruoglu-kereste-duzce-refik-ustaya-hayirli-olsun\/\" >FI.160 Tropical Carriage, Kuruoglu KERESTE, D\u00fczce, T\u00fcrkiye Good luck to Master Refik!<\/a><\/h2>  <p class=\"short_desc\">Fi.160 Model Tropikal Arabal\u0131, Kuruo\u011flu Kereste \/ D\u00fczce, Refik Usta ve o\u011flu \u0130nan\u00e7 Kuruo\u011flu Bey&#8217;e hay\u0131rl\u0131 olsun!\u00a0 kay\u0131n a\u011fac\u0131 ve&hellip;<\/p>  <\/div> <div class=\"overlay\"> <div class=\"text_box\">   <div class=\"authour_details\">\r\n    <h6><a href=\"\"> fimaksan <\/a> <\/h6>\r\n    <p>  <a href=\"https:\/\/fimaksan.com\/en\/fi-160-tropikal-arabali-kuruoglu-kereste-duzce-refik-ustaya-hayirli-olsun\/\" rel=\"bookmark\"><time class=\"date published\" datetime=\"2023-04-17T10:41:19+03:00\">17 Apr , 2019 <\/time><\/a> <\/p>\r\n  <\/div> <h2 class=\"entry-title\"><a href=\"https:\/\/fimaksan.com\/en\/fi-160-tropikal-arabali-kuruoglu-kereste-duzce-refik-ustaya-hayirli-olsun\/\">FI.160 Tropical Carriage, Kuruoglu KERESTE, D\u00fczce, T\u00fcrkiye Good luck to Master Refik!<\/a><\/h2> <\/div> <div class=\"bottom_content clearfix\"> <div class=\"continure_reading\">  <a href=\"https:\/\/fimaksan.com\/en\/fi-160-tropikal-arabali-kuruoglu-kereste-duzce-refik-ustaya-hayirli-olsun\/\" class=\"read_more type_two\"> Read More <span class=\"icon-arrow-right\"><\/span><\/a>  <\/div> <div class=\"comments\">\r\n  <i class=\"icon-text\"><\/i>\r\n  <a href=\"https:\/\/fimaksan.com\/en\/fi-160-tropikal-arabali-kuruoglu-kereste-duzce-refik-ustaya-hayirli-olsun\/#respond\" class=\"Comments are Closed\" data-no-translation=\"\" data-trp-gettext=\"\" data-no-translation-class=\"\" >Post Comment<\/a>   \r\n  <\/div>\r\n   <\/div> <\/div> <\/div>  <\/div> <\/div><!-- \/.col-lg-3 -->   <div class=\"col-xl-4 col-md-6 col-sm-6 col-xs-12\"> <div id=\"post-7028\" class=\"post-7028 post type-post status-publish format-standard has-post-thumbnail hentry category-genel\">  <div class=\"news_box type_two\"> <div class=\"image_box clearfix\">  <div class=\"image_box_inner\"> <img loading=\"lazy\" decoding=\"async\" width=\"70\" height=\"70\" src=\"https:\/\/fimaksan.com\/wp-content\/uploads\/2023\/04\/3i07rgTr3ia4OkW6eaVIRsK2YBYCDr65CEnONwAC-100x100.jpeg\" class=\"attachment-70x70 size-70x70 wp-post-image\" alt=\"\" srcset=\"https:\/\/fimaksan.com\/wp-content\/uploads\/2023\/04\/3i07rgTr3ia4OkW6eaVIRsK2YBYCDr65CEnONwAC-100x100.jpeg 100w, https:\/\/fimaksan.com\/wp-content\/uploads\/2023\/04\/3i07rgTr3ia4OkW6eaVIRsK2YBYCDr65CEnONwAC-150x150.jpeg 150w, https:\/\/fimaksan.com\/wp-content\/uploads\/2023\/04\/3i07rgTr3ia4OkW6eaVIRsK2YBYCDr65CEnONwAC-11x12.jpeg 11w, https:\/\/fimaksan.com\/wp-content\/uploads\/2023\/04\/3i07rgTr3ia4OkW6eaVIRsK2YBYCDr65CEnONwAC-300x300.jpeg 300w\" sizes=\"(max-width: 70px) 100vw, 70px\" \/> <\/div>    <div class=\"authour_details\">\r\n    <h6><a href=\"\"> fimaksan <\/a> <\/h6>\r\n    <p>  <a href=\"https:\/\/fimaksan.com\/en\/ikeanin-romanya-tedarikcisi-fimaksani-tercih-etti\/\" rel=\"bookmark\"><time class=\"date published\" datetime=\"2023-04-17T10:39:36+03:00\">17 Apr , 2019 <\/time><\/a> <\/p>\r\n  <\/div> <\/div> <div class=\"content_inner\"> <h2 class=\"entry-title\"><a href=\"https:\/\/fimaksan.com\/en\/ikeanin-romanya-tedarikcisi-fimaksani-tercih-etti\/\" >IKEA's Romania supplier preferred Fimaksan Machinery !<\/a><\/h2>  <p class=\"short_desc\">Sc MASIFPANEL SRL. IKEA&#8217; n\u0131n Motru, Romanya&#8217;daki a\u011fa\u00e7 tedarik\u00e7isi F\u0130MAKSAN ile \u00c7al\u0131\u015fmay\u0131 Tercih Etti. Hay\u0131rl\u0131 Olsun Sezar Kaftar Bey!<\/p>  <\/div> <div class=\"overlay\"> <div class=\"text_box\">   <div class=\"authour_details\">\r\n    <h6><a href=\"\"> fimaksan <\/a> <\/h6>\r\n    <p>  <a href=\"https:\/\/fimaksan.com\/en\/ikeanin-romanya-tedarikcisi-fimaksani-tercih-etti\/\" rel=\"bookmark\"><time class=\"date published\" datetime=\"2023-04-17T10:39:36+03:00\">17 Apr , 2019 <\/time><\/a> <\/p>\r\n  <\/div> <h2 class=\"entry-title\"><a href=\"https:\/\/fimaksan.com\/en\/ikeanin-romanya-tedarikcisi-fimaksani-tercih-etti\/\">IKEA's Romania supplier preferred Fimaksan Machinery !<\/a><\/h2> <\/div> <div class=\"bottom_content clearfix\"> <div class=\"continure_reading\">  <a href=\"https:\/\/fimaksan.com\/en\/ikeanin-romanya-tedarikcisi-fimaksani-tercih-etti\/\" class=\"read_more type_two\"> Read More <span class=\"icon-arrow-right\"><\/span><\/a>  <\/div> <div class=\"comments\">\r\n  <i class=\"icon-text\"><\/i>\r\n  <a href=\"https:\/\/fimaksan.com\/en\/ikeanin-romanya-tedarikcisi-fimaksani-tercih-etti\/#respond\" class=\"Comments are Closed\" data-no-translation=\"\" data-trp-gettext=\"\" data-no-translation-class=\"\" >Post Comment<\/a>   \r\n  <\/div>\r\n   <\/div> <\/div> <\/div>  <\/div> <\/div><!-- \/.col-lg-3 -->   <\/div>  <div class=\"row\"> <div class=\"col-lg-12\"> <div class=\"pagination text-center\"> <ul class='page-numbers'>\n\t<li><span aria-current=\"page\" class=\"page-numbers current\">1<\/span><\/li>\n\t<li><a class=\"page-numbers\" href=\"https:\/\/fimaksan.com\/en\/wp-json\/wp\/v2\/pages\/4179\/page\/2\/\">2<\/a><\/li>\n\t<li><a class=\"next page-numbers\" href=\"https:\/\/fimaksan.com\/en\/wp-json\/wp\/v2\/pages\/4179\/page\/2\/\"><i class=\"fa fa-angle-right\"><\/i><\/a><\/li>\n<\/ul>\n <\/div> <\/div> <\/div>  <\/section> \t\t<\/div>\n\t\t\t\t<\/div>\n\t\t\t\t\t<\/div>\n\t\t<\/div>\n\t\t\t\t\t<\/div>\n\t\t<\/section>\n\t\t\t\t<\/div>","protected":false},"excerpt":{"rendered":"<p>Compliance Audits Creote 8 Oct , 2021 Why Should Business Payroll Outsourcing? How well this mistaken ideas off denouncing pleasure &amp; praisings will give you complete. Read More Post Comment HR Consulting Creote 8 Oct , 2021 How to Handle Employee With Works How well this mistaken ideas off denouncing pleasure &amp; praisings will give [&hellip;]<\/p>","protected":false},"author":1,"featured_media":0,"parent":0,"menu_order":0,"comment_status":"closed","ping_status":"closed","template":"template-fullwidth.php","meta":{"footnotes":""},"class_list":["post-4179","page","type-page","status-publish","hentry"],"_links":{"self":[{"href":"https:\/\/fimaksan.com\/en\/wp-json\/wp\/v2\/pages\/4179","targetHints":{"allow":["GET"]}}],"collection":[{"href":"https:\/\/fimaksan.com\/en\/wp-json\/wp\/v2\/pages"}],"about":[{"href":"https:\/\/fimaksan.com\/en\/wp-json\/wp\/v2\/types\/page"}],"author":[{"embeddable":true,"href":"https:\/\/fimaksan.com\/en\/wp-json\/wp\/v2\/users\/1"}],"replies":[{"embeddable":true,"href":"https:\/\/fimaksan.com\/en\/wp-json\/wp\/v2\/comments?post=4179"}],"version-history":[{"count":1,"href":"https:\/\/fimaksan.com\/en\/wp-json\/wp\/v2\/pages\/4179\/revisions"}],"predecessor-version":[{"id":5470,"href":"https:\/\/fimaksan.com\/en\/wp-json\/wp\/v2\/pages\/4179\/revisions\/5470"}],"wp:attachment":[{"href":"https:\/\/fimaksan.com\/en\/wp-json\/wp\/v2\/media?parent=4179"}],"curies":[{"name":"wp","href":"https:\/\/api.w.org\/{rel}","templated":true}]}}