{"id":6959,"date":"2023-04-17T10:22:53","date_gmt":"2023-04-17T07:22:53","guid":{"rendered":"https:\/\/www.hilkomyazilim.com.tr\/fimaksan\/?post_type=product&#038;p=6959"},"modified":"2025-02-17T15:21:09","modified_gmt":"2025-02-17T12:21:09","slug":"rusyada-cift-hat-fimaksan-makineler-takim-satiliktir-100m3","status":"publish","type":"product","link":"https:\/\/fimaksan.com\/de\/product\/rusyada-cift-hat-fimaksan-makineler-takim-satiliktir-100m3\/","title":{"rendered":"FOR SALE. Rusya\u2019da 2. el \u00e7ift hat Fimaksan Sat\u0131l\u0131k."},"content":{"rendered":"<p>Rusya\u2019da \u00e7ift hat Fimaksan makineler tak\u0131m olarak sat\u0131l\u0131kt\u0131r. Yer Rusya, \u00e7ift hat, biri sol biri sa\u011f tip. Makineler iyi \u00e7al\u0131\u015f\u0131r durumdad\u0131r. 100 m3 \u00fcretim kapasitesi vard\u0131r. \u0130leti\u015fim:<br \/>\nSA\u011e HAT: 130\u2019luk 3 \u00e7izmeli araba, 120\u2019lik \u015ferit, tomruk rampas\u0131, boyuna g\u00f6t\u00fcr\u00fcc\u00fc konvey\u00f6r. 1 sabit 1 hareketli kenar alma.<br \/>\nSOL HAT: 130\u2019luk 4 \u00e7izmeli araba, 120\u2019 lik \u015ferit, tomruk rampas\u0131, boyuna g\u00f6t\u00fcr\u00fcc\u00fc 2 tane, enine g\u00f6t\u00fcr\u00fcc\u00fc, 100 l\u00fck markol, 1 sabit 1 hareketli kenar alma.<\/p>","protected":false},"excerpt":{"rendered":"<p>Rusya\u2019da \u00e7ift hat Fimaksan makineler tak\u0131m olarak sat\u0131l\u0131kt\u0131r. Yer Rusya, \u00e7ift hat, biri sol biri sa\u011f tip. Makineler iyi \u00e7al\u0131\u015f\u0131r durumdad\u0131r. 100 m3 \u00fcretim kapasitesi vard\u0131r. \u0130leti\u015fim: SA\u011e HAT: 130\u2019luk 3 \u00e7izmeli araba, 120\u2019lik \u015ferit, tomruk rampas\u0131, boyuna g\u00f6t\u00fcr\u00fcc\u00fc konvey\u00f6r. 1 sabit 1 hareketli kenar alma. SOL HAT: 130\u2019luk 4 \u00e7izmeli araba, 120\u2019 lik \u015ferit, [&hellip;]<\/p>","protected":false},"featured_media":6960,"comment_status":"open","ping_status":"closed","template":"","meta":[],"product_cat":[20],"product_tag":[],"class_list":{"0":"post-6959","1":"product","2":"type-product","3":"status-publish","4":"has-post-thumbnail","6":"product_cat-uncategorized","8":"first","9":"instock","10":"shipping-taxable","11":"product-type-simple"},"_links":{"self":[{"href":"https:\/\/fimaksan.com\/de\/wp-json\/wp\/v2\/product\/6959","targetHints":{"allow":["GET"]}}],"collection":[{"href":"https:\/\/fimaksan.com\/de\/wp-json\/wp\/v2\/product"}],"about":[{"href":"https:\/\/fimaksan.com\/de\/wp-json\/wp\/v2\/types\/product"}],"replies":[{"embeddable":true,"href":"https:\/\/fimaksan.com\/de\/wp-json\/wp\/v2\/comments?post=6959"}],"version-history":[{"count":2,"href":"https:\/\/fimaksan.com\/de\/wp-json\/wp\/v2\/product\/6959\/revisions"}],"predecessor-version":[{"id":7869,"href":"https:\/\/fimaksan.com\/de\/wp-json\/wp\/v2\/product\/6959\/revisions\/7869"}],"wp:featuredmedia":[{"embeddable":true,"href":"https:\/\/fimaksan.com\/de\/wp-json\/wp\/v2\/media\/6960"}],"wp:attachment":[{"href":"https:\/\/fimaksan.com\/de\/wp-json\/wp\/v2\/media?parent=6959"}],"wp:term":[{"taxonomy":"product_cat","embeddable":true,"href":"https:\/\/fimaksan.com\/de\/wp-json\/wp\/v2\/product_cat?post=6959"},{"taxonomy":"product_tag","embeddable":true,"href":"https:\/\/fimaksan.com\/de\/wp-json\/wp\/v2\/product_tag?post=6959"}],"curies":[{"name":"wp","href":"https:\/\/api.w.org\/{rel}","templated":true}]}}