{"id":7147,"date":"2023-04-17T14:54:19","date_gmt":"2023-04-17T11:54:19","guid":{"rendered":"https:\/\/www.hilkomyazilim.com.tr\/fimaksan\/?page_id=7147"},"modified":"2024-05-28T19:57:12","modified_gmt":"2024-05-28T16:57:12","slug":"2-el","status":"publish","type":"page","link":"https:\/\/fimaksan.com\/de\/2-el\/","title":{"rendered":"Gebraucht"},"content":{"rendered":"<div data-elementor-type=\"wp-page\" data-elementor-id=\"7147\" class=\"elementor elementor-7147\">\n\t\t\t\t\t\t<section class=\"elementor-section elementor-top-section elementor-element elementor-element-7cc232d elementor-section-boxed elementor-section-height-default elementor-section-height-default\" data-id=\"7cc232d\" data-element_type=\"section\">\n\t\t\t\t\t\t<div class=\"elementor-container elementor-column-gap-default\">\n\t\t\t\t\t<div class=\"elementor-column elementor-col-100 elementor-top-column elementor-element elementor-element-009e360\" data-id=\"009e360\" data-element_type=\"column\">\n\t\t\t<div class=\"elementor-widget-wrap elementor-element-populated\">\n\t\t\t\t\t\t<div class=\"elementor-element elementor-element-3203d9c elementor-grid-1 elementor-grid-tablet-3 elementor-grid-mobile-2 elementor-products-grid elementor-wc-products elementor-show-pagination-border-yes elementor-widget elementor-widget-woocommerce-products\" data-id=\"3203d9c\" data-element_type=\"widget\" data-widget_type=\"woocommerce-products.default\">\n\t\t\t\t<div class=\"elementor-widget-container\">\n\t\t\t<div class=\"woocommerce columns-1\"><div class=\"woocommerce-notices-wrapper\"><\/div><p class=\"woocommerce-result-count\">\n\tZeigt alle 2 Ergebnisse<\/p>\n<form class=\"woocommerce-ordering\" method=\"get\" action=\"\">\n\t<select name=\"orderby\" class=\"orderby\" aria-label=\"Shop-Bestellung\" data-no-translation-aria-label=\"\">\n\t\t\t\t\t<option value=\"menu_order\"  selected='selected' data-no-translation=\"\" data-trp-gettext=\"\">Standardsortierung<\/option>\n\t\t\t\t\t<option value=\"popularity\" data-no-translation=\"\" data-trp-gettext=\"\" >Nach Beliebtheit sortiert<\/option>\n\t\t\t\t\t<option value=\"rating\" data-no-translation=\"\" data-trp-gettext=\"\" >Nach Durchschnittsbewertung sortiert<\/option>\n\t\t\t\t\t<option value=\"date\" data-no-translation=\"\" data-trp-gettext=\"\" >Sortieren nach neuesten<\/option>\n\t\t\t\t\t<option value=\"price\" data-no-translation=\"\" data-trp-gettext=\"\" >Nach Preis sortiert: niedrig nach hoch<\/option>\n\t\t\t\t\t<option value=\"price-desc\" data-no-translation=\"\" data-trp-gettext=\"\" >Nach Preis sortiert: hoch nach niedrig<\/option>\n\t\t\t<\/select>\n\t<input type=\"hidden\" name=\"paged\" value=\"1\" \/>\n\t<input type=\"hidden\" name=\"trp-form-language\" value=\"de\"\/><\/form>\n<ul class=\"products elementor-grid_project_container  clearfix\">\n<div class=\"project-wrapper grid-item product type-product post-7662 status-publish first instock product_cat-uncategorized has-post-thumbnail shipping-taxable product-type-simple\">\n    <div class=\"product_box type_one\">\n        <div class=\"inner_box\">\n                        <div class=\"image_box\">\n                <img fetchpriority=\"high\" decoding=\"async\" width=\"300\" height=\"300\" src=\"https:\/\/fimaksan.com\/wp-content\/uploads\/2024\/05\/WhatsApp-Gorsel-2024-04-18-saat-08.26.33_a8f82677-300x300.jpg\" class=\"attachment-woocommerce_thumbnail size-woocommerce_thumbnail\" alt=\"\" srcset=\"https:\/\/fimaksan.com\/wp-content\/uploads\/2024\/05\/WhatsApp-Gorsel-2024-04-18-saat-08.26.33_a8f82677-300x300.jpg 300w, https:\/\/fimaksan.com\/wp-content\/uploads\/2024\/05\/WhatsApp-Gorsel-2024-04-18-saat-08.26.33_a8f82677-150x150.jpg 150w, https:\/\/fimaksan.com\/wp-content\/uploads\/2024\/05\/WhatsApp-Gorsel-2024-04-18-saat-08.26.33_a8f82677-100x100.jpg 100w\" sizes=\"(max-width: 300px) 100vw, 300px\" \/>\n            <\/div>\n            <div class=\"labels\">\n                            <\/div>\n            <div class=\"overlay\">\n                <ul>\n                    <li class=\"upper_box\">\n                    <a href=\"\/de\/7662\/\"\n                           class=\"creote_quick_view_btn\">\n                           <i class=\"icon-eye\"><\/i>\n                        <\/a>\n                    <\/li>\n                    \n                <\/ul>\n            <\/div>\n        <\/div>\n\n        <div class=\"content_box\">\n\n                <div class=\"pro_cat\">\r\n        <a href=\"https:\/\/fimaksan.com\/de\/product-category\/uncategorized\/\"> Nicht kategorisiert<\/a>\r\n    <\/div>\r\n\n            <h2><a href=\"https:\/\/fimaksan.com\/de\/product\/2-el-120lik-markol-satiliktir-for-sale-used-resaw\/\">2. el 120&#8217;lik Markol Sat\u0131l\u0131kt\u0131r. FOR SALE &#8211; USED RESAW<\/a><\/h2>\n\n            <div class=\"product_attributes\">\n                            <\/div>\n\n            <div class=\"rating_price\">\n\n                \n                <span class=\"star-rating\"><span style=\"width:0%\"><strong itemprop=\"ratingValue\" class=\"rating\">0<\/strong> von 5<\/span><\/span>            <\/div>\n\n            <div class=\"cart_btn\">\n                <a href=\"https:\/\/fimaksan.com\/de\/product\/2-el-120lik-markol-satiliktir-for-sale-used-resaw\/\" data-quantity=\"1\" class=\"button product_type_simple\" data-product_id=\"7662\" data-product_sku=\"\" aria-label=\"Lese mehr \u00fcber \u201e2. el 120&#039;lik Markol Sat\u0131l\u0131kt\u0131r. FOR SALE - USED RESAW\u201c\" rel=\"nofollow\" data-success_message=\"\" data-no-translation=\"\" data-trp-gettext=\"\" data-no-translation-aria-label=\"\">Weiterlesen<\/a>            <\/div>\n\n        <\/div>\n    <\/div>\n<\/div><div class=\"project-wrapper grid-item product type-product post-6959 status-publish first instock product_cat-uncategorized has-post-thumbnail shipping-taxable product-type-simple\">\n    <div class=\"product_box type_one\">\n        <div class=\"inner_box\">\n                        <div class=\"image_box\">\n                <img decoding=\"async\" width=\"300\" height=\"300\" src=\"https:\/\/fimaksan.com\/wp-content\/uploads\/2023\/04\/VM6WZftzSDTsjUvHTr9htDRAbdJOpi8rFuuPGgfP-300x300.jpeg\" class=\"attachment-woocommerce_thumbnail size-woocommerce_thumbnail\" alt=\"\" srcset=\"https:\/\/fimaksan.com\/wp-content\/uploads\/2023\/04\/VM6WZftzSDTsjUvHTr9htDRAbdJOpi8rFuuPGgfP-300x300.jpeg 300w, https:\/\/fimaksan.com\/wp-content\/uploads\/2023\/04\/VM6WZftzSDTsjUvHTr9htDRAbdJOpi8rFuuPGgfP-150x150.jpeg 150w, https:\/\/fimaksan.com\/wp-content\/uploads\/2023\/04\/VM6WZftzSDTsjUvHTr9htDRAbdJOpi8rFuuPGgfP-100x100.jpeg 100w\" sizes=\"(max-width: 300px) 100vw, 300px\" \/>\n            <\/div>\n            <div class=\"labels\">\n                            <\/div>\n            <div class=\"overlay\">\n                <ul>\n                    <li class=\"upper_box\">\n                    <a href=\"\/de\/6959\/\"\n                           class=\"creote_quick_view_btn\">\n                           <i class=\"icon-eye\"><\/i>\n                        <\/a>\n                    <\/li>\n                    \n                <\/ul>\n            <\/div>\n        <\/div>\n\n        <div class=\"content_box\">\n\n                <div class=\"pro_cat\">\r\n        <a href=\"https:\/\/fimaksan.com\/de\/product-category\/uncategorized\/\"> Nicht kategorisiert<\/a>\r\n    <\/div>\r\n\n            <h2><a href=\"https:\/\/fimaksan.com\/de\/product\/rusyada-cift-hat-fimaksan-makineler-takim-satiliktir-100m3\/\">FOR SALE. Rusya\u2019da 2. el \u00e7ift hat Fimaksan Sat\u0131l\u0131k.<\/a><\/h2>\n\n            <div class=\"product_attributes\">\n                            <\/div>\n\n            <div class=\"rating_price\">\n\n                \n                <span class=\"star-rating\"><span style=\"width:60%\"><strong itemprop=\"ratingValue\" class=\"rating\">3.00<\/strong> von 5<\/span><\/span>            <\/div>\n\n            <div class=\"cart_btn\">\n                <a href=\"https:\/\/fimaksan.com\/de\/product\/rusyada-cift-hat-fimaksan-makineler-takim-satiliktir-100m3\/\" data-quantity=\"1\" class=\"button product_type_simple\" data-product_id=\"6959\" data-product_sku=\"\" aria-label=\"Lese mehr \u00fcber \u201eFOR SALE. Rusya\u2019da 2. el \u00e7ift hat Fimaksan Sat\u0131l\u0131k.\u201c\" rel=\"nofollow\" data-success_message=\"\" data-no-translation=\"\" data-trp-gettext=\"\" data-no-translation-aria-label=\"\">Weiterlesen<\/a>            <\/div>\n\n        <\/div>\n    <\/div>\n<\/div><\/ul>\n<\/div>\t\t<\/div>\n\t\t\t\t<\/div>\n\t\t\t\t\t<\/div>\n\t\t<\/div>\n\t\t\t\t\t<\/div>\n\t\t<\/section>\n\t\t\t\t<\/div>","protected":false},"excerpt":{"rendered":"","protected":false},"author":1,"featured_media":0,"parent":0,"menu_order":0,"comment_status":"closed","ping_status":"closed","template":"","meta":{"footnotes":""},"class_list":["post-7147","page","type-page","status-publish","hentry"],"_links":{"self":[{"href":"https:\/\/fimaksan.com\/de\/wp-json\/wp\/v2\/pages\/7147","targetHints":{"allow":["GET"]}}],"collection":[{"href":"https:\/\/fimaksan.com\/de\/wp-json\/wp\/v2\/pages"}],"about":[{"href":"https:\/\/fimaksan.com\/de\/wp-json\/wp\/v2\/types\/page"}],"author":[{"embeddable":true,"href":"https:\/\/fimaksan.com\/de\/wp-json\/wp\/v2\/users\/1"}],"replies":[{"embeddable":true,"href":"https:\/\/fimaksan.com\/de\/wp-json\/wp\/v2\/comments?post=7147"}],"version-history":[{"count":13,"href":"https:\/\/fimaksan.com\/de\/wp-json\/wp\/v2\/pages\/7147\/revisions"}],"predecessor-version":[{"id":7677,"href":"https:\/\/fimaksan.com\/de\/wp-json\/wp\/v2\/pages\/7147\/revisions\/7677"}],"wp:attachment":[{"href":"https:\/\/fimaksan.com\/de\/wp-json\/wp\/v2\/media?parent=7147"}],"curies":[{"name":"wp","href":"https:\/\/api.w.org\/{rel}","templated":true}]}}