{"id":6633,"date":"2023-04-12T17:45:31","date_gmt":"2023-04-12T14:45:31","guid":{"rendered":"https:\/\/www.hilkomyazilim.com.tr\/fimaksan\/?page_id=6633"},"modified":"2023-06-21T17:48:13","modified_gmt":"2023-06-21T14:48:13","slug":"fi-100-hidrolik-dik-govde-prizma","status":"publish","type":"page","link":"https:\/\/fimaksan.com\/de\/fi-100-hidrolik-dik-govde-prizma\/","title":{"rendered":"F.I. 100 \/ Hydraulisches vertikales K\u00f6rperprisma"},"content":{"rendered":"<div data-elementor-type=\"wp-page\" data-elementor-id=\"6633\" class=\"elementor elementor-6633\">\n\t\t\t\t\t\t<section class=\"elementor-section elementor-top-section elementor-element elementor-element-3fedada elementor-section-stretched elementor-section-boxed elementor-section-height-default elementor-section-height-default\" data-id=\"3fedada\" data-element_type=\"section\" data-settings=\"{&quot;stretch_section&quot;:&quot;section-stretched&quot;}\">\n\t\t\t\t\t\t<div class=\"elementor-container elementor-column-gap-default\">\n\t\t\t\t\t<div class=\"elementor-column elementor-col-33 elementor-top-column elementor-element elementor-element-c32d37b\" data-id=\"c32d37b\" data-element_type=\"column\">\n\t\t\t<div class=\"elementor-widget-wrap\">\n\t\t\t\t\t\t\t<\/div>\n\t\t<\/div>\n\t\t\t\t<div class=\"elementor-column elementor-col-33 elementor-top-column elementor-element elementor-element-179e4fd\" data-id=\"179e4fd\" data-element_type=\"column\">\n\t\t\t<div class=\"elementor-widget-wrap elementor-element-populated\">\n\t\t\t\t\t\t<div class=\"elementor-element elementor-element-0660e5a elementor-widget__width-initial elementor-widget elementor-widget-creote-simple-image-box-v1\" data-id=\"0660e5a\" data-element_type=\"widget\" data-widget_type=\"creote-simple-image-box-v1.default\">\n\t\t\t\t<div class=\"elementor-widget-container\">\n\t\t\t<div class=\"simple_image_boxes\"   data-aos=\"fade-up\" data-aos-delay=\"0\"  data-aos-offset=\"0\" >\r\n   <img decoding=\"async\" src=\"https:\/\/fimaksan.com\/\/wp-content\/uploads\/2023\/04\/NTTJsFXsGI4gMPq5LNkdm3hE95Wosdf7kjhez6lU-1.jpeg\" class=\"simp_img\" alt=\"\" \/>\r\n<\/div>\r\n\t\t<\/div>\n\t\t\t\t<\/div>\n\t\t\t\t<div class=\"elementor-element elementor-element-b684814 elementor-widget elementor-widget-text-editor\" data-id=\"b684814\" data-element_type=\"widget\" data-widget_type=\"text-editor.default\">\n\t\t\t\t<div class=\"elementor-widget-container\">\n\t\t\t\t\t\t\t<p>F\u0130: 100 \/ HDGP 2 H\u0130DROL\u0130K D\u0130K G\u00d6VDE PR\u0130ZMA<\/p>\t\t\t\t\t\t<\/div>\n\t\t\t\t<\/div>\n\t\t\t\t\t<\/div>\n\t\t<\/div>\n\t\t\t\t<div class=\"elementor-column elementor-col-33 elementor-top-column elementor-element elementor-element-4c1295f\" data-id=\"4c1295f\" data-element_type=\"column\">\n\t\t\t<div class=\"elementor-widget-wrap\">\n\t\t\t\t\t\t\t<\/div>\n\t\t<\/div>\n\t\t\t\t\t<\/div>\n\t\t<\/section>\n\t\t\t\t<section class=\"elementor-section elementor-top-section elementor-element elementor-element-627ee29 elementor-section-boxed elementor-section-height-default elementor-section-height-default\" data-id=\"627ee29\" data-element_type=\"section\">\n\t\t\t\t\t\t<div class=\"elementor-container elementor-column-gap-default\">\n\t\t\t\t\t<div class=\"elementor-column elementor-col-100 elementor-top-column elementor-element elementor-element-8af8f4c\" data-id=\"8af8f4c\" data-element_type=\"column\">\n\t\t\t<div class=\"elementor-widget-wrap elementor-element-populated\">\n\t\t\t\t\t\t<div class=\"elementor-element elementor-element-a33336c elementor-widget elementor-widget-creote-heading-v2\" data-id=\"a33336c\" data-element_type=\"widget\" data-widget_type=\"creote-heading-v2.default\">\n\t\t\t\t<div class=\"elementor-widget-container\">\n\t\t\t<div class=\"heading type_one text_center\">  <div class=\"small_text\">    Technische Details <\/div>    <\/div>\r\n\t\t<\/div>\n\t\t\t\t<\/div>\n\t\t\t\t\t<\/div>\n\t\t<\/div>\n\t\t\t\t\t<\/div>\n\t\t<\/section>\n\t\t\t\t<section class=\"elementor-section elementor-top-section elementor-element elementor-element-ead79c2 elementor-section-stretched elementor-section-boxed elementor-section-height-default elementor-section-height-default\" data-id=\"ead79c2\" data-element_type=\"section\" data-settings=\"{&quot;stretch_section&quot;:&quot;section-stretched&quot;}\">\n\t\t\t\t\t\t<div class=\"elementor-container elementor-column-gap-default\">\n\t\t\t\t\t<div class=\"elementor-column elementor-col-50 elementor-top-column elementor-element elementor-element-2848e19\" data-id=\"2848e19\" data-element_type=\"column\">\n\t\t\t<div class=\"elementor-widget-wrap elementor-element-populated\">\n\t\t\t\t\t\t<div class=\"elementor-element elementor-element-44d3c59 elementor-widget elementor-widget-text-editor\" data-id=\"44d3c59\" data-element_type=\"widget\" data-widget_type=\"text-editor.default\">\n\t\t\t\t<div class=\"elementor-widget-container\">\n\t\t\t\t\t\t\t<div><strong>\u2713\u00a0\u00a0Volan \u00c7ap<\/strong>\u00a0| 1000 mm (100 cm)<\/div><div><strong>\u2713\u00a0\u00a0Volan Geni\u015flik<\/strong>\u00a0| 120 mm (12 cm)<\/div><div><strong>\u2713\u00a0\u00a0Maksimum Kesim Y\u00fckseklik<\/strong>\u00a0| 450 mm (45 cm)<\/div><div><strong>\u2713\u00a0\u00a0Min \/ Max. Kesme Geni\u015flik<\/strong>\u00a0| Min: 90 mm ( 9 cm)\u00a0 \u00a0 \u00a0 \u00a0 \u00a0 Max: 450 mm (45 cm)<\/div><div><strong>\u2713\u00a0 <\/strong><strong>Hauptmotor<\/strong>\u00a0| 30 kW \/ 40 hp \/ 1400 dd<\/div><div><strong>\u2713\u00a0\u00a0Testere Gergisi<\/strong>\u00a0| Hydrauliksystem Kolben<\/div><div><strong>\u2713\u00a0\u00a0Testere A\u011f\u0131zl\u0131k Ayar\u0131 (Salmastra)<\/strong>\u00a0| Hydrauliksystem Kolben<\/div><div><strong>\u2713\u00a0\u00a0A\u011f\u0131rl\u0131k<\/strong>\u00a0| 2800 kg.<\/div><div><strong>\u2713\u00a0\u00a0Alt ve \u00dcst Rulmanlar<\/strong>\u00a0|\u00a0<strong>SKF C3<\/strong><\/div><div><strong>\u2713\u00a0\u00a0Maksimum \u015eerit Boyu<\/strong>\u00a0| 120 x 1,0 x 8150 mm<\/div><div><strong>\u2713\u00a0\u00a0Minimum \u015eerit Boyu<\/strong>\u00a0| \u00a0 80 x 1,0 x 7900 mm<\/div><div>\u00a0450<\/div>\t\t\t\t\t\t<\/div>\n\t\t\t\t<\/div>\n\t\t\t\t\t<\/div>\n\t\t<\/div>\n\t\t\t\t<div class=\"elementor-column elementor-col-50 elementor-top-column elementor-element elementor-element-88aea9d\" data-id=\"88aea9d\" data-element_type=\"column\">\n\t\t\t<div class=\"elementor-widget-wrap elementor-element-populated\">\n\t\t\t\t\t\t<div class=\"elementor-element elementor-element-dbd695d elementor-widget elementor-widget-text-editor\" data-id=\"dbd695d\" data-element_type=\"widget\" data-widget_type=\"text-editor.default\">\n\t\t\t\t<div class=\"elementor-widget-container\">\n\t\t\t\t\t\t\t<div><strong>\u2713\u00a0\u00a0Mazotlama sistemi<\/strong>\u00a0| Automatisch \/ Taste<\/div><div><strong>\u2713\u00a0\u00a0Y\u0131ld\u0131z \u00dc\u00e7gen Elektrik Pano<\/strong>\u00a0| Einschlie\u00dflich (<strong>Siemens-Material<\/strong>, je nach Maschine)<\/div><div><strong>\u2713\u00a0\u00a0Kay\u0131\u015f Kasnak Sistemi Flender Tip<\/strong>\u00a0| Inklusive (je nach Motor und Riemenscheiben)<\/div><div><strong>\u2713\u00a0\u00a0Makine Ya\u011flama Sistemi<\/strong>\u00a0| Manuell (Handschmierung. Fett)<\/div><div><strong>\u2713\u00a0\u00a0Makine G\u00f6vde Yap\u0131s\u0131<\/strong>\u00a0| Stahlk\u00f6rper<\/div><div><strong>\u2713\u00a0\u00a0Boyutlar<\/strong>\u00a0| 145 x 120 x 350 cm\u00a0 (Uzunluk Geni\u015flik Y\u00fckseklik)<\/div><div><strong>\u2713\u00a0\u00a0G\u00fcnl\u00fck Tomruk Kesme Kapasitesi.<\/strong>\u00a0| 250 m3<\/div><p><strong>\u2713\u00a0\u00a0Tomruk Besleme Band\u0131<\/strong>\u00a0| Giri\u015f: 5 mt. \u00c7\u0131k\u0131\u015f: 5 mt.<\/p>\t\t\t\t\t\t<\/div>\n\t\t\t\t<\/div>\n\t\t\t\t\t<\/div>\n\t\t<\/div>\n\t\t\t\t\t<\/div>\n\t\t<\/section>\n\t\t\t\t<\/div>","protected":false},"excerpt":{"rendered":"<p>F\u0130: 100 \/ HDGP 2 H\u0130DROL\u0130K D\u0130K G\u00d6VDE PR\u0130ZMA Teknik Detaylar \u2713\u00a0\u00a0Volan \u00c7ap\u00a0| 1000 mm\u00a0 (100 cm)\u2713\u00a0\u00a0Volan Geni\u015flik\u00a0| 120 mm \u00a0 (12 cm)\u2713\u00a0\u00a0Maksimum Kesim Y\u00fckseklik\u00a0| 450 mm (45 cm)\u2713\u00a0\u00a0Min \/ Max. Kesme Geni\u015flik\u00a0| Min: 90 mm ( 9 cm)\u00a0 \u00a0 \u00a0 \u00a0 \u00a0 Max: 450 mm (45 cm)\u2713\u00a0 Ana Motor\u00a0| 30 kW \/ 40 hp [&hellip;]<\/p>","protected":false},"author":1,"featured_media":0,"parent":0,"menu_order":0,"comment_status":"closed","ping_status":"closed","template":"","meta":{"footnotes":""},"class_list":["post-6633","page","type-page","status-publish","hentry"],"_links":{"self":[{"href":"https:\/\/fimaksan.com\/de\/wp-json\/wp\/v2\/pages\/6633","targetHints":{"allow":["GET"]}}],"collection":[{"href":"https:\/\/fimaksan.com\/de\/wp-json\/wp\/v2\/pages"}],"about":[{"href":"https:\/\/fimaksan.com\/de\/wp-json\/wp\/v2\/types\/page"}],"author":[{"embeddable":true,"href":"https:\/\/fimaksan.com\/de\/wp-json\/wp\/v2\/users\/1"}],"replies":[{"embeddable":true,"href":"https:\/\/fimaksan.com\/de\/wp-json\/wp\/v2\/comments?post=6633"}],"version-history":[{"count":10,"href":"https:\/\/fimaksan.com\/de\/wp-json\/wp\/v2\/pages\/6633\/revisions"}],"predecessor-version":[{"id":7372,"href":"https:\/\/fimaksan.com\/de\/wp-json\/wp\/v2\/pages\/6633\/revisions\/7372"}],"wp:attachment":[{"href":"https:\/\/fimaksan.com\/de\/wp-json\/wp\/v2\/media?parent=6633"}],"curies":[{"name":"wp","href":"https:\/\/api.w.org\/{rel}","templated":true}]}}