{"id":6615,"date":"2023-04-12T17:39:02","date_gmt":"2023-04-12T14:39:02","guid":{"rendered":"https:\/\/www.hilkomyazilim.com.tr\/fimaksan\/?page_id=6615"},"modified":"2025-06-23T15:48:11","modified_gmt":"2025-06-23T12:48:11","slug":"fi-12-hareketli-kalas-yan-alma","status":"publish","type":"page","link":"https:\/\/fimaksan.com\/de\/fi-12-hareketli-kalas-yan-alma\/","title":{"rendered":"FI.12 Planke seitw\u00e4rts bewegen"},"content":{"rendered":"<div data-elementor-type=\"wp-page\" data-elementor-id=\"6615\" class=\"elementor elementor-6615\">\n\t\t\t\t\t\t<section class=\"elementor-section elementor-top-section elementor-element elementor-element-c754f9b elementor-section-stretched elementor-section-boxed elementor-section-height-default elementor-section-height-default\" data-id=\"c754f9b\" data-element_type=\"section\" data-settings=\"{&quot;stretch_section&quot;:&quot;section-stretched&quot;}\">\n\t\t\t\t\t\t<div class=\"elementor-container elementor-column-gap-default\">\n\t\t\t\t\t<div class=\"elementor-column elementor-col-33 elementor-top-column elementor-element elementor-element-ad99184\" data-id=\"ad99184\" data-element_type=\"column\">\n\t\t\t<div class=\"elementor-widget-wrap\">\n\t\t\t\t\t\t\t<\/div>\n\t\t<\/div>\n\t\t\t\t<div class=\"elementor-column elementor-col-33 elementor-top-column elementor-element elementor-element-d9bdbc0\" data-id=\"d9bdbc0\" data-element_type=\"column\">\n\t\t\t<div class=\"elementor-widget-wrap elementor-element-populated\">\n\t\t\t\t\t\t<div class=\"elementor-element elementor-element-75f52ad elementor-widget elementor-widget-text-editor\" data-id=\"75f52ad\" data-element_type=\"widget\" data-widget_type=\"text-editor.default\">\n\t\t\t\t<div class=\"elementor-widget-container\">\n\t\t\t\t\t\t\t<p>F\u0130.150 ADM 5 - MEHRBLATT + BES\u00c4UMER 3 FIX + 4 BEWEGLICHE S\u00c4GEN - SERVOMOTOR - Min. 19 mm zwischen den S\u00e4gen\u00a0<\/p>\t\t\t\t\t\t<\/div>\n\t\t\t\t<\/div>\n\t\t\t\t<div class=\"elementor-element elementor-element-c410bfb elementor-widget__width-inherit elementor-widget elementor-widget-creote-simple-image-box-v1\" data-id=\"c410bfb\" data-element_type=\"widget\" data-widget_type=\"creote-simple-image-box-v1.default\">\n\t\t\t\t<div class=\"elementor-widget-container\">\n\t\t\t<div class=\"simple_image_boxes\"   data-aos=\"fade-up\" data-aos-delay=\"0\"  data-aos-offset=\"0\" >\r\n   <img decoding=\"async\" src=\"https:\/\/fimaksan.com\/wp-content\/uploads\/2025\/06\/FI.150-ADM-5-2025-model-scaled.jpg\" class=\"simp_img\" alt=\"\" \/>\r\n<\/div>\r\n\t\t<\/div>\n\t\t\t\t<\/div>\n\t\t\t\t\t<\/div>\n\t\t<\/div>\n\t\t\t\t<div class=\"elementor-column elementor-col-33 elementor-top-column elementor-element elementor-element-e70a58a\" data-id=\"e70a58a\" data-element_type=\"column\">\n\t\t\t<div class=\"elementor-widget-wrap elementor-element-populated\">\n\t\t\t\t\t\t<div class=\"elementor-element elementor-element-91c489b elementor-widget elementor-widget-text-editor\" data-id=\"91c489b\" data-element_type=\"widget\" data-widget_type=\"text-editor.default\">\n\t\t\t\t<div class=\"elementor-widget-container\">\n\t\t\t\t\t\t\t<p>Palettenkettenvorschub \u2013 erm\u00f6glicht ein sanfteres und pr\u00e4ziseres S\u00e4gen von Holz.<\/p><p><br><\/p>\t\t\t\t\t\t<\/div>\n\t\t\t\t<\/div>\n\t\t\t\t<div class=\"elementor-element elementor-element-df35a09 elementor-widget elementor-widget-text-editor\" data-id=\"df35a09\" data-element_type=\"widget\" data-widget_type=\"text-editor.default\">\n\t\t\t\t<div class=\"elementor-widget-container\">\n\t\t\t\t\t\t\t<p>Positionierung des Servomotors\u00a0<\/p>\t\t\t\t\t\t<\/div>\n\t\t\t\t<\/div>\n\t\t\t\t\t<\/div>\n\t\t<\/div>\n\t\t\t\t\t<\/div>\n\t\t<\/section>\n\t\t\t\t<section class=\"elementor-section elementor-top-section elementor-element elementor-element-7501a2b elementor-section-boxed elementor-section-height-default elementor-section-height-default\" data-id=\"7501a2b\" data-element_type=\"section\">\n\t\t\t\t\t\t<div class=\"elementor-container elementor-column-gap-default\">\n\t\t\t\t\t<div class=\"elementor-column elementor-col-100 elementor-top-column elementor-element elementor-element-e0159fd\" data-id=\"e0159fd\" data-element_type=\"column\">\n\t\t\t<div class=\"elementor-widget-wrap elementor-element-populated\">\n\t\t\t\t\t\t<div class=\"elementor-element elementor-element-e9dc13e elementor-widget elementor-widget-creote-heading-v2\" data-id=\"e9dc13e\" data-element_type=\"widget\" data-widget_type=\"creote-heading-v2.default\">\n\t\t\t\t<div class=\"elementor-widget-container\">\n\t\t\t<div class=\"heading type_one text_center\">  <div class=\"small_text\">    Technische Details <\/div>    <\/div>\r\n\t\t<\/div>\n\t\t\t\t<\/div>\n\t\t\t\t\t<\/div>\n\t\t<\/div>\n\t\t\t\t\t<\/div>\n\t\t<\/section>\n\t\t\t\t<section class=\"elementor-section elementor-top-section elementor-element elementor-element-2de73eb elementor-section-boxed elementor-section-height-default elementor-section-height-default\" data-id=\"2de73eb\" data-element_type=\"section\">\n\t\t\t\t\t\t<div class=\"elementor-container elementor-column-gap-default\">\n\t\t\t\t\t<div class=\"elementor-column elementor-col-50 elementor-top-column elementor-element elementor-element-2622024\" data-id=\"2622024\" data-element_type=\"column\">\n\t\t\t<div class=\"elementor-widget-wrap elementor-element-populated\">\n\t\t\t\t\t\t<div class=\"elementor-element elementor-element-6cfb524 elementor-widget elementor-widget-text-editor\" data-id=\"6cfb524\" data-element_type=\"widget\" data-widget_type=\"text-editor.default\">\n\t\t\t\t<div class=\"elementor-widget-container\">\n\t\t\t\t\t\t\t<table style=\"width: 99.12%; mso-cellspacing: .7pt; border: solid windowtext 1.0pt; mso-border-alt: solid windowtext .5pt; mso-yfti-tbllook: 1184; mso-padding-alt: 1.5pt 1.5pt 1.5pt 1.5pt; mso-border-insideh: .5pt solid windowtext; mso-border-insidev: .5pt solid windowtext;\" border=\"1\" width=\"99%\" cellspacing=\"1\" cellpadding=\"0\">\n<tbody>\n<tr>\n<td style=\"width: 49.78%; border-width: 1pt; border-color: windowtext; border-image: initial; padding: 1.5pt;\" width=\"49%\">\n<p style=\"line-height: 11.25pt;\"><b><span style=\"font-size: 10.0pt; font-family: 'Calibri',sans-serif;\">Max H\u00f6he f\u00fcr Holz <\/span><\/b><b><\/b><\/p>\n<\/td>\n<td style=\"width: 49.78%; border-width: 1pt; border-color: windowtext; border-image: initial; padding: 1.5pt;\" width=\"49%\">\n<p style=\"text-align: center; line-height: 11.25pt;\" align=\"center\"><span style=\"font-size: 10.0pt; font-family: 'Calibri',sans-serif;\">151 mm<\/span><\/p>\n<\/td>\n<\/tr>\n<tr>\n<td style=\"width: 49.78%; border-width: 1pt; border-color: windowtext; border-image: initial; padding: 1.5pt;\" valign=\"top\" width=\"49%\">\n<p style=\"line-height: 13.5pt;\"><b><span style=\"font-size: 10.0pt; font-family: 'Calibri',sans-serif;\">Max. Breite f\u00fcr Holz<\/span><\/b><\/p>\n<\/td>\n<td style=\"width: 49.78%; border-width: 1pt; border-color: windowtext; border-image: initial; padding: 1.5pt;\" valign=\"top\" width=\"49%\">\n<p style=\"text-align: center; line-height: 13.5pt;\" align=\"center\"><span style=\"font-size: 10.0pt; font-family: 'Calibri',sans-serif;\">800 mm &nbsp;<\/span><\/p>\n<\/td>\n<\/tr>\n<tr>\n<td style=\"width: 49.78%; border-width: 1pt; border-color: windowtext; border-image: initial; padding: 1.5pt;\" valign=\"top\" width=\"49%\">\n<p style=\"line-height: 13.5pt;\"><b><span style=\"font-size: 10.0pt; font-family: 'Calibri',sans-serif;\">Max. Arbeitsbreite f\u00fcr Schnittholz<\/span><\/b><\/p>\n<\/td>\n<td style=\"width: 49.78%; border-width: 1pt; border-color: windowtext; border-image: initial; padding: 1.5pt;\" valign=\"top\" width=\"49%\">\n<p style=\"text-align: center; line-height: 13.5pt;\" align=\"center\"><span style=\"font-size: 10.0pt; font-family: 'Calibri',sans-serif;\">1000 mm<\/span><\/p>\n<\/td>\n<\/tr>\n<tr>\n<td style=\"width: 49.78%; border-width: 1pt; border-color: windowtext; border-image: initial; padding: 1.5pt;\" valign=\"top\" width=\"49%\">\n<p style=\"line-height: 13.5pt;\"><b><span style=\"font-size: 10.0pt; font-family: 'Calibri',sans-serif;\">Abstand zwischen beweglichen S\u00e4gen<\/span><\/b><\/p>\n<\/td>\n<td style=\"width: 49.78%; border-width: 1pt; border-color: windowtext; border-image: initial; padding: 1.5pt;\" valign=\"top\" width=\"49%\">\n<p style=\"text-align: center; line-height: 13.5pt;\" align=\"center\"><span style=\"font-size: 10.0pt; font-family: 'Calibri',sans-serif;\">19 mm *<\/span><\/p>\n<\/td>\n<\/tr>\n<tr>\n<td style=\"width: 49.78%; border-width: 1pt; border-color: windowtext; border-image: initial; padding: 1.5pt;\" valign=\"top\" width=\"49%\">\n<p style=\"line-height: 13.5pt;\"><b><span style=\"font-size: 10.0pt; font-family: 'Calibri',sans-serif;\">Durchmesser der Kreiss\u00e4ge<\/span><\/b><\/p>\n<\/td>\n<td style=\"width: 49.78%; border-width: 1pt; border-color: windowtext; border-image: initial; padding: 1.5pt;\" valign=\"top\" width=\"49%\">\n<p style=\"text-align: center; line-height: 13.5pt;\" align=\"center\"><span style=\"font-size: 10.0pt; font-family: 'Calibri',sans-serif;\">530 mm<\/span><\/p>\n<\/td>\n<\/tr>\n<tr>\n<td style=\"width: 49.78%; border-width: 1pt; border-color: windowtext; border-image: initial; padding: 1.5pt;\" valign=\"top\" width=\"49%\">\n<p style=\"line-height: 13.5pt;\"><b><span style=\"font-size: 10.0pt; font-family: 'Calibri',sans-serif;\">Vorschubgeschwindigkeit<\/span><\/b><\/p>\n<\/td>\n<td style=\"width: 49.78%; border-width: 1pt; border-color: windowtext; border-image: initial; padding: 1.5pt;\" valign=\"top\" width=\"49%\">\n<p style=\"text-align: center; line-height: 13.5pt;\" align=\"center\"><span style=\"font-size: 10.0pt; font-family: 'Calibri',sans-serif;\">10 m \u2013 105 m <\/span><\/p>\n<\/td>\n<\/tr>\n<tr>\n<td style=\"width: 49.78%; border-width: 1pt; border-color: windowtext; border-image: initial; padding: 1.5pt;\" valign=\"top\" width=\"49%\">\n<p style=\"line-height: 13.5pt;\"><b><span style=\"font-size: 10.0pt; font-family: 'Calibri',sans-serif;\">Hauptmotor <\/span><\/b><\/p>\n<\/td>\n<td style=\"width: 49.78%; border-width: 1pt; border-color: windowtext; border-image: initial; padding: 1.5pt;\" valign=\"top\" width=\"49%\">\n<p style=\"text-align: center; line-height: 13.5pt;\" align=\"center\"><span style=\"font-size: 10.0pt; font-family: 'Calibri',sans-serif;\">90 kW (120 HP) \/ 2240 rpm <\/span><\/p>\n<\/td>\n<\/tr>\n<tr style=\"mso-yfti-irow: 7; mso-yfti-lastrow: yes; height: 4.1pt;\">\n<td style=\"width: 49.78%; border-width: 1pt; border-color: windowtext; border-image: initial; padding: 1.5pt; height: 4.1pt;\" valign=\"top\" width=\"49%\">\n<p style=\"line-height: 13.5pt;\"><b><span style=\"font-size: 10.0pt; font-family: 'Calibri',sans-serif;\">Gewicht + Abmessungen<\/span><\/b><\/p>\n<\/td>\n<td style=\"width: 49.78%; border-width: 1pt; border-color: windowtext; border-image: initial; padding: 1.5pt; height: 4.1pt;\" valign=\"top\" width=\"49%\">\n<p style=\"text-align: center; line-height: 13.5pt;\" align=\"center\"><span style=\"font-size: 10.0pt; font-family: 'Calibri',sans-serif;\">7300 kg \/&nbsp; 240 cm x 265 cm x 220 cm&nbsp;<\/span><\/p>\n<\/td>\n<\/tr>\n<\/tbody>\n<\/table>1\t\t\t\t\t\t<\/div>\n\t\t\t\t<\/div>\n\t\t\t\t\t<\/div>\n\t\t<\/div>\n\t\t\t\t<div class=\"elementor-column elementor-col-50 elementor-top-column elementor-element elementor-element-c4f7d60\" data-id=\"c4f7d60\" data-element_type=\"column\">\n\t\t\t<div class=\"elementor-widget-wrap elementor-element-populated\">\n\t\t\t\t\t\t\t<\/div>\n\t\t<\/div>\n\t\t\t\t\t<\/div>\n\t\t<\/section>\n\t\t\t\t<section class=\"elementor-section elementor-top-section elementor-element elementor-element-875808f elementor-section-boxed elementor-section-height-default elementor-section-height-default\" data-id=\"875808f\" data-element_type=\"section\">\n\t\t\t\t\t\t<div class=\"elementor-container elementor-column-gap-default\">\n\t\t\t\t\t<div class=\"elementor-column elementor-col-100 elementor-top-column elementor-element elementor-element-4a726df\" data-id=\"4a726df\" data-element_type=\"column\">\n\t\t\t<div class=\"elementor-widget-wrap elementor-element-populated\">\n\t\t\t\t\t\t<div class=\"elementor-element elementor-element-5ccb9e1 elementor-widget__width-initial elementor-widget elementor-widget-text-editor\" data-id=\"5ccb9e1\" data-element_type=\"widget\" data-widget_type=\"text-editor.default\">\n\t\t\t\t<div class=\"elementor-widget-container\">\n\t\t\t\t\t\t\t<div><h5><strong>\u00a0 \u00a0Vorteile<\/strong><\/h5><\/div><div>\u00a0<\/div>\t\t\t\t\t\t<\/div>\n\t\t\t\t<\/div>\n\t\t\t\t\t<\/div>\n\t\t<\/div>\n\t\t\t\t\t<\/div>\n\t\t<\/section>\n\t\t\t\t<section class=\"elementor-section elementor-top-section elementor-element elementor-element-2167843 elementor-section-boxed elementor-section-height-default elementor-section-height-default\" data-id=\"2167843\" data-element_type=\"section\">\n\t\t\t\t\t\t<div class=\"elementor-container elementor-column-gap-default\">\n\t\t\t\t\t<div class=\"elementor-column elementor-col-50 elementor-top-column elementor-element elementor-element-e229d0a\" data-id=\"e229d0a\" data-element_type=\"column\">\n\t\t\t<div class=\"elementor-widget-wrap elementor-element-populated\">\n\t\t\t\t\t\t<div class=\"elementor-element elementor-element-d475877 elementor-widget elementor-widget-text-editor\" data-id=\"d475877\" data-element_type=\"widget\" data-widget_type=\"text-editor.default\">\n\t\t\t\t<div class=\"elementor-widget-container\">\n\t\t\t\t\t\t\t<ul><li><span style=\"font-weight: bolder; font-family: var(--creote-family-one);\">1 (2 oder 3) feste und 4 mobile S\u00e4gen<\/span><\/li><li><span style=\"font-weight: bolder; font-family: var(--creote-family-one);\">S\u00e4gepositionierung mit Servomotor<\/span><\/li><li><span style=\"font-weight: bolder; font-family: var(--creote-family-one);\">SPS-gesteuerter Touchscreen<\/span><\/li><li><span style=\"font-weight: bolder; font-family: var(--creote-family-one);\">90 kW Hauptmotor<\/span><\/li><li><span style=\"font-weight: bolder; font-family: var(--creote-family-one);\">Extra dickwandiges Stahlgeh\u00e4use<\/span><\/li><li><span style=\"font-weight: bolder; font-family: var(--creote-family-one);\">S\u00e4gespindel aus hartem Stahl gegen Verschlei\u00df<\/span><\/li><li><span style=\"font-weight: bolder; font-family: var(--creote-family-one);\">Die oberen Andruckrollen sind pneumatisch und bewegen sich schnell auf und ab. Es wartet oben und kommt mit dem Sensor, der den Baum erkennt, herunter, sodass keine H\u00f6henverstellung erforderlich ist.<\/span><\/li><li><span style=\"font-weight: bolder; font-family: var(--creote-family-one);\">Durch die Drehung in der Vorschubrichtung des Baumes zieht die S\u00e4ge das Holz zu sich heran, verbraucht weniger Motorleistung und verhindert au\u00dferdem einen R\u00fcckschlag f\u00fcr den Bediener.<\/span><\/li><li><span style=\"font-weight: bolder; font-family: var(--creote-family-one);\">Spezielle Wellen\u00fcbertragungstechnologie, die es erm\u00f6glicht, S\u00e4gen mit gleicher Kraft aus ihrer Mitte zu schieben.\u00a0<br \/><\/span><\/li><\/ul>\t\t\t\t\t\t<\/div>\n\t\t\t\t<\/div>\n\t\t\t\t\t<\/div>\n\t\t<\/div>\n\t\t\t\t<div class=\"elementor-column elementor-col-50 elementor-top-column elementor-element elementor-element-b8099d5\" data-id=\"b8099d5\" data-element_type=\"column\">\n\t\t\t<div class=\"elementor-widget-wrap elementor-element-populated\">\n\t\t\t\t\t\t<div class=\"elementor-element elementor-element-d2f7911 elementor-widget elementor-widget-text-editor\" data-id=\"d2f7911\" data-element_type=\"widget\" data-widget_type=\"text-editor.default\">\n\t\t\t\t<div class=\"elementor-widget-container\">\n\t\t\t\t\t\t\t<ul><li><span style=\"font-weight: bolder; font-family: var(--creote-family-one);\">Palettenketten-Eingangsvorschubsystem \u2013 sorgt f\u00fcr ein gleichm\u00e4\u00dfigeres und gleichm\u00e4\u00dfigeres Schneiden des Baumes, Ausgangswalze nach der S\u00e4ge<\/span><\/li><li><span style=\"font-weight: bolder; font-family: var(--creote-family-one);\">Automatisches Zentralschmiersystem f\u00fcr S\u00e4gespindelmechanismus und Antriebsketten.\u00a0<br \/><\/span><span style=\"font-weight: bolder; font-family: var(--creote-family-one);\">Servomotor bewegt 4 rote Laser und 1 gr\u00fcnen Laser, um eine pr\u00e4zise Ausrichtung zu erm\u00f6glichen.<\/span><\/li><li><span style=\"font-weight: bolder; font-family: var(--creote-family-one);\">Sicherheitslicht mit Sensor, das erkennt, wann Holz in den S\u00e4gen geschnitten wird. Aus Sicherheitsgr\u00fcnden werden Positions\u00e4nderungen eingeschr\u00e4nkt.<\/span><\/li><li><span style=\"font-weight: bolder; font-family: var(--creote-family-one);\">Die Chip-Austrittsrichtung ist nach unten<\/span><\/li><li>12'' Touchscreen.<\/li><li><span style=\"font-weight: bolder; font-family: var(--creote-family-one);\">BEDIENFELD,\u00a0<\/span>Es sind 10 vorgefertigte und austauschbare Paketmessungen im Speicher. Um aus den zu schneidenden Brettern Schnittholz herzustellen, kann die gew\u00fcnschte Paketgr\u00f6\u00dfe problemlos erreicht und der Zuschnitt problemlos durchgef\u00fchrt werden.\u00a0<\/li><li><span style=\"font-weight: bolder; font-family: var(--creote-family-one);\">OPTIONAL:\u00a0<\/span>SCANNER-OPTIMIERUNGSSYSTEM \u2013 POSITIONIERUNG OHNE BENUTZERBEDARF (OPTIONAL) UND AUTOMATISCHE EINF\u00dcHRUNG<\/li><\/ul>\t\t\t\t\t\t<\/div>\n\t\t\t\t<\/div>\n\t\t\t\t\t<\/div>\n\t\t<\/div>\n\t\t\t\t\t<\/div>\n\t\t<\/section>\n\t\t\t\t<\/div>","protected":false},"excerpt":{"rendered":"<p>F\u0130.150 ADM &#8211; 1 SAB\u0130T &#8211; 4 HAREKETL\u0130 TESTEREL\u0130 KALAS YAN ALMA &#8211; \u00c7OKLU D\u0130L\u0130MLEME &#8211; SERVO HAREKETL\u0130 &#8211; *Hareketli testereler aras\u0131 min:19mm\u00a0 Palet zincirli besleme &#8211; kalas&#8217;\u0131n daha d\u00fczg\u00fcn ve hassas kesilmesini sa\u011flar. Servo Motorlu testere pozisyonlamas\u0131 &#8211; \u00e7ubuklu merkezden aktarmal\u0131.\u00a0 Teknik Detaylar Maksimum Kesim Y\u00fcksekli\u011fi 151 mm Maksimum Kesim Geni\u015fli\u011fi 800 mm &nbsp; [&hellip;]<\/p>","protected":false},"author":1,"featured_media":0,"parent":0,"menu_order":0,"comment_status":"closed","ping_status":"closed","template":"","meta":{"footnotes":""},"class_list":["post-6615","page","type-page","status-publish","hentry"],"_links":{"self":[{"href":"https:\/\/fimaksan.com\/de\/wp-json\/wp\/v2\/pages\/6615","targetHints":{"allow":["GET"]}}],"collection":[{"href":"https:\/\/fimaksan.com\/de\/wp-json\/wp\/v2\/pages"}],"about":[{"href":"https:\/\/fimaksan.com\/de\/wp-json\/wp\/v2\/types\/page"}],"author":[{"embeddable":true,"href":"https:\/\/fimaksan.com\/de\/wp-json\/wp\/v2\/users\/1"}],"replies":[{"embeddable":true,"href":"https:\/\/fimaksan.com\/de\/wp-json\/wp\/v2\/comments?post=6615"}],"version-history":[{"count":97,"href":"https:\/\/fimaksan.com\/de\/wp-json\/wp\/v2\/pages\/6615\/revisions"}],"predecessor-version":[{"id":7910,"href":"https:\/\/fimaksan.com\/de\/wp-json\/wp\/v2\/pages\/6615\/revisions\/7910"}],"wp:attachment":[{"href":"https:\/\/fimaksan.com\/de\/wp-json\/wp\/v2\/media?parent=6615"}],"curies":[{"name":"wp","href":"https:\/\/api.w.org\/{rel}","templated":true}]}}