{"id":6581,"date":"2023-04-12T16:51:38","date_gmt":"2023-04-12T13:51:38","guid":{"rendered":"https:\/\/www.hilkomyazilim.com.tr\/fimaksan\/?page_id=6581"},"modified":"2023-04-14T13:18:59","modified_gmt":"2023-04-14T10:18:59","slug":"tahta-yarma-hidrolik-yatay-markol-2","status":"publish","type":"page","link":"https:\/\/fimaksan.com\/de\/tahta-yarma-hidrolik-yatay-markol-2\/","title":{"rendered":"Holzspaltung \/ Hydraulischer Horizontalmarkierer 2"},"content":{"rendered":"<div data-elementor-type=\"wp-page\" data-elementor-id=\"6581\" class=\"elementor elementor-6581\">\n\t\t\t\t\t\t<section class=\"elementor-section elementor-top-section elementor-element elementor-element-e03c038 elementor-section-stretched elementor-section-boxed elementor-section-height-default elementor-section-height-default\" data-id=\"e03c038\" data-element_type=\"section\" data-settings=\"{&quot;stretch_section&quot;:&quot;section-stretched&quot;}\">\n\t\t\t\t\t\t<div class=\"elementor-container elementor-column-gap-default\">\n\t\t\t\t\t<div class=\"elementor-column elementor-col-50 elementor-top-column elementor-element elementor-element-1ced70b\" data-id=\"1ced70b\" data-element_type=\"column\">\n\t\t\t<div class=\"elementor-widget-wrap elementor-element-populated\">\n\t\t\t\t\t\t<div class=\"elementor-element elementor-element-62114ea elementor-widget elementor-widget-text-editor\" data-id=\"62114ea\" data-element_type=\"widget\" data-widget_type=\"text-editor.default\">\n\t\t\t\t<div class=\"elementor-widget-container\">\n\t\t\t\t\t\t\t<p>H\u0130DROL\u0130K YATAY MARKOL\u00a0<br \/>\u2013 2\u2019li<\/p>\t\t\t\t\t\t<\/div>\n\t\t\t\t<\/div>\n\t\t\t\t<div class=\"elementor-element elementor-element-6db7772 elementor-widget elementor-widget-creote-simple-image-box-v1\" data-id=\"6db7772\" data-element_type=\"widget\" data-widget_type=\"creote-simple-image-box-v1.default\">\n\t\t\t\t<div class=\"elementor-widget-container\">\n\t\t\t<div class=\"simple_image_boxes  parallax_cover\"   data-aos=\"fade-up\" data-aos-delay=\"0\"  data-aos-offset=\"0\" >\r\n   <img decoding=\"async\" src=\"https:\/\/fimaksan.com\/\/wp-content\/uploads\/2023\/04\/xX0TOcqmksgMAYon6Naki6NayJAEIVQJdLhr5C7o-1.jpeg\" class=\"simp_img cover-parallax\" alt=\"\" \/>\r\n<\/div>\r\n\t\t<\/div>\n\t\t\t\t<\/div>\n\t\t\t\t\t<\/div>\n\t\t<\/div>\n\t\t\t\t<div class=\"elementor-column elementor-col-50 elementor-top-column elementor-element elementor-element-5d95dc5\" data-id=\"5d95dc5\" data-element_type=\"column\">\n\t\t\t<div class=\"elementor-widget-wrap elementor-element-populated\">\n\t\t\t\t\t\t<div class=\"elementor-element elementor-element-5478390 elementor-widget elementor-widget-image-gallery\" data-id=\"5478390\" data-element_type=\"widget\" data-widget_type=\"image-gallery.default\">\n\t\t\t\t<div class=\"elementor-widget-container\">\n\t\t\t\t\t<div class=\"elementor-image-gallery\">\n\t\t\t\n\t\t<style type=\"text\/css\">\n\t\t\t#gallery-1 {\n\t\t\t\tmargin: auto;\n\t\t\t}\n\t\t\t#gallery-1 .gallery-item {\n\t\t\t\tfloat: left;\n\t\t\t\tmargin-top: 10px;\n\t\t\t\ttext-align: center;\n\t\t\t\twidth: 50%;\n\t\t\t}\n\t\t\t#gallery-1 img {\n\t\t\t\tborder: 2px solid #cfcfcf;\n\t\t\t}\n\t\t\t#gallery-1 .gallery-caption {\n\t\t\t\tmargin-left: 0;\n\t\t\t}\n\t\t\t\/* see gallery_shortcode() in wp-includes\/media.php *\/\n\t\t<\/style>\n\t\t<div id='gallery-1' class='gallery galleryid-6581 gallery-columns-2 gallery-size-full'><dl class='gallery-item'>\n\t\t\t<dt class='gallery-icon landscape'>\n\t\t\t\t<a data-elementor-open-lightbox=\"yes\" data-elementor-lightbox-slideshow=\"5478390\" data-elementor-lightbox-title=\"ZV9KVaVMEC2SRVI2OKOABY2K4KH9ALAuRlYX53v3\" data-e-action-hash=\"#elementor-action%3Aaction%3Dlightbox%26settings%3DeyJpZCI6NjU4NywidXJsIjoiaHR0cHM6XC9cL2ZpbWFrc2FuLmNvbVwvd3AtY29udGVudFwvdXBsb2Fkc1wvMjAyM1wvMDRcL1pWOUtWYVZNRUMyU1JWSTJPS09BQlkySzRLSDlBTEF1UmxZWDUzdjMuanBlZyIsInNsaWRlc2hvdyI6IjU0NzgzOTAifQ%3D%3D\" href='https:\/\/fimaksan.com\/wp-content\/uploads\/2023\/04\/ZV9KVaVMEC2SRVI2OKOABY2K4KH9ALAuRlYX53v3.jpeg'><img fetchpriority=\"high\" decoding=\"async\" width=\"2200\" height=\"1700\" src=\"https:\/\/fimaksan.com\/wp-content\/uploads\/2023\/04\/ZV9KVaVMEC2SRVI2OKOABY2K4KH9ALAuRlYX53v3.jpeg\" class=\"attachment-full size-full\" alt=\"\" srcset=\"https:\/\/fimaksan.com\/wp-content\/uploads\/2023\/04\/ZV9KVaVMEC2SRVI2OKOABY2K4KH9ALAuRlYX53v3.jpeg 2200w, https:\/\/fimaksan.com\/wp-content\/uploads\/2023\/04\/ZV9KVaVMEC2SRVI2OKOABY2K4KH9ALAuRlYX53v3-300x232.jpeg 300w, https:\/\/fimaksan.com\/wp-content\/uploads\/2023\/04\/ZV9KVaVMEC2SRVI2OKOABY2K4KH9ALAuRlYX53v3-1024x791.jpeg 1024w, https:\/\/fimaksan.com\/wp-content\/uploads\/2023\/04\/ZV9KVaVMEC2SRVI2OKOABY2K4KH9ALAuRlYX53v3-768x593.jpeg 768w, https:\/\/fimaksan.com\/wp-content\/uploads\/2023\/04\/ZV9KVaVMEC2SRVI2OKOABY2K4KH9ALAuRlYX53v3-1536x1187.jpeg 1536w, https:\/\/fimaksan.com\/wp-content\/uploads\/2023\/04\/ZV9KVaVMEC2SRVI2OKOABY2K4KH9ALAuRlYX53v3-2048x1583.jpeg 2048w, https:\/\/fimaksan.com\/wp-content\/uploads\/2023\/04\/ZV9KVaVMEC2SRVI2OKOABY2K4KH9ALAuRlYX53v3-600x464.jpeg 600w\" sizes=\"(max-width: 2200px) 100vw, 2200px\" \/><\/a>\n\t\t\t<\/dt><\/dl><dl class='gallery-item'>\n\t\t\t<dt class='gallery-icon landscape'>\n\t\t\t\t<a data-elementor-open-lightbox=\"yes\" data-elementor-lightbox-slideshow=\"5478390\" data-elementor-lightbox-title=\"QgQptUvG9WAyT93TSoUVehitQ63CdDkbB76o2Xur\" data-e-action-hash=\"#elementor-action%3Aaction%3Dlightbox%26settings%3DeyJpZCI6NjU4OCwidXJsIjoiaHR0cHM6XC9cL2ZpbWFrc2FuLmNvbVwvd3AtY29udGVudFwvdXBsb2Fkc1wvMjAyM1wvMDRcL1FnUXB0VXZHOVdBeVQ5M1RTb1VWZWhpdFE2M0NkRGtiQjc2bzJYdXItc2NhbGVkLmpwZWciLCJzbGlkZXNob3ciOiI1NDc4MzkwIn0%3D\" href='https:\/\/fimaksan.com\/wp-content\/uploads\/2023\/04\/QgQptUvG9WAyT93TSoUVehitQ63CdDkbB76o2Xur-scaled.jpeg'><img decoding=\"async\" width=\"2560\" height=\"1920\" src=\"https:\/\/fimaksan.com\/wp-content\/uploads\/2023\/04\/QgQptUvG9WAyT93TSoUVehitQ63CdDkbB76o2Xur-scaled.jpeg\" class=\"attachment-full size-full\" alt=\"\" srcset=\"https:\/\/fimaksan.com\/wp-content\/uploads\/2023\/04\/QgQptUvG9WAyT93TSoUVehitQ63CdDkbB76o2Xur-scaled.jpeg 2560w, https:\/\/fimaksan.com\/wp-content\/uploads\/2023\/04\/QgQptUvG9WAyT93TSoUVehitQ63CdDkbB76o2Xur-300x225.jpeg 300w, https:\/\/fimaksan.com\/wp-content\/uploads\/2023\/04\/QgQptUvG9WAyT93TSoUVehitQ63CdDkbB76o2Xur-1024x768.jpeg 1024w, https:\/\/fimaksan.com\/wp-content\/uploads\/2023\/04\/QgQptUvG9WAyT93TSoUVehitQ63CdDkbB76o2Xur-768x576.jpeg 768w, https:\/\/fimaksan.com\/wp-content\/uploads\/2023\/04\/QgQptUvG9WAyT93TSoUVehitQ63CdDkbB76o2Xur-1536x1152.jpeg 1536w, https:\/\/fimaksan.com\/wp-content\/uploads\/2023\/04\/QgQptUvG9WAyT93TSoUVehitQ63CdDkbB76o2Xur-2048x1536.jpeg 2048w, https:\/\/fimaksan.com\/wp-content\/uploads\/2023\/04\/QgQptUvG9WAyT93TSoUVehitQ63CdDkbB76o2Xur-600x450.jpeg 600w\" sizes=\"(max-width: 2560px) 100vw, 2560px\" \/><\/a>\n\t\t\t<\/dt><\/dl><br style=\"clear: both\" \/>\n\t\t<\/div>\n\t\t<\/div>\n\t\t\t\t<\/div>\n\t\t\t\t<\/div>\n\t\t\t\t\t<\/div>\n\t\t<\/div>\n\t\t\t\t\t<\/div>\n\t\t<\/section>\n\t\t\t\t<section class=\"elementor-section elementor-top-section elementor-element elementor-element-66d7178 elementor-section-stretched elementor-section-boxed elementor-section-height-default elementor-section-height-default\" data-id=\"66d7178\" data-element_type=\"section\" data-settings=\"{&quot;stretch_section&quot;:&quot;section-stretched&quot;}\">\n\t\t\t\t\t\t<div class=\"elementor-container elementor-column-gap-default\">\n\t\t\t\t\t<div class=\"elementor-column elementor-col-100 elementor-top-column elementor-element elementor-element-19e044d\" data-id=\"19e044d\" data-element_type=\"column\">\n\t\t\t<div class=\"elementor-widget-wrap elementor-element-populated\">\n\t\t\t\t\t\t<div class=\"elementor-element elementor-element-cfb0856 elementor-widget elementor-widget-creote-heading-v2\" data-id=\"cfb0856\" data-element_type=\"widget\" data-widget_type=\"creote-heading-v2.default\">\n\t\t\t\t<div class=\"elementor-widget-container\">\n\t\t\t<div class=\"heading type_one text_center\">  <div class=\"small_text\">    Technische Details <\/div>    <\/div>\r\n\t\t<\/div>\n\t\t\t\t<\/div>\n\t\t\t\t<div class=\"elementor-element elementor-element-2a6513f elementor-widget elementor-widget-text-editor\" data-id=\"2a6513f\" data-element_type=\"widget\" data-widget_type=\"text-editor.default\">\n\t\t\t\t<div class=\"elementor-widget-container\">\n\t\t\t\t\t\t\t<div><strong>\u2713 Schwungraddurchmesser<\/strong>\u00a0| 1000 mm (100 cm)<\/div>\n\n<div><strong>\u2713 Schwungradbreite<\/strong>\u00a0| 120 mm (12 cm)<\/div>\n\n<div><strong>\u2713 Schnittbreite<\/strong>\u00a0| Max: 450 mm (45 cm)<\/div>\n\n<div><strong>\u2713 Schnitth\u00f6he\u00a0<\/strong>\u00a0| Min: 15 mm. Max: 290 mm<\/div>\n\n<div><strong>\u2713 S\u00e4gespanner<\/strong>\u00a0| Hidrolik Sistem Pistonlu<\/div>\n\n<div><strong>\u2713\u00a0Kesme Y\u00fckseklik Ayar\u0131<\/strong>\u00a0| 4 kW red\u00fckt\u00f6rl\u00fc motor<\/div>\n\n<div><strong>\u2713 Hauptmaschine<\/strong>\u00a0| (2 x40 hp) \u2013 2 x 30 kW<\/div>\n\n<div><strong>\u2713\u00a0\u0130lerleme H\u0131z\u0131<\/strong>\u00a0| 2 mt ile 6 mt \/ dk.<\/div>\n\n<div><strong>\u2713 Messsystem<\/strong>\u00a0| Plc kontrol renkli dijital ekran<\/div>\n\n<div><strong>\u2713\u00a0Volan Temizleme<\/strong>\u00a0| Pn\u00f6matik S\u0131y\u0131r\u0131c\u0131l\u0131 Sistem<\/div>\n\n<div><strong>\u2713 Betankungssystem<\/strong>\u00a0| Otomatik zaman ayarl\u0131 \/ manuel<\/div>\n\n<div><strong>\u2713\u00a0\u00dcst Bask\u0131 ve Tahrik Sistemi<\/strong>\u00a0| Pn\u00f6matik- Motor hareketli invert\u00f6rl\u00fc<\/div>\n\n<div><strong>\u2713 Gewicht<\/strong>\u00a0| 7500 Kg<\/div>\t\t\t\t\t\t<\/div>\n\t\t\t\t<\/div>\n\t\t\t\t\t<\/div>\n\t\t<\/div>\n\t\t\t\t\t<\/div>\n\t\t<\/section>\n\t\t\t\t<\/div>","protected":false},"excerpt":{"rendered":"<p>H\u0130DROL\u0130K YATAY MARKOL\u00a0\u2013 2\u2019li Teknik Detaylar \u2713\u00a0Volan \u00c7ap\u00a0| 1000 mm\u00a0 (100 cm) \u2713\u00a0Volan Geni\u015flik\u00a0| 120 mm \u00a0 (12 cm) \u2713\u00a0Kesme Geni\u015flik\u00a0| Max: 450 mm (45 cm) \u2713\u00a0Kesme Y\u00fckseklik\u00a0\u00a0| Min: 15 mm. Max: 290 mm \u2713\u00a0Testere Gergisi\u00a0| Hidrolik Sistem Pistonlu \u2713\u00a0Kesme Y\u00fckseklik Ayar\u0131\u00a0| 4 kW red\u00fckt\u00f6rl\u00fc motor \u2713\u00a0Ana Motor\u00a0| (2 x40 hp) \u2013 2 x 30 [&hellip;]<\/p>","protected":false},"author":1,"featured_media":0,"parent":0,"menu_order":0,"comment_status":"closed","ping_status":"closed","template":"","meta":{"footnotes":""},"class_list":["post-6581","page","type-page","status-publish","hentry"],"_links":{"self":[{"href":"https:\/\/fimaksan.com\/de\/wp-json\/wp\/v2\/pages\/6581","targetHints":{"allow":["GET"]}}],"collection":[{"href":"https:\/\/fimaksan.com\/de\/wp-json\/wp\/v2\/pages"}],"about":[{"href":"https:\/\/fimaksan.com\/de\/wp-json\/wp\/v2\/types\/page"}],"author":[{"embeddable":true,"href":"https:\/\/fimaksan.com\/de\/wp-json\/wp\/v2\/users\/1"}],"replies":[{"embeddable":true,"href":"https:\/\/fimaksan.com\/de\/wp-json\/wp\/v2\/comments?post=6581"}],"version-history":[{"count":7,"href":"https:\/\/fimaksan.com\/de\/wp-json\/wp\/v2\/pages\/6581\/revisions"}],"predecessor-version":[{"id":6824,"href":"https:\/\/fimaksan.com\/de\/wp-json\/wp\/v2\/pages\/6581\/revisions\/6824"}],"wp:attachment":[{"href":"https:\/\/fimaksan.com\/de\/wp-json\/wp\/v2\/media?parent=6581"}],"curies":[{"name":"wp","href":"https:\/\/api.w.org\/{rel}","templated":true}]}}