{"id":6538,"date":"2023-04-12T16:42:46","date_gmt":"2023-04-12T13:42:46","guid":{"rendered":"https:\/\/www.hilkomyazilim.com.tr\/fimaksan\/?page_id=6538"},"modified":"2024-05-05T18:28:56","modified_gmt":"2024-05-05T15:28:56","slug":"ikiz-canter-tomruk-yongalama","status":"publish","type":"page","link":"https:\/\/fimaksan.com\/de\/ikiz-canter-tomruk-yongalama\/","title":{"rendered":"Zwillingsgalopp (Holzhacken)"},"content":{"rendered":"<div data-elementor-type=\"wp-page\" data-elementor-id=\"6538\" class=\"elementor elementor-6538\">\n\t\t\t\t\t\t<section class=\"elementor-section elementor-top-section elementor-element elementor-element-591423c elementor-section-stretched elementor-section-boxed elementor-section-height-default elementor-section-height-default\" data-id=\"591423c\" data-element_type=\"section\" data-settings=\"{&quot;stretch_section&quot;:&quot;section-stretched&quot;}\">\n\t\t\t\t\t\t<div class=\"elementor-container elementor-column-gap-default\">\n\t\t\t\t\t<div class=\"elementor-column elementor-col-50 elementor-top-column elementor-element elementor-element-64a13d2\" data-id=\"64a13d2\" data-element_type=\"column\">\n\t\t\t<div class=\"elementor-widget-wrap elementor-element-populated\">\n\t\t\t\t\t\t<div class=\"elementor-element elementor-element-ebd705a elementor-widget elementor-widget-creote-simple-image-box-v1\" data-id=\"ebd705a\" data-element_type=\"widget\" data-widget_type=\"creote-simple-image-box-v1.default\">\n\t\t\t\t<div class=\"elementor-widget-container\">\n\t\t\t<div class=\"simple_image_boxes  parallax_cover\"   data-aos=\"fade-up\" data-aos-delay=\"0\"  data-aos-offset=\"0\" >\r\n   <img decoding=\"async\" src=\"https:\/\/fimaksan.com\/wp-content\/uploads\/2024\/05\/fi.55-i-cnt.png\" class=\"simp_img cover-parallax\" alt=\"\" \/>\r\n<\/div>\r\n\t\t<\/div>\n\t\t\t\t<\/div>\n\t\t\t\t\t<\/div>\n\t\t<\/div>\n\t\t\t\t<div class=\"elementor-column elementor-col-50 elementor-top-column elementor-element elementor-element-a1ecd05\" data-id=\"a1ecd05\" data-element_type=\"column\">\n\t\t\t<div class=\"elementor-widget-wrap elementor-element-populated\">\n\t\t\t\t\t\t<div class=\"elementor-element elementor-element-c868310 elementor-widget elementor-widget-text-editor\" data-id=\"c868310\" data-element_type=\"widget\" data-widget_type=\"text-editor.default\">\n\t\t\t\t<div class=\"elementor-widget-container\">\n\t\t\t\t\t\t\t<ul><li><div>Daire Testere \u00c7ap\u0131 &#8230;&#8230;&#8230;&#8230;&#8230;45 Cm<\/div><\/li><li><div>Yongalama Kafa \u00c7ap\u0131&#8230;&#8230;&#8230;..70 Cm<\/div><\/li><li><div>Max. Yongalama Derinli\u011fi..10 Cm<\/div><\/li><li><div>Posizyonlama H\u0131z\u0131&#8230;&#8230;&#8230;&#8230;&#8230;..24 cm\/sec<\/div><\/li><li><div>Ana Motor&#8230;&#8230;&#8230;&#8230;&#8230;&#8230;&#8230;&#8230;&#8230;&#8230;..75 kW\u00a0 x 2<\/div><\/li><li><div>A\u011f\u0131rl\u0131k&#8230;&#8230;&#8230;&#8230;&#8230;&#8230;&#8230;&#8230;&#8230;&#8230;&#8230;&#8230;&#8230;.6000 kg<\/div><\/li><\/ul>\t\t\t\t\t\t<\/div>\n\t\t\t\t<\/div>\n\t\t\t\t\t<\/div>\n\t\t<\/div>\n\t\t\t\t\t<\/div>\n\t\t<\/section>\n\t\t\t\t<\/div>","protected":false},"excerpt":{"rendered":"<p>Daire Testere \u00c7ap\u0131 &#8230;&#8230;&#8230;&#8230;&#8230;45 Cm Yongalama Kafa \u00c7ap\u0131&#8230;&#8230;&#8230;..70 Cm Max. Yongalama Derinli\u011fi..10 Cm Posizyonlama H\u0131z\u0131&#8230;&#8230;&#8230;&#8230;&#8230;..24 cm\/sec Ana Motor&#8230;&#8230;&#8230;&#8230;&#8230;&#8230;&#8230;&#8230;&#8230;&#8230;..75 kW\u00a0 x 2 A\u011f\u0131rl\u0131k&#8230;&#8230;&#8230;&#8230;&#8230;&#8230;&#8230;&#8230;&#8230;&#8230;&#8230;&#8230;&#8230;.6000 kg<\/p>","protected":false},"author":1,"featured_media":0,"parent":0,"menu_order":0,"comment_status":"closed","ping_status":"closed","template":"","meta":{"footnotes":""},"class_list":["post-6538","page","type-page","status-publish","hentry"],"_links":{"self":[{"href":"https:\/\/fimaksan.com\/de\/wp-json\/wp\/v2\/pages\/6538","targetHints":{"allow":["GET"]}}],"collection":[{"href":"https:\/\/fimaksan.com\/de\/wp-json\/wp\/v2\/pages"}],"about":[{"href":"https:\/\/fimaksan.com\/de\/wp-json\/wp\/v2\/types\/page"}],"author":[{"embeddable":true,"href":"https:\/\/fimaksan.com\/de\/wp-json\/wp\/v2\/users\/1"}],"replies":[{"embeddable":true,"href":"https:\/\/fimaksan.com\/de\/wp-json\/wp\/v2\/comments?post=6538"}],"version-history":[{"count":10,"href":"https:\/\/fimaksan.com\/de\/wp-json\/wp\/v2\/pages\/6538\/revisions"}],"predecessor-version":[{"id":7660,"href":"https:\/\/fimaksan.com\/de\/wp-json\/wp\/v2\/pages\/6538\/revisions\/7660"}],"wp:attachment":[{"href":"https:\/\/fimaksan.com\/de\/wp-json\/wp\/v2\/media?parent=6538"}],"curies":[{"name":"wp","href":"https:\/\/api.w.org\/{rel}","templated":true}]}}