{"id":6477,"date":"2023-04-12T16:22:40","date_gmt":"2023-04-12T13:22:40","guid":{"rendered":"https:\/\/www.hilkomyazilim.com.tr\/fimaksan\/?page_id=6477"},"modified":"2023-04-14T13:02:33","modified_gmt":"2023-04-14T10:02:33","slug":"fi-130-tomruk-arabasi-uzerinden-kumandali-3-cizmeli","status":"publish","type":"page","link":"https:\/\/fimaksan.com\/de\/fi-130-tomruk-arabasi-uzerinden-kumandali-3-cizmeli\/","title":{"rendered":"F\u0130.130 SPANNWAGEN \/ Mit Steuerung \/ 3 Spannbock"},"content":{"rendered":"<div data-elementor-type=\"wp-page\" data-elementor-id=\"6477\" class=\"elementor elementor-6477\">\n\t\t\t\t\t\t<section class=\"elementor-section elementor-top-section elementor-element elementor-element-36bee1d elementor-section-stretched elementor-section-boxed elementor-section-height-default elementor-section-height-default\" data-id=\"36bee1d\" data-element_type=\"section\" data-settings=\"{&quot;stretch_section&quot;:&quot;section-stretched&quot;}\">\n\t\t\t\t\t\t<div class=\"elementor-container elementor-column-gap-default\">\n\t\t\t\t\t<div class=\"elementor-column elementor-col-33 elementor-top-column elementor-element elementor-element-eff7669\" data-id=\"eff7669\" data-element_type=\"column\">\n\t\t\t<div class=\"elementor-widget-wrap\">\n\t\t\t\t\t\t\t<\/div>\n\t\t<\/div>\n\t\t\t\t<div class=\"elementor-column elementor-col-33 elementor-top-column elementor-element elementor-element-60319bc\" data-id=\"60319bc\" data-element_type=\"column\">\n\t\t\t<div class=\"elementor-widget-wrap elementor-element-populated\">\n\t\t\t\t\t\t<div class=\"elementor-element elementor-element-a13b05e elementor-widget elementor-widget-text-editor\" data-id=\"a13b05e\" data-element_type=\"widget\" data-widget_type=\"text-editor.default\">\n\t\t\t\t<div class=\"elementor-widget-container\">\n\t\t\t\t\t\t\t<div>F\u0130: 130 \/ HKD 4 TOMRUK ARABASI<\/div>\t\t\t\t\t\t<\/div>\n\t\t\t\t<\/div>\n\t\t\t\t<div class=\"elementor-element elementor-element-c0eb343 elementor-widget elementor-widget-image\" data-id=\"c0eb343\" data-element_type=\"widget\" data-widget_type=\"image.default\">\n\t\t\t\t<div class=\"elementor-widget-container\">\n\t\t\t\t\t\t\t\t\t\t\t\t\t<img fetchpriority=\"high\" decoding=\"async\" width=\"1024\" height=\"724\" src=\"https:\/\/fimaksan.com\/wp-content\/uploads\/2023\/04\/kQ3zd8dUciWPQ2j860Zs5aGkvKY21AR0L2oIJZpl-1024x724.jpeg\" class=\"attachment-large size-large wp-image-6464\" alt=\"\" srcset=\"https:\/\/fimaksan.com\/wp-content\/uploads\/2023\/04\/kQ3zd8dUciWPQ2j860Zs5aGkvKY21AR0L2oIJZpl-1024x724.jpeg 1024w, https:\/\/fimaksan.com\/wp-content\/uploads\/2023\/04\/kQ3zd8dUciWPQ2j860Zs5aGkvKY21AR0L2oIJZpl-300x212.jpeg 300w, https:\/\/fimaksan.com\/wp-content\/uploads\/2023\/04\/kQ3zd8dUciWPQ2j860Zs5aGkvKY21AR0L2oIJZpl-768x543.jpeg 768w, https:\/\/fimaksan.com\/wp-content\/uploads\/2023\/04\/kQ3zd8dUciWPQ2j860Zs5aGkvKY21AR0L2oIJZpl-1536x1086.jpeg 1536w, https:\/\/fimaksan.com\/wp-content\/uploads\/2023\/04\/kQ3zd8dUciWPQ2j860Zs5aGkvKY21AR0L2oIJZpl-2048x1448.jpeg 2048w, https:\/\/fimaksan.com\/wp-content\/uploads\/2023\/04\/kQ3zd8dUciWPQ2j860Zs5aGkvKY21AR0L2oIJZpl-600x424.jpeg 600w\" sizes=\"(max-width: 1024px) 100vw, 1024px\" \/>\t\t\t\t\t\t\t\t\t\t\t\t\t<\/div>\n\t\t\t\t<\/div>\n\t\t\t\t\t<\/div>\n\t\t<\/div>\n\t\t\t\t<div class=\"elementor-column elementor-col-33 elementor-top-column elementor-element elementor-element-919fbd7\" data-id=\"919fbd7\" data-element_type=\"column\">\n\t\t\t<div class=\"elementor-widget-wrap\">\n\t\t\t\t\t\t\t<\/div>\n\t\t<\/div>\n\t\t\t\t\t<\/div>\n\t\t<\/section>\n\t\t\t\t<section class=\"elementor-section elementor-top-section elementor-element elementor-element-0b84568 elementor-section-boxed elementor-section-height-default elementor-section-height-default\" data-id=\"0b84568\" data-element_type=\"section\">\n\t\t\t\t\t\t<div class=\"elementor-container elementor-column-gap-default\">\n\t\t\t\t\t<div class=\"elementor-column elementor-col-100 elementor-top-column elementor-element elementor-element-030725f\" data-id=\"030725f\" data-element_type=\"column\">\n\t\t\t<div class=\"elementor-widget-wrap elementor-element-populated\">\n\t\t\t\t\t\t<div class=\"elementor-element elementor-element-b7ffd6e elementor-widget elementor-widget-creote-heading-v2\" data-id=\"b7ffd6e\" data-element_type=\"widget\" data-widget_type=\"creote-heading-v2.default\">\n\t\t\t\t<div class=\"elementor-widget-container\">\n\t\t\t<div class=\"heading type_one text_center\">  <div class=\"small_text\">    Technische Details <\/div>    <\/div>\r\n\t\t<\/div>\n\t\t\t\t<\/div>\n\t\t\t\t\t<\/div>\n\t\t<\/div>\n\t\t\t\t\t<\/div>\n\t\t<\/section>\n\t\t\t\t<section class=\"elementor-section elementor-top-section elementor-element elementor-element-6024049 elementor-section-stretched elementor-section-boxed elementor-section-height-default elementor-section-height-default\" data-id=\"6024049\" data-element_type=\"section\" data-settings=\"{&quot;stretch_section&quot;:&quot;section-stretched&quot;}\">\n\t\t\t\t\t\t<div class=\"elementor-container elementor-column-gap-default\">\n\t\t\t\t\t<div class=\"elementor-column elementor-col-50 elementor-top-column elementor-element elementor-element-a38cbd6\" data-id=\"a38cbd6\" data-element_type=\"column\">\n\t\t\t<div class=\"elementor-widget-wrap elementor-element-populated\">\n\t\t\t\t\t\t<div class=\"elementor-element elementor-element-ae5b9b7 elementor-widget elementor-widget-text-editor\" data-id=\"ae5b9b7\" data-element_type=\"widget\" data-widget_type=\"text-editor.default\">\n\t\t\t\t<div class=\"elementor-widget-container\">\n\t\t\t\t\t\t\t<div><strong>\u2713\u00a0Tomruk \u00c7ap<\/strong>\u00a0| Max: 1150 mm<\/div><div><strong>\u2713\u00a0G\u00fcnl\u00fck Kapasite \/ Tomruk<\/strong>\u00a0| 40 m3<\/div><div><strong>\u2713\u00a0Ray \/ Uzunluk<\/strong>\u00a0| 18000 mm<\/div><div><strong>\u2713\u00a0Ray \/ Geni\u015flik<\/strong>\u00a0| 1330 mm<\/div><div><strong>\u2713\u00a0Kancalar Aras\u0131 Mesafe A\u00e7\u0131l\u0131m\u0131<\/strong>\u00a0| Max: 1020 mm<\/div><div><strong>\u2713\u00a0\u00c7izmeler Aras\u0131 Mesafe A\u00e7\u0131l\u0131m\u0131<\/strong>\u00a0| Max: 1020 mm<\/div><div><strong>\u2713\u00a0Dayama \/ Kanca Aras\u0131 Mesafe\u00a0<\/strong>\u00a0| Min: 35 mm Max: 145 mm<\/div><div><strong>\u2713\u00a0\u00c7izmeler Aras\u0131 Mesafe (merkez \u00f6l\u00e7\u00fcleri)<\/strong>\u00a0| 1150 \u20132250 &#8211; 850 mm<\/div><div><strong>\u2713\u00a0Araba Y\u00fcr\u00fcy\u00fc\u015f Sistemi<\/strong>\u00a0| hydraulisch, angeseilt<\/div><div><strong>\u2713\u00a0\u00c7izme Tahrik Sistemi<\/strong>\u00a0| 11 kW red\u00fckt\u00f6r<\/div><div><strong>\u2713\u00a0\u00c7izme \u0130lerleme H\u0131z\u0131<\/strong>\u00a0| 320 mm \/ sn.<\/div><div><strong>\u2713\u00a0\u00c7evirme Tahrik Sistemi<\/strong>\u00a0| 4 kW red\u00fckt\u00f6r<\/div><div>\u00a0<\/div><div>\u00a0<\/div>\t\t\t\t\t\t<\/div>\n\t\t\t\t<\/div>\n\t\t\t\t\t<\/div>\n\t\t<\/div>\n\t\t\t\t<div class=\"elementor-column elementor-col-50 elementor-top-column elementor-element elementor-element-f09e219\" data-id=\"f09e219\" data-element_type=\"column\">\n\t\t\t<div class=\"elementor-widget-wrap elementor-element-populated\">\n\t\t\t\t\t\t<div class=\"elementor-element elementor-element-fee7720 elementor-widget elementor-widget-text-editor\" data-id=\"fee7720\" data-element_type=\"widget\" data-widget_type=\"text-editor.default\">\n\t\t\t\t<div class=\"elementor-widget-container\">\n\t\t\t\t\t\t\t<div><strong>\u2713\u00a0\u00c7evirme Kald\u0131rma Sistemi\u00a0<\/strong>\u00a0| Hidrolik<\/div><div><strong>\u2713\u00a0Kanca Tahrik Sistemi\u00a0<\/strong>\u00a0| Hidrolik<\/div><div><strong>\u2713\u00a0Araba \u0130lerleme H\u0131z\u0131<\/strong>\u00a0| 90 mt \/ dk.<\/div><div><strong>\u2713 Schmiersystem<\/strong>\u00a0| Zaman Ayarl\u0131<\/div><div><strong>\u2713\u00a0Hidrolik \u00dcnite Motoru<\/strong>\u00a0| 11 kW motor<\/div><div><strong>\u2713\u00a0Araba \/ Kumanda Aras\u0131 Elektrik Hatt\u0131<\/strong>\u00a0| Kablo Ta\u015f\u0131ma Makaral\u0131<\/div><div><strong>\u2713 Gewicht\u00a0 \u00a0\u00a0<\/strong>\u00a0| 7000 kg<\/div><div><strong>\u2713\u00a0Hidrolik Ya\u011f So\u011futma Sistemi<\/strong>\u00a0| Otomatik termostat, fanl\u0131 radyat\u00f6r sistemi<\/div><div><strong>\u2713 Abmessungen<\/strong>\u00a0| 650 X 210 X 200 cm (Uzunluk Geni\u015flik Y\u00fckseklik)<\/div>\t\t\t\t\t\t<\/div>\n\t\t\t\t<\/div>\n\t\t\t\t\t<\/div>\n\t\t<\/div>\n\t\t\t\t\t<\/div>\n\t\t<\/section>\n\t\t\t\t<\/div>","protected":false},"excerpt":{"rendered":"<p>F\u0130: 130 \/ HKD 4 TOMRUK ARABASI Teknik Detaylar \u2713\u00a0Tomruk \u00c7ap\u00a0| Max: 1150 mm\u2713\u00a0G\u00fcnl\u00fck Kapasite \/ Tomruk\u00a0| 40 m3\u2713\u00a0Ray \/ Uzunluk\u00a0| 18000 mm\u2713\u00a0Ray \/ Geni\u015flik\u00a0| 1330 mm\u2713\u00a0Kancalar Aras\u0131 Mesafe A\u00e7\u0131l\u0131m\u0131\u00a0| Max: 1020 mm\u2713\u00a0\u00c7izmeler Aras\u0131 Mesafe A\u00e7\u0131l\u0131m\u0131\u00a0| Max: 1020 mm\u2713\u00a0Dayama \/ Kanca Aras\u0131 Mesafe\u00a0\u00a0| Min: 35 mm Max: 145 mm\u2713\u00a0\u00c7izmeler Aras\u0131 Mesafe (merkez \u00f6l\u00e7\u00fcleri)\u00a0| 1150 \u20132250 [&hellip;]<\/p>","protected":false},"author":1,"featured_media":0,"parent":0,"menu_order":0,"comment_status":"closed","ping_status":"closed","template":"","meta":{"footnotes":""},"class_list":["post-6477","page","type-page","status-publish","hentry"],"_links":{"self":[{"href":"https:\/\/fimaksan.com\/de\/wp-json\/wp\/v2\/pages\/6477","targetHints":{"allow":["GET"]}}],"collection":[{"href":"https:\/\/fimaksan.com\/de\/wp-json\/wp\/v2\/pages"}],"about":[{"href":"https:\/\/fimaksan.com\/de\/wp-json\/wp\/v2\/types\/page"}],"author":[{"embeddable":true,"href":"https:\/\/fimaksan.com\/de\/wp-json\/wp\/v2\/users\/1"}],"replies":[{"embeddable":true,"href":"https:\/\/fimaksan.com\/de\/wp-json\/wp\/v2\/comments?post=6477"}],"version-history":[{"count":13,"href":"https:\/\/fimaksan.com\/de\/wp-json\/wp\/v2\/pages\/6477\/revisions"}],"predecessor-version":[{"id":6799,"href":"https:\/\/fimaksan.com\/de\/wp-json\/wp\/v2\/pages\/6477\/revisions\/6799"}],"wp:attachment":[{"href":"https:\/\/fimaksan.com\/de\/wp-json\/wp\/v2\/media?parent=6477"}],"curies":[{"name":"wp","href":"https:\/\/api.w.org\/{rel}","templated":true}]}}