{"id":6270,"date":"2023-04-12T15:11:32","date_gmt":"2023-04-12T12:11:32","guid":{"rendered":"https:\/\/www.hilkomyazilim.com.tr\/fimaksan\/?page_id=6270"},"modified":"2023-04-14T12:33:58","modified_gmt":"2023-04-14T09:33:58","slug":"fi-120-tahta-yarma-dikey-markol","status":"publish","type":"page","link":"https:\/\/fimaksan.com\/de\/fi-120-tahta-yarma-dikey-markol\/","title":{"rendered":"F\u0130.120 Holz spalten \/ VERTIKALE MARKOL"},"content":{"rendered":"<div data-elementor-type=\"wp-page\" data-elementor-id=\"6270\" class=\"elementor elementor-6270\">\n\t\t\t\t\t\t<section class=\"elementor-section elementor-top-section elementor-element elementor-element-5ebe371 elementor-section-stretched elementor-section-boxed elementor-section-height-default elementor-section-height-default\" data-id=\"5ebe371\" data-element_type=\"section\" data-settings=\"{&quot;stretch_section&quot;:&quot;section-stretched&quot;}\">\n\t\t\t\t\t\t<div class=\"elementor-container elementor-column-gap-default\">\n\t\t\t\t\t<div class=\"elementor-column elementor-col-33 elementor-top-column elementor-element elementor-element-5c61c98\" data-id=\"5c61c98\" data-element_type=\"column\">\n\t\t\t<div class=\"elementor-widget-wrap\">\n\t\t\t\t\t\t\t<\/div>\n\t\t<\/div>\n\t\t\t\t<div class=\"elementor-column elementor-col-33 elementor-top-column elementor-element elementor-element-66365aa\" data-id=\"66365aa\" data-element_type=\"column\">\n\t\t\t<div class=\"elementor-widget-wrap elementor-element-populated\">\n\t\t\t\t\t\t<div class=\"elementor-element elementor-element-e56303a elementor-widget elementor-widget-text-editor\" data-id=\"e56303a\" data-element_type=\"widget\" data-widget_type=\"text-editor.default\">\n\t\t\t\t<div class=\"elementor-widget-container\">\n\t\t\t\t\t\t\t<div>FI: 120 \/ HDG M HYDRAULISCHE VERTIKALE KAROSSERIE MARKOL<\/div>\t\t\t\t\t\t<\/div>\n\t\t\t\t<\/div>\n\t\t\t\t<div class=\"elementor-element elementor-element-5b014cb elementor-widget elementor-widget-image\" data-id=\"5b014cb\" data-element_type=\"widget\" data-widget_type=\"image.default\">\n\t\t\t\t<div class=\"elementor-widget-container\">\n\t\t\t\t\t\t\t\t\t\t\t\t\t<img fetchpriority=\"high\" decoding=\"async\" width=\"500\" height=\"500\" src=\"https:\/\/fimaksan.com\/wp-content\/uploads\/2023\/04\/Adsiz-tasarim-11.png\" class=\"attachment-large size-large wp-image-6687\" alt=\"\" srcset=\"https:\/\/fimaksan.com\/wp-content\/uploads\/2023\/04\/Adsiz-tasarim-11.png 500w, https:\/\/fimaksan.com\/wp-content\/uploads\/2023\/04\/Adsiz-tasarim-11-300x300.png 300w, https:\/\/fimaksan.com\/wp-content\/uploads\/2023\/04\/Adsiz-tasarim-11-150x150.png 150w, https:\/\/fimaksan.com\/wp-content\/uploads\/2023\/04\/Adsiz-tasarim-11-100x100.png 100w\" sizes=\"(max-width: 500px) 100vw, 500px\" \/>\t\t\t\t\t\t\t\t\t\t\t\t\t<\/div>\n\t\t\t\t<\/div>\n\t\t\t\t\t<\/div>\n\t\t<\/div>\n\t\t\t\t<div class=\"elementor-column elementor-col-33 elementor-top-column elementor-element elementor-element-6aca3ed\" data-id=\"6aca3ed\" data-element_type=\"column\">\n\t\t\t<div class=\"elementor-widget-wrap\">\n\t\t\t\t\t\t\t<\/div>\n\t\t<\/div>\n\t\t\t\t\t<\/div>\n\t\t<\/section>\n\t\t\t\t<section class=\"elementor-section elementor-top-section elementor-element elementor-element-6ea0b13 elementor-section-boxed elementor-section-height-default elementor-section-height-default\" data-id=\"6ea0b13\" data-element_type=\"section\">\n\t\t\t\t\t\t<div class=\"elementor-container elementor-column-gap-default\">\n\t\t\t\t\t<div class=\"elementor-column elementor-col-100 elementor-top-column elementor-element elementor-element-ac2d3cb\" data-id=\"ac2d3cb\" data-element_type=\"column\">\n\t\t\t<div class=\"elementor-widget-wrap elementor-element-populated\">\n\t\t\t\t\t\t<div class=\"elementor-element elementor-element-114fc44 elementor-widget elementor-widget-creote-heading-v2\" data-id=\"114fc44\" data-element_type=\"widget\" data-widget_type=\"creote-heading-v2.default\">\n\t\t\t\t<div class=\"elementor-widget-container\">\n\t\t\t<div class=\"heading type_one text_center\">  <div class=\"small_text\">    Technische Details <\/div>    <\/div>\r\n\t\t<\/div>\n\t\t\t\t<\/div>\n\t\t\t\t\t<\/div>\n\t\t<\/div>\n\t\t\t\t\t<\/div>\n\t\t<\/section>\n\t\t\t\t<section class=\"elementor-section elementor-top-section elementor-element elementor-element-52d2015 elementor-section-stretched elementor-section-boxed elementor-section-height-default elementor-section-height-default\" data-id=\"52d2015\" data-element_type=\"section\" data-settings=\"{&quot;stretch_section&quot;:&quot;section-stretched&quot;}\">\n\t\t\t\t\t\t<div class=\"elementor-container elementor-column-gap-default\">\n\t\t\t\t\t<div class=\"elementor-column elementor-col-50 elementor-top-column elementor-element elementor-element-601c78c\" data-id=\"601c78c\" data-element_type=\"column\">\n\t\t\t<div class=\"elementor-widget-wrap elementor-element-populated\">\n\t\t\t\t\t\t<div class=\"elementor-element elementor-element-b561d58 elementor-widget elementor-widget-text-editor\" data-id=\"b561d58\" data-element_type=\"widget\" data-widget_type=\"text-editor.default\">\n\t\t\t\t<div class=\"elementor-widget-container\">\n\t\t\t\t\t\t\t<div><strong>\u2713 Schwungraddurchmesser<\/strong>\u00a0| 1200 mm (120 cm)<\/div>\n\n<div><strong>\u2713 <\/strong><strong>Schwungradbreite<\/strong>\u00a0| 140 mm (14 cm)<\/div>\n\n<div><strong>\u2713 Maximale Schnittbreite<\/strong>\u00a0| 350 mm (35 cm)<\/div>\n\n<div><strong>\u2713 Maximale Arbeitsbreite<\/strong>\u00a0| 730 mm (73 cm)<\/div>\n\n<div><strong>\u2713 Minimale Schnitth\u00f6he<\/strong>\u00a0| 20 mm (2 cm)<\/div>\n\n<div><strong>\u2713 Maximale Schnitth\u00f6he<\/strong>\u00a0| 550 mm (55 cm)<\/div>\n\n<div><strong>\u2713 Fortschrittssystem<\/strong>\u00a0| 0 \u2013 60 m\/Min.<\/div>\n\n<div><strong>\u2713 Hauptmaschine<\/strong>\u00a0| 37 kW \/ 50 PS \/ 1400 D<\/div>\n\n<div><strong>\u2713 S\u00e4gespanner<\/strong>\u00a0| Hydrauliksystem Kolben<\/div>\n\n<div><strong>\u2713 S\u00e4ged\u00fcseneinstellung (Spalt)<\/strong>\u00a0| Hydrauliksystem Kolben<\/div>\n\n<div><strong>\u2713 Leistung der Hydraulikeinheit<\/strong>\u00a0| 4+4 KW<\/div>\n\n<div><strong>\u2713 Gewicht<\/strong>\u00a0| 5800 Kilo<\/div>\t\t\t\t\t\t<\/div>\n\t\t\t\t<\/div>\n\t\t\t\t\t<\/div>\n\t\t<\/div>\n\t\t\t\t<div class=\"elementor-column elementor-col-50 elementor-top-column elementor-element elementor-element-9f08ac6\" data-id=\"9f08ac6\" data-element_type=\"column\">\n\t\t\t<div class=\"elementor-widget-wrap elementor-element-populated\">\n\t\t\t\t\t\t<div class=\"elementor-element elementor-element-5f41a96 elementor-widget elementor-widget-text-editor\" data-id=\"5f41a96\" data-element_type=\"widget\" data-widget_type=\"text-editor.default\">\n\t\t\t\t<div class=\"elementor-widget-container\">\n\t\t\t\t\t\t\t<div><strong>\u2713 Messsystem<\/strong>\u00a0| Digitales Farb-Touchpanel + SPS (18 fertige Messungen im Speicher gespeichert)<\/div>\n\n<div><strong>\u2713 Obere und untere Lager<\/strong>\u00a0|\u00a0<strong>SKF-C3<\/strong><\/div>\n\n<div><strong>\u2713\u00a0<\/strong>\u00a0<strong>Maximale Streifenl\u00e4nge<\/strong>\u00a0| 140 x 1,2 x 9350 mm<\/div>\n\n<div><strong>\u2713 Mindeststreifenl\u00e4nge<\/strong>\u00a0| 140 x 1,2 x 8950 mm<\/div>\n\n<div><strong>\u2713 Betankungssystem<\/strong>\u00a0| Automatisches System (zeitangepasst)<\/div>\n\n<div><strong>\u2713 Sterndreieck-Schalttafel<\/strong>\u00a0| Einschlie\u00dflich (<strong>Siemens-Material<\/strong>, je nach Maschine)\n<\/div>\n<div><strong>\u2713 Riemenscheibensystem <\/strong>\u00a0| Einschlie\u00dflich (<strong>Typ Flender<\/strong>\u00a0je nach Motor und Riemenscheiben)<\/div>\n\n<div><strong>\u2713 Maschinenschmiersystem<\/strong>\u00a0| Manuell (Manuelle Schmierung. Fett)<\/div>\n\n<div><strong>\u2713 Abmessungen<\/strong>\u00a0| 300 x 120 x 350 cm (L\u00e4nge Breite H\u00f6he)<\/div>\n\n<div><strong>\u2713 Hydraulisches K\u00fchlsystem<\/strong>\u00a0| Automatisches Thermostat-Ventilator-K\u00fchlersystem<\/div>\t\t\t\t\t\t<\/div>\n\t\t\t\t<\/div>\n\t\t\t\t\t<\/div>\n\t\t<\/div>\n\t\t\t\t\t<\/div>\n\t\t<\/section>\n\t\t\t\t<\/div>","protected":false},"excerpt":{"rendered":"<p>F\u0130: 120 \/ HDG M\u00a0H\u0130DROL\u0130K D\u0130K G\u00d6VDE MARKOL Teknik Detaylar \u2713\u00a0Volant \u00c7ap\u00a0| 1200 mm\u00a0 (120 cm) \u2713 Volant Geni\u015flik\u00a0| 140 mm \u00a0 (14 cm) \u2713\u00a0Maksimum Kesme Geni\u015flik\u00a0| 350 mm (35 cm) \u2713\u00a0Maksimum \u00c7al\u0131\u015fma Geni\u015flik\u00a0| 730 mm\u00a0 (73 cm) \u2713\u00a0Minimum Kesme Y\u00fckseklik\u00a0| 20 mm \u00a0 (2 cm) \u2713\u00a0Maksimum Kesme Y\u00fckseklik\u00a0| 550 mm (55 cm) \u2713\u00a0\u0130lerleme Sistemi\u00a0| [&hellip;]<\/p>","protected":false},"author":1,"featured_media":0,"parent":0,"menu_order":0,"comment_status":"closed","ping_status":"closed","template":"","meta":{"footnotes":""},"class_list":["post-6270","page","type-page","status-publish","hentry"],"_links":{"self":[{"href":"https:\/\/fimaksan.com\/de\/wp-json\/wp\/v2\/pages\/6270","targetHints":{"allow":["GET"]}}],"collection":[{"href":"https:\/\/fimaksan.com\/de\/wp-json\/wp\/v2\/pages"}],"about":[{"href":"https:\/\/fimaksan.com\/de\/wp-json\/wp\/v2\/types\/page"}],"author":[{"embeddable":true,"href":"https:\/\/fimaksan.com\/de\/wp-json\/wp\/v2\/users\/1"}],"replies":[{"embeddable":true,"href":"https:\/\/fimaksan.com\/de\/wp-json\/wp\/v2\/comments?post=6270"}],"version-history":[{"count":10,"href":"https:\/\/fimaksan.com\/de\/wp-json\/wp\/v2\/pages\/6270\/revisions"}],"predecessor-version":[{"id":6760,"href":"https:\/\/fimaksan.com\/de\/wp-json\/wp\/v2\/pages\/6270\/revisions\/6760"}],"wp:attachment":[{"href":"https:\/\/fimaksan.com\/de\/wp-json\/wp\/v2\/media?parent=6270"}],"curies":[{"name":"wp","href":"https:\/\/api.w.org\/{rel}","templated":true}]}}