{"id":6265,"date":"2023-04-12T15:10:53","date_gmt":"2023-04-12T12:10:53","guid":{"rendered":"https:\/\/www.hilkomyazilim.com.tr\/fimaksan\/?page_id=6265"},"modified":"2023-04-14T12:32:13","modified_gmt":"2023-04-14T09:32:13","slug":"fi-100-tahta-yarma-dikey-markol","status":"publish","type":"page","link":"https:\/\/fimaksan.com\/de\/fi-100-tahta-yarma-dikey-markol\/","title":{"rendered":"FI.100 Holzspalten \/ VERTIKALE MARKOL"},"content":{"rendered":"<div data-elementor-type=\"wp-page\" data-elementor-id=\"6265\" class=\"elementor elementor-6265\">\n\t\t\t\t\t\t<section class=\"elementor-section elementor-top-section elementor-element elementor-element-d2dde04 elementor-section-stretched elementor-section-boxed elementor-section-height-default elementor-section-height-default\" data-id=\"d2dde04\" data-element_type=\"section\" data-settings=\"{&quot;stretch_section&quot;:&quot;section-stretched&quot;}\">\n\t\t\t\t\t\t<div class=\"elementor-container elementor-column-gap-default\">\n\t\t\t\t\t<div class=\"elementor-column elementor-col-33 elementor-top-column elementor-element elementor-element-92a1ac0\" data-id=\"92a1ac0\" data-element_type=\"column\">\n\t\t\t<div class=\"elementor-widget-wrap\">\n\t\t\t\t\t\t\t<\/div>\n\t\t<\/div>\n\t\t\t\t<div class=\"elementor-column elementor-col-33 elementor-top-column elementor-element elementor-element-8ce07d8\" data-id=\"8ce07d8\" data-element_type=\"column\">\n\t\t\t<div class=\"elementor-widget-wrap elementor-element-populated\">\n\t\t\t\t\t\t<div class=\"elementor-element elementor-element-2470b32 elementor-widget elementor-widget-text-editor\" data-id=\"2470b32\" data-element_type=\"widget\" data-widget_type=\"text-editor.default\">\n\t\t\t\t<div class=\"elementor-widget-container\">\n\t\t\t\t\t\t\t<div>FI: 100 \/ HDG M HYDRAULISCHER VERTIKALKAROSSERIE \/ MARKOL\u00a0<\/div>\t\t\t\t\t\t<\/div>\n\t\t\t\t<\/div>\n\t\t\t\t<div class=\"elementor-element elementor-element-ab8e131 elementor-widget elementor-widget-image\" data-id=\"ab8e131\" data-element_type=\"widget\" data-widget_type=\"image.default\">\n\t\t\t\t<div class=\"elementor-widget-container\">\n\t\t\t\t\t\t\t\t\t\t\t\t\t<img fetchpriority=\"high\" decoding=\"async\" width=\"500\" height=\"500\" src=\"https:\/\/fimaksan.com\/wp-content\/uploads\/2023\/04\/Adsiz-tasarim-10-1.png\" class=\"attachment-large size-large wp-image-6686\" alt=\"\" srcset=\"https:\/\/fimaksan.com\/wp-content\/uploads\/2023\/04\/Adsiz-tasarim-10-1.png 500w, https:\/\/fimaksan.com\/wp-content\/uploads\/2023\/04\/Adsiz-tasarim-10-1-300x300.png 300w, https:\/\/fimaksan.com\/wp-content\/uploads\/2023\/04\/Adsiz-tasarim-10-1-150x150.png 150w, https:\/\/fimaksan.com\/wp-content\/uploads\/2023\/04\/Adsiz-tasarim-10-1-100x100.png 100w\" sizes=\"(max-width: 500px) 100vw, 500px\" \/>\t\t\t\t\t\t\t\t\t\t\t\t\t<\/div>\n\t\t\t\t<\/div>\n\t\t\t\t\t<\/div>\n\t\t<\/div>\n\t\t\t\t<div class=\"elementor-column elementor-col-33 elementor-top-column elementor-element elementor-element-39237a4\" data-id=\"39237a4\" data-element_type=\"column\">\n\t\t\t<div class=\"elementor-widget-wrap\">\n\t\t\t\t\t\t\t<\/div>\n\t\t<\/div>\n\t\t\t\t\t<\/div>\n\t\t<\/section>\n\t\t\t\t<section class=\"elementor-section elementor-top-section elementor-element elementor-element-7a22a49 elementor-section-boxed elementor-section-height-default elementor-section-height-default\" data-id=\"7a22a49\" data-element_type=\"section\">\n\t\t\t\t\t\t<div class=\"elementor-container elementor-column-gap-default\">\n\t\t\t\t\t<div class=\"elementor-column elementor-col-100 elementor-top-column elementor-element elementor-element-1c05326\" data-id=\"1c05326\" data-element_type=\"column\">\n\t\t\t<div class=\"elementor-widget-wrap elementor-element-populated\">\n\t\t\t\t\t\t<div class=\"elementor-element elementor-element-3e6ae09 elementor-widget elementor-widget-creote-heading-v2\" data-id=\"3e6ae09\" data-element_type=\"widget\" data-widget_type=\"creote-heading-v2.default\">\n\t\t\t\t<div class=\"elementor-widget-container\">\n\t\t\t<div class=\"heading type_one text_center\">  <div class=\"small_text\">    Technische Details <\/div>    <\/div>\r\n\t\t<\/div>\n\t\t\t\t<\/div>\n\t\t\t\t\t<\/div>\n\t\t<\/div>\n\t\t\t\t\t<\/div>\n\t\t<\/section>\n\t\t\t\t<section class=\"elementor-section elementor-top-section elementor-element elementor-element-73ab85c elementor-section-stretched elementor-section-boxed elementor-section-height-default elementor-section-height-default\" data-id=\"73ab85c\" data-element_type=\"section\" data-settings=\"{&quot;stretch_section&quot;:&quot;section-stretched&quot;}\">\n\t\t\t\t\t\t<div class=\"elementor-container elementor-column-gap-default\">\n\t\t\t\t\t<div class=\"elementor-column elementor-col-50 elementor-top-column elementor-element elementor-element-00757b0\" data-id=\"00757b0\" data-element_type=\"column\">\n\t\t\t<div class=\"elementor-widget-wrap elementor-element-populated\">\n\t\t\t\t\t\t<div class=\"elementor-element elementor-element-ff7a938 elementor-widget elementor-widget-text-editor\" data-id=\"ff7a938\" data-element_type=\"widget\" data-widget_type=\"text-editor.default\">\n\t\t\t\t<div class=\"elementor-widget-container\">\n\t\t\t\t\t\t\t<div><strong>\u2713 Schwungraddurchmesser<\/strong>\u00a0| 1000 mm (100 cm)<\/div>\n\n<div><strong>\u2713 Schwungradbreite<\/strong>\u00a0| 120 mm (12 cm)<\/div>\n\n<div><strong>\u2713 Schnittbreite<\/strong>\u00a0| Min.: 10 mm (10 cm) Max.: 250 mm (25 cm)<\/div>\n\n<div><strong>\u2713 Arbeitsbreite<\/strong>\u00a0| Maximal: 555 mm (55,5 cm)\n<\/div>\n\n<div><strong>\u2713 Schnitth\u00f6he<\/strong>\u00a0| Min.: 20 mm (2 cm) Max.: 475 mm (47,5 cm)<\/div>\n\n<div><strong>\u2713 Fortschrittssystem<\/strong>\u00a0| 0 \u2013 60 m\/Min<\/div>\n\n<div><strong>\u2713 Hauptmaschine<\/strong>\u00a0| 30 kW \/ 40 PS \/ 1400 d<\/div>\n\n<div><strong>\u2713 S\u00e4gespanner<\/strong>\u00a0| Hydrauliksystem Kolben<\/div>\n\n<div><strong>\u2713 S\u00e4ged\u00fcseneinstellung (Spalt)<\/strong>\u00a0| Hydrauliksystem \u2013 Kolben<\/div>\n\n<div><strong>\u2713 Gewicht<\/strong>\u00a0| 3800 Kilo.<\/div>\n\n<div><strong>\u2713 Obere und untere Lager<\/strong>\u00a0| SKF-C3<\/div>\t\t\t\t\t\t<\/div>\n\t\t\t\t<\/div>\n\t\t\t\t\t<\/div>\n\t\t<\/div>\n\t\t\t\t<div class=\"elementor-column elementor-col-50 elementor-top-column elementor-element elementor-element-1bc832f\" data-id=\"1bc832f\" data-element_type=\"column\">\n\t\t\t<div class=\"elementor-widget-wrap elementor-element-populated\">\n\t\t\t\t\t\t<div class=\"elementor-element elementor-element-556dfa5 elementor-widget elementor-widget-text-editor\" data-id=\"556dfa5\" data-element_type=\"widget\" data-widget_type=\"text-editor.default\">\n\t\t\t\t<div class=\"elementor-widget-container\">\n\t\t\t\t\t\t\t<div><strong>\u2713 Messsystem<\/strong>\u00a0| Digitalanzeige Farb-Touchpanel + SPS-Steuerung (18 St\u00fcck speicherbereite Messungen)<\/div>\n\n<div><strong>\u2713 Abisolierl\u00e4nge max.<\/strong>\u00a0| Maximal: 120 x 1,0 x 8150 mm<\/div>\n\n<div><strong>\u2713 Abisolierl\u00e4nge min.<\/strong>\u00a0| Min.: 80 x 1,0 x 7900 mm<\/div>\n\n<div><strong>\u2713 Betankungssystem<\/strong>\u00a0| Automatisches System (zeitangepasst)<\/div>\n\n<div><strong>\u2713 Schalttafel \/ Sterndreieck<\/strong>\u00a0| Inklusive (Siemens-Material, je nach Maschine)<\/div>\n\n<div><strong>\u2713 Riemenscheibensystem \/ Flender-Typ<\/strong>\u00a0| Inklusive (je nach Motor und Riemenscheiben)<\/div>\n\n<div><strong>\u2713 Maschinenschmiersystem<\/strong>\u00a0| Manuell (Manuelle Schmierung. Fett)<\/div>\n\n<div><strong>\u2713 Abmessungen\u00a0<\/strong>\u00a0| 3120 x 240 x 50 cm (L\u00e4nge, Breite, H\u00f6he)<\/div>\n\n<div><strong>\u2713 Hydraulisches K\u00fchlsystem<\/strong>\u00a0| Automatisches Thermostat-Ventilator-K\u00fchlersystem<\/div>\t\t\t\t\t\t<\/div>\n\t\t\t\t<\/div>\n\t\t\t\t\t<\/div>\n\t\t<\/div>\n\t\t\t\t\t<\/div>\n\t\t<\/section>\n\t\t\t\t<\/div>","protected":false},"excerpt":{"rendered":"<p>F\u0130: 100 \/ HDG M H\u0130DROL\u0130K D\u0130K G\u00d6VDE \/ MARKOL\u00a0 Teknik Detaylar \u2713\u00a0Volan \u00c7ap\u00a0| 1000 mm\u00a0 (100 cm) \u2713\u00a0Volan Geni\u015flik\u00a0| 120 mm \u00a0 (12 cm) \u2713\u00a0Kesme Geni\u015flik\u00a0| Min: 10 mm (10 cm) Max: 250 mm (25 cm) \u2713\u00a0\u00c7al\u0131\u015fma Geni\u015flik\u00a0| Max: 555 mm\u00a0 (55,5 cm) \u2713\u00a0Kesme Y\u00fckseklik\u00a0| Min: 20 mm (2 cm) Max: 475 mm (47,5 [&hellip;]<\/p>","protected":false},"author":1,"featured_media":0,"parent":0,"menu_order":0,"comment_status":"closed","ping_status":"closed","template":"","meta":{"footnotes":""},"class_list":["post-6265","page","type-page","status-publish","hentry"],"_links":{"self":[{"href":"https:\/\/fimaksan.com\/de\/wp-json\/wp\/v2\/pages\/6265","targetHints":{"allow":["GET"]}}],"collection":[{"href":"https:\/\/fimaksan.com\/de\/wp-json\/wp\/v2\/pages"}],"about":[{"href":"https:\/\/fimaksan.com\/de\/wp-json\/wp\/v2\/types\/page"}],"author":[{"embeddable":true,"href":"https:\/\/fimaksan.com\/de\/wp-json\/wp\/v2\/users\/1"}],"replies":[{"embeddable":true,"href":"https:\/\/fimaksan.com\/de\/wp-json\/wp\/v2\/comments?post=6265"}],"version-history":[{"count":10,"href":"https:\/\/fimaksan.com\/de\/wp-json\/wp\/v2\/pages\/6265\/revisions"}],"predecessor-version":[{"id":6757,"href":"https:\/\/fimaksan.com\/de\/wp-json\/wp\/v2\/pages\/6265\/revisions\/6757"}],"wp:attachment":[{"href":"https:\/\/fimaksan.com\/de\/wp-json\/wp\/v2\/media?parent=6265"}],"curies":[{"name":"wp","href":"https:\/\/api.w.org\/{rel}","templated":true}]}}