{"id":6247,"date":"2023-04-12T15:01:46","date_gmt":"2023-04-12T12:01:46","guid":{"rendered":"https:\/\/www.hilkomyazilim.com.tr\/fimaksan\/?page_id=6247"},"modified":"2023-04-14T12:28:12","modified_gmt":"2023-04-14T09:28:12","slug":"fi-140-tandem-serit-tomruk-bickisi","status":"publish","type":"page","link":"https:\/\/fimaksan.com\/de\/fi-140-tandem-serit-tomruk-bickisi\/","title":{"rendered":"F\u0130.140 Tandem \u015eerit &#8211; Tomruk B\u0131\u00e7k\u0131s\u0131"},"content":{"rendered":"<div data-elementor-type=\"wp-page\" data-elementor-id=\"6247\" class=\"elementor elementor-6247\">\n\t\t\t\t\t\t<section class=\"elementor-section elementor-top-section elementor-element elementor-element-a692d54 elementor-section-stretched elementor-section-boxed elementor-section-height-default elementor-section-height-default\" data-id=\"a692d54\" data-element_type=\"section\" data-settings=\"{&quot;stretch_section&quot;:&quot;section-stretched&quot;}\">\n\t\t\t\t\t\t<div class=\"elementor-container elementor-column-gap-default\">\n\t\t\t\t\t<div class=\"elementor-column elementor-col-33 elementor-top-column elementor-element elementor-element-c1a48f9\" data-id=\"c1a48f9\" data-element_type=\"column\">\n\t\t\t<div class=\"elementor-widget-wrap\">\n\t\t\t\t\t\t\t<\/div>\n\t\t<\/div>\n\t\t\t\t<div class=\"elementor-column elementor-col-33 elementor-top-column elementor-element elementor-element-5a4d816\" data-id=\"5a4d816\" data-element_type=\"column\">\n\t\t\t<div class=\"elementor-widget-wrap elementor-element-populated\">\n\t\t\t\t\t\t<div class=\"elementor-element elementor-element-ee56427 elementor-widget elementor-widget-text-editor\" data-id=\"ee56427\" data-element_type=\"widget\" data-widget_type=\"text-editor.default\">\n\t\t\t\t<div class=\"elementor-widget-container\">\n\t\t\t\t\t\t\t<p>F\u0130.140 \/ HDG-T HYDRAULISCHER VERTIKALER K\u00d6RPERGURT \u2013 TANDEMSYSTEM<\/p>\t\t\t\t\t\t<\/div>\n\t\t\t\t<\/div>\n\t\t\t\t<div class=\"elementor-element elementor-element-a5825b8 elementor-widget elementor-widget-creote-simple-image-box-v1\" data-id=\"a5825b8\" data-element_type=\"widget\" data-widget_type=\"creote-simple-image-box-v1.default\">\n\t\t\t\t<div class=\"elementor-widget-container\">\n\t\t\t<div class=\"simple_image_boxes\"   data-aos=\"fade-up\" data-aos-delay=\"0\"  data-aos-offset=\"0\" >\r\n   <img decoding=\"async\" src=\"https:\/\/fimaksan.com\/\/wp-content\/uploads\/2023\/04\/Adsiz-tasarim-9.png\" class=\"simp_img\" alt=\"\" \/>\r\n<\/div>\r\n\t\t<\/div>\n\t\t\t\t<\/div>\n\t\t\t\t\t<\/div>\n\t\t<\/div>\n\t\t\t\t<div class=\"elementor-column elementor-col-33 elementor-top-column elementor-element elementor-element-779c402\" data-id=\"779c402\" data-element_type=\"column\">\n\t\t\t<div class=\"elementor-widget-wrap\">\n\t\t\t\t\t\t\t<\/div>\n\t\t<\/div>\n\t\t\t\t\t<\/div>\n\t\t<\/section>\n\t\t\t\t<section class=\"elementor-section elementor-top-section elementor-element elementor-element-839e147 elementor-section-boxed elementor-section-height-default elementor-section-height-default\" data-id=\"839e147\" data-element_type=\"section\">\n\t\t\t\t\t\t<div class=\"elementor-container elementor-column-gap-default\">\n\t\t\t\t\t<div class=\"elementor-column elementor-col-100 elementor-top-column elementor-element elementor-element-fc6818c\" data-id=\"fc6818c\" data-element_type=\"column\">\n\t\t\t<div class=\"elementor-widget-wrap elementor-element-populated\">\n\t\t\t\t\t\t<div class=\"elementor-element elementor-element-70f5e91 elementor-widget elementor-widget-creote-heading-v2\" data-id=\"70f5e91\" data-element_type=\"widget\" data-widget_type=\"creote-heading-v2.default\">\n\t\t\t\t<div class=\"elementor-widget-container\">\n\t\t\t<div class=\"heading type_one text_center\">  <div class=\"small_text\">    Technische Details <\/div>    <\/div>\r\n\t\t<\/div>\n\t\t\t\t<\/div>\n\t\t\t\t\t<\/div>\n\t\t<\/div>\n\t\t\t\t\t<\/div>\n\t\t<\/section>\n\t\t\t\t<section class=\"elementor-section elementor-top-section elementor-element elementor-element-5aacca0 elementor-section-stretched elementor-section-boxed elementor-section-height-default elementor-section-height-default\" data-id=\"5aacca0\" data-element_type=\"section\" data-settings=\"{&quot;stretch_section&quot;:&quot;section-stretched&quot;}\">\n\t\t\t\t\t\t<div class=\"elementor-container elementor-column-gap-default\">\n\t\t\t\t\t<div class=\"elementor-column elementor-col-50 elementor-top-column elementor-element elementor-element-a11a93f\" data-id=\"a11a93f\" data-element_type=\"column\">\n\t\t\t<div class=\"elementor-widget-wrap elementor-element-populated\">\n\t\t\t\t\t\t<div class=\"elementor-element elementor-element-96853c8 elementor-widget elementor-widget-text-editor\" data-id=\"96853c8\" data-element_type=\"widget\" data-widget_type=\"text-editor.default\">\n\t\t\t\t<div class=\"elementor-widget-container\">\n\t\t\t\t\t\t\t<div><strong>\u2713\u00a0<\/strong>\u00a0<strong>Schwungraddurchmesser<\/strong>\u00a0 | 1400mm<\/div>\n\n<div><strong>\u2713 Schwungradbreite <\/strong>\u00a0| 180mm<\/div>\n\n<div><strong>\u2713 <\/strong><strong>Maximale Arbeitsh\u00f6he\u00a0<\/strong>| 1500mm<\/div>\n\n<div><strong>\u2713 Maximale Schnitth\u00f6he\u00a0 \u00a0<\/strong>| 700mm<\/div>\n\n<div><strong>\u2713 Maximale Arbeitsbreite\u00a0 \u00a0<\/strong>| 700mm<\/div>\n\n<div><strong>\u2713 Minimale Schnitth\u00f6he\u00a0 \u00a0 \u00a0<\/strong>| 20mm<\/div>\n\n<div><strong>\u2713 <\/strong><strong>HAUPTMOTOR X 2<\/strong>\u00a0|\u00a0\u00a0<strong>55 kW, 74 PS \/ 1400 U\/min (75 kW, 100 PS; Optional) X 2<\/strong><\/div>\n\n<div><strong>\u2713 S\u00e4gespanner <\/strong>\u00a0| Hydrauliksystem mit Kolben<\/div>\n\n<div><strong>\u2713 <\/strong><strong>S\u00e4ged\u00fcseneinstellung (Spalt)\u00a0<\/strong>\u00a0| Hydrauliksystem mit Kolben<\/div>\n\n<div><strong>\u2713 Obere und untere Lager <\/strong>|\u00a0<strong>SKF-C3<\/strong><\/div>\n\n<div><strong>\u2713 Maximale Bands\u00e4genl\u00e4nge <\/strong>| 180 x 1,4 x 10700 mm<\/div>\n\n<div><strong>\u2713 <\/strong><strong>Mindestl\u00e4nge der Bands\u00e4ge\u00a0\u00a0<\/strong>| 140 x 1,2 x 10350 mm<\/div>\n\n<div><strong>\u2713 Betankungssystem<\/strong>|\u00a0 \u00a0\u00a0<strong>Automatisches System (mit Taste)<\/strong><\/div>\t\t\t\t\t\t<\/div>\n\t\t\t\t<\/div>\n\t\t\t\t\t<\/div>\n\t\t<\/div>\n\t\t\t\t<div class=\"elementor-column elementor-col-50 elementor-top-column elementor-element elementor-element-1892964\" data-id=\"1892964\" data-element_type=\"column\">\n\t\t\t<div class=\"elementor-widget-wrap elementor-element-populated\">\n\t\t\t\t\t\t<div class=\"elementor-element elementor-element-58e226c elementor-widget elementor-widget-text-editor\" data-id=\"58e226c\" data-element_type=\"widget\" data-widget_type=\"text-editor.default\">\n\t\t\t\t<div class=\"elementor-widget-container\">\n\t\t\t\t\t\t\t<div><strong>\u2713 Riemenscheibenlager-Schmiersystem<\/strong>\u00a0| Manuelles Schmier\u00f6l<\/div>\n\n<div><strong>\u2713 Sterndreieck-Schalttafel<\/strong>\u00a0| Einschlie\u00dflich (\u00a0<strong>Siemens-Material<\/strong>, an die Maschine angeschlossen<\/div>\n<div>\n<strong>\u2713 Riemenscheibensystem<\/strong>\u00a0| Einschlie\u00dflich (<strong>Typ Flender\u00a0<\/strong>je nach Motor\/Riemenscheiben)<\/div>\n\n<div><strong>\u2713 Maschinenk\u00f6rperstruktur <\/strong>| Dickwandiger Korpus aus Stahl<\/div>\n\n<div><strong>\u2713 Maschinenunterschlittenstruktur (Tandembewegung)<\/strong>\u00a0| Linearf\u00fchrung und lineares Schraubensystem<\/div>\n\n<div><strong>\u2713 Tandem-Streifenpositionierung<\/strong>\u00a0| Farb-Touchpanel, SPS-Steuerung<\/div>\n\n<div><strong>\u2713 Gewicht (Monoblock)<\/strong>\u00a0| 14.000 kg<\/div>\n\n<div><strong>\u2713 Feste Ma\u00dfb\u00e4nder<\/strong>\u00a0| 343 x 210 x 320 cm (L\u00e4nge Breite H\u00f6he)<\/div>\n\n<div><strong>\u2713 Tandem-Ma\u00dfb\u00e4nder<\/strong>\u00a0| 500 x 163 x 320 cm (L\u00e4nge Breite H\u00f6he)<\/div>\t\t\t\t\t\t<\/div>\n\t\t\t\t<\/div>\n\t\t\t\t\t<\/div>\n\t\t<\/div>\n\t\t\t\t\t<\/div>\n\t\t<\/section>\n\t\t\t\t<section class=\"elementor-section elementor-top-section elementor-element elementor-element-28b9775 elementor-section-stretched elementor-section-boxed elementor-section-height-default elementor-section-height-default\" data-id=\"28b9775\" data-element_type=\"section\" data-settings=\"{&quot;stretch_section&quot;:&quot;section-stretched&quot;}\">\n\t\t\t\t\t\t<div class=\"elementor-container elementor-column-gap-default\">\n\t\t\t\t\t<div class=\"elementor-column elementor-col-50 elementor-top-column elementor-element elementor-element-6cd6dfc\" data-id=\"6cd6dfc\" data-element_type=\"column\">\n\t\t\t<div class=\"elementor-widget-wrap elementor-element-populated\">\n\t\t\t\t\t\t<div class=\"elementor-element elementor-element-56e966d elementor-widget elementor-widget-creote-heading-v2\" data-id=\"56e966d\" data-element_type=\"widget\" data-widget_type=\"creote-heading-v2.default\">\n\t\t\t\t<div class=\"elementor-widget-container\">\n\t\t\t<div class=\"heading type_one text_center\">  <div class=\"small_text\">    WAS IST DAS FI.140 \/ HDG T TANDEM-BANDS\u00c4GESYSTEM? WAS IST DER NUTZEN? DOPPELTE LOG-S\u00c4GEN <\/div>    <\/div>\r\n\t\t<\/div>\n\t\t\t\t<\/div>\n\t\t\t\t<div class=\"elementor-element elementor-element-0da07e2 elementor-widget elementor-widget-text-editor\" data-id=\"0da07e2\" data-element_type=\"widget\" data-widget_type=\"text-editor.default\">\n\t\t\t\t<div class=\"elementor-widget-container\">\n\t\t\t\t\t\t\t<ul><li>Tandemband (doppelte Rundholzs\u00e4ge) nennt sich das System, das durch den synchronen Betrieb zweier getrennter Bandwebmaschinen hintereinander entstanden ist.\u00a0<\/li><li>Wenn die auf den Schneidwagen geladenen St\u00e4mme automatisch zu den Tandems\u00e4gen kommen, werden zwei Bretter\/H\u00f6lzer in einem Durchgang geschnitten, da die 2 Bands\u00e4gen in verschiedenen Gr\u00f6\u00dfen eingestellt sind. Verschiedene Schnittgr\u00f6\u00dfen k\u00f6nnen auf einmal eingestellt werden.\u00a0<\/li><li>Die bedienernahe erste (vordere) Bahn arbeitet mit Rechts-Links-Gr\u00f6\u00dfenverstellung und Bewegung. Die zweite (hintere) Bands\u00e4ge ist station\u00e4r.\u00a0<\/li><li>100 PS. Die Schwungradabstreifer der motorbetriebenen Streifen und das Betankungssystem werden von der Fahrerkabine aus mit einer Fernbedienung hergestellt. Das System wurde nach universellen Arbeitsbedingungen konzipiert. Optional hat es die M\u00f6glichkeit ohne Tandem zu arbeiten.\u00a0<\/li><\/ul>\t\t\t\t\t\t<\/div>\n\t\t\t\t<\/div>\n\t\t\t\t\t<\/div>\n\t\t<\/div>\n\t\t\t\t<div class=\"elementor-column elementor-col-50 elementor-top-column elementor-element elementor-element-f8da696\" data-id=\"f8da696\" data-element_type=\"column\">\n\t\t\t<div class=\"elementor-widget-wrap elementor-element-populated\">\n\t\t\t\t\t\t<div class=\"elementor-element elementor-element-713f294 elementor-widget elementor-widget-creote-simple-image-box-v1\" data-id=\"713f294\" data-element_type=\"widget\" data-widget_type=\"creote-simple-image-box-v1.default\">\n\t\t\t\t<div class=\"elementor-widget-container\">\n\t\t\t<div class=\"simple_image_boxes\"   data-aos=\"fade-up\" data-aos-delay=\"0\"  data-aos-offset=\"0\" >\r\n   <img decoding=\"async\" src=\"https:\/\/fimaksan.com\/\/wp-content\/uploads\/2023\/04\/A0mUSotDyDR9cWvzVQU9tYcCilMrWVso5HPnjruB.png\" class=\"simp_img\" alt=\"\" \/>\r\n<\/div>\r\n\t\t<\/div>\n\t\t\t\t<\/div>\n\t\t\t\t\t<\/div>\n\t\t<\/div>\n\t\t\t\t\t<\/div>\n\t\t<\/section>\n\t\t\t\t<section class=\"elementor-section elementor-top-section elementor-element elementor-element-a0e6c0d elementor-section-boxed elementor-section-height-default elementor-section-height-default\" data-id=\"a0e6c0d\" data-element_type=\"section\">\n\t\t\t\t\t\t<div class=\"elementor-container elementor-column-gap-default\">\n\t\t\t\t\t<div class=\"elementor-column elementor-col-100 elementor-top-column elementor-element elementor-element-88940e2\" data-id=\"88940e2\" data-element_type=\"column\">\n\t\t\t<div class=\"elementor-widget-wrap elementor-element-populated\">\n\t\t\t\t\t\t<div class=\"elementor-element elementor-element-229ffcd elementor-widget elementor-widget-text-editor\" data-id=\"229ffcd\" data-element_type=\"widget\" data-widget_type=\"text-editor.default\">\n\t\t\t\t<div class=\"elementor-widget-container\">\n\t\t\t\t\t\t\t<ul><li>Bands\u00e4ge nach Kapazit\u00e4tsbedarf des Unternehmens; Schwungraddurchmesser k\u00f6nnen in verschiedenen Gr\u00f6\u00dfen als 100 cm \/ 120 cm \/ 140 cm hergestellt werden.<\/li><li>Die Streifen sind aufgrund ihres ergonomischen Designs zum Schneiden von St\u00e4mmen mit gro\u00dfem Durchmesser geeignet und sicher. (S\u00e4gek\u00f6rperabstand: 70 cm)<\/li><li>Die aus dem Zuschnitt kommenden Bretter, H\u00f6lzer oder Holzst\u00fccke werden gleichzeitig durch das mit dem zweiten Bahnz\u00e4hler verbundene \u201eTragegurtsystem\u201c aus dem Tandem entfernt. Diese Vorsichtsma\u00dfnahme; Sie ist von entscheidender Bedeutung f\u00fcr den Arbeits- und Lebensschutz.<\/li><li>Arabal\u0131 + tek \u015ferit sistemindeki g\u00fcnl\u00fck tomruk i\u015fleme kapasitesi \u201cTandem\u201d sistemi kuruldu\u011funda %90 oran\u0131nda artarak yakla\u015f\u0131k iki kat\u0131na \u00e7\u0131kmaktad\u0131r. \u0130\u015fletme maliyeti, metrekare alan ihtiyac\u0131 ve ilave personel gideri olmaks\u0131z\u0131n \u201ctandem \u015ferit\u201d k\u0131sa s\u00fcrede kendini ekonomik olarak amorti etmektedir.\u00a0<\/li><\/ul>\t\t\t\t\t\t<\/div>\n\t\t\t\t<\/div>\n\t\t\t\t\t<\/div>\n\t\t<\/div>\n\t\t\t\t\t<\/div>\n\t\t<\/section>\n\t\t\t\t<\/div>","protected":false},"excerpt":{"rendered":"<p>F\u0130.140 \/\u00a0 HDG-T\u00a0 H\u0130DROL\u0130K D\u0130K G\u00d6VDE \u015eER\u0130T &#8211;\u00a0 TANDEM S\u0130STEM Teknik Detaylar \u2713\u00a0\u00a0Volan \u00c7ap\u0131\u00a0 | 1400 mm \u2713\u00a0Volan Geni\u015flik \u00a0| 180 mm \u2713 Maksimum \u00c7al\u0131\u015fma Y\u00fckseklik\u00a0| 1500 mm \u2713\u00a0Maksimum Kesme Y\u00fckseklik\u00a0 \u00a0| 700 mm \u2713\u00a0Maksimum \u00c7al\u0131\u015fma Geni\u015flik\u00a0 \u00a0| 700 mm \u2713\u00a0Minimum Kesme Y\u00fckseklik\u00a0 \u00a0 \u00a0| 20 mm \u2713 ANA MOTOR\u00a0 X 2\u00a0|\u00a0\u00a055 kW , 74 [&hellip;]<\/p>","protected":false},"author":1,"featured_media":0,"parent":0,"menu_order":0,"comment_status":"closed","ping_status":"closed","template":"","meta":{"footnotes":""},"class_list":["post-6247","page","type-page","status-publish","hentry"],"_links":{"self":[{"href":"https:\/\/fimaksan.com\/de\/wp-json\/wp\/v2\/pages\/6247","targetHints":{"allow":["GET"]}}],"collection":[{"href":"https:\/\/fimaksan.com\/de\/wp-json\/wp\/v2\/pages"}],"about":[{"href":"https:\/\/fimaksan.com\/de\/wp-json\/wp\/v2\/types\/page"}],"author":[{"embeddable":true,"href":"https:\/\/fimaksan.com\/de\/wp-json\/wp\/v2\/users\/1"}],"replies":[{"embeddable":true,"href":"https:\/\/fimaksan.com\/de\/wp-json\/wp\/v2\/comments?post=6247"}],"version-history":[{"count":13,"href":"https:\/\/fimaksan.com\/de\/wp-json\/wp\/v2\/pages\/6247\/revisions"}],"predecessor-version":[{"id":6751,"href":"https:\/\/fimaksan.com\/de\/wp-json\/wp\/v2\/pages\/6247\/revisions\/6751"}],"wp:attachment":[{"href":"https:\/\/fimaksan.com\/de\/wp-json\/wp\/v2\/media?parent=6247"}],"curies":[{"name":"wp","href":"https:\/\/api.w.org\/{rel}","templated":true}]}}