{"id":6213,"date":"2023-04-12T14:28:39","date_gmt":"2023-04-12T11:28:39","guid":{"rendered":"https:\/\/www.hilkomyazilim.com.tr\/fimaksan\/?page_id=6213"},"modified":"2023-04-14T12:19:50","modified_gmt":"2023-04-14T09:19:50","slug":"fi-140-hidrolik-dik-govde-serit-tropikal-tip","status":"publish","type":"page","link":"https:\/\/fimaksan.com\/de\/fi-140-hidrolik-dik-govde-serit-tropikal-tip\/","title":{"rendered":"F\u0130.140 BANDS\u00c4GE - HYDRAULISCHE - VERTIKALE - tropischer Typ"},"content":{"rendered":"<div data-elementor-type=\"wp-page\" data-elementor-id=\"6213\" class=\"elementor elementor-6213\">\n\t\t\t\t\t\t<section class=\"elementor-section elementor-top-section elementor-element elementor-element-a92ca7f elementor-section-stretched elementor-section-boxed elementor-section-height-default elementor-section-height-default\" data-id=\"a92ca7f\" data-element_type=\"section\" data-settings=\"{&quot;stretch_section&quot;:&quot;section-stretched&quot;}\">\n\t\t\t\t\t\t<div class=\"elementor-container elementor-column-gap-default\">\n\t\t\t\t\t<div class=\"elementor-column elementor-col-33 elementor-top-column elementor-element elementor-element-b2509e2\" data-id=\"b2509e2\" data-element_type=\"column\">\n\t\t\t<div class=\"elementor-widget-wrap\">\n\t\t\t\t\t\t\t<\/div>\n\t\t<\/div>\n\t\t\t\t<div class=\"elementor-column elementor-col-33 elementor-top-column elementor-element elementor-element-46d879a\" data-id=\"46d879a\" data-element_type=\"column\">\n\t\t\t<div class=\"elementor-widget-wrap elementor-element-populated\">\n\t\t\t\t\t\t<div class=\"elementor-element elementor-element-39b1048 elementor-widget elementor-widget-text-editor\" data-id=\"39b1048\" data-element_type=\"widget\" data-widget_type=\"text-editor.default\">\n\t\t\t\t<div class=\"elementor-widget-container\">\n\t\t\t\t\t\t\t<p>FI: 140 \/ HDG STAMMS\u00c4GEN<\/p>\t\t\t\t\t\t<\/div>\n\t\t\t\t<\/div>\n\t\t\t\t<div class=\"elementor-element elementor-element-5b0e848 elementor-widget elementor-widget-creote-simple-image-box-v1\" data-id=\"5b0e848\" data-element_type=\"widget\" data-widget_type=\"creote-simple-image-box-v1.default\">\n\t\t\t\t<div class=\"elementor-widget-container\">\n\t\t\t<div class=\"simple_image_boxes\"   data-aos=\"fade-up\" data-aos-delay=\"0\"  data-aos-offset=\"0\" >\r\n   <img decoding=\"async\" src=\"https:\/\/fimaksan.com\/\/wp-content\/uploads\/2023\/04\/Adsiz-tasarim-6.png\" class=\"simp_img\" alt=\"\" \/>\r\n<\/div>\r\n\t\t<\/div>\n\t\t\t\t<\/div>\n\t\t\t\t\t<\/div>\n\t\t<\/div>\n\t\t\t\t<div class=\"elementor-column elementor-col-33 elementor-top-column elementor-element elementor-element-2204259\" data-id=\"2204259\" data-element_type=\"column\">\n\t\t\t<div class=\"elementor-widget-wrap\">\n\t\t\t\t\t\t\t<\/div>\n\t\t<\/div>\n\t\t\t\t\t<\/div>\n\t\t<\/section>\n\t\t\t\t<section class=\"elementor-section elementor-top-section elementor-element elementor-element-c029164 elementor-section-boxed elementor-section-height-default elementor-section-height-default\" data-id=\"c029164\" data-element_type=\"section\">\n\t\t\t\t\t\t<div class=\"elementor-container elementor-column-gap-default\">\n\t\t\t\t\t<div class=\"elementor-column elementor-col-100 elementor-top-column elementor-element elementor-element-0ec2b8b\" data-id=\"0ec2b8b\" data-element_type=\"column\">\n\t\t\t<div class=\"elementor-widget-wrap elementor-element-populated\">\n\t\t\t\t\t\t<div class=\"elementor-element elementor-element-594a829 elementor-widget elementor-widget-creote-heading-v2\" data-id=\"594a829\" data-element_type=\"widget\" data-widget_type=\"creote-heading-v2.default\">\n\t\t\t\t<div class=\"elementor-widget-container\">\n\t\t\t<div class=\"heading type_one text_center\">  <div class=\"small_text\">    Technische Details <\/div>    <\/div>\r\n\t\t<\/div>\n\t\t\t\t<\/div>\n\t\t\t\t\t<\/div>\n\t\t<\/div>\n\t\t\t\t\t<\/div>\n\t\t<\/section>\n\t\t\t\t<section class=\"elementor-section elementor-top-section elementor-element elementor-element-235f517 elementor-section-stretched elementor-section-boxed elementor-section-height-default elementor-section-height-default\" data-id=\"235f517\" data-element_type=\"section\" data-settings=\"{&quot;stretch_section&quot;:&quot;section-stretched&quot;}\">\n\t\t\t\t\t\t<div class=\"elementor-container elementor-column-gap-default\">\n\t\t\t\t\t<div class=\"elementor-column elementor-col-50 elementor-top-column elementor-element elementor-element-3420a7f\" data-id=\"3420a7f\" data-element_type=\"column\">\n\t\t\t<div class=\"elementor-widget-wrap elementor-element-populated\">\n\t\t\t\t\t\t<div class=\"elementor-element elementor-element-3a49e4a elementor-widget elementor-widget-text-editor\" data-id=\"3a49e4a\" data-element_type=\"widget\" data-widget_type=\"text-editor.default\">\n\t\t\t\t<div class=\"elementor-widget-container\">\n\t\t\t\t\t\t\t<div><strong>\u2713 Schwungraddurchmesser<\/strong>\u00a0| 1400 mm (140 cm)<\/div>\n\n<div><strong>\u2713 Schwungradbreite<\/strong>\u00a0| 180 mm (18 cm)<\/div>\n\n<div><strong>\u2713 max. Schnitth\u00f6he<\/strong>\u00a0| 1500 mm (140 cm)<\/div>\n\n<div><strong>\u2713 max. Schnittbreite<\/strong>\u00a0| 700 mm (70 cm)<\/div>\n\n<div><strong>\u2713 Hauptmaschine<\/strong>\u00a0| 75 kW \/ 100 PS \/ 1400 U\/min<\/div>\n\n<div><strong>\u2713 S\u00e4gespannungssystem<\/strong>\u00a0| Hydrauliksystem Kolben<\/div>\n\n<div><strong>\u2713 S\u00e4ged\u00fcseneinstellung (Spalt)<\/strong>\u00a0| Hydrauliksystem Kolben<\/div>\n\n<div><strong>\u2713 Obere und untere Lager<\/strong>\u00a0| SKF C3<\/div>\n\n<div><strong>\u2713 Maximale Streifenl\u00e4nge<\/strong>\u00a0| 180 x 1,4 x 10700 mm<\/div>\n\n<div><strong>\u2713 Minimale Streifenl\u00e4nge<\/strong>\u00a0| 180 x 1,4 x 10400 mm<\/div>\t\t\t\t\t\t<\/div>\n\t\t\t\t<\/div>\n\t\t\t\t\t<\/div>\n\t\t<\/div>\n\t\t\t\t<div class=\"elementor-column elementor-col-50 elementor-top-column elementor-element elementor-element-d5ffd10\" data-id=\"d5ffd10\" data-element_type=\"column\">\n\t\t\t<div class=\"elementor-widget-wrap elementor-element-populated\">\n\t\t\t\t\t\t<div class=\"elementor-element elementor-element-26fd9a7 elementor-widget elementor-widget-text-editor\" data-id=\"26fd9a7\" data-element_type=\"widget\" data-widget_type=\"text-editor.default\">\n\t\t\t\t<div class=\"elementor-widget-container\">\n\t\t\t\t\t\t\t<div><strong>\u2713 Betankungssystem<\/strong>\u00a0| Automatisch \/ Taste<\/div>\n\n<div><strong>\u2713 Schaltschrank \/\u00a0<\/strong>\u00a0<strong>Sternendreieck<\/strong>| Inklusive (Siemens-Material, je nach Maschine)<\/div>\n\n<div><strong>\u2713 Riemenscheibensystem \/ Flender-Typ<\/strong>\u00a0| Inklusive (je nach Motor und Riemenscheiben)<\/div>\n\n<div><strong>\u2713 Maschinenschmiersystem<\/strong>\u00a0| Manuell (Handschmierung. Fett)<\/div>\n\n<div><strong>\u2713 Abstreifer der unteren Riemenscheibe<\/strong>\u00a0| Automatisch. Pneumatischer Kolben<\/div>\n\n<div><strong>\u2713 K\u00f6rperstruktur<\/strong>\u00a0| K\u00f6rper aus verst\u00e4rktem Stahl<\/div>\n\n<div><strong>\u2713 Abmessungen<\/strong>\u00a0| 270 x 170 x 370 cm. (L\u00e4nge Breite H\u00f6he)<\/div>\n\n<div><strong>\u2713 Gewicht<\/strong>\u00a0| 5.600 kg<\/div>\t\t\t\t\t\t<\/div>\n\t\t\t\t<\/div>\n\t\t\t\t\t<\/div>\n\t\t<\/div>\n\t\t\t\t\t<\/div>\n\t\t<\/section>\n\t\t\t\t<\/div>","protected":false},"excerpt":{"rendered":"<p>F\u0130: 140 \/ HDG TOMRUK BI\u00c7KISI Teknik Detaylar \u2713\u00a0Volan \u00c7ap\u00a0| 1400 mm\u00a0 (140 cm) \u2713\u00a0Volan Geni\u015flik\u00a0| 180 mm\u00a0 \u00a0 (18 cm) \u2713\u00a0Max. Kesme Y\u00fckseklik\u00a0| 1500 mm\u00a0 (140 cm) \u2713\u00a0Max. Kesme Geni\u015flik\u00a0| 700 mm (70 cm) \u2713\u00a0Ana Motor\u00a0| 75 kW \/ 100 hp \/ 1400 dd \u2713\u00a0Testere Gerdirme Sistemi\u00a0| Hidrolik sistem Pistonlu \u2713\u00a0Testere A\u011f\u0131zl\u0131k Ayar\u0131 (Salmastra)\u00a0| [&hellip;]<\/p>","protected":false},"author":1,"featured_media":0,"parent":0,"menu_order":0,"comment_status":"closed","ping_status":"closed","template":"","meta":{"footnotes":""},"class_list":["post-6213","page","type-page","status-publish","hentry"],"_links":{"self":[{"href":"https:\/\/fimaksan.com\/de\/wp-json\/wp\/v2\/pages\/6213","targetHints":{"allow":["GET"]}}],"collection":[{"href":"https:\/\/fimaksan.com\/de\/wp-json\/wp\/v2\/pages"}],"about":[{"href":"https:\/\/fimaksan.com\/de\/wp-json\/wp\/v2\/types\/page"}],"author":[{"embeddable":true,"href":"https:\/\/fimaksan.com\/de\/wp-json\/wp\/v2\/users\/1"}],"replies":[{"embeddable":true,"href":"https:\/\/fimaksan.com\/de\/wp-json\/wp\/v2\/comments?post=6213"}],"version-history":[{"count":13,"href":"https:\/\/fimaksan.com\/de\/wp-json\/wp\/v2\/pages\/6213\/revisions"}],"predecessor-version":[{"id":6741,"href":"https:\/\/fimaksan.com\/de\/wp-json\/wp\/v2\/pages\/6213\/revisions\/6741"}],"wp:attachment":[{"href":"https:\/\/fimaksan.com\/de\/wp-json\/wp\/v2\/media?parent=6213"}],"curies":[{"name":"wp","href":"https:\/\/api.w.org\/{rel}","templated":true}]}}