{"id":6183,"date":"2023-04-12T12:27:43","date_gmt":"2023-04-12T09:27:43","guid":{"rendered":"https:\/\/www.hilkomyazilim.com.tr\/fimaksan\/?page_id=6183"},"modified":"2024-05-01T17:36:20","modified_gmt":"2024-05-01T14:36:20","slug":"tomruk-bickilari","status":"publish","type":"page","link":"https:\/\/fimaksan.com\/de\/tomruk-bickilari\/","title":{"rendered":"BANDs\u00e4gen"},"content":{"rendered":"<div data-elementor-type=\"wp-page\" data-elementor-id=\"6183\" class=\"elementor elementor-6183\">\n\t\t\t\t\t\t<section class=\"elementor-section elementor-top-section elementor-element elementor-element-34bab25 elementor-section-stretched elementor-section-boxed elementor-section-height-default elementor-section-height-default\" data-id=\"34bab25\" data-element_type=\"section\" data-settings=\"{&quot;stretch_section&quot;:&quot;section-stretched&quot;}\">\n\t\t\t\t\t\t<div class=\"elementor-container elementor-column-gap-default\">\n\t\t\t\t\t<div class=\"elementor-column elementor-col-33 elementor-top-column elementor-element elementor-element-441a677\" data-id=\"441a677\" data-element_type=\"column\">\n\t\t\t<div class=\"elementor-widget-wrap elementor-element-populated\">\n\t\t\t\t\t\t<section class=\"elementor-section elementor-inner-section elementor-element elementor-element-52127e4 elementor-section-boxed elementor-section-height-default elementor-section-height-default\" data-id=\"52127e4\" data-element_type=\"section\">\n\t\t\t\t\t\t<div class=\"elementor-container elementor-column-gap-default\">\n\t\t\t\t\t<div class=\"elementor-column elementor-col-100 elementor-inner-column elementor-element elementor-element-40b92ca\" data-id=\"40b92ca\" data-element_type=\"column\">\n\t\t\t<div class=\"elementor-widget-wrap elementor-element-populated\">\n\t\t\t\t\t\t<div class=\"elementor-element elementor-element-6c0a78f elementor-widget elementor-widget-creote-simple-image-box-v1\" data-id=\"6c0a78f\" data-element_type=\"widget\" data-widget_type=\"creote-simple-image-box-v1.default\">\n\t\t\t\t<div class=\"elementor-widget-container\">\n\t\t\t<div class=\"simple_image_boxes\"   data-aos=\"fade-up\" data-aos-delay=\"0\"  data-aos-offset=\"0\" >\r\n   <img decoding=\"async\" src=\"https:\/\/fimaksan.com\/\/wp-content\/uploads\/2023\/04\/2SYRK4kKXKkIcLr1ihf7FvR69KWzsk8vRPcHww2e.png\" class=\"simp_img\" alt=\"\" \/>\r\n<\/div>\r\n\t\t<\/div>\n\t\t\t\t<\/div>\n\t\t\t\t<div class=\"elementor-element elementor-element-11c8947 elementor-widget elementor-widget-creote-heading-v2\" data-id=\"11c8947\" data-element_type=\"widget\" data-widget_type=\"creote-heading-v2.default\">\n\t\t\t\t<div class=\"elementor-widget-container\">\n\t\t\t<div class=\"heading type_one text_left\">  <div class=\"small_text\">    F\u0130.120 Tandem-Bands\u00e4ge - Hydraulische - vertikale <\/div>    <div class=\"heading_text\"> <a href=\"https:\/\/fimaksan.com\/de\/fi-120-hidrolik-dik-govde-serit-tandem-tomruk-bickisi\/\"> Gehe zum Produkt <\/a><\/div>    <\/div>\r\n\t\t<\/div>\n\t\t\t\t<\/div>\n\t\t\t\t\t<\/div>\n\t\t<\/div>\n\t\t\t\t\t<\/div>\n\t\t<\/section>\n\t\t\t\t\t<\/div>\n\t\t<\/div>\n\t\t\t\t<div class=\"elementor-column elementor-col-33 elementor-top-column elementor-element elementor-element-c2bc6d7\" data-id=\"c2bc6d7\" data-element_type=\"column\">\n\t\t\t<div class=\"elementor-widget-wrap elementor-element-populated\">\n\t\t\t\t\t\t<section class=\"elementor-section elementor-inner-section elementor-element elementor-element-244f97e elementor-section-boxed elementor-section-height-default elementor-section-height-default\" data-id=\"244f97e\" data-element_type=\"section\">\n\t\t\t\t\t\t<div class=\"elementor-container elementor-column-gap-default\">\n\t\t\t\t\t<div class=\"elementor-column elementor-col-100 elementor-inner-column elementor-element elementor-element-5dd27b7\" data-id=\"5dd27b7\" data-element_type=\"column\">\n\t\t\t<div class=\"elementor-widget-wrap elementor-element-populated\">\n\t\t\t\t\t\t<div class=\"elementor-element elementor-element-2045fab elementor-widget elementor-widget-creote-simple-image-box-v1\" data-id=\"2045fab\" data-element_type=\"widget\" data-widget_type=\"creote-simple-image-box-v1.default\">\n\t\t\t\t<div class=\"elementor-widget-container\">\n\t\t\t<div class=\"simple_image_boxes\"   data-aos=\"fade-up\" data-aos-delay=\"0\"  data-aos-offset=\"0\" >\r\n   <img decoding=\"async\" src=\"https:\/\/fimaksan.com\/\/wp-content\/uploads\/2023\/04\/1Ijl1BZOMFchgYgPsXsbBU7iBmeMOwu5iD8f707u.jpeg\" class=\"simp_img\" alt=\"\" \/>\r\n<\/div>\r\n\t\t<\/div>\n\t\t\t\t<\/div>\n\t\t\t\t<div class=\"elementor-element elementor-element-a018d9b elementor-widget elementor-widget-creote-heading-v2\" data-id=\"a018d9b\" data-element_type=\"widget\" data-widget_type=\"creote-heading-v2.default\">\n\t\t\t\t<div class=\"elementor-widget-container\">\n\t\t\t<div class=\"heading type_one text_left\">  <div class=\"small_text\">    F\u0130.140 BANDS\u00c4GE - HYDRAULISCHE - VERTIKALE - tropischer Typ <\/div>    <div class=\"heading_text\"> <a href=\"https:\/\/fimaksan.com\/de\/fi-140-hidrolik-dik-govde-serit-tropikal-tip\/\"> Gehe zum Produkt <\/a><\/div>    <\/div>\r\n\t\t<\/div>\n\t\t\t\t<\/div>\n\t\t\t\t\t<\/div>\n\t\t<\/div>\n\t\t\t\t\t<\/div>\n\t\t<\/section>\n\t\t\t\t\t<\/div>\n\t\t<\/div>\n\t\t\t\t<div class=\"elementor-column elementor-col-33 elementor-top-column elementor-element elementor-element-785877f\" data-id=\"785877f\" data-element_type=\"column\">\n\t\t\t<div class=\"elementor-widget-wrap elementor-element-populated\">\n\t\t\t\t\t\t<section class=\"elementor-section elementor-inner-section elementor-element elementor-element-1011a39 elementor-section-boxed elementor-section-height-default elementor-section-height-default\" data-id=\"1011a39\" data-element_type=\"section\">\n\t\t\t\t\t\t<div class=\"elementor-container elementor-column-gap-default\">\n\t\t\t\t\t<div class=\"elementor-column elementor-col-100 elementor-inner-column elementor-element elementor-element-f710f13\" data-id=\"f710f13\" data-element_type=\"column\">\n\t\t\t<div class=\"elementor-widget-wrap elementor-element-populated\">\n\t\t\t\t\t\t<div class=\"elementor-element elementor-element-58554b7 elementor-widget elementor-widget-creote-simple-image-box-v1\" data-id=\"58554b7\" data-element_type=\"widget\" data-widget_type=\"creote-simple-image-box-v1.default\">\n\t\t\t\t<div class=\"elementor-widget-container\">\n\t\t\t<div class=\"simple_image_boxes\"   data-aos=\"fade-up\" data-aos-delay=\"0\"  data-aos-offset=\"0\" >\r\n   <img decoding=\"async\" src=\"https:\/\/fimaksan.com\/\/wp-content\/uploads\/2023\/04\/LKSgqRGBzp8stZaS4hgofBTCbfuK2v0ObIXGHCCG.jpeg\" class=\"simp_img\" alt=\"\" \/>\r\n<\/div>\r\n\t\t<\/div>\n\t\t\t\t<\/div>\n\t\t\t\t<div class=\"elementor-element elementor-element-f47902b elementor-widget elementor-widget-creote-heading-v2\" data-id=\"f47902b\" data-element_type=\"widget\" data-widget_type=\"creote-heading-v2.default\">\n\t\t\t\t<div class=\"elementor-widget-container\">\n\t\t\t<div class=\"heading type_one text_left\">  <div class=\"small_text\">    FI.100 BANDS\u00c4GE - HYDRAULISCHE - VERTIKALE <\/div>    <div class=\"heading_text\"> <a href=\"https:\/\/fimaksan.com\/de\/fi-100-hidrolik-dik-govde-serit\/\"> Gehe zum Produkt <\/a><\/div>    <\/div>\r\n\t\t<\/div>\n\t\t\t\t<\/div>\n\t\t\t\t\t<\/div>\n\t\t<\/div>\n\t\t\t\t\t<\/div>\n\t\t<\/section>\n\t\t\t\t\t<\/div>\n\t\t<\/div>\n\t\t\t\t\t<\/div>\n\t\t<\/section>\n\t\t\t\t<section class=\"elementor-section elementor-top-section elementor-element elementor-element-ee8845a elementor-section-stretched elementor-section-boxed elementor-section-height-default elementor-section-height-default\" data-id=\"ee8845a\" data-element_type=\"section\" data-settings=\"{&quot;stretch_section&quot;:&quot;section-stretched&quot;}\">\n\t\t\t\t\t\t<div class=\"elementor-container elementor-column-gap-default\">\n\t\t\t\t\t<div class=\"elementor-column elementor-col-33 elementor-top-column elementor-element elementor-element-62d43ef\" data-id=\"62d43ef\" data-element_type=\"column\">\n\t\t\t<div class=\"elementor-widget-wrap elementor-element-populated\">\n\t\t\t\t\t\t<section class=\"elementor-section elementor-inner-section elementor-element elementor-element-c9b8d88 elementor-section-boxed elementor-section-height-default elementor-section-height-default\" data-id=\"c9b8d88\" data-element_type=\"section\">\n\t\t\t\t\t\t<div class=\"elementor-container elementor-column-gap-default\">\n\t\t\t\t\t<div class=\"elementor-column elementor-col-100 elementor-inner-column elementor-element elementor-element-e9843c8\" data-id=\"e9843c8\" data-element_type=\"column\">\n\t\t\t<div class=\"elementor-widget-wrap elementor-element-populated\">\n\t\t\t\t\t\t<div class=\"elementor-element elementor-element-f319d3a elementor-widget elementor-widget-creote-simple-image-box-v1\" data-id=\"f319d3a\" data-element_type=\"widget\" data-widget_type=\"creote-simple-image-box-v1.default\">\n\t\t\t\t<div class=\"elementor-widget-container\">\n\t\t\t<div class=\"simple_image_boxes\"   data-aos=\"fade-up\" data-aos-delay=\"0\"  data-aos-offset=\"0\" >\r\n   <img decoding=\"async\" src=\"https:\/\/fimaksan.com\/\/wp-content\/uploads\/2023\/04\/n6TekV7kVXWLUKKQkh5Tp75WXpsjH6rXHKAmFu5s.jpeg\" class=\"simp_img\" alt=\"\" \/>\r\n<\/div>\r\n\t\t<\/div>\n\t\t\t\t<\/div>\n\t\t\t\t<div class=\"elementor-element elementor-element-435424b elementor-widget elementor-widget-creote-heading-v2\" data-id=\"435424b\" data-element_type=\"widget\" data-widget_type=\"creote-heading-v2.default\">\n\t\t\t\t<div class=\"elementor-widget-container\">\n\t\t\t<div class=\"heading type_one text_left\">  <div class=\"small_text\">    F\u0130.120 BANDS\u00c4GE - HYDRAULISCHE - VERTIKALE <\/div>    <div class=\"heading_text\"> <a href=\"https:\/\/fimaksan.com\/de\/fi-120-hidrolik-dik-govde-serit\/\"> Gehe zum Produkt <\/a><\/div>    <\/div>\r\n\t\t<\/div>\n\t\t\t\t<\/div>\n\t\t\t\t\t<\/div>\n\t\t<\/div>\n\t\t\t\t\t<\/div>\n\t\t<\/section>\n\t\t\t\t\t<\/div>\n\t\t<\/div>\n\t\t\t\t<div class=\"elementor-column elementor-col-33 elementor-top-column elementor-element elementor-element-a6c9422\" data-id=\"a6c9422\" data-element_type=\"column\">\n\t\t\t<div class=\"elementor-widget-wrap elementor-element-populated\">\n\t\t\t\t\t\t<section class=\"elementor-section elementor-inner-section elementor-element elementor-element-39ad49b elementor-section-boxed elementor-section-height-default elementor-section-height-default\" data-id=\"39ad49b\" data-element_type=\"section\">\n\t\t\t\t\t\t<div class=\"elementor-container elementor-column-gap-default\">\n\t\t\t\t\t<div class=\"elementor-column elementor-col-100 elementor-inner-column elementor-element elementor-element-53fe979\" data-id=\"53fe979\" data-element_type=\"column\">\n\t\t\t<div class=\"elementor-widget-wrap elementor-element-populated\">\n\t\t\t\t\t\t<div class=\"elementor-element elementor-element-2ee2708 elementor-widget elementor-widget-creote-simple-image-box-v1\" data-id=\"2ee2708\" data-element_type=\"widget\" data-widget_type=\"creote-simple-image-box-v1.default\">\n\t\t\t\t<div class=\"elementor-widget-container\">\n\t\t\t<div class=\"simple_image_boxes\"   data-aos=\"fade-up\" data-aos-delay=\"0\"  data-aos-offset=\"0\" >\r\n   <img decoding=\"async\" src=\"https:\/\/fimaksan.com\/\/wp-content\/uploads\/2023\/04\/ZueLfhQ9sRpSvbDV4hRsWY3novc6pnGNpKOHLwh1.jpeg\" class=\"simp_img\" alt=\"\" \/>\r\n<\/div>\r\n\t\t<\/div>\n\t\t\t\t<\/div>\n\t\t\t\t<div class=\"elementor-element elementor-element-1d87bac elementor-widget elementor-widget-creote-heading-v2\" data-id=\"1d87bac\" data-element_type=\"widget\" data-widget_type=\"creote-heading-v2.default\">\n\t\t\t\t<div class=\"elementor-widget-container\">\n\t\t\t<div class=\"heading type_one text_left\">  <div class=\"small_text\">    F\u0130.140 TANDEM BANDS\u00c4GE - HYDRAULISCHE - VERTIKALE <\/div>    <div class=\"heading_text\"> <a href=\"https:\/\/fimaksan.com\/de\/fi-140-tandem-serit-tomruk-bickisi\/\"> Gehe zum Produkt <\/a><\/div>    <\/div>\r\n\t\t<\/div>\n\t\t\t\t<\/div>\n\t\t\t\t\t<\/div>\n\t\t<\/div>\n\t\t\t\t\t<\/div>\n\t\t<\/section>\n\t\t\t\t\t<\/div>\n\t\t<\/div>\n\t\t\t\t<div class=\"elementor-column elementor-col-33 elementor-top-column elementor-element elementor-element-bae0631\" data-id=\"bae0631\" data-element_type=\"column\">\n\t\t\t<div class=\"elementor-widget-wrap\">\n\t\t\t\t\t\t\t<\/div>\n\t\t<\/div>\n\t\t\t\t\t<\/div>\n\t\t<\/section>\n\t\t\t\t<\/div>","protected":false},"excerpt":{"rendered":"<p>F\u0130.120 Hidrolik Dik G\u00f6vde \u015eerit \/ Tandem Tomruk B\u0131\u00e7k\u0131s\u0131 \u00dcr\u00fcne Git \u2192 F\u0130.140 Hidrolik Dik G\u00f6vde \u015eerit \/ Tropikal Tip \u00dcr\u00fcne Git \u2192 FI.100 Hidrolik Dik G\u00f6vde \u015eerit \u00dcr\u00fcne Git \u2192 F\u0130.120 Hidrolik Dik G\u00f6vde \u015eerit \u00dcr\u00fcne Git \u2192 F\u0130.140 Tandem \u015eerit &#8211; Tomruk B\u0131\u00e7k\u0131s\u0131 \u00dcr\u00fcne Git \u2192<\/p>","protected":false},"author":1,"featured_media":0,"parent":0,"menu_order":0,"comment_status":"closed","ping_status":"closed","template":"","meta":{"footnotes":""},"class_list":["post-6183","page","type-page","status-publish","hentry"],"_links":{"self":[{"href":"https:\/\/fimaksan.com\/de\/wp-json\/wp\/v2\/pages\/6183","targetHints":{"allow":["GET"]}}],"collection":[{"href":"https:\/\/fimaksan.com\/de\/wp-json\/wp\/v2\/pages"}],"about":[{"href":"https:\/\/fimaksan.com\/de\/wp-json\/wp\/v2\/types\/page"}],"author":[{"embeddable":true,"href":"https:\/\/fimaksan.com\/de\/wp-json\/wp\/v2\/users\/1"}],"replies":[{"embeddable":true,"href":"https:\/\/fimaksan.com\/de\/wp-json\/wp\/v2\/comments?post=6183"}],"version-history":[{"count":22,"href":"https:\/\/fimaksan.com\/de\/wp-json\/wp\/v2\/pages\/6183\/revisions"}],"predecessor-version":[{"id":7639,"href":"https:\/\/fimaksan.com\/de\/wp-json\/wp\/v2\/pages\/6183\/revisions\/7639"}],"wp:attachment":[{"href":"https:\/\/fimaksan.com\/de\/wp-json\/wp\/v2\/media?parent=6183"}],"curies":[{"name":"wp","href":"https:\/\/api.w.org\/{rel}","templated":true}]}}